{"id":3812,"date":"2024-11-20T08:15:31","date_gmt":"2024-11-20T08:15:31","guid":{"rendered":"https:\/\/showerglasshardware.com\/?post_type=product&#038;p=3812"},"modified":"2025-08-11T05:26:46","modified_gmt":"2025-08-11T05:26:46","slug":"bathroom-shower-door-bottom-seal-flexible-pvc","status":"publish","type":"product","link":"https:\/\/showerglasshardware.com\/de-de\/product\/bathroom-shower-door-bottom-seal-flexible-pvc\/","title":{"rendered":"Dichtung f\u00fcr die Duscht\u00fcr im Badezimmer - Weich-PVC"},"content":{"rendered":"<p data-start=\"442\" data-end=\"596\">Die Dichtung f\u00fcr den Boden der Duscht\u00fcr aus flexiblem PVC ist eine einfache, aber sehr wirksame L\u00f6sung, um Wasserlecks in Ihrer Duschkabine zu verhindern.<\/p>\n<p data-start=\"598\" data-end=\"832\">Diese Bodendichtung aus hochwertigem, flexiblem PVC ist f\u00fcr 6 mm, 8 mm, 10 mm und 12 mm Glast\u00fcren geeignet. Die flexible Konstruktion sorgt f\u00fcr einen passgenauen Sitz und eine zuverl\u00e4ssige Wasserbarriere, w\u00e4hrend sie gleichzeitig ein diskretes, sauberes Aussehen bewahrt.<\/p>\n<p data-start=\"834\" data-end=\"1003\">Diese Dichtung eignet sich ideal als Ersatz f\u00fcr verschlissene oder besch\u00e4digte Bodendichtungen und ist sowohl mit gerahmten als auch mit rahmenlosen Duscht\u00fcren in privaten oder gewerblichen B\u00e4dern kompatibel.<\/p>\n<p data-start=\"1005\" data-end=\"1024\"><strong data-start=\"1005\" data-end=\"1022\">Hauptmerkmale:<\/strong><\/p>\n<ul data-start=\"1025\" data-end=\"1356\">\n<li data-start=\"1025\" data-end=\"1083\">\n<p data-start=\"1027\" data-end=\"1083\"><strong data-start=\"1027\" data-end=\"1040\">Material:<\/strong> Flexibles PVC f\u00fcr lange Haltbarkeit<\/p>\n<\/li>\n<li data-start=\"1084\" data-end=\"1137\">\n<p data-start=\"1086\" data-end=\"1137\"><strong data-start=\"1086\" data-end=\"1099\">Funktion:<\/strong> Verhindert Wasseraustritt und Spritzer<\/p>\n<\/li>\n<li data-start=\"1138\" data-end=\"1208\">\n<p data-start=\"1140\" data-end=\"1208\"><strong data-start=\"1140\" data-end=\"1164\">Glaskompatibilit\u00e4t:<\/strong> Geeignet f\u00fcr 6 mm, 8 mm, 10 mm und 12 mm dickes Glas<\/p>\n<\/li>\n<li data-start=\"1209\" data-end=\"1272\">\n<p data-start=\"1211\" data-end=\"1272\"><strong data-start=\"1211\" data-end=\"1233\">Einfache Installation:<\/strong> Aufschiebbar oder einrastbar ohne Klebstoff<\/p>\n<\/li>\n<li data-start=\"1273\" data-end=\"1356\">\n<p data-start=\"1275\" data-end=\"1356\"><strong data-start=\"1275\" data-end=\"1292\">Anwendungen:<\/strong> Duscht\u00fcren f\u00fcr Badezimmer in Wohnungen, Hotels und Gesch\u00e4ftsr\u00e4umen<\/p>\n<\/li>\n<\/ul>\n<p data-start=\"1358\" data-end=\"1379\"><strong data-start=\"1358\" data-end=\"1377\">Spezifikationen:<\/strong><\/p>\n<ul data-start=\"1380\" data-end=\"1591\">\n<li data-start=\"1380\" data-end=\"1417\">\n<p data-start=\"1382\" data-end=\"1417\"><strong data-start=\"1382\" data-end=\"1391\">Typ:<\/strong> Untere Dichtung der Duscht\u00fcr<\/p>\n<\/li>\n<li data-start=\"1418\" data-end=\"1448\">\n<p data-start=\"1420\" data-end=\"1448\"><strong data-start=\"1420\" data-end=\"1433\">Material:<\/strong> Flexibles PVC<\/p>\n<\/li>\n<li data-start=\"1449\" data-end=\"1499\">\n<p data-start=\"1451\" data-end=\"1499\"><strong data-start=\"1451\" data-end=\"1476\">Passt zur Glasdicke:<\/strong> 6mm, 8mm, 10mm, 12mm<\/p>\n<\/li>\n<li data-start=\"1500\" data-end=\"1542\">\n<p data-start=\"1502\" data-end=\"1542\"><strong data-start=\"1502\" data-end=\"1515\">Funktion:<\/strong> Verhinderung von Wasserlecks<\/p>\n<\/li>\n<li data-start=\"1543\" data-end=\"1591\">\n<p data-start=\"1545\" data-end=\"1591\"><strong data-start=\"1545\" data-end=\"1562\">Einbau:<\/strong> Aufschiebbare oder einrastbare Konstruktion<\/p>\n<\/li>\n<\/ul>","protected":false},"excerpt":{"rendered":"<ul>\n<li>Badezimmer-Duscht\u00fcr-Bodendichtung;<\/li>\n<li>Flexibles PVC<\/li>\n<li>Bodendichtung f\u00fcr 6, 8, 10, 12 mm Glas<\/li>\n<\/ul>","protected":false},"featured_media":3816,"comment_status":"open","ping_status":"closed","template":"","meta":{"_acf_changed":false},"product_brand":[],"product_cat":[114,155],"product_tag":[],"class_list":{"0":"post-3812","1":"product","2":"type-product","3":"status-publish","4":"has-post-thumbnail","6":"product_cat-shower-door-seals","7":"product_cat-one-piece-bottom-rail-seal","8":"pa_finish-black-2","9":"pa_finish-clear","10":"pa_finish-customized-colors","11":"pa_glass-thickness-1-2-inch-12mm","12":"pa_glass-thickness-1-4-inch-6mm","13":"pa_glass-thickness-3-8-inch-10mm","14":"pa_glass-thickness-5-16-inch-8mm","15":"pa_material-vinyl","17":"first","18":"instock","19":"taxable","20":"shipping-taxable","21":"product-type-simple"},"acf":[],"_links":{"self":[{"href":"https:\/\/showerglasshardware.com\/de-de\/wp-json\/wp\/v2\/product\/3812","targetHints":{"allow":["GET"]}}],"collection":[{"href":"https:\/\/showerglasshardware.com\/de-de\/wp-json\/wp\/v2\/product"}],"about":[{"href":"https:\/\/showerglasshardware.com\/de-de\/wp-json\/wp\/v2\/types\/product"}],"replies":[{"embeddable":true,"href":"https:\/\/showerglasshardware.com\/de-de\/wp-json\/wp\/v2\/comments?post=3812"}],"version-history":[{"count":4,"href":"https:\/\/showerglasshardware.com\/de-de\/wp-json\/wp\/v2\/product\/3812\/revisions"}],"predecessor-version":[{"id":4578,"href":"https:\/\/showerglasshardware.com\/de-de\/wp-json\/wp\/v2\/product\/3812\/revisions\/4578"}],"wp:featuredmedia":[{"embeddable":true,"href":"https:\/\/showerglasshardware.com\/de-de\/wp-json\/wp\/v2\/media\/3816"}],"wp:attachment":[{"href":"https:\/\/showerglasshardware.com\/de-de\/wp-json\/wp\/v2\/media?parent=3812"}],"wp:term":[{"taxonomy":"product_brand","embeddable":true,"href":"https:\/\/showerglasshardware.com\/de-de\/wp-json\/wp\/v2\/product_brand?post=3812"},{"taxonomy":"product_cat","embeddable":true,"href":"https:\/\/showerglasshardware.com\/de-de\/wp-json\/wp\/v2\/product_cat?post=3812"},{"taxonomy":"product_tag","embeddable":true,"href":"https:\/\/showerglasshardware.com\/de-de\/wp-json\/wp\/v2\/product_tag?post=3812"}],"curies":[{"name":"wp","href":"https:\/\/api.w.org\/{rel}","templated":true}]}}