{"id":3818,"date":"2024-11-20T08:40:20","date_gmt":"2024-11-20T08:40:20","guid":{"rendered":"https:\/\/showerglasshardware.com\/?post_type=product&#038;p=3818"},"modified":"2025-08-11T05:45:59","modified_gmt":"2025-08-11T05:45:59","slug":"shower-door-bottom-seal-black-short-clip","status":"publish","type":"product","link":"https:\/\/showerglasshardware.com\/de-de\/product\/shower-door-bottom-seal-black-short-clip\/","title":{"rendered":"Duscht\u00fcr-Bodendichtung schwarz - Kurzer Clip"},"content":{"rendered":"<p data-start=\"441\" data-end=\"678\">Die Bodendichtung f\u00fcr Duscht\u00fcren - Black Short Clip wurde als elegante und effektive Wasserbarriere f\u00fcr rahmenlose Glast\u00fcren entwickelt. Hergestellt aus langlebigem PVC in einem modernen schwarzen Finish, bietet sie sowohl Stil als auch Funktionalit\u00e4t.<\/p>\n<p data-start=\"680\" data-end=\"944\">Das kurze Clip-Design erm\u00f6glicht einen sicheren Sitz auf der Glaskante ohne Klebstoffe, was die Installation schnell und einfach macht. Diese Dichtung ist kompatibel mit 8mm (5\/16\u2033) und 10mm (3\/8\u2033) dickem Glas, minimiert effektiv Lecks und h\u00e4lt Ihren Badezimmerboden trocken.<\/p>\n<p data-start=\"946\" data-end=\"1058\">Die schwarze Oberfl\u00e4che passt perfekt zu modernen Badezimmern und l\u00e4sst sich nahtlos mit dunklen Beschl\u00e4gen und Armaturen kombinieren.<\/p>\n<p data-start=\"1060\" data-end=\"1079\"><strong data-start=\"1060\" data-end=\"1077\">Hauptmerkmale:<\/strong><\/p>\n<ul data-start=\"1080\" data-end=\"1508\">\n<li data-start=\"1080\" data-end=\"1129\">\n<p data-start=\"1082\" data-end=\"1129\"><strong data-start=\"1082\" data-end=\"1095\">Material:<\/strong> Hochwertiges PVC f\u00fcr Langlebigkeit<\/p>\n<\/li>\n<li data-start=\"1130\" data-end=\"1183\">\n<p data-start=\"1132\" data-end=\"1183\"><strong data-start=\"1132\" data-end=\"1142\">Farbe:<\/strong> Schwarz f\u00fcr ein modernes, stilvolles Aussehen<\/p>\n<\/li>\n<li data-start=\"1184\" data-end=\"1238\">\n<p data-start=\"1186\" data-end=\"1238\"><strong data-start=\"1186\" data-end=\"1197\">Entwurf:<\/strong> Kurzer Clip f\u00fcr sichere Glasbefestigung<\/p>\n<\/li>\n<li data-start=\"1239\" data-end=\"1306\">\n<p data-start=\"1241\" data-end=\"1306\"><strong data-start=\"1241\" data-end=\"1265\">Glaskompatibilit\u00e4t:<\/strong> Geeignet f\u00fcr 8mm (5\/16\u2033) und 10mm (3\/8\u2033) Glas<\/p>\n<\/li>\n<li data-start=\"1307\" data-end=\"1358\">\n<p data-start=\"1309\" data-end=\"1358\"><strong data-start=\"1309\" data-end=\"1322\">Funktion:<\/strong> Verhindert Wasserlecks und Spritzer<\/p>\n<\/li>\n<li data-start=\"1359\" data-end=\"1417\">\n<p data-start=\"1361\" data-end=\"1417\"><strong data-start=\"1361\" data-end=\"1378\">Einbau:<\/strong> Aufschiebbar oder einrastbar ohne Klebstoff<\/p>\n<\/li>\n<li data-start=\"1418\" data-end=\"1508\">\n<p data-start=\"1420\" data-end=\"1508\"><strong data-start=\"1420\" data-end=\"1437\">Anwendungen:<\/strong> Rahmenlose Duscht\u00fcren aus Glas in Wohnungen, Hotels und Gesch\u00e4ftsr\u00e4umen<\/p>\n<\/li>\n<\/ul>\n<p data-start=\"1510\" data-end=\"1531\"><strong data-start=\"1510\" data-end=\"1529\">Spezifikationen:<\/strong><\/p>\n<ul data-start=\"1532\" data-end=\"1769\">\n<li data-start=\"1532\" data-end=\"1582\">\n<p data-start=\"1534\" data-end=\"1582\"><strong data-start=\"1534\" data-end=\"1543\">Typ:<\/strong> Dichtung Duscht\u00fcr unten - kurzer Clip<\/p>\n<\/li>\n<li data-start=\"1583\" data-end=\"1604\">\n<p data-start=\"1585\" data-end=\"1604\"><strong data-start=\"1585\" data-end=\"1598\">Material:<\/strong> aus PVC<\/p>\n<\/li>\n<li data-start=\"1605\" data-end=\"1625\">\n<p data-start=\"1607\" data-end=\"1625\"><strong data-start=\"1607\" data-end=\"1617\">Farbe:<\/strong> Schwarz<\/p>\n<\/li>\n<li data-start=\"1626\" data-end=\"1683\">\n<p data-start=\"1628\" data-end=\"1683\"><strong data-start=\"1628\" data-end=\"1653\">Passt zur Glasdicke:<\/strong> 8mm (5\/16\u2033) und 10mm (3\/8\u2033)<\/p>\n<\/li>\n<li data-start=\"1684\" data-end=\"1726\">\n<p data-start=\"1686\" data-end=\"1726\"><strong data-start=\"1686\" data-end=\"1699\">Funktion:<\/strong> Verhinderung von Wasserlecks<\/p>\n<\/li>\n<li data-start=\"1727\" data-end=\"1769\">\n<p data-start=\"1729\" data-end=\"1769\"><strong data-start=\"1729\" data-end=\"1746\">Einbau:<\/strong> Kein Klebstoff erforderlich<\/p>\n<\/li>\n<\/ul>","protected":false},"excerpt":{"rendered":"<ul>\n<li>Duscht\u00fcr-Bodendichtung schwarz - Kurzer Clip<\/li>\n<li>aus PVC<\/li>\n<li>F\u00fcr 8 mm (5\/16), 10 mm (3\/8) Glas;<\/li>\n<\/ul>","protected":false},"featured_media":3819,"comment_status":"open","ping_status":"closed","template":"","meta":{"_acf_changed":false},"product_brand":[],"product_cat":[114,156,155],"product_tag":[],"class_list":{"0":"post-3818","1":"product","2":"type-product","3":"status-publish","4":"has-post-thumbnail","6":"product_cat-shower-door-seals","7":"product_cat-black-shower-door-seal","8":"product_cat-one-piece-bottom-rail-seal","9":"pa_finish-black-2","10":"pa_finish-clear","11":"pa_finish-customized-colors","12":"pa_glass-thickness-10mm-or-0-39","13":"pa_glass-thickness-8mm-or-0-32","14":"pa_material-vinyl","16":"first","17":"instock","18":"taxable","19":"shipping-taxable","20":"product-type-simple"},"acf":[],"_links":{"self":[{"href":"https:\/\/showerglasshardware.com\/de-de\/wp-json\/wp\/v2\/product\/3818","targetHints":{"allow":["GET"]}}],"collection":[{"href":"https:\/\/showerglasshardware.com\/de-de\/wp-json\/wp\/v2\/product"}],"about":[{"href":"https:\/\/showerglasshardware.com\/de-de\/wp-json\/wp\/v2\/types\/product"}],"replies":[{"embeddable":true,"href":"https:\/\/showerglasshardware.com\/de-de\/wp-json\/wp\/v2\/comments?post=3818"}],"version-history":[{"count":3,"href":"https:\/\/showerglasshardware.com\/de-de\/wp-json\/wp\/v2\/product\/3818\/revisions"}],"predecessor-version":[{"id":4585,"href":"https:\/\/showerglasshardware.com\/de-de\/wp-json\/wp\/v2\/product\/3818\/revisions\/4585"}],"wp:featuredmedia":[{"embeddable":true,"href":"https:\/\/showerglasshardware.com\/de-de\/wp-json\/wp\/v2\/media\/3819"}],"wp:attachment":[{"href":"https:\/\/showerglasshardware.com\/de-de\/wp-json\/wp\/v2\/media?parent=3818"}],"wp:term":[{"taxonomy":"product_brand","embeddable":true,"href":"https:\/\/showerglasshardware.com\/de-de\/wp-json\/wp\/v2\/product_brand?post=3818"},{"taxonomy":"product_cat","embeddable":true,"href":"https:\/\/showerglasshardware.com\/de-de\/wp-json\/wp\/v2\/product_cat?post=3818"},{"taxonomy":"product_tag","embeddable":true,"href":"https:\/\/showerglasshardware.com\/de-de\/wp-json\/wp\/v2\/product_tag?post=3818"}],"curies":[{"name":"wp","href":"https:\/\/api.w.org\/{rel}","templated":true}]}}