{"id":4286,"date":"2025-02-14T07:05:24","date_gmt":"2025-02-14T07:05:24","guid":{"rendered":"https:\/\/showerglasshardware.com\/?post_type=product&#038;p=4286"},"modified":"2025-08-14T09:04:05","modified_gmt":"2025-08-14T09:04:05","slug":"seal-for-bottom-of-shower-door-with-short-ring","status":"publish","type":"product","link":"https:\/\/showerglasshardware.com\/de-de\/product\/seal-for-bottom-of-shower-door-with-short-ring\/","title":{"rendered":"Dichtung f\u00fcr die Unterseite der Duscht\u00fcr mit kurzem Ring - YP306"},"content":{"rendered":"<p data-start=\"437\" data-end=\"642\">Die Duscht\u00fcrdichtung YP306 mit kurzem Ring ist eine praktische und dauerhafte L\u00f6sung f\u00fcr die Abdichtung der Unterseite von rahmenlosen Duscht\u00fcren, die das Wasser im Inneren der Kabine und den Badezimmerboden trocken h\u00e4lt.<\/p>\n<p data-start=\"644\" data-end=\"904\">Diese aus hochwertigem PVC gefertigte Dichtung passt auf 5\/16\u2033 (8mm), 3\/8\u2033 (10mm) und 1\/2\u2033 (12mm) dickes Glas. Das kurze Ringdesign sorgt f\u00fcr einen sicheren Halt auf dem Glas, w\u00e4hrend es gleichzeitig ein minimales Erscheinungsbild beibeh\u00e4lt, das sich nahtlos in moderne Badezimmerstile einf\u00fcgt.<\/p>\n<p data-start=\"906\" data-end=\"1066\">Es l\u00e4sst sich leicht und ohne Klebstoffe anbringen, indem es einfach auf die Unterkante der T\u00fcr geschoben oder eingerastet wird. Sowohl f\u00fcr private als auch f\u00fcr gewerbliche Duschkabinen geeignet.<\/p>\n<p data-start=\"1068\" data-end=\"1087\"><strong data-start=\"1068\" data-end=\"1085\">Hauptmerkmale:<\/strong><\/p>\n<ul data-start=\"1088\" data-end=\"1485\">\n<li data-start=\"1088\" data-end=\"1155\">\n<p data-start=\"1090\" data-end=\"1155\"><strong data-start=\"1090\" data-end=\"1103\">Material:<\/strong> Strapazierf\u00e4higes PVC f\u00fcr Flexibilit\u00e4t und lange Lebensdauer<\/p>\n<\/li>\n<li data-start=\"1156\" data-end=\"1218\">\n<p data-start=\"1158\" data-end=\"1218\"><strong data-start=\"1158\" data-end=\"1169\">Entwurf:<\/strong> Kurze Ringform f\u00fcr sicheren Sitz und sauberen Look<\/p>\n<\/li>\n<li data-start=\"1219\" data-end=\"1284\">\n<p data-start=\"1221\" data-end=\"1284\"><strong data-start=\"1221\" data-end=\"1245\">Glaskompatibilit\u00e4t:<\/strong> Geeignet f\u00fcr 8 mm, 10 mm und 12 mm dickes Glas<\/p>\n<\/li>\n<li data-start=\"1285\" data-end=\"1336\">\n<p data-start=\"1287\" data-end=\"1336\"><strong data-start=\"1287\" data-end=\"1300\">Funktion:<\/strong> Verhindert Wasserlecks und Spritzer<\/p>\n<\/li>\n<li data-start=\"1337\" data-end=\"1391\">\n<p data-start=\"1339\" data-end=\"1391\"><strong data-start=\"1339\" data-end=\"1356\">Einbau:<\/strong> Aufschiebbar oder einrastbar ohne Klebstoff<\/p>\n<\/li>\n<li data-start=\"1392\" data-end=\"1485\">\n<p data-start=\"1394\" data-end=\"1485\"><strong data-start=\"1394\" data-end=\"1411\">Anwendungen:<\/strong> Rahmenlose Duscht\u00fcren aus Glas in Wohnungen, Hotels und gewerblichen B\u00e4dern<\/p>\n<\/li>\n<\/ul>\n<p data-start=\"1487\" data-end=\"1508\"><strong data-start=\"1487\" data-end=\"1506\">Spezifikationen:<\/strong><\/p>\n<ul data-start=\"1509\" data-end=\"1756\">\n<li data-start=\"1509\" data-end=\"1529\">\n<p data-start=\"1511\" data-end=\"1529\"><strong data-start=\"1511\" data-end=\"1521\">Modell:<\/strong> YP306<\/p>\n<\/li>\n<li data-start=\"1530\" data-end=\"1580\">\n<p data-start=\"1532\" data-end=\"1580\"><strong data-start=\"1532\" data-end=\"1541\">Typ:<\/strong> Dichtung Duscht\u00fcr unten - kurzer Ring<\/p>\n<\/li>\n<li data-start=\"1581\" data-end=\"1602\">\n<p data-start=\"1583\" data-end=\"1602\"><strong data-start=\"1583\" data-end=\"1596\">Material:<\/strong> aus PVC<\/p>\n<\/li>\n<li data-start=\"1603\" data-end=\"1670\">\n<p data-start=\"1605\" data-end=\"1670\"><strong data-start=\"1605\" data-end=\"1630\">Passt zur Glasdicke:<\/strong> 5\/16\u2033 (8mm), 3\/8\u2033 (10mm), 1\/2\u2033 (12mm)<\/p>\n<\/li>\n<li data-start=\"1671\" data-end=\"1713\">\n<p data-start=\"1673\" data-end=\"1713\"><strong data-start=\"1673\" data-end=\"1686\">Funktion:<\/strong> Verhinderung von Wasserlecks<\/p>\n<\/li>\n<li data-start=\"1714\" data-end=\"1756\">\n<p data-start=\"1716\" data-end=\"1756\"><strong data-start=\"1716\" data-end=\"1733\">Einbau:<\/strong> Kein Klebstoff erforderlich<\/p>\n<\/li>\n<\/ul>","protected":false},"excerpt":{"rendered":"<ul>\n<li>Dichtung f\u00fcr die Unterseite der Duscht\u00fcr mit kurzem Ring<\/li>\n<li>Passend f\u00fcr Glasst\u00e4rken von 5\/16 Zoll (8mm), 3\/8 Zoll (10mm) und 1\/2 Zoll (12mm).<\/li>\n<li>aus PVC<\/li>\n<\/ul>","protected":false},"featured_media":4287,"comment_status":"open","ping_status":"closed","template":"","meta":{"_acf_changed":false},"product_brand":[],"product_cat":[114,168],"product_tag":[],"class_list":{"0":"post-4286","1":"product","2":"type-product","3":"status-publish","4":"has-post-thumbnail","6":"product_cat-shower-door-seals","7":"product_cat-shower-door-bottom-seal","8":"pa_finish-black-2","9":"pa_finish-clear","10":"pa_finish-customized-colors","11":"pa_glass-thickness-1-2-inch-12mm","12":"pa_glass-thickness-3-8-inch-10mm","13":"pa_glass-thickness-5-16-inch-8mm","14":"pa_material-vinyl","16":"first","17":"instock","18":"taxable","19":"shipping-taxable","20":"product-type-simple"},"acf":[],"_links":{"self":[{"href":"https:\/\/showerglasshardware.com\/de-de\/wp-json\/wp\/v2\/product\/4286","targetHints":{"allow":["GET"]}}],"collection":[{"href":"https:\/\/showerglasshardware.com\/de-de\/wp-json\/wp\/v2\/product"}],"about":[{"href":"https:\/\/showerglasshardware.com\/de-de\/wp-json\/wp\/v2\/types\/product"}],"replies":[{"embeddable":true,"href":"https:\/\/showerglasshardware.com\/de-de\/wp-json\/wp\/v2\/comments?post=4286"}],"version-history":[{"count":2,"href":"https:\/\/showerglasshardware.com\/de-de\/wp-json\/wp\/v2\/product\/4286\/revisions"}],"predecessor-version":[{"id":4664,"href":"https:\/\/showerglasshardware.com\/de-de\/wp-json\/wp\/v2\/product\/4286\/revisions\/4664"}],"wp:featuredmedia":[{"embeddable":true,"href":"https:\/\/showerglasshardware.com\/de-de\/wp-json\/wp\/v2\/media\/4287"}],"wp:attachment":[{"href":"https:\/\/showerglasshardware.com\/de-de\/wp-json\/wp\/v2\/media?parent=4286"}],"wp:term":[{"taxonomy":"product_brand","embeddable":true,"href":"https:\/\/showerglasshardware.com\/de-de\/wp-json\/wp\/v2\/product_brand?post=4286"},{"taxonomy":"product_cat","embeddable":true,"href":"https:\/\/showerglasshardware.com\/de-de\/wp-json\/wp\/v2\/product_cat?post=4286"},{"taxonomy":"product_tag","embeddable":true,"href":"https:\/\/showerglasshardware.com\/de-de\/wp-json\/wp\/v2\/product_tag?post=4286"}],"curies":[{"name":"wp","href":"https:\/\/api.w.org\/{rel}","templated":true}]}}