{"id":4290,"date":"2025-02-14T07:13:46","date_gmt":"2025-02-14T07:13:46","guid":{"rendered":"https:\/\/showerglasshardware.com\/?post_type=product&#038;p=4290"},"modified":"2025-08-14T09:02:48","modified_gmt":"2025-08-14T09:02:48","slug":"shower-glass-door-bottom-seal-strip-long-ring","status":"publish","type":"product","link":"https:\/\/showerglasshardware.com\/de-de\/product\/shower-glass-door-bottom-seal-strip-long-ring\/","title":{"rendered":"Dichtung f\u00fcr die untere Glast\u00fcr - langer Ring YP306A"},"content":{"rendered":"<p data-start=\"440\" data-end=\"625\">Der untere Dichtungsstreifen f\u00fcr Duscht\u00fcren YP306A - Langer Ring wurde entwickelt, um eine wirksame Wasserbarriere f\u00fcr rahmenlose Duscht\u00fcren zu schaffen und Ihren Badezimmerboden trocken und sauber zu halten.<\/p>\n<p data-start=\"627\" data-end=\"909\">Dieser aus hochwertigem PVC gefertigte Dichtungsstreifen verf\u00fcgt \u00fcber ein langes Ringdesign f\u00fcr verbesserte Stabilit\u00e4t und Dichtungsleistung. Er passt auf 5\/16\u2033 (8mm), 3\/8\u2033 (10mm) und 1\/2\u2033 (12mm) dicke Glast\u00fcren und l\u00e4sst sich ohne Klebstoff einfach auf das Glas schieben oder einrasten.<\/p>\n<p data-start=\"911\" data-end=\"1054\">Sein klares und minimalistisches Erscheinungsbild f\u00fcgt sich nahtlos in jedes Badezimmerdekor ein und eignet sich daher sowohl f\u00fcr private als auch f\u00fcr gewerbliche Anwendungen.<\/p>\n<p data-start=\"1056\" data-end=\"1075\"><strong data-start=\"1056\" data-end=\"1073\">Hauptmerkmale:<\/strong><\/p>\n<ul data-start=\"1076\" data-end=\"1434\">\n<li data-start=\"1076\" data-end=\"1136\">\n<p data-start=\"1078\" data-end=\"1136\"><strong data-start=\"1078\" data-end=\"1091\">Material:<\/strong> Hochwertiges PVC f\u00fcr Flexibilit\u00e4t und Haltbarkeit<\/p>\n<\/li>\n<li data-start=\"1137\" data-end=\"1204\">\n<p data-start=\"1139\" data-end=\"1204\"><strong data-start=\"1139\" data-end=\"1150\">Entwurf:<\/strong> Langer Ring f\u00fcr sicheren Sitz und verbesserte Abdichtung<\/p>\n<\/li>\n<li data-start=\"1205\" data-end=\"1270\">\n<p data-start=\"1207\" data-end=\"1270\"><strong data-start=\"1207\" data-end=\"1231\">Glaskompatibilit\u00e4t:<\/strong> Geeignet f\u00fcr 8 mm, 10 mm und 12 mm dickes Glas<\/p>\n<\/li>\n<li data-start=\"1271\" data-end=\"1324\">\n<p data-start=\"1273\" data-end=\"1324\"><strong data-start=\"1273\" data-end=\"1286\">Funktion:<\/strong> Verhindert Wasseraustritt und Spritzer<\/p>\n<\/li>\n<li data-start=\"1325\" data-end=\"1383\">\n<p data-start=\"1327\" data-end=\"1383\"><strong data-start=\"1327\" data-end=\"1344\">Einbau:<\/strong> Aufschiebbar oder einrastbar ohne Klebstoff<\/p>\n<\/li>\n<li data-start=\"1384\" data-end=\"1434\">\n<p data-start=\"1386\" data-end=\"1434\"><strong data-start=\"1386\" data-end=\"1403\">Anwendungen:<\/strong> Rahmenlose Duscht\u00fcren aus Glas<\/p>\n<\/li>\n<\/ul>\n<p data-start=\"1436\" data-end=\"1457\"><strong data-start=\"1436\" data-end=\"1455\">Spezifikationen:<\/strong><\/p>\n<ul data-start=\"1458\" data-end=\"1717\">\n<li data-start=\"1458\" data-end=\"1479\">\n<p data-start=\"1460\" data-end=\"1479\"><strong data-start=\"1460\" data-end=\"1470\">Modell:<\/strong> YP306A<\/p>\n<\/li>\n<li data-start=\"1480\" data-end=\"1541\">\n<p data-start=\"1482\" data-end=\"1541\"><strong data-start=\"1482\" data-end=\"1491\">Typ:<\/strong> Dichtungsstreifen f\u00fcr die untere Glast\u00fcr der Dusche - langer Ring<\/p>\n<\/li>\n<li data-start=\"1542\" data-end=\"1563\">\n<p data-start=\"1544\" data-end=\"1563\"><strong data-start=\"1544\" data-end=\"1557\">Material:<\/strong> aus PVC<\/p>\n<\/li>\n<li data-start=\"1564\" data-end=\"1631\">\n<p data-start=\"1566\" data-end=\"1631\"><strong data-start=\"1566\" data-end=\"1591\">Passt zur Glasdicke:<\/strong> 5\/16\u2033 (8mm), 3\/8\u2033 (10mm), 1\/2\u2033 (12mm)<\/p>\n<\/li>\n<li data-start=\"1632\" data-end=\"1674\">\n<p data-start=\"1634\" data-end=\"1674\"><strong data-start=\"1634\" data-end=\"1647\">Funktion:<\/strong> Verhinderung von Wasserlecks<\/p>\n<\/li>\n<li data-start=\"1675\" data-end=\"1717\">\n<p data-start=\"1677\" data-end=\"1717\"><strong data-start=\"1677\" data-end=\"1694\">Einbau:<\/strong> Kein Klebstoff erforderlich<\/p>\n<\/li>\n<\/ul>","protected":false},"excerpt":{"rendered":"<ul>\n<li>Dichtung f\u00fcr die untere Glast\u00fcr - langer Ring<\/li>\n<li>Passend f\u00fcr Glasst\u00e4rken von 5\/16 Zoll (8mm), 3\/8 Zoll (10mm) und 1\/2 Zoll (12mm).<\/li>\n<li>aus PVC<\/li>\n<\/ul>","protected":false},"featured_media":4291,"comment_status":"open","ping_status":"closed","template":"","meta":{"_acf_changed":false},"product_brand":[],"product_cat":[114,168],"product_tag":[],"class_list":{"0":"post-4290","1":"product","2":"type-product","3":"status-publish","4":"has-post-thumbnail","6":"product_cat-shower-door-seals","7":"product_cat-shower-door-bottom-seal","8":"pa_finish-black-2","9":"pa_finish-clear","10":"pa_finish-customized-colors","11":"pa_glass-thickness-1-2-inch-12mm","12":"pa_glass-thickness-1-4-inch-6mm","13":"pa_glass-thickness-3-8-inch-10mm","14":"pa_glass-thickness-5-16-inch-8mm","15":"pa_material-vinyl","17":"first","18":"instock","19":"taxable","20":"shipping-taxable","21":"product-type-simple"},"acf":[],"_links":{"self":[{"href":"https:\/\/showerglasshardware.com\/de-de\/wp-json\/wp\/v2\/product\/4290","targetHints":{"allow":["GET"]}}],"collection":[{"href":"https:\/\/showerglasshardware.com\/de-de\/wp-json\/wp\/v2\/product"}],"about":[{"href":"https:\/\/showerglasshardware.com\/de-de\/wp-json\/wp\/v2\/types\/product"}],"replies":[{"embeddable":true,"href":"https:\/\/showerglasshardware.com\/de-de\/wp-json\/wp\/v2\/comments?post=4290"}],"version-history":[{"count":3,"href":"https:\/\/showerglasshardware.com\/de-de\/wp-json\/wp\/v2\/product\/4290\/revisions"}],"predecessor-version":[{"id":4663,"href":"https:\/\/showerglasshardware.com\/de-de\/wp-json\/wp\/v2\/product\/4290\/revisions\/4663"}],"wp:featuredmedia":[{"embeddable":true,"href":"https:\/\/showerglasshardware.com\/de-de\/wp-json\/wp\/v2\/media\/4291"}],"wp:attachment":[{"href":"https:\/\/showerglasshardware.com\/de-de\/wp-json\/wp\/v2\/media?parent=4290"}],"wp:term":[{"taxonomy":"product_brand","embeddable":true,"href":"https:\/\/showerglasshardware.com\/de-de\/wp-json\/wp\/v2\/product_brand?post=4290"},{"taxonomy":"product_cat","embeddable":true,"href":"https:\/\/showerglasshardware.com\/de-de\/wp-json\/wp\/v2\/product_cat?post=4290"},{"taxonomy":"product_tag","embeddable":true,"href":"https:\/\/showerglasshardware.com\/de-de\/wp-json\/wp\/v2\/product_tag?post=4290"}],"curies":[{"name":"wp","href":"https:\/\/api.w.org\/{rel}","templated":true}]}}