{"id":4296,"date":"2025-02-14T07:30:28","date_gmt":"2025-02-14T07:30:28","guid":{"rendered":"https:\/\/showerglasshardware.com\/?post_type=product&#038;p=4296"},"modified":"2025-08-11T04:07:04","modified_gmt":"2025-08-11T04:07:04","slug":"glass-shower-door-seal-bottom-door-seal-one-fin-yp301","status":"publish","type":"product","link":"https:\/\/showerglasshardware.com\/de-de\/product\/glass-shower-door-seal-bottom-door-seal-one-fin-yp301\/","title":{"rendered":"Dichtung f\u00fcr Glasduscht\u00fcr, untere T\u00fcrdichtung, eine Flosse YP301A"},"content":{"rendered":"<p data-start=\"458\" data-end=\"621\">Der <strong data-start=\"462\" data-end=\"515\">YP301A Dichtung f\u00fcr die untere Glast\u00fcr mit einer Lamelle<\/strong> ist eine praktische und zuverl\u00e4ssige L\u00f6sung, um das Austreten von Wasser in rahmenlosen Glasduschkabinen zu verhindern.<\/p>\n<p data-start=\"623\" data-end=\"933\">Hergestellt aus <strong data-start=\"633\" data-end=\"655\">hochwertiges Vinyl<\/strong>Diese Bodendichtung ist so konzipiert, dass sie genau an der Unterkante der Duscht\u00fcr anliegt und mit einer einzigen flexiblen Lamelle versehen ist, die das Wasser effektiv in die Dusche zur\u00fcckleitet. Ihr klares, minimalistisches Design f\u00fcgt sich nahtlos in jeden Badezimmerstil ein und gew\u00e4hrleistet gleichzeitig eine lang anhaltende Leistung.<\/p>\n<p data-start=\"935\" data-end=\"1100\">Es l\u00e4sst sich ohne Klebstoff einfach auf die Glaskante aufschieben oder einrasten und eignet sich daher sowohl f\u00fcr Heimwerkerprojekte als auch f\u00fcr professionelle Installationen.<\/p>\n<p data-start=\"1102\" data-end=\"1119\"><strong data-start=\"1102\" data-end=\"1119\">Hauptmerkmale:<\/strong><\/p>\n<ul data-start=\"1120\" data-end=\"1527\">\n<li data-start=\"1120\" data-end=\"1187\">\n<p data-start=\"1122\" data-end=\"1187\"><strong data-start=\"1122\" data-end=\"1135\">Material:<\/strong> Hochwertiges Vinyl f\u00fcr Haltbarkeit und Wasserbest\u00e4ndigkeit<\/p>\n<\/li>\n<li data-start=\"1188\" data-end=\"1257\">\n<p data-start=\"1190\" data-end=\"1257\"><strong data-start=\"1190\" data-end=\"1201\">Entwurf:<\/strong> Einrippige Bodendichtung f\u00fcr effektive Wasserableitung<\/p>\n<\/li>\n<li data-start=\"1258\" data-end=\"1326\">\n<p data-start=\"1260\" data-end=\"1326\"><strong data-start=\"1260\" data-end=\"1278\">Kompatibilit\u00e4t:<\/strong> Geeignet f\u00fcr Glasst\u00e4rken von 8 mm, 10 mm und 12 mm<\/p>\n<\/li>\n<li data-start=\"1327\" data-end=\"1385\">\n<p data-start=\"1329\" data-end=\"1385\"><strong data-start=\"1329\" data-end=\"1342\">Funktion:<\/strong> Verhindert das Auslaufen von Wasser und Spritzern<\/p>\n<\/li>\n<li data-start=\"1386\" data-end=\"1454\">\n<p data-start=\"1388\" data-end=\"1454\"><strong data-start=\"1388\" data-end=\"1403\">Erscheinungsbild:<\/strong> Klar und minimalistisch, f\u00fcgt sich in jedes Duschdesign ein<\/p>\n<\/li>\n<li data-start=\"1455\" data-end=\"1527\">\n<p data-start=\"1457\" data-end=\"1527\"><strong data-start=\"1457\" data-end=\"1474\">Einbau:<\/strong> Einfache Montage durch Aufschieben oder Einrasten ohne Klebstoff<\/p>\n<\/li>\n<\/ul>\n<p data-start=\"1529\" data-end=\"1548\"><strong data-start=\"1529\" data-end=\"1548\">Spezifikationen:<\/strong><\/p>\n<ul data-start=\"1549\" data-end=\"1799\">\n<li data-start=\"1549\" data-end=\"1570\">\n<p data-start=\"1551\" data-end=\"1570\"><strong data-start=\"1551\" data-end=\"1561\">Modell:<\/strong> YP301A<\/p>\n<\/li>\n<li data-start=\"1571\" data-end=\"1594\">\n<p data-start=\"1573\" data-end=\"1594\"><strong data-start=\"1573\" data-end=\"1586\">Material:<\/strong> Vinyl<\/p>\n<\/li>\n<li data-start=\"1595\" data-end=\"1638\">\n<p data-start=\"1597\" data-end=\"1638\"><strong data-start=\"1597\" data-end=\"1606\">Typ:<\/strong> Untere T\u00fcrdichtung mit einer Lamelle<\/p>\n<\/li>\n<li data-start=\"1639\" data-end=\"1706\">\n<p data-start=\"1641\" data-end=\"1706\"><strong data-start=\"1641\" data-end=\"1666\">Passt zur Glasdicke:<\/strong> 5\/16\u2033 (8mm), 3\/8\u2033 (10mm), 1\/2\u2033 (12mm)<\/p>\n<\/li>\n<li data-start=\"1707\" data-end=\"1756\">\n<p data-start=\"1709\" data-end=\"1756\"><strong data-start=\"1709\" data-end=\"1725\">Anwendung:<\/strong> Rahmenlose Duscht\u00fcren aus Glas<\/p>\n<\/li>\n<li data-start=\"1757\" data-end=\"1799\">\n<p data-start=\"1759\" data-end=\"1799\"><strong data-start=\"1759\" data-end=\"1772\">Funktion:<\/strong> Verhinderung von Wasserlecks<\/p>\n<\/li>\n<\/ul>","protected":false},"excerpt":{"rendered":"<ul>\n<li>Dichtung f\u00fcr Glasduscht\u00fcr, untere T\u00fcrdichtung, eine Flosse YP301A<\/li>\n<li>Vinyl<\/li>\n<li>Passend f\u00fcr Glasst\u00e4rken von 5\/16 Zoll (8mm), 3\/8 Zoll (10mm) und 1\/2 Zoll (12mm).<\/li>\n<\/ul>","protected":false},"featured_media":4298,"comment_status":"open","ping_status":"closed","template":"","meta":{"_acf_changed":false},"product_brand":[],"product_cat":[114,168,155],"product_tag":[],"class_list":{"0":"post-4296","1":"product","2":"type-product","3":"status-publish","4":"has-post-thumbnail","6":"product_cat-shower-door-seals","7":"product_cat-shower-door-bottom-seal","8":"product_cat-one-piece-bottom-rail-seal","9":"pa_finish-black-2","10":"pa_finish-clear","11":"pa_finish-customized-colors","12":"pa_glass-thickness-1-2-inch-12mm","13":"pa_glass-thickness-3-8-inch-10mm","14":"pa_glass-thickness-5-16-inch-8mm","15":"pa_material-vinyl","17":"first","18":"instock","19":"taxable","20":"shipping-taxable","21":"product-type-simple"},"acf":[],"_links":{"self":[{"href":"https:\/\/showerglasshardware.com\/de-de\/wp-json\/wp\/v2\/product\/4296","targetHints":{"allow":["GET"]}}],"collection":[{"href":"https:\/\/showerglasshardware.com\/de-de\/wp-json\/wp\/v2\/product"}],"about":[{"href":"https:\/\/showerglasshardware.com\/de-de\/wp-json\/wp\/v2\/types\/product"}],"replies":[{"embeddable":true,"href":"https:\/\/showerglasshardware.com\/de-de\/wp-json\/wp\/v2\/comments?post=4296"}],"version-history":[{"count":6,"href":"https:\/\/showerglasshardware.com\/de-de\/wp-json\/wp\/v2\/product\/4296\/revisions"}],"predecessor-version":[{"id":4570,"href":"https:\/\/showerglasshardware.com\/de-de\/wp-json\/wp\/v2\/product\/4296\/revisions\/4570"}],"wp:featuredmedia":[{"embeddable":true,"href":"https:\/\/showerglasshardware.com\/de-de\/wp-json\/wp\/v2\/media\/4298"}],"wp:attachment":[{"href":"https:\/\/showerglasshardware.com\/de-de\/wp-json\/wp\/v2\/media?parent=4296"}],"wp:term":[{"taxonomy":"product_brand","embeddable":true,"href":"https:\/\/showerglasshardware.com\/de-de\/wp-json\/wp\/v2\/product_brand?post=4296"},{"taxonomy":"product_cat","embeddable":true,"href":"https:\/\/showerglasshardware.com\/de-de\/wp-json\/wp\/v2\/product_cat?post=4296"},{"taxonomy":"product_tag","embeddable":true,"href":"https:\/\/showerglasshardware.com\/de-de\/wp-json\/wp\/v2\/product_tag?post=4296"}],"curies":[{"name":"wp","href":"https:\/\/api.w.org\/{rel}","templated":true}]}}