{"id":4300,"date":"2025-02-14T08:22:47","date_gmt":"2025-02-14T08:22:47","guid":{"rendered":"https:\/\/showerglasshardware.com\/?post_type=product&#038;p=4300"},"modified":"2025-08-13T13:38:12","modified_gmt":"2025-08-13T13:38:12","slug":"glass-shower-door-bottom-drip-rail-and-wipe-seal","status":"publish","type":"product","link":"https:\/\/showerglasshardware.com\/de-de\/product\/glass-shower-door-bottom-drip-rail-and-wipe-seal\/","title":{"rendered":"Glas Duscht\u00fcr untere Tropfleiste und Wischdichtung YP301"},"content":{"rendered":"<p data-start=\"448\" data-end=\"637\">Der <strong data-start=\"452\" data-end=\"510\">YP301 Glasduscht\u00fcr untere Tropfleiste und Wischdichtung<\/strong> wurde entwickelt, um eine zuverl\u00e4ssige Wasserbarriere f\u00fcr rahmenlose Glasduscht\u00fcren zu schaffen und Ihren Badezimmerboden trocken und sauber zu halten.<\/p>\n<p data-start=\"639\" data-end=\"877\">Das aus hochwertigem Material gefertigte <strong data-start=\"677\" data-end=\"704\">Tropfleiste und Wischdichtung<\/strong> passt <strong data-start=\"710\" data-end=\"755\">5\/16\u2033 (8mm), 3\/8\u2033 (10mm), und 1\/2\u2033 (12mm)<\/strong> dicken Glast\u00fcren. Sie leiten das Wasser zur\u00fcck in die Dusche und verhindern so ein Auslaufen, w\u00e4hrend sie gleichzeitig ein elegantes, minimalistisches Aussehen bewahren.<\/p>\n<p data-start=\"879\" data-end=\"1050\">Es eignet sich perfekt f\u00fcr die Abdichtung der Unterseite von rahmenlosen Glast\u00fcren und l\u00e4sst sich leicht und ohne Klebstoffe anbringen - es wird einfach auf die Unterkante des Glases geschoben.<\/p>\n<p data-start=\"1052\" data-end=\"1071\"><strong data-start=\"1052\" data-end=\"1069\">Hauptmerkmale:<\/strong><\/p>\n<ul data-start=\"1072\" data-end=\"1414\">\n<li data-start=\"1072\" data-end=\"1150\">\n<p data-start=\"1074\" data-end=\"1150\"><strong data-start=\"1074\" data-end=\"1085\">Entwurf:<\/strong> Untere Tropfleiste und Wischdichtung zur effektiven Wasserableitung<\/p>\n<\/li>\n<li data-start=\"1151\" data-end=\"1216\">\n<p data-start=\"1153\" data-end=\"1216\"><strong data-start=\"1153\" data-end=\"1177\">Glaskompatibilit\u00e4t:<\/strong> Geeignet f\u00fcr 8 mm, 10 mm und 12 mm dickes Glas<\/p>\n<\/li>\n<li data-start=\"1217\" data-end=\"1289\">\n<p data-start=\"1219\" data-end=\"1289\"><strong data-start=\"1219\" data-end=\"1232\">Funktion:<\/strong> Verhindert das Auslaufen von Wasser und h\u00e4lt das Bad trocken<\/p>\n<\/li>\n<li data-start=\"1290\" data-end=\"1363\">\n<p data-start=\"1292\" data-end=\"1363\"><strong data-start=\"1292\" data-end=\"1314\">Einfache Installation:<\/strong> Aufschiebbare Konstruktion ohne Klebstoffbedarf<\/p>\n<\/li>\n<li data-start=\"1364\" data-end=\"1414\">\n<p data-start=\"1366\" data-end=\"1414\"><strong data-start=\"1366\" data-end=\"1383\">Anwendungen:<\/strong> Rahmenlose Duscht\u00fcren aus Glas<\/p>\n<\/li>\n<\/ul>\n<p data-start=\"1416\" data-end=\"1437\"><strong data-start=\"1416\" data-end=\"1435\">Spezifikationen:<\/strong><\/p>\n<ul data-start=\"1438\" data-end=\"1684\">\n<li data-start=\"1438\" data-end=\"1458\">\n<p data-start=\"1440\" data-end=\"1458\"><strong data-start=\"1440\" data-end=\"1450\">Modell:<\/strong> YP301<\/p>\n<\/li>\n<li data-start=\"1459\" data-end=\"1490\">\n<p data-start=\"1461\" data-end=\"1490\"><strong data-start=\"1461\" data-end=\"1474\">Material:<\/strong> aus PVC<\/p>\n<\/li>\n<li data-start=\"1491\" data-end=\"1535\">\n<p data-start=\"1493\" data-end=\"1535\"><strong data-start=\"1493\" data-end=\"1502\">Typ:<\/strong> Untere Tropfleiste und Wischdichtung<\/p>\n<\/li>\n<li data-start=\"1536\" data-end=\"1603\">\n<p data-start=\"1538\" data-end=\"1603\"><strong data-start=\"1538\" data-end=\"1563\">Passt zur Glasdicke:<\/strong> 5\/16\u2033 (8mm), 3\/8\u2033 (10mm), 1\/2\u2033 (12mm)<\/p>\n<\/li>\n<li data-start=\"1604\" data-end=\"1646\">\n<p data-start=\"1606\" data-end=\"1646\"><strong data-start=\"1606\" data-end=\"1619\">Funktion:<\/strong> Verhinderung von Wasserlecks<\/p>\n<\/li>\n<li data-start=\"1647\" data-end=\"1684\">\n<p data-start=\"1649\" data-end=\"1684\"><strong data-start=\"1649\" data-end=\"1666\">Einbau:<\/strong> Aufschiebbare Konstruktion<\/p>\n<\/li>\n<\/ul>","protected":false},"excerpt":{"rendered":"<ul>\n<li>Glasduscht\u00fcr untere Tropfleiste und Wischdichtung<\/li>\n<li>Geeignet f\u00fcr 8 mm (5\/16 Zoll), 10 mm (3\/8 Zoll) und 12 mm (1\/2 Zoll) dickes Glas.<\/li>\n<li>Perfekt f\u00fcr die Abdichtung der Unterseite von rahmenlosen Glasduscht\u00fcren.<\/li>\n<\/ul>","protected":false},"featured_media":4301,"comment_status":"open","ping_status":"closed","template":"","meta":{"_acf_changed":false},"product_brand":[],"product_cat":[114,152,168],"product_tag":[],"class_list":{"0":"post-4300","1":"product","2":"type-product","3":"status-publish","4":"has-post-thumbnail","6":"product_cat-shower-door-seals","7":"product_cat-drip-rail-seal","8":"product_cat-shower-door-bottom-seal","9":"pa_finish-black-2","10":"pa_finish-clear","11":"pa_finish-customized-colors","12":"pa_glass-thickness-1-2-inch-12mm","13":"pa_glass-thickness-3-8-inch-10mm","14":"pa_glass-thickness-5-16-inch-8mm","15":"pa_material-vinyl","17":"first","18":"instock","19":"taxable","20":"shipping-taxable","21":"product-type-simple"},"acf":[],"_links":{"self":[{"href":"https:\/\/showerglasshardware.com\/de-de\/wp-json\/wp\/v2\/product\/4300","targetHints":{"allow":["GET"]}}],"collection":[{"href":"https:\/\/showerglasshardware.com\/de-de\/wp-json\/wp\/v2\/product"}],"about":[{"href":"https:\/\/showerglasshardware.com\/de-de\/wp-json\/wp\/v2\/types\/product"}],"replies":[{"embeddable":true,"href":"https:\/\/showerglasshardware.com\/de-de\/wp-json\/wp\/v2\/comments?post=4300"}],"version-history":[{"count":3,"href":"https:\/\/showerglasshardware.com\/de-de\/wp-json\/wp\/v2\/product\/4300\/revisions"}],"predecessor-version":[{"id":4647,"href":"https:\/\/showerglasshardware.com\/de-de\/wp-json\/wp\/v2\/product\/4300\/revisions\/4647"}],"wp:featuredmedia":[{"embeddable":true,"href":"https:\/\/showerglasshardware.com\/de-de\/wp-json\/wp\/v2\/media\/4301"}],"wp:attachment":[{"href":"https:\/\/showerglasshardware.com\/de-de\/wp-json\/wp\/v2\/media?parent=4300"}],"wp:term":[{"taxonomy":"product_brand","embeddable":true,"href":"https:\/\/showerglasshardware.com\/de-de\/wp-json\/wp\/v2\/product_brand?post=4300"},{"taxonomy":"product_cat","embeddable":true,"href":"https:\/\/showerglasshardware.com\/de-de\/wp-json\/wp\/v2\/product_cat?post=4300"},{"taxonomy":"product_tag","embeddable":true,"href":"https:\/\/showerglasshardware.com\/de-de\/wp-json\/wp\/v2\/product_tag?post=4300"}],"curies":[{"name":"wp","href":"https:\/\/api.w.org\/{rel}","templated":true}]}}