{"id":4304,"date":"2025-02-14T08:33:29","date_gmt":"2025-02-14T08:33:29","guid":{"rendered":"https:\/\/showerglasshardware.com\/?post_type=product&#038;p=4304"},"modified":"2025-08-11T05:50:58","modified_gmt":"2025-08-11T05:50:58","slug":"shower-door-sliding-seal-with-drip-rail","status":"publish","type":"product","link":"https:\/\/showerglasshardware.com\/de-de\/product\/shower-door-sliding-seal-with-drip-rail\/","title":{"rendered":"Duscht\u00fcr-Schiebedichtung mit Tropfleiste YP309S1"},"content":{"rendered":"<p data-start=\"440\" data-end=\"601\">Die Schiebedichtung f\u00fcr Duscht\u00fcren YP309S1 mit Tropfleiste sorgt daf\u00fcr, dass Ihr Badezimmerboden trocken bleibt, indem sie das Wasser effektiv in den Duschbereich zur\u00fcckleitet.<\/p>\n<p data-start=\"603\" data-end=\"776\">Diese aus strapazierf\u00e4higem Vinyl gefertigte, nach unten gleitende Dichtung verf\u00fcgt \u00fcber eine integrierte Tropfleiste, die Spritzer und Leckagen reduziert und gleichzeitig ein sauberes, modernes Aussehen gew\u00e4hrleistet.<\/p>\n<p data-start=\"778\" data-end=\"1028\">Er ist kompatibel mit 5\/16\u2033 (8mm), 3\/8\u2033 (10mm) und 1\/2\u2033 (12mm) dicken Glast\u00fcren und eignet sich perfekt f\u00fcr rahmenlose Duschkabinen mit Schiebet\u00fcren. Die Installation ist einfach - schieben Sie ihn einfach auf die Unterkante des Glases, ohne dass Klebstoffe erforderlich sind.<\/p>\n<p data-start=\"1030\" data-end=\"1049\"><strong data-start=\"1030\" data-end=\"1047\">Hauptmerkmale:<\/strong><\/p>\n<ul data-start=\"1050\" data-end=\"1466\">\n<li data-start=\"1050\" data-end=\"1107\">\n<p data-start=\"1052\" data-end=\"1107\"><strong data-start=\"1052\" data-end=\"1065\">Material:<\/strong> Hochwertiges Vinyl f\u00fcr eine lange Lebensdauer<\/p>\n<\/li>\n<li data-start=\"1108\" data-end=\"1169\">\n<p data-start=\"1110\" data-end=\"1169\"><strong data-start=\"1110\" data-end=\"1121\">Entwurf:<\/strong> Untere Schiebedichtung mit integrierter Tropfleiste<\/p>\n<\/li>\n<li data-start=\"1170\" data-end=\"1235\">\n<p data-start=\"1172\" data-end=\"1235\"><strong data-start=\"1172\" data-end=\"1196\">Glaskompatibilit\u00e4t:<\/strong> Geeignet f\u00fcr 8 mm, 10 mm und 12 mm dickes Glas<\/p>\n<\/li>\n<li data-start=\"1236\" data-end=\"1312\">\n<p data-start=\"1238\" data-end=\"1312\"><strong data-start=\"1238\" data-end=\"1251\">Funktion:<\/strong> Verhindert Wasseraustritt und leitet das Wasser in die Dusche um<\/p>\n<\/li>\n<li data-start=\"1313\" data-end=\"1368\">\n<p data-start=\"1315\" data-end=\"1368\"><strong data-start=\"1315\" data-end=\"1337\">Einfache Installation:<\/strong> Aufschiebbare Konstruktion ohne Klebstoff<\/p>\n<\/li>\n<li data-start=\"1369\" data-end=\"1466\">\n<p data-start=\"1371\" data-end=\"1466\"><strong data-start=\"1371\" data-end=\"1388\">Anwendungen:<\/strong> Rahmenlose Glasschiebet\u00fcren f\u00fcr den privaten und gewerblichen Bereich<\/p>\n<\/li>\n<\/ul>\n<p data-start=\"1468\" data-end=\"1489\"><strong data-start=\"1468\" data-end=\"1487\">Spezifikationen:<\/strong><\/p>\n<ul data-start=\"1490\" data-end=\"1760\">\n<li data-start=\"1490\" data-end=\"1512\">\n<p data-start=\"1492\" data-end=\"1512\"><strong data-start=\"1492\" data-end=\"1502\">Modell:<\/strong> YP309S1<\/p>\n<\/li>\n<li data-start=\"1513\" data-end=\"1536\">\n<p data-start=\"1515\" data-end=\"1536\"><strong data-start=\"1515\" data-end=\"1528\">Material:<\/strong> Vinyl<\/p>\n<\/li>\n<li data-start=\"1537\" data-end=\"1585\">\n<p data-start=\"1539\" data-end=\"1585\"><strong data-start=\"1539\" data-end=\"1548\">Typ:<\/strong> Untere Schiebedichtung mit Tropfleiste<\/p>\n<\/li>\n<li data-start=\"1586\" data-end=\"1653\">\n<p data-start=\"1588\" data-end=\"1653\"><strong data-start=\"1588\" data-end=\"1613\">Passt zur Glasdicke:<\/strong> 5\/16\u2033 (8mm), 3\/8\u2033 (10mm), 1\/2\u2033 (12mm)<\/p>\n<\/li>\n<li data-start=\"1654\" data-end=\"1712\">\n<p data-start=\"1656\" data-end=\"1712\"><strong data-start=\"1656\" data-end=\"1669\">Funktion:<\/strong> Wasserumleitung und Leckagepr\u00e4vention<\/p>\n<\/li>\n<li data-start=\"1713\" data-end=\"1760\">\n<p data-start=\"1715\" data-end=\"1760\"><strong data-start=\"1715\" data-end=\"1732\">Einbau:<\/strong> Aufschiebbar ohne Klebstoff<\/p>\n<\/li>\n<\/ul>","protected":false},"excerpt":{"rendered":"<ul>\n<li>Untere Schiebedichtung mit Tropfleiste;<\/li>\n<li>Passend f\u00fcr 8 mm (5\/16 Zoll), 10 mm (3\/8 Zoll) und 12 mm (1\/2 Zoll) dicke Glast\u00fcren;<\/li>\n<li>Vinyl;<\/li>\n<\/ul>","protected":false},"featured_media":4305,"comment_status":"open","ping_status":"closed","template":"","meta":{"_acf_changed":false},"product_brand":[],"product_cat":[114,168,152],"product_tag":[],"class_list":{"0":"post-4304","1":"product","2":"type-product","3":"status-publish","4":"has-post-thumbnail","6":"product_cat-shower-door-seals","7":"product_cat-shower-door-bottom-seal","8":"product_cat-drip-rail-seal","9":"pa_finish-black-2","10":"pa_finish-clear","11":"pa_finish-customized-colors","12":"pa_glass-thickness-1-2-inch-12mm","13":"pa_glass-thickness-3-8-inch-10mm","14":"pa_glass-thickness-5-16-inch-8mm","15":"pa_material-vinyl","17":"first","18":"instock","19":"taxable","20":"shipping-taxable","21":"product-type-simple"},"acf":[],"_links":{"self":[{"href":"https:\/\/showerglasshardware.com\/de-de\/wp-json\/wp\/v2\/product\/4304","targetHints":{"allow":["GET"]}}],"collection":[{"href":"https:\/\/showerglasshardware.com\/de-de\/wp-json\/wp\/v2\/product"}],"about":[{"href":"https:\/\/showerglasshardware.com\/de-de\/wp-json\/wp\/v2\/types\/product"}],"replies":[{"embeddable":true,"href":"https:\/\/showerglasshardware.com\/de-de\/wp-json\/wp\/v2\/comments?post=4304"}],"version-history":[{"count":4,"href":"https:\/\/showerglasshardware.com\/de-de\/wp-json\/wp\/v2\/product\/4304\/revisions"}],"predecessor-version":[{"id":4586,"href":"https:\/\/showerglasshardware.com\/de-de\/wp-json\/wp\/v2\/product\/4304\/revisions\/4586"}],"wp:featuredmedia":[{"embeddable":true,"href":"https:\/\/showerglasshardware.com\/de-de\/wp-json\/wp\/v2\/media\/4305"}],"wp:attachment":[{"href":"https:\/\/showerglasshardware.com\/de-de\/wp-json\/wp\/v2\/media?parent=4304"}],"wp:term":[{"taxonomy":"product_brand","embeddable":true,"href":"https:\/\/showerglasshardware.com\/de-de\/wp-json\/wp\/v2\/product_brand?post=4304"},{"taxonomy":"product_cat","embeddable":true,"href":"https:\/\/showerglasshardware.com\/de-de\/wp-json\/wp\/v2\/product_cat?post=4304"},{"taxonomy":"product_tag","embeddable":true,"href":"https:\/\/showerglasshardware.com\/de-de\/wp-json\/wp\/v2\/product_tag?post=4304"}],"curies":[{"name":"wp","href":"https:\/\/api.w.org\/{rel}","templated":true}]}}