{"id":4307,"date":"2025-02-14T08:43:44","date_gmt":"2025-02-14T08:43:44","guid":{"rendered":"https:\/\/showerglasshardware.com\/?post_type=product&#038;p=4307"},"modified":"2025-08-13T13:35:39","modified_gmt":"2025-08-13T13:35:39","slug":"frameless-sliding-shower-door-bottom-seal-yppvc18","status":"publish","type":"product","link":"https:\/\/showerglasshardware.com\/de-de\/product\/frameless-sliding-shower-door-bottom-seal-yppvc18\/","title":{"rendered":"Rahmenlose Schiebet\u00fcr f\u00fcr Duschen, untere Dichtung YPPVC18"},"content":{"rendered":"<p data-start=\"452\" data-end=\"641\">Die untere Dichtung der rahmenlosen Duschschiebet\u00fcr YPPVC18 ist ein unverzichtbarer Bestandteil jeder rahmenlosen Duschkabine. Sie verhindert das Austreten von Wasser und h\u00e4lt den Badezimmerboden trocken.<\/p>\n<p data-start=\"643\" data-end=\"924\">Diese hochwertige Bodendichtung passt auf 5\/16\u2033 (8mm), 3\/8\u2033 (10mm) und 1\/2\u2033 (12mm) dicke Glast\u00fcren und ist somit vielseitig f\u00fcr verschiedene Duschdesigns einsetzbar. Die integrierte Tropfleiste leitet das Wasser zur\u00fcck in die Duschkabine, minimiert die Leckage und sorgt f\u00fcr ein sauberes, trockenes Badezimmer.<\/p>\n<p data-start=\"926\" data-end=\"1044\">Diese einfach zu installierende Bodendichtung kann auf die Unterseite der T\u00fcr geschoben oder aufgeschnappt werden, ohne dass Klebstoffe erforderlich sind.<\/p>\n<p data-start=\"1046\" data-end=\"1065\"><strong data-start=\"1046\" data-end=\"1063\">Hauptmerkmale:<\/strong><\/p>\n<ul data-start=\"1066\" data-end=\"1430\">\n<li data-start=\"1066\" data-end=\"1138\">\n<p data-start=\"1068\" data-end=\"1138\"><strong data-start=\"1068\" data-end=\"1079\">Entwurf:<\/strong> Bodenabdichtung f\u00fcr rahmenlose Duschschiebet\u00fcren mit Tropfleiste<\/p>\n<\/li>\n<li data-start=\"1139\" data-end=\"1204\">\n<p data-start=\"1141\" data-end=\"1204\"><strong data-start=\"1141\" data-end=\"1165\">Glaskompatibilit\u00e4t:<\/strong> Geeignet f\u00fcr 8 mm, 10 mm und 12 mm dickes Glas<\/p>\n<\/li>\n<li data-start=\"1205\" data-end=\"1287\">\n<p data-start=\"1207\" data-end=\"1287\"><strong data-start=\"1207\" data-end=\"1220\">Funktion:<\/strong> Die Tropfleiste leitet das Wasser zur\u00fcck in die Dusche und verhindert so Leckagen<\/p>\n<\/li>\n<li data-start=\"1288\" data-end=\"1371\">\n<p data-start=\"1290\" data-end=\"1371\"><strong data-start=\"1290\" data-end=\"1312\">Einfache Installation:<\/strong> Kein Klebstoff erforderlich - einfaches Aufschieben oder Einrasten<\/p>\n<\/li>\n<li data-start=\"1372\" data-end=\"1430\">\n<p data-start=\"1374\" data-end=\"1430\"><strong data-start=\"1374\" data-end=\"1391\">Anwendungen:<\/strong> Rahmenlose Glasschiebet\u00fcren f\u00fcr Duschen<\/p>\n<\/li>\n<\/ul>\n<p data-start=\"1432\" data-end=\"1453\"><strong data-start=\"1432\" data-end=\"1451\">Spezifikationen:<\/strong><\/p>\n<ul data-start=\"1454\" data-end=\"1730\">\n<li data-start=\"1454\" data-end=\"1476\">\n<p data-start=\"1456\" data-end=\"1476\"><strong data-start=\"1456\" data-end=\"1466\">Modell:<\/strong> YPPVC18<\/p>\n<\/li>\n<li data-start=\"1477\" data-end=\"1498\">\n<p data-start=\"1479\" data-end=\"1498\"><strong data-start=\"1479\" data-end=\"1492\">Material:<\/strong> aus PVC<\/p>\n<\/li>\n<li data-start=\"1499\" data-end=\"1554\">\n<p data-start=\"1501\" data-end=\"1554\"><strong data-start=\"1501\" data-end=\"1510\">Typ:<\/strong> Untere Dichtung f\u00fcr rahmenlose Duschschiebet\u00fcren<\/p>\n<\/li>\n<li data-start=\"1555\" data-end=\"1622\">\n<p data-start=\"1557\" data-end=\"1622\"><strong data-start=\"1557\" data-end=\"1582\">Passt zur Glasdicke:<\/strong> 5\/16\u2033 (8mm), 3\/8\u2033 (10mm), 1\/2\u2033 (12mm)<\/p>\n<\/li>\n<li data-start=\"1623\" data-end=\"1681\">\n<p data-start=\"1625\" data-end=\"1681\"><strong data-start=\"1625\" data-end=\"1638\">Funktion:<\/strong> Wasserumleitung und Leckagepr\u00e4vention<\/p>\n<\/li>\n<li data-start=\"1682\" data-end=\"1730\">\n<p data-start=\"1684\" data-end=\"1730\"><strong data-start=\"1684\" data-end=\"1701\">Einbau:<\/strong> Aufschiebbare oder einrastbare Konstruktion<\/p>\n<\/li>\n<\/ul>","protected":false},"excerpt":{"rendered":"<ul>\n<li>Rahmenlose Duschschiebet\u00fcr Dichtung unten<\/li>\n<li>Passend f\u00fcr 8 mm (5\/16 Zoll), 10 mm (3\/8 Zoll) und 12 mm (1\/2 Zoll) dicke Glast\u00fcren.<\/li>\n<li data-mce-fragment=\"1\">Die Tropfleiste leitet das Wasser in die Duschkabine um.<\/li>\n<\/ul>","protected":false},"featured_media":4308,"comment_status":"open","ping_status":"closed","template":"","meta":{"_acf_changed":false},"product_brand":[],"product_cat":[114,152,168],"product_tag":[],"class_list":{"0":"post-4307","1":"product","2":"type-product","3":"status-publish","4":"has-post-thumbnail","6":"product_cat-shower-door-seals","7":"product_cat-drip-rail-seal","8":"product_cat-shower-door-bottom-seal","9":"pa_finish-black-2","10":"pa_finish-clear","11":"pa_finish-customized-colors","12":"pa_glass-thickness-1-2-inch-12mm","13":"pa_glass-thickness-3-8-inch-10mm","14":"pa_glass-thickness-5-16-inch-8mm","15":"pa_material-vinyl","17":"first","18":"instock","19":"taxable","20":"shipping-taxable","21":"product-type-simple"},"acf":[],"_links":{"self":[{"href":"https:\/\/showerglasshardware.com\/de-de\/wp-json\/wp\/v2\/product\/4307","targetHints":{"allow":["GET"]}}],"collection":[{"href":"https:\/\/showerglasshardware.com\/de-de\/wp-json\/wp\/v2\/product"}],"about":[{"href":"https:\/\/showerglasshardware.com\/de-de\/wp-json\/wp\/v2\/types\/product"}],"replies":[{"embeddable":true,"href":"https:\/\/showerglasshardware.com\/de-de\/wp-json\/wp\/v2\/comments?post=4307"}],"version-history":[{"count":3,"href":"https:\/\/showerglasshardware.com\/de-de\/wp-json\/wp\/v2\/product\/4307\/revisions"}],"predecessor-version":[{"id":4646,"href":"https:\/\/showerglasshardware.com\/de-de\/wp-json\/wp\/v2\/product\/4307\/revisions\/4646"}],"wp:featuredmedia":[{"embeddable":true,"href":"https:\/\/showerglasshardware.com\/de-de\/wp-json\/wp\/v2\/media\/4308"}],"wp:attachment":[{"href":"https:\/\/showerglasshardware.com\/de-de\/wp-json\/wp\/v2\/media?parent=4307"}],"wp:term":[{"taxonomy":"product_brand","embeddable":true,"href":"https:\/\/showerglasshardware.com\/de-de\/wp-json\/wp\/v2\/product_brand?post=4307"},{"taxonomy":"product_cat","embeddable":true,"href":"https:\/\/showerglasshardware.com\/de-de\/wp-json\/wp\/v2\/product_cat?post=4307"},{"taxonomy":"product_tag","embeddable":true,"href":"https:\/\/showerglasshardware.com\/de-de\/wp-json\/wp\/v2\/product_tag?post=4307"}],"curies":[{"name":"wp","href":"https:\/\/api.w.org\/{rel}","templated":true}]}}