{"id":4362,"date":"2025-02-20T06:34:49","date_gmt":"2025-02-20T06:34:49","guid":{"rendered":"https:\/\/showerglasshardware.com\/?post_type=product&#038;p=4362"},"modified":"2025-08-11T03:59:27","modified_gmt":"2025-08-11T03:59:27","slug":"shower-door-one-piece-bottom-rail-with-clear-wipe-yp301","status":"publish","type":"product","link":"https:\/\/showerglasshardware.com\/de-de\/product\/shower-door-one-piece-bottom-rail-with-clear-wipe-yp301\/","title":{"rendered":"Einteilige untere Schiene f\u00fcr Duscht\u00fcren mit klarem Wischwasser YP301"},"content":{"rendered":"<p data-start=\"439\" data-end=\"819\">Der <strong data-start=\"475\" data-end=\"534\">YP301 Duscht\u00fcr Einteilige untere Schiene mit klarem Wischwasser<\/strong> wurde entwickelt, um eine zuverl\u00e4ssige und diskrete Wasserdichtung f\u00fcr rahmenlose Glasduscht\u00fcren zu gew\u00e4hrleisten. Dieser einteilige Bodenwischer aus hochwertigem, haltbarem Material rastet sicher an der Unterkante der Glast\u00fcr ein und bildet eine wasserdichte Abdichtung, die Lecks und Spritzer minimiert.<\/p>\n<p data-start=\"821\" data-end=\"1084\">Die klare, wischbare Kante ist flexibel und dennoch robust und gew\u00e4hrleistet eine lange Lebensdauer, ohne das elegante Aussehen Ihrer Duschkabine zu beeintr\u00e4chtigen. Diese Bodenschiene ist ideal f\u00fcr private und gewerbliche Badinstallationen und l\u00e4sst sich leicht installieren und warten.<\/p>\n<p data-start=\"1086\" data-end=\"1105\"><strong data-start=\"1086\" data-end=\"1103\">Hauptmerkmale:<\/strong><\/p>\n<ul data-start=\"1106\" data-end=\"1528\">\n<li data-start=\"1106\" data-end=\"1186\">\n<p data-start=\"1108\" data-end=\"1186\"><strong data-start=\"1108\" data-end=\"1128\">Einteiliges Design<\/strong> - Stromlinienf\u00f6rmige und langlebige Konstruktion f\u00fcr ein sauberes Aussehen<\/p>\n<\/li>\n<li data-start=\"1187\" data-end=\"1262\">\n<p data-start=\"1189\" data-end=\"1262\"><strong data-start=\"1189\" data-end=\"1208\">Klares Wischsiegel<\/strong> - Flexibles, durchsichtiges Vinyl f\u00fcr effektive Wasserabweisung<\/p>\n<\/li>\n<li data-start=\"1263\" data-end=\"1343\">\n<p data-start=\"1265\" data-end=\"1343\"><strong data-start=\"1265\" data-end=\"1286\">Einfache Installation<\/strong> - L\u00e4sst sich ohne Klebstoff auf dem Boden des Glases befestigen<\/p>\n<\/li>\n<li data-start=\"1344\" data-end=\"1414\">\n<p data-start=\"1346\" data-end=\"1414\"><strong data-start=\"1346\" data-end=\"1370\">Empfohlene Spaltma\u00dfe:<\/strong> 5\/16\u2033 (8mm), 3\/8\u2033 (10mm), und 1\/2\u2033 (12mm)<\/p>\n<\/li>\n<li data-start=\"1415\" data-end=\"1464\">\n<p data-start=\"1417\" data-end=\"1464\"><strong data-start=\"1417\" data-end=\"1433\">Anwendung:<\/strong> Rahmenlose Duscht\u00fcren aus Glas<\/p>\n<\/li>\n<li data-start=\"1465\" data-end=\"1528\">\n<p data-start=\"1467\" data-end=\"1528\"><strong data-start=\"1467\" data-end=\"1486\">Geringer Wartungsaufwand<\/strong> - Einfach zu reinigen und bei Bedarf zu ersetzen<\/p>\n<\/li>\n<\/ul>\n<p data-start=\"1530\" data-end=\"1551\"><strong data-start=\"1530\" data-end=\"1549\">Spezifikationen:<\/strong><\/p>\n<ul data-start=\"1552\" data-end=\"1836\">\n<li data-start=\"1552\" data-end=\"1572\">\n<p data-start=\"1554\" data-end=\"1572\"><strong data-start=\"1554\" data-end=\"1564\">Modell:<\/strong> YP301<\/p>\n<\/li>\n<li data-start=\"1573\" data-end=\"1624\">\n<p data-start=\"1575\" data-end=\"1624\"><strong data-start=\"1575\" data-end=\"1584\">Typ:<\/strong> Einteilige Bodenschiene mit klarem Wischwasser<\/p>\n<\/li>\n<li data-start=\"1625\" data-end=\"1685\">\n<p data-start=\"1627\" data-end=\"1685\"><strong data-start=\"1627\" data-end=\"1640\">Material:<\/strong> Hochwertiges PVC\/Vinyl (Dichtung) + fester Untergrund<\/p>\n<\/li>\n<li data-start=\"1686\" data-end=\"1736\">\n<p data-start=\"1688\" data-end=\"1736\"><strong data-start=\"1688\" data-end=\"1705\">Einbau:<\/strong> Einrastbar am Glast\u00fcrboden<\/p>\n<\/li>\n<li data-start=\"1737\" data-end=\"1782\">\n<p data-start=\"1739\" data-end=\"1782\"><strong data-start=\"1739\" data-end=\"1764\">Passt zur Glasdicke:<\/strong> 8mm, 10mm, 12mm<\/p>\n<\/li>\n<li data-start=\"1783\" data-end=\"1836\">\n<p data-start=\"1785\" data-end=\"1836\"><strong data-start=\"1785\" data-end=\"1798\">Funktion:<\/strong> Verhinderung von Wasseraustritt und Spritzern<\/p>\n<\/li>\n<\/ul>","protected":false},"excerpt":{"rendered":"<ul>\n<li>Einteilige untere Schiene f\u00fcr Duscht\u00fcren mit klarem Wischwasser;<\/li>\n<li>Einteiliger Bottom Sweep;<\/li>\n<li>Schnappt an der Unterseite der T\u00fcr ein, um eine Abdichtung zu erreichen;<\/li>\n<li>Empfohlener Spalt: 5\/16\u2033 (8mm), 3\/8\u2033 (10mm) und 1\/2\u2033 (12mm);<\/li>\n<\/ul>","protected":false},"featured_media":4363,"comment_status":"open","ping_status":"closed","template":"","meta":{"_acf_changed":false},"product_brand":[],"product_cat":[152,114,168,155],"product_tag":[],"class_list":{"0":"post-4362","1":"product","2":"type-product","3":"status-publish","4":"has-post-thumbnail","6":"product_cat-drip-rail-seal","7":"product_cat-shower-door-seals","8":"product_cat-shower-door-bottom-seal","9":"product_cat-one-piece-bottom-rail-seal","10":"pa_finish-clear","11":"pa_finish-customized-colors","12":"pa_glass-thickness-1-2-inch-12mm","13":"pa_glass-thickness-3-8-inch-10mm","14":"pa_glass-thickness-5-16-inch-8mm","15":"pa_material-vinyl","17":"first","18":"instock","19":"taxable","20":"shipping-taxable","21":"product-type-simple"},"acf":[],"_links":{"self":[{"href":"https:\/\/showerglasshardware.com\/de-de\/wp-json\/wp\/v2\/product\/4362","targetHints":{"allow":["GET"]}}],"collection":[{"href":"https:\/\/showerglasshardware.com\/de-de\/wp-json\/wp\/v2\/product"}],"about":[{"href":"https:\/\/showerglasshardware.com\/de-de\/wp-json\/wp\/v2\/types\/product"}],"replies":[{"embeddable":true,"href":"https:\/\/showerglasshardware.com\/de-de\/wp-json\/wp\/v2\/comments?post=4362"}],"version-history":[{"count":3,"href":"https:\/\/showerglasshardware.com\/de-de\/wp-json\/wp\/v2\/product\/4362\/revisions"}],"predecessor-version":[{"id":4569,"href":"https:\/\/showerglasshardware.com\/de-de\/wp-json\/wp\/v2\/product\/4362\/revisions\/4569"}],"wp:featuredmedia":[{"embeddable":true,"href":"https:\/\/showerglasshardware.com\/de-de\/wp-json\/wp\/v2\/media\/4363"}],"wp:attachment":[{"href":"https:\/\/showerglasshardware.com\/de-de\/wp-json\/wp\/v2\/media?parent=4362"}],"wp:term":[{"taxonomy":"product_brand","embeddable":true,"href":"https:\/\/showerglasshardware.com\/de-de\/wp-json\/wp\/v2\/product_brand?post=4362"},{"taxonomy":"product_cat","embeddable":true,"href":"https:\/\/showerglasshardware.com\/de-de\/wp-json\/wp\/v2\/product_cat?post=4362"},{"taxonomy":"product_tag","embeddable":true,"href":"https:\/\/showerglasshardware.com\/de-de\/wp-json\/wp\/v2\/product_tag?post=4362"}],"curies":[{"name":"wp","href":"https:\/\/api.w.org\/{rel}","templated":true}]}}