{"id":4380,"date":"2025-03-27T01:27:05","date_gmt":"2025-03-27T01:27:05","guid":{"rendered":"https:\/\/showerglasshardware.com\/?post_type=product&#038;p=4380"},"modified":"2026-03-30T06:58:28","modified_gmt":"2026-03-30T06:58:28","slug":"brass-wall-mount-glass-shower-door-hinge-with-cover-sgh-7002a","status":"publish","type":"product","link":"https:\/\/showerglasshardware.com\/de-de\/product\/brass-wall-mount-glass-shower-door-hinge-with-cover-sgh-7002a\/","title":{"rendered":"Messing Wandmontage Glas Dusche T\u00fcrscharnier mit Deckel SGH-7002A"},"content":{"rendered":"<p data-start=\"466\" data-end=\"784\">Der <strong data-start=\"508\" data-end=\"573\">SGH-7002A Messing Wandmontage Glast\u00fcrscharnier mit Abdeckung<\/strong> bietet ein perfektes Gleichgewicht aus St\u00e4rke, Stil und Haltbarkeit. Gefertigt aus <strong data-start=\"648\" data-end=\"663\">massives Messing<\/strong>Dieses Scharnier ist f\u00fcr rahmenlose Duscht\u00fcren aus Glas entwickelt worden und bietet zuverl\u00e4ssige Leistung und ein elegantes Aussehen.<\/p>\n<p data-start=\"786\" data-end=\"1051\">Mit einem <strong data-start=\"793\" data-end=\"831\">Tragf\u00e4higkeit von 35 kg (zwei Scharniere)<\/strong>Sie sorgt f\u00fcr einen sicheren Halt der T\u00fcr und gew\u00e4hrleistet gleichzeitig einen reibungslosen und stabilen Betrieb. Die integrierte Abdeckung verbirgt die Schrauben f\u00fcr ein sauberes, modernes Aussehen und ist somit ideal f\u00fcr private und gewerbliche Badinstallationen.<\/p>\n<p data-start=\"1053\" data-end=\"1072\"><strong data-start=\"1053\" data-end=\"1070\">Hauptmerkmale:<\/strong><\/p>\n<ul data-start=\"1073\" data-end=\"1600\">\n<li data-start=\"1073\" data-end=\"1149\">\n<p data-start=\"1075\" data-end=\"1149\"><strong data-start=\"1075\" data-end=\"1088\">Material:<\/strong> Massives Messing f\u00fcr h\u00f6chste Festigkeit und Korrosionsbest\u00e4ndigkeit<\/p>\n<\/li>\n<li data-start=\"1150\" data-end=\"1228\">\n<p data-start=\"1152\" data-end=\"1228\"><strong data-start=\"1152\" data-end=\"1163\">Entwurf:<\/strong> Scharnier zur Wandmontage mit verdeckter Schraubenabdeckung f\u00fcr ein elegantes Finish<\/p>\n<\/li>\n<li data-start=\"1229\" data-end=\"1269\">\n<p data-start=\"1231\" data-end=\"1269\"><strong data-start=\"1231\" data-end=\"1249\">Tragf\u00e4higkeit:<\/strong> 35kg (zwei Scharniere)<\/p>\n<\/li>\n<li data-start=\"1270\" data-end=\"1330\">\n<p data-start=\"1272\" data-end=\"1330\"><strong data-start=\"1272\" data-end=\"1306\">Kompatibilit\u00e4t der Glasst\u00e4rke:<\/strong> 8-12mm<\/p>\n<\/li>\n<li data-start=\"1331\" data-end=\"1405\">\n<p data-start=\"1333\" data-end=\"1405\"><strong data-start=\"1333\" data-end=\"1354\">Reibungsloser Betrieb:<\/strong> Pr\u00e4zisionsmechanik f\u00fcr ruhige, stabile Bewegung<\/p>\n<\/li>\n<li data-start=\"1406\" data-end=\"1512\">\n<p data-start=\"1408\" data-end=\"1512\"><strong data-start=\"1408\" data-end=\"1431\">Vielseitige Ausf\u00fchrungen:<\/strong> Chrom, Nickel satiniert, Schwarz matt, Gold - passt zu einer Vielzahl von Badstilen<\/p>\n<\/li>\n<li data-start=\"1513\" data-end=\"1600\">\n<p data-start=\"1515\" data-end=\"1600\"><strong data-start=\"1515\" data-end=\"1531\">Anwendung:<\/strong> Rahmenlose Duscht\u00fcren aus Glas f\u00fcr den privaten und gewerblichen Bereich<\/p>\n<\/li>\n<\/ul>\n<p data-start=\"1602\" data-end=\"1623\"><strong data-start=\"1602\" data-end=\"1621\">Spezifikationen:<\/strong><\/p>\n<ul data-start=\"1624\" data-end=\"1870\">\n<li data-start=\"1624\" data-end=\"1648\">\n<p data-start=\"1626\" data-end=\"1648\"><strong data-start=\"1626\" data-end=\"1636\">Modell:<\/strong> SGH-7002A<\/p>\n<\/li>\n<li data-start=\"1649\" data-end=\"1672\">\n<p data-start=\"1651\" data-end=\"1672\"><strong data-start=\"1651\" data-end=\"1664\">Material:<\/strong> Messing<\/p>\n<\/li>\n<li data-start=\"1673\" data-end=\"1714\">\n<p data-start=\"1675\" data-end=\"1714\"><strong data-start=\"1675\" data-end=\"1692\">Einbau:<\/strong> Wandmontage an Glas<\/p>\n<\/li>\n<li data-start=\"1715\" data-end=\"1758\">\n<p data-start=\"1717\" data-end=\"1758\"><strong data-start=\"1717\" data-end=\"1738\">Ladekapazit\u00e4t:<\/strong> 35kg (zwei Scharniere)<\/p>\n<\/li>\n<li data-start=\"1759\" data-end=\"1826\">\n<p data-start=\"1761\" data-end=\"1826\"><strong data-start=\"1761\" data-end=\"1784\">Verf\u00fcgbare Ausf\u00fchrungen:<\/strong> Chrom, Nickel satiniert, Schwarz matt, Gold<\/p>\n<\/li>\n<li data-start=\"1827\" data-end=\"1870\">\n<p data-start=\"1829\" data-end=\"1870\"><strong data-start=\"1829\" data-end=\"1839\">Verwendung:<\/strong> Rahmenlose Duscht\u00fcren aus Glas<\/p>\n<\/li>\n<\/ul>","protected":false},"excerpt":{"rendered":"<p>Messing Wandmontage Glas Dusche T\u00fcrscharnier mit Deckel<\/p>\n<ul>\n<li>Messing<\/li>\n<li>Wandmontage Glasscharniere<\/li>\n<li>Belastung: 35kgs (zwei Scharniere)<\/li>\n<li>Ausf\u00fchrungen: Chrom\/ Nickel satiniert\/ Schwarz matt\/ Gold<\/li>\n<\/ul>","protected":false},"featured_media":4381,"comment_status":"open","ping_status":"closed","template":"","meta":{"_acf_changed":false},"product_brand":[],"product_cat":[20,21],"product_tag":[],"class_list":{"0":"post-4380","1":"product","2":"type-product","3":"status-publish","4":"has-post-thumbnail","6":"product_cat-shower-door-hinges","7":"product_cat-glass-to-wall-hinges","8":"pa_finish-brushed-nickel","9":"pa_finish-chrome","10":"pa_finish-gold","11":"pa_finish-black","12":"pa_glass-thickness-1-4-inch-6mm","13":"pa_glass-thickness-3-8-inch-10mm","14":"pa_glass-thickness-5-16-inch-8mm","15":"pa_load-bearing-35kg-2pcs","16":"pa_material-brass","18":"first","19":"instock","20":"product-type-simple"},"acf":[],"_links":{"self":[{"href":"https:\/\/showerglasshardware.com\/de-de\/wp-json\/wp\/v2\/product\/4380","targetHints":{"allow":["GET"]}}],"collection":[{"href":"https:\/\/showerglasshardware.com\/de-de\/wp-json\/wp\/v2\/product"}],"about":[{"href":"https:\/\/showerglasshardware.com\/de-de\/wp-json\/wp\/v2\/types\/product"}],"replies":[{"embeddable":true,"href":"https:\/\/showerglasshardware.com\/de-de\/wp-json\/wp\/v2\/comments?post=4380"}],"version-history":[{"count":4,"href":"https:\/\/showerglasshardware.com\/de-de\/wp-json\/wp\/v2\/product\/4380\/revisions"}],"predecessor-version":[{"id":5280,"href":"https:\/\/showerglasshardware.com\/de-de\/wp-json\/wp\/v2\/product\/4380\/revisions\/5280"}],"wp:featuredmedia":[{"embeddable":true,"href":"https:\/\/showerglasshardware.com\/de-de\/wp-json\/wp\/v2\/media\/4381"}],"wp:attachment":[{"href":"https:\/\/showerglasshardware.com\/de-de\/wp-json\/wp\/v2\/media?parent=4380"}],"wp:term":[{"taxonomy":"product_brand","embeddable":true,"href":"https:\/\/showerglasshardware.com\/de-de\/wp-json\/wp\/v2\/product_brand?post=4380"},{"taxonomy":"product_cat","embeddable":true,"href":"https:\/\/showerglasshardware.com\/de-de\/wp-json\/wp\/v2\/product_cat?post=4380"},{"taxonomy":"product_tag","embeddable":true,"href":"https:\/\/showerglasshardware.com\/de-de\/wp-json\/wp\/v2\/product_tag?post=4380"}],"curies":[{"name":"wp","href":"https:\/\/api.w.org\/{rel}","templated":true}]}}