{"id":4472,"date":"2025-04-23T07:14:02","date_gmt":"2025-04-23T07:14:02","guid":{"rendered":"https:\/\/showerglasshardware.com\/?post_type=product&#038;p=4472"},"modified":"2025-11-21T07:35:18","modified_gmt":"2025-11-21T07:35:18","slug":"90mm-wall-mount-short-back-plate-hinge-sgh-hy23","status":"publish","type":"product","link":"https:\/\/showerglasshardware.com\/de-de\/product\/90mm-wall-mount-short-back-plate-hinge-sgh-hy23\/","title":{"rendered":"90mm Wandmontage kurzes R\u00fcckenplattenscharnier SGH-HY23"},"content":{"rendered":"<p data-start=\"444\" data-end=\"700\">Der <strong data-start=\"448\" data-end=\"505\">SGH-HY23 90mm Messing Wandhalterung Kurzer R\u00fcckenplatte Scharnier<\/strong> ist f\u00fcr den sicheren und stilvollen Einbau von rahmenlosen Duscht\u00fcren aus Glas konzipiert. Gefertigt aus <strong data-start=\"600\" data-end=\"615\">massives Messing<\/strong>Es bietet eine hervorragende Festigkeit, Korrosionsbest\u00e4ndigkeit und dauerhafte Leistung.<\/p>\n<p data-start=\"702\" data-end=\"949\">Mit seinem <strong data-start=\"711\" data-end=\"738\">kurze R\u00fcckwandausf\u00fchrung<\/strong>Dieses Scharnier sorgt f\u00fcr ein sauberes, minimales Erscheinungsbild und bietet gleichzeitig einen starken Halt zwischen Wand und Glas. Es ist mit Glasdicken von 8 mm bis 12 mm kompatibel und somit vielseitig f\u00fcr verschiedene Duschkabinendesigns einsetzbar.<\/p>\n<p data-start=\"951\" data-end=\"1118\">Zwei Scharniere k\u00f6nnen sicher ein maximales T\u00fcrgewicht von <strong data-start=\"1006\" data-end=\"1014\">40 kg<\/strong>Sie sorgen f\u00fcr einen reibungslosen und stabilen Betrieb der T\u00fcren sowohl in privaten als auch in gewerblichen Badezimmern.<\/p>\n<p data-start=\"1120\" data-end=\"1139\"><strong data-start=\"1120\" data-end=\"1137\">Hauptmerkmale:<\/strong><\/p>\n<ul data-start=\"1140\" data-end=\"1565\">\n<li data-start=\"1140\" data-end=\"1197\">\n<p data-start=\"1142\" data-end=\"1197\"><strong data-start=\"1142\" data-end=\"1155\">Material:<\/strong> Massives Messing f\u00fcr St\u00e4rke und Haltbarkeit<\/p>\n<\/li>\n<li data-start=\"1198\" data-end=\"1272\">\n<p data-start=\"1200\" data-end=\"1272\"><strong data-start=\"1200\" data-end=\"1211\">Entwurf:<\/strong> Kurze R\u00fcckplatte zur Wandmontage f\u00fcr ein klares, modernes Aussehen<\/p>\n<\/li>\n<li data-start=\"1273\" data-end=\"1338\">\n<p data-start=\"1275\" data-end=\"1338\"><strong data-start=\"1275\" data-end=\"1299\">Glaskompatibilit\u00e4t:<\/strong> Geeignet f\u00fcr 8 mm, 10 mm und 12 mm dickes Glas<\/p>\n<\/li>\n<li data-start=\"1339\" data-end=\"1381\">\n<p data-start=\"1341\" data-end=\"1381\"><strong data-start=\"1341\" data-end=\"1359\">Tragf\u00e4higkeit:<\/strong> 40kg pro zwei Scharniere<\/p>\n<\/li>\n<li data-start=\"1382\" data-end=\"1461\">\n<p data-start=\"1384\" data-end=\"1461\"><strong data-start=\"1384\" data-end=\"1405\">Reibungsloser Betrieb:<\/strong> Pr\u00e4zisionsmechanik f\u00fcr Stabilit\u00e4t und ruhige Bewegung<\/p>\n<\/li>\n<li data-start=\"1462\" data-end=\"1565\">\n<p data-start=\"1464\" data-end=\"1565\"><strong data-start=\"1464\" data-end=\"1481\">Anwendungen:<\/strong> Geeignet f\u00fcr rahmenlose Glasduscht\u00fcren in Wohnungen, Hotels und Gesch\u00e4ftsr\u00e4umen<\/p>\n<\/li>\n<\/ul>\n<p data-start=\"1567\" data-end=\"1588\"><strong data-start=\"1567\" data-end=\"1586\">Spezifikationen:<\/strong><\/p>\n<ul data-start=\"1589\" data-end=\"1864\">\n<li data-start=\"1589\" data-end=\"1612\">\n<p data-start=\"1591\" data-end=\"1612\"><strong data-start=\"1591\" data-end=\"1601\">Modell:<\/strong> SGH-HY23<\/p>\n<\/li>\n<li data-start=\"1613\" data-end=\"1636\">\n<p data-start=\"1615\" data-end=\"1636\"><strong data-start=\"1615\" data-end=\"1628\">Material:<\/strong> Messing<\/p>\n<\/li>\n<li data-start=\"1637\" data-end=\"1684\">\n<p data-start=\"1639\" data-end=\"1684\"><strong data-start=\"1639\" data-end=\"1648\">Typ:<\/strong> Wandmontage kurzes R\u00fcckwandscharnier<\/p>\n<\/li>\n<li data-start=\"1685\" data-end=\"1703\">\n<p data-start=\"1687\" data-end=\"1703\"><strong data-start=\"1687\" data-end=\"1696\">Gr\u00f6\u00dfe:<\/strong> 90mm<\/p>\n<\/li>\n<li data-start=\"1704\" data-end=\"1771\">\n<p data-start=\"1706\" data-end=\"1771\"><strong data-start=\"1706\" data-end=\"1731\">Passt zur Glasdicke:<\/strong> 5\/16\u2033 (8mm), 3\/8\u2033 (10mm), 1\/2\u2033 (12mm)<\/p>\n<\/li>\n<li data-start=\"1772\" data-end=\"1814\">\n<p data-start=\"1774\" data-end=\"1814\"><strong data-start=\"1774\" data-end=\"1792\">Tragf\u00e4higkeit:<\/strong> 40kg pro zwei Scharniere<\/p>\n<\/li>\n<li data-start=\"1815\" data-end=\"1864\">\n<p data-start=\"1817\" data-end=\"1864\"><strong data-start=\"1817\" data-end=\"1833\">Anwendung:<\/strong> Rahmenlose Duscht\u00fcren aus Glas<\/p>\n<\/li>\n<\/ul>","protected":false},"excerpt":{"rendered":"<ul>\n<li>Messing<\/li>\n<li>Wandbefestigung kurzes R\u00fcckenplattenscharnier<\/li>\n<li>Geeignet f\u00fcr 5\/16\u2033 bis 1\/2\u2033 (8 bis 12 mm) Glas<\/li>\n<li>Maximales T\u00fcrgewicht - 2 Scharniere : 40 St\u00fcck<\/li>\n<\/ul>","protected":false},"featured_media":4474,"comment_status":"open","ping_status":"closed","template":"","meta":{"_acf_changed":false},"product_brand":[],"product_cat":[20,21],"product_tag":[131],"class_list":{"0":"post-4472","1":"product","2":"type-product","3":"status-publish","4":"has-post-thumbnail","6":"product_cat-shower-door-hinges","7":"product_cat-glass-to-wall-hinges","8":"product_tag-wall-mount-hinges","9":"pa_finish-brushed-nickel","10":"pa_finish-chrome","11":"pa_finish-gold","12":"pa_finish-black","13":"pa_glass-thickness-1-2-inch-12mm","14":"pa_glass-thickness-3-8-inch-10mm","15":"pa_glass-thickness-5-16-inch-8mm","16":"pa_load-bearing-40kg","17":"pa_material-brass","19":"first","20":"instock","21":"taxable","22":"shipping-taxable","23":"product-type-simple"},"acf":[],"_links":{"self":[{"href":"https:\/\/showerglasshardware.com\/de-de\/wp-json\/wp\/v2\/product\/4472","targetHints":{"allow":["GET"]}}],"collection":[{"href":"https:\/\/showerglasshardware.com\/de-de\/wp-json\/wp\/v2\/product"}],"about":[{"href":"https:\/\/showerglasshardware.com\/de-de\/wp-json\/wp\/v2\/types\/product"}],"replies":[{"embeddable":true,"href":"https:\/\/showerglasshardware.com\/de-de\/wp-json\/wp\/v2\/comments?post=4472"}],"version-history":[{"count":4,"href":"https:\/\/showerglasshardware.com\/de-de\/wp-json\/wp\/v2\/product\/4472\/revisions"}],"predecessor-version":[{"id":4571,"href":"https:\/\/showerglasshardware.com\/de-de\/wp-json\/wp\/v2\/product\/4472\/revisions\/4571"}],"wp:featuredmedia":[{"embeddable":true,"href":"https:\/\/showerglasshardware.com\/de-de\/wp-json\/wp\/v2\/media\/4474"}],"wp:attachment":[{"href":"https:\/\/showerglasshardware.com\/de-de\/wp-json\/wp\/v2\/media?parent=4472"}],"wp:term":[{"taxonomy":"product_brand","embeddable":true,"href":"https:\/\/showerglasshardware.com\/de-de\/wp-json\/wp\/v2\/product_brand?post=4472"},{"taxonomy":"product_cat","embeddable":true,"href":"https:\/\/showerglasshardware.com\/de-de\/wp-json\/wp\/v2\/product_cat?post=4472"},{"taxonomy":"product_tag","embeddable":true,"href":"https:\/\/showerglasshardware.com\/de-de\/wp-json\/wp\/v2\/product_tag?post=4472"}],"curies":[{"name":"wp","href":"https:\/\/api.w.org\/{rel}","templated":true}]}}