{"id":4480,"date":"2025-04-24T03:07:14","date_gmt":"2025-04-24T03:07:14","guid":{"rendered":"https:\/\/showerglasshardware.com\/?post_type=product&#038;p=4480"},"modified":"2025-11-21T07:33:36","modified_gmt":"2025-11-21T07:33:36","slug":"wave-180-degree-glass-to-glass-shower-door-hinge-h6903","status":"publish","type":"product","link":"https:\/\/showerglasshardware.com\/de-de\/product\/wave-180-degree-glass-to-glass-shower-door-hinge-h6903\/","title":{"rendered":"Wave 180 Grad Glas auf Glas Duscht\u00fcrscharnier H6903"},"content":{"rendered":"<p data-start=\"429\" data-end=\"667\">Das H6903 Wave 180 Grad Glas-Glas-Duscht\u00fcrscharnier kombiniert Stil und Funktionalit\u00e4t f\u00fcr rahmenlose Duschkabinen. Es ist aus massivem Messing gefertigt und bietet ausgezeichnete Festigkeit, Korrosionsbest\u00e4ndigkeit und lange Haltbarkeit.<\/p>\n<p data-start=\"669\" data-end=\"899\">Dieses Scharnier wurde f\u00fcr Glas-an-Glas-Installationen in einem 180\u00b0-Winkel entwickelt und passt zu 1\/4\u2033 (6mm) bis 3\/8\u2033 (10mm) dicken Glasscheiben. Zwei Scharniere k\u00f6nnen ein maximales T\u00fcrgewicht von 35 kg sicher tragen und gew\u00e4hrleisten einen reibungslosen, stabilen Betrieb.<\/p>\n<p data-start=\"901\" data-end=\"1040\">Ihr elegantes wellenf\u00f6rmiges Profil verleiht ihr einen dekorativen Touch und macht sie ideal f\u00fcr hochwertige Wohnb\u00e4der und gewerbliche Duschr\u00e4ume.<\/p>\n<p data-start=\"1042\" data-end=\"1061\"><strong data-start=\"1042\" data-end=\"1059\">Hauptmerkmale:<\/strong><\/p>\n<ul data-start=\"1062\" data-end=\"1412\">\n<li data-start=\"1062\" data-end=\"1129\">\n<p data-start=\"1064\" data-end=\"1129\"><strong data-start=\"1064\" data-end=\"1077\">Material:<\/strong> Massives Messing f\u00fcr St\u00e4rke und Korrosionsbest\u00e4ndigkeit<\/p>\n<\/li>\n<li data-start=\"1130\" data-end=\"1189\">\n<p data-start=\"1132\" data-end=\"1189\"><strong data-start=\"1132\" data-end=\"1143\">Entwurf:<\/strong> 180\u00b0 Glas-Glas-Scharnier mit Wellenprofil<\/p>\n<\/li>\n<li data-start=\"1190\" data-end=\"1261\">\n<p data-start=\"1192\" data-end=\"1261\"><strong data-start=\"1192\" data-end=\"1216\">Glaskompatibilit\u00e4t:<\/strong> Geeignet f\u00fcr 6 mm (1\/4\u2033) bis 10 mm (3\/8\u2033) dickes Glas<\/p>\n<\/li>\n<li data-start=\"1262\" data-end=\"1304\">\n<p data-start=\"1264\" data-end=\"1304\"><strong data-start=\"1264\" data-end=\"1282\">Tragf\u00e4higkeit:<\/strong> 35kg pro zwei Scharniere<\/p>\n<\/li>\n<li data-start=\"1305\" data-end=\"1412\">\n<p data-start=\"1307\" data-end=\"1412\"><strong data-start=\"1307\" data-end=\"1324\">Anwendungen:<\/strong> Geeignet f\u00fcr rahmenlose Glasduscht\u00fcren in Wohnungen, Hotels und gewerblichen Einrichtungen<\/p>\n<\/li>\n<\/ul>\n<p data-start=\"1414\" data-end=\"1435\"><strong data-start=\"1414\" data-end=\"1433\">Spezifikationen:<\/strong><\/p>\n<ul data-start=\"1436\" data-end=\"1690\">\n<li data-start=\"1436\" data-end=\"1456\">\n<p data-start=\"1438\" data-end=\"1456\"><strong data-start=\"1438\" data-end=\"1448\">Modell:<\/strong> H6903<\/p>\n<\/li>\n<li data-start=\"1457\" data-end=\"1513\">\n<p data-start=\"1459\" data-end=\"1513\"><strong data-start=\"1459\" data-end=\"1468\">Typ:<\/strong> Wave 180\u00b0 Glas-Glas-Duscht\u00fcrscharnier<\/p>\n<\/li>\n<li data-start=\"1514\" data-end=\"1537\">\n<p data-start=\"1516\" data-end=\"1537\"><strong data-start=\"1516\" data-end=\"1529\">Material:<\/strong> Messing<\/p>\n<\/li>\n<li data-start=\"1538\" data-end=\"1592\">\n<p data-start=\"1540\" data-end=\"1592\"><strong data-start=\"1540\" data-end=\"1565\">Passt zur Glasdicke:<\/strong> 6mm (1\/4\u2033) - 10mm (3\/8\u2033)<\/p>\n<\/li>\n<li data-start=\"1593\" data-end=\"1635\">\n<p data-start=\"1595\" data-end=\"1635\"><strong data-start=\"1595\" data-end=\"1613\">Tragf\u00e4higkeit:<\/strong> 35kg pro zwei Scharniere<\/p>\n<\/li>\n<li data-start=\"1636\" data-end=\"1690\">\n<p data-start=\"1638\" data-end=\"1690\"><strong data-start=\"1638\" data-end=\"1654\">Anwendung:<\/strong> Rahmenlose Duschabtrennungen aus Glas<\/p>\n<\/li>\n<\/ul>","protected":false},"excerpt":{"rendered":"<ul>\n<li>Material: Messing<\/li>\n<li>180-Grad-Glas-zu-Glas-Duscht\u00fcrscharnier<\/li>\n<li>Dicke der Glast\u00fcr: 1\/4 Zoll - 3\/8 Zoll (6mm-10mm)<\/li>\n<li>Maximales T\u00fcrgewicht - 2 Scharniere : 35 St\u00fcck<\/li>\n<\/ul>","protected":false},"featured_media":4481,"comment_status":"open","ping_status":"closed","template":"","meta":{"_acf_changed":false},"product_brand":[],"product_cat":[20,22],"product_tag":[171],"class_list":{"0":"post-4480","1":"product","2":"type-product","3":"status-publish","4":"has-post-thumbnail","6":"product_cat-shower-door-hinges","7":"product_cat-glass-to-glass-hinges","8":"product_tag-glass-to-glass-hinges","9":"pa_finish-brushed-nickel","10":"pa_finish-chrome","11":"pa_finish-gold","12":"pa_finish-black","13":"pa_glass-thickness-1-4-inch-6mm","14":"pa_glass-thickness-3-8-inch-10mm","15":"pa_glass-thickness-5-16-inch-8mm","16":"pa_load-bearing-35kg-2pcs","17":"pa_material-brass","19":"first","20":"instock","21":"taxable","22":"shipping-taxable","23":"product-type-simple"},"acf":[],"_links":{"self":[{"href":"https:\/\/showerglasshardware.com\/de-de\/wp-json\/wp\/v2\/product\/4480","targetHints":{"allow":["GET"]}}],"collection":[{"href":"https:\/\/showerglasshardware.com\/de-de\/wp-json\/wp\/v2\/product"}],"about":[{"href":"https:\/\/showerglasshardware.com\/de-de\/wp-json\/wp\/v2\/types\/product"}],"replies":[{"embeddable":true,"href":"https:\/\/showerglasshardware.com\/de-de\/wp-json\/wp\/v2\/comments?post=4480"}],"version-history":[{"count":3,"href":"https:\/\/showerglasshardware.com\/de-de\/wp-json\/wp\/v2\/product\/4480\/revisions"}],"predecessor-version":[{"id":5199,"href":"https:\/\/showerglasshardware.com\/de-de\/wp-json\/wp\/v2\/product\/4480\/revisions\/5199"}],"wp:featuredmedia":[{"embeddable":true,"href":"https:\/\/showerglasshardware.com\/de-de\/wp-json\/wp\/v2\/media\/4481"}],"wp:attachment":[{"href":"https:\/\/showerglasshardware.com\/de-de\/wp-json\/wp\/v2\/media?parent=4480"}],"wp:term":[{"taxonomy":"product_brand","embeddable":true,"href":"https:\/\/showerglasshardware.com\/de-de\/wp-json\/wp\/v2\/product_brand?post=4480"},{"taxonomy":"product_cat","embeddable":true,"href":"https:\/\/showerglasshardware.com\/de-de\/wp-json\/wp\/v2\/product_cat?post=4480"},{"taxonomy":"product_tag","embeddable":true,"href":"https:\/\/showerglasshardware.com\/de-de\/wp-json\/wp\/v2\/product_tag?post=4480"}],"curies":[{"name":"wp","href":"https:\/\/api.w.org\/{rel}","templated":true}]}}