{"id":4493,"date":"2025-04-25T09:10:30","date_gmt":"2025-04-25T09:10:30","guid":{"rendered":"https:\/\/showerglasshardware.com\/?post_type=product&#038;p=4493"},"modified":"2025-11-21T07:29:10","modified_gmt":"2025-11-21T07:29:10","slug":"brass-shower-door-hinges-glass-to-wall-h6360vc","status":"publish","type":"product","link":"https:\/\/showerglasshardware.com\/de-de\/product\/brass-shower-door-hinges-glass-to-wall-h6360vc\/","title":{"rendered":"Messing-Duscht\u00fcrscharniere Glas an Wand H6360VC"},"content":{"rendered":"<p data-start=\"442\" data-end=\"714\">Die Messing-Duscht\u00fcrscharniere H6360VC sind f\u00fcr die sichere Montage von rahmenlosen Duscht\u00fcren zwischen Glas und Wand konzipiert. Gefertigt aus massivem Messing, bieten diese Scharniere eine au\u00dfergew\u00f6hnliche Haltbarkeit, Korrosionsbest\u00e4ndigkeit und ein raffiniertes Finish, das zu modernen Baddesigns passt.<\/p>\n<p data-start=\"716\" data-end=\"1010\">Zwei Scharniere, die mit 6 mm bis 10 mm dickem Glas kompatibel sind, k\u00f6nnen bis zu 35 kg tragen und gew\u00e4hrleisten einen reibungslosen und stabilen T\u00fcrbetrieb. Der pr\u00e4zisionsgefertigte Schwenkmechanismus sorgt f\u00fcr ein leises, m\u00fcheloses Schwingen und ist damit ideal f\u00fcr private und gewerbliche Anwendungen.<\/p>\n<p data-start=\"1012\" data-end=\"1031\"><strong data-start=\"1012\" data-end=\"1029\">Hauptmerkmale:<\/strong><\/p>\n<ul data-start=\"1032\" data-end=\"1422\">\n<li data-start=\"1032\" data-end=\"1103\">\n<p data-start=\"1034\" data-end=\"1103\"><strong data-start=\"1034\" data-end=\"1047\">Material:<\/strong> Massives Messing f\u00fcr St\u00e4rke und lang anhaltende Leistung<\/p>\n<\/li>\n<li data-start=\"1104\" data-end=\"1178\">\n<p data-start=\"1106\" data-end=\"1178\"><strong data-start=\"1106\" data-end=\"1117\">Entwurf:<\/strong> Glas-an-Wand-Scharniere f\u00fcr rahmenlose Duscht\u00fcren<\/p>\n<\/li>\n<li data-start=\"1179\" data-end=\"1244\">\n<p data-start=\"1181\" data-end=\"1244\"><strong data-start=\"1181\" data-end=\"1205\">Glaskompatibilit\u00e4t:<\/strong> Geeignet f\u00fcr 6mm (1\/4\u2033) bis 10mm (3\/8\u2033) Glas<\/p>\n<\/li>\n<li data-start=\"1245\" data-end=\"1287\">\n<p data-start=\"1247\" data-end=\"1287\"><strong data-start=\"1247\" data-end=\"1265\">Tragf\u00e4higkeit:<\/strong> 35kg pro zwei Scharniere<\/p>\n<\/li>\n<li data-start=\"1288\" data-end=\"1355\">\n<p data-start=\"1290\" data-end=\"1355\"><strong data-start=\"1290\" data-end=\"1314\">Korrosionsbest\u00e4ndig:<\/strong> Geeignet f\u00fcr feuchte Badezimmerumgebungen<\/p>\n<\/li>\n<li data-start=\"1356\" data-end=\"1422\">\n<p data-start=\"1358\" data-end=\"1422\"><strong data-start=\"1358\" data-end=\"1375\">Anwendungen:<\/strong> Duschabtrennungen f\u00fcr Privathaushalte und Unternehmen<\/p>\n<\/li>\n<\/ul>\n<p data-start=\"1424\" data-end=\"1445\"><strong data-start=\"1424\" data-end=\"1443\">Spezifikationen:<\/strong><\/p>\n<ul data-start=\"1446\" data-end=\"1685\">\n<li data-start=\"1446\" data-end=\"1468\">\n<p data-start=\"1448\" data-end=\"1468\"><strong data-start=\"1448\" data-end=\"1458\">Modell:<\/strong> H6360VC<\/p>\n<\/li>\n<li data-start=\"1469\" data-end=\"1492\">\n<p data-start=\"1471\" data-end=\"1492\"><strong data-start=\"1471\" data-end=\"1484\">Material:<\/strong> Messing<\/p>\n<\/li>\n<li data-start=\"1493\" data-end=\"1537\">\n<p data-start=\"1495\" data-end=\"1537\"><strong data-start=\"1495\" data-end=\"1504\">Typ:<\/strong> Glas-Wand-Scharnier f\u00fcr Wandmontage<\/p>\n<\/li>\n<li data-start=\"1538\" data-end=\"1592\">\n<p data-start=\"1540\" data-end=\"1592\"><strong data-start=\"1540\" data-end=\"1565\">Passt zur Glasdicke:<\/strong> 6mm (1\/4\u2033) - 10mm (3\/8\u2033)<\/p>\n<\/li>\n<li data-start=\"1593\" data-end=\"1635\">\n<p data-start=\"1595\" data-end=\"1635\"><strong data-start=\"1595\" data-end=\"1613\">Tragf\u00e4higkeit:<\/strong> 35kg pro zwei Scharniere<\/p>\n<\/li>\n<li data-start=\"1636\" data-end=\"1685\">\n<p data-start=\"1638\" data-end=\"1685\"><strong data-start=\"1638\" data-end=\"1654\">Anwendung:<\/strong> Rahmenlose Duscht\u00fcren aus Glas<\/p>\n<\/li>\n<\/ul>","protected":false},"excerpt":{"rendered":"<ul>\n<li>Duscht\u00fcrscharniere Glas an Wand<\/li>\n<li>Scharniere f\u00fcr Wandmontage<\/li>\n<li>Messing<\/li>\n<li>Glasdicke: 6(1\/4\u2033)-10(3\/8\u2033)mm<\/li>\n<li>Tragf\u00e4higkeit: 2 Scharniere f\u00fcr eine maximale Belastung von 35 kg<\/li>\n<\/ul>","protected":false},"featured_media":4495,"comment_status":"open","ping_status":"closed","template":"","meta":{"_acf_changed":false},"product_brand":[],"product_cat":[20,21],"product_tag":[131],"class_list":{"0":"post-4493","1":"product","2":"type-product","3":"status-publish","4":"has-post-thumbnail","6":"product_cat-shower-door-hinges","7":"product_cat-glass-to-wall-hinges","8":"product_tag-wall-mount-hinges","9":"pa_finish-brushed-nickel","10":"pa_finish-chrome","11":"pa_finish-gold","12":"pa_finish-black","13":"pa_glass-thickness-1-4-inch-6mm","14":"pa_glass-thickness-3-8-inch-10mm","15":"pa_glass-thickness-5-16-inch-8mm","16":"pa_load-bearing-25kg-2pcs","17":"pa_material-brass","19":"first","20":"instock","21":"product-type-simple"},"acf":[],"_links":{"self":[{"href":"https:\/\/showerglasshardware.com\/de-de\/wp-json\/wp\/v2\/product\/4493","targetHints":{"allow":["GET"]}}],"collection":[{"href":"https:\/\/showerglasshardware.com\/de-de\/wp-json\/wp\/v2\/product"}],"about":[{"href":"https:\/\/showerglasshardware.com\/de-de\/wp-json\/wp\/v2\/types\/product"}],"replies":[{"embeddable":true,"href":"https:\/\/showerglasshardware.com\/de-de\/wp-json\/wp\/v2\/comments?post=4493"}],"version-history":[{"count":3,"href":"https:\/\/showerglasshardware.com\/de-de\/wp-json\/wp\/v2\/product\/4493\/revisions"}],"predecessor-version":[{"id":4579,"href":"https:\/\/showerglasshardware.com\/de-de\/wp-json\/wp\/v2\/product\/4493\/revisions\/4579"}],"wp:featuredmedia":[{"embeddable":true,"href":"https:\/\/showerglasshardware.com\/de-de\/wp-json\/wp\/v2\/media\/4495"}],"wp:attachment":[{"href":"https:\/\/showerglasshardware.com\/de-de\/wp-json\/wp\/v2\/media?parent=4493"}],"wp:term":[{"taxonomy":"product_brand","embeddable":true,"href":"https:\/\/showerglasshardware.com\/de-de\/wp-json\/wp\/v2\/product_brand?post=4493"},{"taxonomy":"product_cat","embeddable":true,"href":"https:\/\/showerglasshardware.com\/de-de\/wp-json\/wp\/v2\/product_cat?post=4493"},{"taxonomy":"product_tag","embeddable":true,"href":"https:\/\/showerglasshardware.com\/de-de\/wp-json\/wp\/v2\/product_tag?post=4493"}],"curies":[{"name":"wp","href":"https:\/\/api.w.org\/{rel}","templated":true}]}}