{"id":451,"date":"2024-03-28T06:41:00","date_gmt":"2024-03-28T06:41:00","guid":{"rendered":"https:\/\/showerglasshardware.com\/?post_type=product&#038;p=451"},"modified":"2025-11-21T03:39:01","modified_gmt":"2025-11-21T03:39:01","slug":"135-degree-glass-to-glass-spring-hinges-sgh-1603","status":"publish","type":"product","link":"https:\/\/showerglasshardware.com\/de-de\/product\/135-degree-glass-to-glass-spring-hinges-sgh-1603\/","title":{"rendered":"135-Grad-Glas-Glas-T\u00fcr-Federscharniere SD1603"},"content":{"rendered":"<p data-start=\"555\" data-end=\"722\">Das 135\u00b0 Glas-Glas-Federscharnier SD1603 aus Messing wurde f\u00fcr rahmenlose Duschkabinen entwickelt, die eine reibungslose, zuverl\u00e4ssige Leistung und ein elegantes Aussehen erfordern.<\/p>\n<p data-start=\"724\" data-end=\"996\">Dieses aus massivem Messing gefertigte Scharnier bietet eine au\u00dfergew\u00f6hnliche Haltbarkeit und Korrosionsbest\u00e4ndigkeit und ist ideal f\u00fcr feuchte und nasse Badezimmer geeignet. Die 135\u00b0-Glas-zu-Glas-Konfiguration erm\u00f6glicht den Einbau von Winkelt\u00fcren - perfekt f\u00fcr Neo-Winkel- oder Eck-Duschkabinen.<\/p>\n<p data-start=\"998\" data-end=\"1308\">Es verf\u00fcgt \u00fcber einen selbstschlie\u00dfenden Mechanismus, der die T\u00fcr automatisch in eine geschlossene Position von ca. 30\u00b0 bringt, was den Komfort und die Wasserdichtigkeit erh\u00f6ht. Dieses Scharnier ist f\u00fcr 6-12 mm dickes Glas geeignet und tr\u00e4gt ein maximales T\u00fcrgewicht von 35 kg pro zwei Scharniere, was sowohl Sicherheit als auch Stabilit\u00e4t gew\u00e4hrleistet.<\/p>\n<p data-start=\"1310\" data-end=\"1329\"><strong data-start=\"1310\" data-end=\"1327\">Hauptmerkmale:<\/strong><\/p>\n<ul data-start=\"1330\" data-end=\"1785\">\n<li data-start=\"1330\" data-end=\"1388\">\n<p data-start=\"1332\" data-end=\"1388\"><strong data-start=\"1332\" data-end=\"1341\">Typ:<\/strong> 135\u00b0 Glas-zu-Glas-Duscht\u00fcr-Federscharnier<\/p>\n<\/li>\n<li data-start=\"1389\" data-end=\"1456\">\n<p data-start=\"1391\" data-end=\"1456\"><strong data-start=\"1391\" data-end=\"1404\">Material:<\/strong> Massives Messing f\u00fcr St\u00e4rke und Korrosionsbest\u00e4ndigkeit<\/p>\n<\/li>\n<li data-start=\"1457\" data-end=\"1518\">\n<p data-start=\"1459\" data-end=\"1518\"><strong data-start=\"1459\" data-end=\"1483\">Glaskompatibilit\u00e4t:<\/strong> Geeignet f\u00fcr 6-12 mm dickes geh\u00e4rtetes Glas<\/p>\n<\/li>\n<li data-start=\"1519\" data-end=\"1574\">\n<p data-start=\"1521\" data-end=\"1574\"><strong data-start=\"1521\" data-end=\"1538\">Selbstschlie\u00dfend:<\/strong> Schlie\u00dft sich automatisch bei etwa 30\u00b0<\/p>\n<\/li>\n<li data-start=\"1575\" data-end=\"1632\">\n<p data-start=\"1577\" data-end=\"1632\"><strong data-start=\"1577\" data-end=\"1595\">Tragf\u00e4higkeit:<\/strong> Unterst\u00fctzt bis zu 35 kg pro zwei Scharniere<\/p>\n<\/li>\n<li data-start=\"1633\" data-end=\"1704\">\n<p data-start=\"1635\" data-end=\"1704\"><strong data-start=\"1635\" data-end=\"1646\">Entwurf:<\/strong> Rahmenloser Stil mit sanftem Schwung und pr\u00e4ziser Ausrichtung<\/p>\n<\/li>\n<li data-start=\"1705\" data-end=\"1785\">\n<p data-start=\"1707\" data-end=\"1785\"><strong data-start=\"1707\" data-end=\"1724\">Anwendungen:<\/strong> Ideal f\u00fcr rahmenlose Neo-Winkel- und Eck-Duschkabinen<\/p>\n<\/li>\n<\/ul>\n<p data-start=\"1787\" data-end=\"1808\"><strong data-start=\"1787\" data-end=\"1806\">Spezifikationen:<\/strong><\/p>\n<ul data-start=\"1809\" data-end=\"2126\">\n<li data-start=\"1809\" data-end=\"1830\">\n<p data-start=\"1811\" data-end=\"1830\"><strong data-start=\"1811\" data-end=\"1821\">Modell:<\/strong> SD1603<\/p>\n<\/li>\n<li data-start=\"1831\" data-end=\"1877\">\n<p data-start=\"1833\" data-end=\"1877\"><strong data-start=\"1833\" data-end=\"1842\">Typ:<\/strong> Glas-Glas 135\u00b0 Federscharnier<\/p>\n<\/li>\n<li data-start=\"1878\" data-end=\"1901\">\n<p data-start=\"1880\" data-end=\"1901\"><strong data-start=\"1880\" data-end=\"1893\">Material:<\/strong> Messing<\/p>\n<\/li>\n<li data-start=\"1902\" data-end=\"1933\">\n<p data-start=\"1904\" data-end=\"1933\"><strong data-start=\"1904\" data-end=\"1924\">Dicke des Glases:<\/strong> 6-12mm<\/p>\n<\/li>\n<li data-start=\"1934\" data-end=\"1974\">\n<p data-start=\"1936\" data-end=\"1974\"><strong data-start=\"1936\" data-end=\"1956\">Max. T\u00fcrgewicht:<\/strong> 35kg \/ 2 Scharniere<\/p>\n<\/li>\n<li data-start=\"1975\" data-end=\"2006\">\n<p data-start=\"1977\" data-end=\"2006\"><strong data-start=\"1977\" data-end=\"1994\">Selbstschlie\u00dfend:<\/strong> Etwa 30\u00b0<\/p>\n<\/li>\n<li data-start=\"2007\" data-end=\"2031\">\n<p data-start=\"2009\" data-end=\"2031\"><strong data-start=\"2009\" data-end=\"2018\">Gr\u00f6\u00dfe:<\/strong> 115 \u00d7 58 mm<\/p>\n<\/li>\n<li data-start=\"2032\" data-end=\"2126\">\n<p data-start=\"2034\" data-end=\"2126\"><strong data-start=\"2034\" data-end=\"2053\">Ausf\u00fchrungsoptionen:<\/strong> Chrom poliert, Gold poliert, Nickel geb\u00fcrstet, Gun Metal, Schwarz matt<\/p>\n<\/li>\n<\/ul>\n<h2 id=\"tablepress-6-name\" class=\"tablepress-table-name tablepress-table-name-id-6\">Messing-Duscht\u00fcrklammern SD16xx Serie<\/h2>\n\n<table id=\"tablepress-6\" class=\"tablepress tablepress-id-6\" aria-labelledby=\"tablepress-6-name\">\n<thead>\n<tr class=\"row-1\">\n\t<th class=\"column-1\"><strong>Modell<\/strong><\/th><th class=\"column-2\"><strong>Bild<\/strong><\/th><th class=\"column-3\"><strong>Montageart<\/strong><\/th><th class=\"column-4\"><strong>Abschlusstyp<\/strong><\/th><th class=\"column-5\"><strong>Einstellbar<\/strong><\/th><th class=\"column-6\"><strong>Besonderheit<\/strong><\/th>\n<\/tr>\n<\/thead>\n<tbody class=\"row-striping row-hover\">\n<tr class=\"row-2\">\n\t<td class=\"column-1\"><a href=\"https:\/\/showerglasshardware.com\/de-de\/product\/90-degree-adjustable-brass-glass-to-wall-hinge-ac1601a\/\">SD1601A<\/a><\/td><td class=\"column-2\"><a href=\"https:\/\/showerglasshardware.com\/wp-content\/uploads\/2024\/05\/1601-5.jpg\"><img decoding=\"async\" src=\"https:\/\/showerglasshardware.com\/wp-content\/uploads\/2024\/05\/1601-5-300x300.jpg\" alt=\"90-Grad-verstellbares Messingscharnier f\u00fcr Glas an der Wand in mattem Schwarz\" width=\"60\" height=\"60\" class=\"alignnone size-medium wp-image-1846\" title=\"\" srcset=\"https:\/\/showerglasshardware.com\/wp-content\/uploads\/2024\/05\/1601-5-300x300.jpg 300w, https:\/\/showerglasshardware.com\/wp-content\/uploads\/2024\/05\/1601-5-100x100.jpg 100w, https:\/\/showerglasshardware.com\/wp-content\/uploads\/2024\/05\/1601-5-600x600.jpg 600w, https:\/\/showerglasshardware.com\/wp-content\/uploads\/2024\/05\/1601-5-150x150.jpg 150w, https:\/\/showerglasshardware.com\/wp-content\/uploads\/2024\/05\/1601-5-768x768.jpg 768w, https:\/\/showerglasshardware.com\/wp-content\/uploads\/2024\/05\/1601-5-12x12.jpg 12w, https:\/\/showerglasshardware.com\/wp-content\/uploads\/2024\/05\/1601-5.jpg 800w\" sizes=\"(max-width: 60px) 100vw, 60px\" \/><\/a><\/td><td class=\"column-3\">Glas zu Wand 90\u00b0 Vollplatte<\/td><td class=\"column-4\">Selbstschlie\u00dfend bei etwa 30\u00b0<\/td><td class=\"column-5\">Ja<\/td><td class=\"column-6\">Mit Abdeckung<\/td>\n<\/tr>\n<tr class=\"row-3\">\n\t<td class=\"column-1\"><a href=\"https:\/\/showerglasshardware.com\/de-de\/product\/glass-to-wall-series-shower-glass-door-offset-hinge-brass-90\/\">SD1601L<\/a><\/td><td class=\"column-2\"><a href=\"https:\/\/showerglasshardware.com\/wp-content\/uploads\/2024\/04\/1601-5.jpg\"><img decoding=\"async\" src=\"https:\/\/showerglasshardware.com\/wp-content\/uploads\/2024\/04\/1601-5-300x300.jpg\" alt=\"Versetztes Messingscharnier f\u00fcr Glasduscht\u00fcr im 90 Grad Winkel\" width=\"60\" height=\"60\" class=\"alignnone size-medium wp-image-1994\" title=\"\" srcset=\"https:\/\/showerglasshardware.com\/wp-content\/uploads\/2024\/04\/1601-5-300x300.jpg 300w, https:\/\/showerglasshardware.com\/wp-content\/uploads\/2024\/04\/1601-5-100x100.jpg 100w, https:\/\/showerglasshardware.com\/wp-content\/uploads\/2024\/04\/1601-5-600x600.jpg 600w, https:\/\/showerglasshardware.com\/wp-content\/uploads\/2024\/04\/1601-5-150x150.jpg 150w, https:\/\/showerglasshardware.com\/wp-content\/uploads\/2024\/04\/1601-5-768x768.jpg 768w, https:\/\/showerglasshardware.com\/wp-content\/uploads\/2024\/04\/1601-5-12x12.jpg 12w, https:\/\/showerglasshardware.com\/wp-content\/uploads\/2024\/04\/1601-5.jpg 800w\" sizes=\"(max-width: 60px) 100vw, 60px\" \/><\/a><\/td><td class=\"column-3\">Glas-Wand-Versatzplatte 90\u00b0<\/td><td class=\"column-4\">Selbstschlie\u00dfend bei etwa 30\u00b0<\/td><td class=\"column-5\">Ja<\/td><td class=\"column-6\">Mit Abdeckung<\/td>\n<\/tr>\n<tr class=\"row-4\">\n\t<td class=\"column-1\"><a href=\"https:\/\/showerglasshardware.com\/de-de\/product\/90-degree-glass-to-glass-spring-hinges-sgh-1602\/\">SD1602<\/a><\/td><td class=\"column-2\"><a href=\"https:\/\/showerglasshardware.com\/wp-content\/uploads\/2024\/05\/1602-5.jpg\"><img decoding=\"async\" src=\"https:\/\/showerglasshardware.com\/wp-content\/uploads\/2024\/05\/1602-5-300x300.jpg\" alt=\"Mattschwarze Scharnierfedern f\u00fcr rahmenlose Duscht\u00fcren\" width=\"60\" height=\"60\" class=\"alignnone size-medium wp-image-1897\" title=\"\" srcset=\"https:\/\/showerglasshardware.com\/wp-content\/uploads\/2024\/05\/1602-5-300x300.jpg 300w, https:\/\/showerglasshardware.com\/wp-content\/uploads\/2024\/05\/1602-5-100x100.jpg 100w, https:\/\/showerglasshardware.com\/wp-content\/uploads\/2024\/05\/1602-5-600x600.jpg 600w, https:\/\/showerglasshardware.com\/wp-content\/uploads\/2024\/05\/1602-5-150x150.jpg 150w, https:\/\/showerglasshardware.com\/wp-content\/uploads\/2024\/05\/1602-5-768x768.jpg 768w, https:\/\/showerglasshardware.com\/wp-content\/uploads\/2024\/05\/1602-5-12x12.jpg 12w, https:\/\/showerglasshardware.com\/wp-content\/uploads\/2024\/05\/1602-5.jpg 800w\" sizes=\"(max-width: 60px) 100vw, 60px\" \/><\/a><\/td><td class=\"column-3\">Glas-zu-Glas 90\u00b0<\/td><td class=\"column-4\">Selbstschlie\u00dfend bei etwa 30\u00b0<\/td><td class=\"column-5\">Ja<\/td><td class=\"column-6\">Mit Abdeckung<\/td>\n<\/tr>\n<tr class=\"row-5\">\n\t<td class=\"column-1\"><a href=\"https:\/\/showerglasshardware.com\/de-de\/product\/135-degree-glass-to-glass-spring-hinges-sgh-1603\/\">SD1603<\/a><\/td><td class=\"column-2\"><a href=\"https:\/\/showerglasshardware.com\/wp-content\/uploads\/2024\/03\/1603-5.jpg\"><img loading=\"lazy\" decoding=\"async\" src=\"https:\/\/showerglasshardware.com\/wp-content\/uploads\/2024\/03\/1603-5-300x300.jpg\" alt=\"Glas-Glas-T\u00fcr-Federscharnier Modell SGH-1603\" width=\"60\" height=\"60\" class=\"alignnone size-medium wp-image-1881\" title=\"\" srcset=\"https:\/\/showerglasshardware.com\/wp-content\/uploads\/2024\/03\/1603-5-300x300.jpg 300w, https:\/\/showerglasshardware.com\/wp-content\/uploads\/2024\/03\/1603-5-100x100.jpg 100w, https:\/\/showerglasshardware.com\/wp-content\/uploads\/2024\/03\/1603-5-600x600.jpg 600w, https:\/\/showerglasshardware.com\/wp-content\/uploads\/2024\/03\/1603-5-150x150.jpg 150w, https:\/\/showerglasshardware.com\/wp-content\/uploads\/2024\/03\/1603-5-768x768.jpg 768w, https:\/\/showerglasshardware.com\/wp-content\/uploads\/2024\/03\/1603-5-12x12.jpg 12w, https:\/\/showerglasshardware.com\/wp-content\/uploads\/2024\/03\/1603-5.jpg 800w\" sizes=\"(max-width: 60px) 100vw, 60px\" \/><\/a><\/td><td class=\"column-3\">Glas zu Glas 135\u00b0<\/td><td class=\"column-4\">Selbstschlie\u00dfend bei etwa 30\u00b0<\/td><td class=\"column-5\">Ja<\/td><td class=\"column-6\">Mit Abdeckung<\/td>\n<\/tr>\n<tr class=\"row-6\">\n\t<td class=\"column-1\"><a href=\"https:\/\/showerglasshardware.com\/de-de\/product\/180-glass-to-glass-spring-hinges-brass-sgh-1064\/\">SD1604<\/a><\/td><td class=\"column-2\"><a href=\"https:\/\/showerglasshardware.com\/wp-content\/uploads\/2024\/03\/GHC1604A-6.jpg\"><img loading=\"lazy\" decoding=\"async\" src=\"https:\/\/showerglasshardware.com\/wp-content\/uploads\/2024\/03\/GHC1604A-6-300x300.jpg\" alt=\"Federscharnier aus Messing, das die Glasscheiben in einem Winkel von 180 Grad verbindet\" width=\"60\" height=\"60\" class=\"alignnone size-medium wp-image-1876\" title=\"\" srcset=\"https:\/\/showerglasshardware.com\/wp-content\/uploads\/2024\/03\/GHC1604A-6-300x300.jpg 300w, https:\/\/showerglasshardware.com\/wp-content\/uploads\/2024\/03\/GHC1604A-6-100x100.jpg 100w, https:\/\/showerglasshardware.com\/wp-content\/uploads\/2024\/03\/GHC1604A-6-600x600.jpg 600w, https:\/\/showerglasshardware.com\/wp-content\/uploads\/2024\/03\/GHC1604A-6-150x150.jpg 150w, https:\/\/showerglasshardware.com\/wp-content\/uploads\/2024\/03\/GHC1604A-6-768x768.jpg 768w, https:\/\/showerglasshardware.com\/wp-content\/uploads\/2024\/03\/GHC1604A-6-12x12.jpg 12w, https:\/\/showerglasshardware.com\/wp-content\/uploads\/2024\/03\/GHC1604A-6.jpg 800w\" sizes=\"(max-width: 60px) 100vw, 60px\" \/><\/a><\/td><td class=\"column-3\">Glas zu Glas 180\u00b0<\/td><td class=\"column-4\">Selbstschlie\u00dfend bei etwa 30\u00b0<\/td><td class=\"column-5\">Ja<\/td><td class=\"column-6\">Mit Abdeckung<\/td>\n<\/tr>\n<tr class=\"row-7\">\n\t<td class=\"column-1\"><a href=\"https:\/\/showerglasshardware.com\/de-de\/product\/180-degree-glass-to-wall-spring-hinges-sgh-1605\/\">SD1605<\/a><\/td><td class=\"column-2\"><a href=\"https:\/\/showerglasshardware.com\/wp-content\/uploads\/2024\/03\/1605-5.jpg\"><img loading=\"lazy\" decoding=\"async\" src=\"https:\/\/showerglasshardware.com\/wp-content\/uploads\/2024\/03\/1605-5-300x300.jpg\" alt=\"Federscharnier zwischen Glas und Wand in einer 180-Grad-\u00d6ffnungsposition\" width=\"60\" height=\"60\" class=\"alignnone size-medium wp-image-1902\" title=\"\" srcset=\"https:\/\/showerglasshardware.com\/wp-content\/uploads\/2024\/03\/1605-5-300x300.jpg 300w, https:\/\/showerglasshardware.com\/wp-content\/uploads\/2024\/03\/1605-5-100x100.jpg 100w, https:\/\/showerglasshardware.com\/wp-content\/uploads\/2024\/03\/1605-5-600x600.jpg 600w, https:\/\/showerglasshardware.com\/wp-content\/uploads\/2024\/03\/1605-5-150x150.jpg 150w, https:\/\/showerglasshardware.com\/wp-content\/uploads\/2024\/03\/1605-5-768x768.jpg 768w, https:\/\/showerglasshardware.com\/wp-content\/uploads\/2024\/03\/1605-5-12x12.jpg 12w, https:\/\/showerglasshardware.com\/wp-content\/uploads\/2024\/03\/1605-5.jpg 800w\" sizes=\"(max-width: 60px) 100vw, 60px\" \/><\/a><\/td><td class=\"column-3\">Glas zur Wand 180\u00b0<\/td><td class=\"column-4\">Selbstschlie\u00dfend bei etwa 30\u00b0<\/td><td class=\"column-5\">Ja<\/td><td class=\"column-6\">Mit Abdeckung<\/td>\n<\/tr>\n<\/tbody>\n<\/table>\n<!-- #tablepress-6 from cache -->","protected":false},"excerpt":{"rendered":"<ul>\n<li>Glast\u00fcr-Federscharnier;<\/li>\n<li>135\u00b0 Glas-an-Glas-Federscharniere;<\/li>\n<li>Messing<\/li>\n<li>Glasst\u00e4rke: 6\u201312 mm;<\/li>\n<li>Selbstschlie\u00dfend bei etwa 30\u00b0;<\/li>\n<li>Maximales Gewicht der Glast\u00fcr: 35 kg (2 St\u00fcck);<\/li>\n<\/ul>","protected":false},"featured_media":2302,"comment_status":"open","ping_status":"closed","template":"","meta":{"_acf_changed":false},"product_brand":[],"product_cat":[20,22],"product_tag":[171],"class_list":{"0":"post-451","1":"product","2":"type-product","3":"status-publish","4":"has-post-thumbnail","6":"product_cat-shower-door-hinges","7":"product_cat-glass-to-glass-hinges","8":"product_tag-glass-to-glass-hinges","9":"pa_closing-type-self-closing-at-about-30","10":"pa_finish-brushed-nickel","11":"pa_finish-chrome","12":"pa_finish-gold","13":"pa_finish-gun-metal","14":"pa_finish-black","15":"pa_glass-thickness-1-2-inch-12mm","16":"pa_glass-thickness-1-4-inch-6mm","17":"pa_glass-thickness-3-8-inch-10mm","18":"pa_glass-thickness-5-16-inch-8mm","19":"pa_hinge-swings-31","20":"pa_load-bearing-35kg-2pcs","21":"pa_material-brass","23":"first","24":"instock","25":"purchasable","26":"product-type-variable","27":"has-default-attributes"},"acf":[],"_links":{"self":[{"href":"https:\/\/showerglasshardware.com\/de-de\/wp-json\/wp\/v2\/product\/451","targetHints":{"allow":["GET"]}}],"collection":[{"href":"https:\/\/showerglasshardware.com\/de-de\/wp-json\/wp\/v2\/product"}],"about":[{"href":"https:\/\/showerglasshardware.com\/de-de\/wp-json\/wp\/v2\/types\/product"}],"replies":[{"embeddable":true,"href":"https:\/\/showerglasshardware.com\/de-de\/wp-json\/wp\/v2\/comments?post=451"}],"version-history":[{"count":4,"href":"https:\/\/showerglasshardware.com\/de-de\/wp-json\/wp\/v2\/product\/451\/revisions"}],"predecessor-version":[{"id":4897,"href":"https:\/\/showerglasshardware.com\/de-de\/wp-json\/wp\/v2\/product\/451\/revisions\/4897"}],"wp:featuredmedia":[{"embeddable":true,"href":"https:\/\/showerglasshardware.com\/de-de\/wp-json\/wp\/v2\/media\/2302"}],"wp:attachment":[{"href":"https:\/\/showerglasshardware.com\/de-de\/wp-json\/wp\/v2\/media?parent=451"}],"wp:term":[{"taxonomy":"product_brand","embeddable":true,"href":"https:\/\/showerglasshardware.com\/de-de\/wp-json\/wp\/v2\/product_brand?post=451"},{"taxonomy":"product_cat","embeddable":true,"href":"https:\/\/showerglasshardware.com\/de-de\/wp-json\/wp\/v2\/product_cat?post=451"},{"taxonomy":"product_tag","embeddable":true,"href":"https:\/\/showerglasshardware.com\/de-de\/wp-json\/wp\/v2\/product_tag?post=451"}],"curies":[{"name":"wp","href":"https:\/\/api.w.org\/{rel}","templated":true}]}}