{"id":459,"date":"2024-03-28T06:51:13","date_gmt":"2024-03-28T06:51:13","guid":{"rendered":"https:\/\/showerglasshardware.com\/?post_type=product&#038;p=459"},"modified":"2025-11-21T03:34:54","modified_gmt":"2025-11-21T03:34:54","slug":"90-degree-glass-to-glass-spring-hinges-sgh-1602","status":"publish","type":"product","link":"https:\/\/showerglasshardware.com\/de-de\/product\/90-degree-glass-to-glass-spring-hinges-sgh-1602\/","title":{"rendered":"90 Grad Glas auf Glas Rahmenlose Duscht\u00fcr Scharnierfedern SD1602"},"content":{"rendered":"<p data-start=\"455\" data-end=\"605\">Die SD1602 90\u00b0 Messing Glas-Glas-Federscharniere bieten Langlebigkeit, reibungslosen Betrieb und einen sauberen rahmenlosen Look f\u00fcr moderne Duschkabinen.<\/p>\n<p data-start=\"607\" data-end=\"890\">Die aus massivem Messing gefertigten Scharniere sind korrosionsbest\u00e4ndig und langlebig. Sie sind f\u00fcr 6-12 mm dickes Glas ausgelegt. Der Federmechanismus bietet eine selbstschlie\u00dfende Funktion bei ca. 30\u00b0 und sorgt f\u00fcr ein kontrolliertes Schlie\u00dfen, damit das Wasser im Duschbereich bleibt.<\/p>\n<p data-start=\"892\" data-end=\"1107\">Mit einer maximalen Tragf\u00e4higkeit von 35 kg pro zwei Scharniere ist das SGH-1602 f\u00fcr leichte bis mittelschwere rahmenlose Duscht\u00fcren geeignet und bietet zuverl\u00e4ssige Leistung f\u00fcr private und gewerbliche Installationen.<\/p>\n<p data-start=\"1109\" data-end=\"1128\"><strong data-start=\"1109\" data-end=\"1126\">Hauptmerkmale:<\/strong><\/p>\n<ul data-start=\"1129\" data-end=\"1474\">\n<li data-start=\"1129\" data-end=\"1175\">\n<p data-start=\"1131\" data-end=\"1175\"><strong data-start=\"1131\" data-end=\"1140\">Typ:<\/strong> 90\u00b0 Glas-zu-Glas-Federscharniere<\/p>\n<\/li>\n<li data-start=\"1176\" data-end=\"1240\">\n<p data-start=\"1178\" data-end=\"1240\"><strong data-start=\"1178\" data-end=\"1191\">Material:<\/strong> Massives Messing f\u00fcr Haltbarkeit und Rostbest\u00e4ndigkeit<\/p>\n<\/li>\n<li data-start=\"1241\" data-end=\"1293\">\n<p data-start=\"1243\" data-end=\"1293\"><strong data-start=\"1243\" data-end=\"1267\">Glaskompatibilit\u00e4t:<\/strong> Geeignet f\u00fcr 6-12 mm dickes Glas<\/p>\n<\/li>\n<li data-start=\"1294\" data-end=\"1351\">\n<p data-start=\"1296\" data-end=\"1351\"><strong data-start=\"1296\" data-end=\"1314\">Tragf\u00e4higkeit:<\/strong> Unterst\u00fctzt bis zu 35 kg pro zwei Scharniere<\/p>\n<\/li>\n<li data-start=\"1352\" data-end=\"1402\">\n<p data-start=\"1354\" data-end=\"1402\"><strong data-start=\"1354\" data-end=\"1371\">Selbstschlie\u00dfend:<\/strong> Schlie\u00dft sich automatisch bei ~30\u00b0<\/p>\n<\/li>\n<li data-start=\"1403\" data-end=\"1474\">\n<p data-start=\"1405\" data-end=\"1474\"><strong data-start=\"1405\" data-end=\"1422\">Anwendungen:<\/strong> Rahmenlose Duscht\u00fcren in Wohnungen, Hotels und Spas<\/p>\n<\/li>\n<\/ul>\n<p data-start=\"1476\" data-end=\"1497\"><strong data-start=\"1476\" data-end=\"1495\">Spezifikationen:<\/strong><\/p>\n<ul data-start=\"1498\" data-end=\"1803\">\n<li data-start=\"1498\" data-end=\"1521\">\n<p data-start=\"1500\" data-end=\"1521\"><strong data-start=\"1500\" data-end=\"1510\">Modell:<\/strong> SD1602<\/p>\n<\/li>\n<li data-start=\"1522\" data-end=\"1568\">\n<p data-start=\"1524\" data-end=\"1568\"><strong data-start=\"1524\" data-end=\"1533\">Typ:<\/strong> Glas-Glas-Federscharnier, 90\u00b0<\/p>\n<\/li>\n<li data-start=\"1569\" data-end=\"1592\">\n<p data-start=\"1571\" data-end=\"1592\"><strong data-start=\"1571\" data-end=\"1584\">Material:<\/strong> Messing<\/p>\n<\/li>\n<li data-start=\"1593\" data-end=\"1629\">\n<p data-start=\"1595\" data-end=\"1629\"><strong data-start=\"1595\" data-end=\"1620\">Passt zur Glasdicke:<\/strong> 6-12mm<\/p>\n<\/li>\n<li data-start=\"1630\" data-end=\"1664\">\n<p data-start=\"1632\" data-end=\"1664\"><strong data-start=\"1632\" data-end=\"1650\">Tragf\u00e4higkeit:<\/strong> 35kg \/ 2St\u00fcck<\/p>\n<\/li>\n<li data-start=\"1665\" data-end=\"1697\">\n<p data-start=\"1667\" data-end=\"1697\"><strong data-start=\"1667\" data-end=\"1690\">Selbstschlie\u00dfender Winkel:<\/strong> ~30\u00b0<\/p>\n<\/li>\n<li data-start=\"1698\" data-end=\"1803\">\n<p data-start=\"1700\" data-end=\"1803\"><strong data-start=\"1700\" data-end=\"1719\">Ausf\u00fchrungsoptionen:<\/strong> Chrom poliert, Nickel geb\u00fcrstet, Gold poliert, Schwarz matt, Gun Metal (optional)<\/p>\n<\/li>\n<\/ul>\n<h2 id=\"tablepress-6-name\" class=\"tablepress-table-name tablepress-table-name-id-6\">Messing-Duscht\u00fcrklammern SD16xx Serie<\/h2>\n\n<table id=\"tablepress-6\" class=\"tablepress tablepress-id-6\" aria-labelledby=\"tablepress-6-name\">\n<thead>\n<tr class=\"row-1\">\n\t<th class=\"column-1\"><strong>Modell<\/strong><\/th><th class=\"column-2\"><strong>Bild<\/strong><\/th><th class=\"column-3\"><strong>Montageart<\/strong><\/th><th class=\"column-4\"><strong>Abschlusstyp<\/strong><\/th><th class=\"column-5\"><strong>Einstellbar<\/strong><\/th><th class=\"column-6\"><strong>Besonderheit<\/strong><\/th>\n<\/tr>\n<\/thead>\n<tbody class=\"row-striping row-hover\">\n<tr class=\"row-2\">\n\t<td class=\"column-1\"><a href=\"https:\/\/showerglasshardware.com\/de-de\/product\/90-degree-adjustable-brass-glass-to-wall-hinge-ac1601a\/\">SD1601A<\/a><\/td><td class=\"column-2\"><a href=\"https:\/\/showerglasshardware.com\/wp-content\/uploads\/2024\/05\/1601-5.jpg\"><img decoding=\"async\" src=\"https:\/\/showerglasshardware.com\/wp-content\/uploads\/2024\/05\/1601-5-300x300.jpg\" alt=\"90-Grad-verstellbares Messingscharnier f\u00fcr Glas an der Wand in mattem Schwarz\" width=\"60\" height=\"60\" class=\"alignnone size-medium wp-image-1846\" title=\"\" srcset=\"https:\/\/showerglasshardware.com\/wp-content\/uploads\/2024\/05\/1601-5-300x300.jpg 300w, https:\/\/showerglasshardware.com\/wp-content\/uploads\/2024\/05\/1601-5-100x100.jpg 100w, https:\/\/showerglasshardware.com\/wp-content\/uploads\/2024\/05\/1601-5-600x600.jpg 600w, https:\/\/showerglasshardware.com\/wp-content\/uploads\/2024\/05\/1601-5-150x150.jpg 150w, https:\/\/showerglasshardware.com\/wp-content\/uploads\/2024\/05\/1601-5-768x768.jpg 768w, https:\/\/showerglasshardware.com\/wp-content\/uploads\/2024\/05\/1601-5-12x12.jpg 12w, https:\/\/showerglasshardware.com\/wp-content\/uploads\/2024\/05\/1601-5.jpg 800w\" sizes=\"(max-width: 60px) 100vw, 60px\" \/><\/a><\/td><td class=\"column-3\">Glas zu Wand 90\u00b0 Vollplatte<\/td><td class=\"column-4\">Selbstschlie\u00dfend bei etwa 30\u00b0<\/td><td class=\"column-5\">Ja<\/td><td class=\"column-6\">Mit Abdeckung<\/td>\n<\/tr>\n<tr class=\"row-3\">\n\t<td class=\"column-1\"><a href=\"https:\/\/showerglasshardware.com\/de-de\/product\/glass-to-wall-series-shower-glass-door-offset-hinge-brass-90\/\">SD1601L<\/a><\/td><td class=\"column-2\"><a href=\"https:\/\/showerglasshardware.com\/wp-content\/uploads\/2024\/04\/1601-5.jpg\"><img decoding=\"async\" src=\"https:\/\/showerglasshardware.com\/wp-content\/uploads\/2024\/04\/1601-5-300x300.jpg\" alt=\"Versetztes Messingscharnier f\u00fcr Glasduscht\u00fcr im 90 Grad Winkel\" width=\"60\" height=\"60\" class=\"alignnone size-medium wp-image-1994\" title=\"\" srcset=\"https:\/\/showerglasshardware.com\/wp-content\/uploads\/2024\/04\/1601-5-300x300.jpg 300w, https:\/\/showerglasshardware.com\/wp-content\/uploads\/2024\/04\/1601-5-100x100.jpg 100w, https:\/\/showerglasshardware.com\/wp-content\/uploads\/2024\/04\/1601-5-600x600.jpg 600w, https:\/\/showerglasshardware.com\/wp-content\/uploads\/2024\/04\/1601-5-150x150.jpg 150w, https:\/\/showerglasshardware.com\/wp-content\/uploads\/2024\/04\/1601-5-768x768.jpg 768w, https:\/\/showerglasshardware.com\/wp-content\/uploads\/2024\/04\/1601-5-12x12.jpg 12w, https:\/\/showerglasshardware.com\/wp-content\/uploads\/2024\/04\/1601-5.jpg 800w\" sizes=\"(max-width: 60px) 100vw, 60px\" \/><\/a><\/td><td class=\"column-3\">Glas-Wand-Versatzplatte 90\u00b0<\/td><td class=\"column-4\">Selbstschlie\u00dfend bei etwa 30\u00b0<\/td><td class=\"column-5\">Ja<\/td><td class=\"column-6\">Mit Abdeckung<\/td>\n<\/tr>\n<tr class=\"row-4\">\n\t<td class=\"column-1\"><a href=\"https:\/\/showerglasshardware.com\/de-de\/product\/90-degree-glass-to-glass-spring-hinges-sgh-1602\/\">SD1602<\/a><\/td><td class=\"column-2\"><a href=\"https:\/\/showerglasshardware.com\/wp-content\/uploads\/2024\/05\/1602-5.jpg\"><img decoding=\"async\" src=\"https:\/\/showerglasshardware.com\/wp-content\/uploads\/2024\/05\/1602-5-300x300.jpg\" alt=\"Mattschwarze Scharnierfedern f\u00fcr rahmenlose Duscht\u00fcren\" width=\"60\" height=\"60\" class=\"alignnone size-medium wp-image-1897\" title=\"\" srcset=\"https:\/\/showerglasshardware.com\/wp-content\/uploads\/2024\/05\/1602-5-300x300.jpg 300w, https:\/\/showerglasshardware.com\/wp-content\/uploads\/2024\/05\/1602-5-100x100.jpg 100w, https:\/\/showerglasshardware.com\/wp-content\/uploads\/2024\/05\/1602-5-600x600.jpg 600w, https:\/\/showerglasshardware.com\/wp-content\/uploads\/2024\/05\/1602-5-150x150.jpg 150w, https:\/\/showerglasshardware.com\/wp-content\/uploads\/2024\/05\/1602-5-768x768.jpg 768w, https:\/\/showerglasshardware.com\/wp-content\/uploads\/2024\/05\/1602-5-12x12.jpg 12w, https:\/\/showerglasshardware.com\/wp-content\/uploads\/2024\/05\/1602-5.jpg 800w\" sizes=\"(max-width: 60px) 100vw, 60px\" \/><\/a><\/td><td class=\"column-3\">Glas-zu-Glas 90\u00b0<\/td><td class=\"column-4\">Selbstschlie\u00dfend bei etwa 30\u00b0<\/td><td class=\"column-5\">Ja<\/td><td class=\"column-6\">Mit Abdeckung<\/td>\n<\/tr>\n<tr class=\"row-5\">\n\t<td class=\"column-1\"><a href=\"https:\/\/showerglasshardware.com\/de-de\/product\/135-degree-glass-to-glass-spring-hinges-sgh-1603\/\">SD1603<\/a><\/td><td class=\"column-2\"><a href=\"https:\/\/showerglasshardware.com\/wp-content\/uploads\/2024\/03\/1603-5.jpg\"><img loading=\"lazy\" decoding=\"async\" src=\"https:\/\/showerglasshardware.com\/wp-content\/uploads\/2024\/03\/1603-5-300x300.jpg\" alt=\"Glas-Glas-T\u00fcr-Federscharnier Modell SGH-1603\" width=\"60\" height=\"60\" class=\"alignnone size-medium wp-image-1881\" title=\"\" srcset=\"https:\/\/showerglasshardware.com\/wp-content\/uploads\/2024\/03\/1603-5-300x300.jpg 300w, https:\/\/showerglasshardware.com\/wp-content\/uploads\/2024\/03\/1603-5-100x100.jpg 100w, https:\/\/showerglasshardware.com\/wp-content\/uploads\/2024\/03\/1603-5-600x600.jpg 600w, https:\/\/showerglasshardware.com\/wp-content\/uploads\/2024\/03\/1603-5-150x150.jpg 150w, https:\/\/showerglasshardware.com\/wp-content\/uploads\/2024\/03\/1603-5-768x768.jpg 768w, https:\/\/showerglasshardware.com\/wp-content\/uploads\/2024\/03\/1603-5-12x12.jpg 12w, https:\/\/showerglasshardware.com\/wp-content\/uploads\/2024\/03\/1603-5.jpg 800w\" sizes=\"(max-width: 60px) 100vw, 60px\" \/><\/a><\/td><td class=\"column-3\">Glas zu Glas 135\u00b0<\/td><td class=\"column-4\">Selbstschlie\u00dfend bei etwa 30\u00b0<\/td><td class=\"column-5\">Ja<\/td><td class=\"column-6\">Mit Abdeckung<\/td>\n<\/tr>\n<tr class=\"row-6\">\n\t<td class=\"column-1\"><a href=\"https:\/\/showerglasshardware.com\/de-de\/product\/180-glass-to-glass-spring-hinges-brass-sgh-1064\/\">SD1604<\/a><\/td><td class=\"column-2\"><a href=\"https:\/\/showerglasshardware.com\/wp-content\/uploads\/2024\/03\/GHC1604A-6.jpg\"><img loading=\"lazy\" decoding=\"async\" src=\"https:\/\/showerglasshardware.com\/wp-content\/uploads\/2024\/03\/GHC1604A-6-300x300.jpg\" alt=\"Federscharnier aus Messing, das die Glasscheiben in einem Winkel von 180 Grad verbindet\" width=\"60\" height=\"60\" class=\"alignnone size-medium wp-image-1876\" title=\"\" srcset=\"https:\/\/showerglasshardware.com\/wp-content\/uploads\/2024\/03\/GHC1604A-6-300x300.jpg 300w, https:\/\/showerglasshardware.com\/wp-content\/uploads\/2024\/03\/GHC1604A-6-100x100.jpg 100w, https:\/\/showerglasshardware.com\/wp-content\/uploads\/2024\/03\/GHC1604A-6-600x600.jpg 600w, https:\/\/showerglasshardware.com\/wp-content\/uploads\/2024\/03\/GHC1604A-6-150x150.jpg 150w, https:\/\/showerglasshardware.com\/wp-content\/uploads\/2024\/03\/GHC1604A-6-768x768.jpg 768w, https:\/\/showerglasshardware.com\/wp-content\/uploads\/2024\/03\/GHC1604A-6-12x12.jpg 12w, https:\/\/showerglasshardware.com\/wp-content\/uploads\/2024\/03\/GHC1604A-6.jpg 800w\" sizes=\"(max-width: 60px) 100vw, 60px\" \/><\/a><\/td><td class=\"column-3\">Glas zu Glas 180\u00b0<\/td><td class=\"column-4\">Selbstschlie\u00dfend bei etwa 30\u00b0<\/td><td class=\"column-5\">Ja<\/td><td class=\"column-6\">Mit Abdeckung<\/td>\n<\/tr>\n<tr class=\"row-7\">\n\t<td class=\"column-1\"><a href=\"https:\/\/showerglasshardware.com\/de-de\/product\/180-degree-glass-to-wall-spring-hinges-sgh-1605\/\">SD1605<\/a><\/td><td class=\"column-2\"><a href=\"https:\/\/showerglasshardware.com\/wp-content\/uploads\/2024\/03\/1605-5.jpg\"><img loading=\"lazy\" decoding=\"async\" src=\"https:\/\/showerglasshardware.com\/wp-content\/uploads\/2024\/03\/1605-5-300x300.jpg\" alt=\"Federscharnier zwischen Glas und Wand in einer 180-Grad-\u00d6ffnungsposition\" width=\"60\" height=\"60\" class=\"alignnone size-medium wp-image-1902\" title=\"\" srcset=\"https:\/\/showerglasshardware.com\/wp-content\/uploads\/2024\/03\/1605-5-300x300.jpg 300w, https:\/\/showerglasshardware.com\/wp-content\/uploads\/2024\/03\/1605-5-100x100.jpg 100w, https:\/\/showerglasshardware.com\/wp-content\/uploads\/2024\/03\/1605-5-600x600.jpg 600w, https:\/\/showerglasshardware.com\/wp-content\/uploads\/2024\/03\/1605-5-150x150.jpg 150w, https:\/\/showerglasshardware.com\/wp-content\/uploads\/2024\/03\/1605-5-768x768.jpg 768w, https:\/\/showerglasshardware.com\/wp-content\/uploads\/2024\/03\/1605-5-12x12.jpg 12w, https:\/\/showerglasshardware.com\/wp-content\/uploads\/2024\/03\/1605-5.jpg 800w\" sizes=\"(max-width: 60px) 100vw, 60px\" \/><\/a><\/td><td class=\"column-3\">Glas zur Wand 180\u00b0<\/td><td class=\"column-4\">Selbstschlie\u00dfend bei etwa 30\u00b0<\/td><td class=\"column-5\">Ja<\/td><td class=\"column-6\">Mit Abdeckung<\/td>\n<\/tr>\n<\/tbody>\n<\/table>\n<!-- #tablepress-6 from cache -->","protected":false},"excerpt":{"rendered":"<ul>\n<li>Scharnierfedern f\u00fcr rahmenlose Duscht\u00fcren;<\/li>\n<li>90\u00b0 Glas-an-Glas-Federscharniere;<\/li>\n<li>Messing<\/li>\n<li>Glasst\u00e4rke: 6\u201312 mm;<\/li>\n<li>Selbstschlie\u00dfend bei etwa 30\u00b0;<\/li>\n<li>Maximales Gewicht der Glast\u00fcr: 35 kg (2 St\u00fcck);<\/li>\n<\/ul>","protected":false},"featured_media":2301,"comment_status":"open","ping_status":"closed","template":"","meta":{"_acf_changed":false},"product_brand":[],"product_cat":[20,22],"product_tag":[171],"class_list":{"0":"post-459","1":"product","2":"type-product","3":"status-publish","4":"has-post-thumbnail","6":"product_cat-shower-door-hinges","7":"product_cat-glass-to-glass-hinges","8":"product_tag-glass-to-glass-hinges","9":"pa_closing-type-self-closing-at-about-30","10":"pa_finish-brushed-nickel","11":"pa_finish-chrome","12":"pa_finish-gold","13":"pa_finish-gun-metal","14":"pa_finish-black","15":"pa_glass-thickness-1-2-inch-12mm","16":"pa_glass-thickness-1-4-inch-6mm","17":"pa_glass-thickness-3-8-inch-10mm","18":"pa_glass-thickness-5-16-inch-8mm","19":"pa_hinge-swings-30","20":"pa_load-bearing-35kg-2pcs","21":"pa_material-brass","23":"first","24":"instock","25":"purchasable","26":"product-type-variable","27":"has-default-attributes"},"acf":[],"_links":{"self":[{"href":"https:\/\/showerglasshardware.com\/de-de\/wp-json\/wp\/v2\/product\/459","targetHints":{"allow":["GET"]}}],"collection":[{"href":"https:\/\/showerglasshardware.com\/de-de\/wp-json\/wp\/v2\/product"}],"about":[{"href":"https:\/\/showerglasshardware.com\/de-de\/wp-json\/wp\/v2\/types\/product"}],"replies":[{"embeddable":true,"href":"https:\/\/showerglasshardware.com\/de-de\/wp-json\/wp\/v2\/comments?post=459"}],"version-history":[{"count":5,"href":"https:\/\/showerglasshardware.com\/de-de\/wp-json\/wp\/v2\/product\/459\/revisions"}],"predecessor-version":[{"id":4896,"href":"https:\/\/showerglasshardware.com\/de-de\/wp-json\/wp\/v2\/product\/459\/revisions\/4896"}],"wp:featuredmedia":[{"embeddable":true,"href":"https:\/\/showerglasshardware.com\/de-de\/wp-json\/wp\/v2\/media\/2301"}],"wp:attachment":[{"href":"https:\/\/showerglasshardware.com\/de-de\/wp-json\/wp\/v2\/media?parent=459"}],"wp:term":[{"taxonomy":"product_brand","embeddable":true,"href":"https:\/\/showerglasshardware.com\/de-de\/wp-json\/wp\/v2\/product_brand?post=459"},{"taxonomy":"product_cat","embeddable":true,"href":"https:\/\/showerglasshardware.com\/de-de\/wp-json\/wp\/v2\/product_cat?post=459"},{"taxonomy":"product_tag","embeddable":true,"href":"https:\/\/showerglasshardware.com\/de-de\/wp-json\/wp\/v2\/product_tag?post=459"}],"curies":[{"name":"wp","href":"https:\/\/api.w.org\/{rel}","templated":true}]}}