{"id":473,"date":"2024-03-28T07:18:42","date_gmt":"2024-03-28T07:18:42","guid":{"rendered":"https:\/\/showerglasshardware.com\/?post_type=product&#038;p=473"},"modified":"2025-11-21T03:26:28","modified_gmt":"2025-11-21T03:26:28","slug":"180-degree-glass-to-wall-spring-hinges-sgh-1605","status":"publish","type":"product","link":"https:\/\/showerglasshardware.com\/de-de\/product\/180-degree-glass-to-wall-spring-hinges-sgh-1605\/","title":{"rendered":"180-Grad-Federscharniere Glas-Wand SD1605"},"content":{"rendered":"<p data-start=\"440\" data-end=\"574\">Die SD1605 180\u00b0 Glas-Wand-Federscharniere wurden f\u00fcr eine sichere, reibungslose und zuverl\u00e4ssige Funktion von rahmenlosen Duscht\u00fcren entwickelt.<\/p>\n<p data-start=\"576\" data-end=\"892\">Diese aus massivem Messing gefertigten Scharniere bieten au\u00dfergew\u00f6hnliche Festigkeit, Korrosionsbest\u00e4ndigkeit und dauerhafte Leistung. Sie sind mit 6 mm (1\/4\u2033) und 8 mm (5\/16\u2033) dickem Glas kompatibel und verf\u00fcgen \u00fcber einen selbstschlie\u00dfenden Mechanismus bei ca. 30\u00b0, der dazu beitr\u00e4gt, die Wasserkontrolle innerhalb der Duschkabine zu verbessern.<\/p>\n<p data-start=\"894\" data-end=\"1035\">Zwei Scharniere k\u00f6nnen ein maximales Glast\u00fcrgewicht von 35 kg tragen und eignen sich daher f\u00fcr private und gewerbliche Badezimmerinstallationen.<\/p>\n<p data-start=\"1037\" data-end=\"1056\"><strong data-start=\"1037\" data-end=\"1054\">Hauptmerkmale:<\/strong><\/p>\n<ul data-start=\"1057\" data-end=\"1441\">\n<li data-start=\"1057\" data-end=\"1126\">\n<p data-start=\"1059\" data-end=\"1126\"><strong data-start=\"1059\" data-end=\"1072\">Material:<\/strong> Massives Messing f\u00fcr Langlebigkeit und Korrosionsbest\u00e4ndigkeit<\/p>\n<\/li>\n<li data-start=\"1127\" data-end=\"1174\">\n<p data-start=\"1129\" data-end=\"1174\"><strong data-start=\"1129\" data-end=\"1140\">Entwurf:<\/strong> 180\u00b0 Glas-an-Wand-Federscharnier<\/p>\n<\/li>\n<li data-start=\"1175\" data-end=\"1241\">\n<p data-start=\"1177\" data-end=\"1241\"><strong data-start=\"1177\" data-end=\"1201\">Glaskompatibilit\u00e4t:<\/strong> Geeignet f\u00fcr 6mm (1\/4\u2033) und 8mm (5\/16\u2033) Glas<\/p>\n<\/li>\n<li data-start=\"1242\" data-end=\"1297\">\n<p data-start=\"1244\" data-end=\"1297\"><strong data-start=\"1244\" data-end=\"1261\">Selbstschlie\u00dfend:<\/strong> Schlie\u00dft sich automatisch bei etwa 30\u00b0<\/p>\n<\/li>\n<li data-start=\"1298\" data-end=\"1355\">\n<p data-start=\"1300\" data-end=\"1355\"><strong data-start=\"1300\" data-end=\"1318\">Tragf\u00e4higkeit:<\/strong> Unterst\u00fctzt bis zu 35 kg pro zwei Scharniere<\/p>\n<\/li>\n<li data-start=\"1356\" data-end=\"1441\">\n<p data-start=\"1358\" data-end=\"1441\"><strong data-start=\"1358\" data-end=\"1375\">Anwendungen:<\/strong> Rahmenlose Duscht\u00fcren f\u00fcr Wohnungen, Hotels und gewerbliche R\u00e4ume<\/p>\n<\/li>\n<\/ul>\n<p data-start=\"1443\" data-end=\"1464\"><strong data-start=\"1443\" data-end=\"1462\">Spezifikationen:<\/strong><\/p>\n<ul data-start=\"1465\" data-end=\"1750\">\n<li data-start=\"1465\" data-end=\"1488\">\n<p data-start=\"1467\" data-end=\"1488\"><strong data-start=\"1467\" data-end=\"1477\">Modell:<\/strong> SD1605<\/p>\n<\/li>\n<li data-start=\"1489\" data-end=\"1534\">\n<p data-start=\"1491\" data-end=\"1534\"><strong data-start=\"1491\" data-end=\"1500\">Typ:<\/strong> 180\u00b0 Glas-an-Wand-Federscharnier<\/p>\n<\/li>\n<li data-start=\"1535\" data-end=\"1558\">\n<p data-start=\"1537\" data-end=\"1558\"><strong data-start=\"1537\" data-end=\"1550\">Material:<\/strong> Messing<\/p>\n<\/li>\n<li data-start=\"1559\" data-end=\"1612\">\n<p data-start=\"1561\" data-end=\"1612\"><strong data-start=\"1561\" data-end=\"1586\">Passt zur Glasdicke:<\/strong> 6mm (1\/4\u2033), 8mm (5\/16\u2033)<\/p>\n<\/li>\n<li data-start=\"1613\" data-end=\"1652\">\n<p data-start=\"1615\" data-end=\"1652\"><strong data-start=\"1615\" data-end=\"1638\">Selbstschlie\u00dfender Winkel:<\/strong> Ca. 30\u00b0<\/p>\n<\/li>\n<li data-start=\"1653\" data-end=\"1695\">\n<p data-start=\"1655\" data-end=\"1695\"><strong data-start=\"1655\" data-end=\"1673\">Tragf\u00e4higkeit:<\/strong> 35kg pro zwei Scharniere<\/p>\n<\/li>\n<li data-start=\"1696\" data-end=\"1750\">\n<p data-start=\"1698\" data-end=\"1750\"><strong data-start=\"1698\" data-end=\"1714\">Anwendung:<\/strong> Rahmenlose Duschabtrennungen aus Glas<\/p>\n<\/li>\n<\/ul>\n<h2 id=\"tablepress-6-name\" class=\"tablepress-table-name tablepress-table-name-id-6\">Messing-Duscht\u00fcrklammern SD16xx Serie<\/h2>\n\n<table id=\"tablepress-6\" class=\"tablepress tablepress-id-6\" aria-labelledby=\"tablepress-6-name\">\n<thead>\n<tr class=\"row-1\">\n\t<th class=\"column-1\"><strong>Modell<\/strong><\/th><th class=\"column-2\"><strong>Bild<\/strong><\/th><th class=\"column-3\"><strong>Montageart<\/strong><\/th><th class=\"column-4\"><strong>Abschlusstyp<\/strong><\/th><th class=\"column-5\"><strong>Einstellbar<\/strong><\/th><th class=\"column-6\"><strong>Besonderheit<\/strong><\/th>\n<\/tr>\n<\/thead>\n<tbody class=\"row-striping row-hover\">\n<tr class=\"row-2\">\n\t<td class=\"column-1\"><a href=\"https:\/\/showerglasshardware.com\/de-de\/product\/90-degree-adjustable-brass-glass-to-wall-hinge-ac1601a\/\">SD1601A<\/a><\/td><td class=\"column-2\"><a href=\"https:\/\/showerglasshardware.com\/wp-content\/uploads\/2024\/05\/1601-5.jpg\"><img decoding=\"async\" src=\"https:\/\/showerglasshardware.com\/wp-content\/uploads\/2024\/05\/1601-5-300x300.jpg\" alt=\"90-Grad-verstellbares Messingscharnier f\u00fcr Glas an der Wand in mattem Schwarz\" width=\"60\" height=\"60\" class=\"alignnone size-medium wp-image-1846\" title=\"\" srcset=\"https:\/\/showerglasshardware.com\/wp-content\/uploads\/2024\/05\/1601-5-300x300.jpg 300w, https:\/\/showerglasshardware.com\/wp-content\/uploads\/2024\/05\/1601-5-100x100.jpg 100w, https:\/\/showerglasshardware.com\/wp-content\/uploads\/2024\/05\/1601-5-600x600.jpg 600w, https:\/\/showerglasshardware.com\/wp-content\/uploads\/2024\/05\/1601-5-150x150.jpg 150w, https:\/\/showerglasshardware.com\/wp-content\/uploads\/2024\/05\/1601-5-768x768.jpg 768w, https:\/\/showerglasshardware.com\/wp-content\/uploads\/2024\/05\/1601-5-12x12.jpg 12w, https:\/\/showerglasshardware.com\/wp-content\/uploads\/2024\/05\/1601-5.jpg 800w\" sizes=\"(max-width: 60px) 100vw, 60px\" \/><\/a><\/td><td class=\"column-3\">Glas zu Wand 90\u00b0 Vollplatte<\/td><td class=\"column-4\">Selbstschlie\u00dfend bei etwa 30\u00b0<\/td><td class=\"column-5\">Ja<\/td><td class=\"column-6\">Mit Abdeckung<\/td>\n<\/tr>\n<tr class=\"row-3\">\n\t<td class=\"column-1\"><a href=\"https:\/\/showerglasshardware.com\/de-de\/product\/glass-to-wall-series-shower-glass-door-offset-hinge-brass-90\/\">SD1601L<\/a><\/td><td class=\"column-2\"><a href=\"https:\/\/showerglasshardware.com\/wp-content\/uploads\/2024\/04\/1601-5.jpg\"><img decoding=\"async\" src=\"https:\/\/showerglasshardware.com\/wp-content\/uploads\/2024\/04\/1601-5-300x300.jpg\" alt=\"Versetztes Messingscharnier f\u00fcr Glasduscht\u00fcr im 90 Grad Winkel\" width=\"60\" height=\"60\" class=\"alignnone size-medium wp-image-1994\" title=\"\" srcset=\"https:\/\/showerglasshardware.com\/wp-content\/uploads\/2024\/04\/1601-5-300x300.jpg 300w, https:\/\/showerglasshardware.com\/wp-content\/uploads\/2024\/04\/1601-5-100x100.jpg 100w, https:\/\/showerglasshardware.com\/wp-content\/uploads\/2024\/04\/1601-5-600x600.jpg 600w, https:\/\/showerglasshardware.com\/wp-content\/uploads\/2024\/04\/1601-5-150x150.jpg 150w, https:\/\/showerglasshardware.com\/wp-content\/uploads\/2024\/04\/1601-5-768x768.jpg 768w, https:\/\/showerglasshardware.com\/wp-content\/uploads\/2024\/04\/1601-5-12x12.jpg 12w, https:\/\/showerglasshardware.com\/wp-content\/uploads\/2024\/04\/1601-5.jpg 800w\" sizes=\"(max-width: 60px) 100vw, 60px\" \/><\/a><\/td><td class=\"column-3\">Glas-Wand-Versatzplatte 90\u00b0<\/td><td class=\"column-4\">Selbstschlie\u00dfend bei etwa 30\u00b0<\/td><td class=\"column-5\">Ja<\/td><td class=\"column-6\">Mit Abdeckung<\/td>\n<\/tr>\n<tr class=\"row-4\">\n\t<td class=\"column-1\"><a href=\"https:\/\/showerglasshardware.com\/de-de\/product\/90-degree-glass-to-glass-spring-hinges-sgh-1602\/\">SD1602<\/a><\/td><td class=\"column-2\"><a href=\"https:\/\/showerglasshardware.com\/wp-content\/uploads\/2024\/05\/1602-5.jpg\"><img decoding=\"async\" src=\"https:\/\/showerglasshardware.com\/wp-content\/uploads\/2024\/05\/1602-5-300x300.jpg\" alt=\"Mattschwarze Scharnierfedern f\u00fcr rahmenlose Duscht\u00fcren\" width=\"60\" height=\"60\" class=\"alignnone size-medium wp-image-1897\" title=\"\" srcset=\"https:\/\/showerglasshardware.com\/wp-content\/uploads\/2024\/05\/1602-5-300x300.jpg 300w, https:\/\/showerglasshardware.com\/wp-content\/uploads\/2024\/05\/1602-5-100x100.jpg 100w, https:\/\/showerglasshardware.com\/wp-content\/uploads\/2024\/05\/1602-5-600x600.jpg 600w, https:\/\/showerglasshardware.com\/wp-content\/uploads\/2024\/05\/1602-5-150x150.jpg 150w, https:\/\/showerglasshardware.com\/wp-content\/uploads\/2024\/05\/1602-5-768x768.jpg 768w, https:\/\/showerglasshardware.com\/wp-content\/uploads\/2024\/05\/1602-5-12x12.jpg 12w, https:\/\/showerglasshardware.com\/wp-content\/uploads\/2024\/05\/1602-5.jpg 800w\" sizes=\"(max-width: 60px) 100vw, 60px\" \/><\/a><\/td><td class=\"column-3\">Glas-zu-Glas 90\u00b0<\/td><td class=\"column-4\">Selbstschlie\u00dfend bei etwa 30\u00b0<\/td><td class=\"column-5\">Ja<\/td><td class=\"column-6\">Mit Abdeckung<\/td>\n<\/tr>\n<tr class=\"row-5\">\n\t<td class=\"column-1\"><a href=\"https:\/\/showerglasshardware.com\/de-de\/product\/135-degree-glass-to-glass-spring-hinges-sgh-1603\/\">SD1603<\/a><\/td><td class=\"column-2\"><a href=\"https:\/\/showerglasshardware.com\/wp-content\/uploads\/2024\/03\/1603-5.jpg\"><img loading=\"lazy\" decoding=\"async\" src=\"https:\/\/showerglasshardware.com\/wp-content\/uploads\/2024\/03\/1603-5-300x300.jpg\" alt=\"Glas-Glas-T\u00fcr-Federscharnier Modell SGH-1603\" width=\"60\" height=\"60\" class=\"alignnone size-medium wp-image-1881\" title=\"\" srcset=\"https:\/\/showerglasshardware.com\/wp-content\/uploads\/2024\/03\/1603-5-300x300.jpg 300w, https:\/\/showerglasshardware.com\/wp-content\/uploads\/2024\/03\/1603-5-100x100.jpg 100w, https:\/\/showerglasshardware.com\/wp-content\/uploads\/2024\/03\/1603-5-600x600.jpg 600w, https:\/\/showerglasshardware.com\/wp-content\/uploads\/2024\/03\/1603-5-150x150.jpg 150w, https:\/\/showerglasshardware.com\/wp-content\/uploads\/2024\/03\/1603-5-768x768.jpg 768w, https:\/\/showerglasshardware.com\/wp-content\/uploads\/2024\/03\/1603-5-12x12.jpg 12w, https:\/\/showerglasshardware.com\/wp-content\/uploads\/2024\/03\/1603-5.jpg 800w\" sizes=\"(max-width: 60px) 100vw, 60px\" \/><\/a><\/td><td class=\"column-3\">Glas zu Glas 135\u00b0<\/td><td class=\"column-4\">Selbstschlie\u00dfend bei etwa 30\u00b0<\/td><td class=\"column-5\">Ja<\/td><td class=\"column-6\">Mit Abdeckung<\/td>\n<\/tr>\n<tr class=\"row-6\">\n\t<td class=\"column-1\"><a href=\"https:\/\/showerglasshardware.com\/de-de\/product\/180-glass-to-glass-spring-hinges-brass-sgh-1064\/\">SD1604<\/a><\/td><td class=\"column-2\"><a href=\"https:\/\/showerglasshardware.com\/wp-content\/uploads\/2024\/03\/GHC1604A-6.jpg\"><img loading=\"lazy\" decoding=\"async\" src=\"https:\/\/showerglasshardware.com\/wp-content\/uploads\/2024\/03\/GHC1604A-6-300x300.jpg\" alt=\"Federscharnier aus Messing, das die Glasscheiben in einem Winkel von 180 Grad verbindet\" width=\"60\" height=\"60\" class=\"alignnone size-medium wp-image-1876\" title=\"\" srcset=\"https:\/\/showerglasshardware.com\/wp-content\/uploads\/2024\/03\/GHC1604A-6-300x300.jpg 300w, https:\/\/showerglasshardware.com\/wp-content\/uploads\/2024\/03\/GHC1604A-6-100x100.jpg 100w, https:\/\/showerglasshardware.com\/wp-content\/uploads\/2024\/03\/GHC1604A-6-600x600.jpg 600w, https:\/\/showerglasshardware.com\/wp-content\/uploads\/2024\/03\/GHC1604A-6-150x150.jpg 150w, https:\/\/showerglasshardware.com\/wp-content\/uploads\/2024\/03\/GHC1604A-6-768x768.jpg 768w, https:\/\/showerglasshardware.com\/wp-content\/uploads\/2024\/03\/GHC1604A-6-12x12.jpg 12w, https:\/\/showerglasshardware.com\/wp-content\/uploads\/2024\/03\/GHC1604A-6.jpg 800w\" sizes=\"(max-width: 60px) 100vw, 60px\" \/><\/a><\/td><td class=\"column-3\">Glas zu Glas 180\u00b0<\/td><td class=\"column-4\">Selbstschlie\u00dfend bei etwa 30\u00b0<\/td><td class=\"column-5\">Ja<\/td><td class=\"column-6\">Mit Abdeckung<\/td>\n<\/tr>\n<tr class=\"row-7\">\n\t<td class=\"column-1\"><a href=\"https:\/\/showerglasshardware.com\/de-de\/product\/180-degree-glass-to-wall-spring-hinges-sgh-1605\/\">SD1605<\/a><\/td><td class=\"column-2\"><a href=\"https:\/\/showerglasshardware.com\/wp-content\/uploads\/2024\/03\/1605-5.jpg\"><img loading=\"lazy\" decoding=\"async\" src=\"https:\/\/showerglasshardware.com\/wp-content\/uploads\/2024\/03\/1605-5-300x300.jpg\" alt=\"Federscharnier zwischen Glas und Wand in einer 180-Grad-\u00d6ffnungsposition\" width=\"60\" height=\"60\" class=\"alignnone size-medium wp-image-1902\" title=\"\" srcset=\"https:\/\/showerglasshardware.com\/wp-content\/uploads\/2024\/03\/1605-5-300x300.jpg 300w, https:\/\/showerglasshardware.com\/wp-content\/uploads\/2024\/03\/1605-5-100x100.jpg 100w, https:\/\/showerglasshardware.com\/wp-content\/uploads\/2024\/03\/1605-5-600x600.jpg 600w, https:\/\/showerglasshardware.com\/wp-content\/uploads\/2024\/03\/1605-5-150x150.jpg 150w, https:\/\/showerglasshardware.com\/wp-content\/uploads\/2024\/03\/1605-5-768x768.jpg 768w, https:\/\/showerglasshardware.com\/wp-content\/uploads\/2024\/03\/1605-5-12x12.jpg 12w, https:\/\/showerglasshardware.com\/wp-content\/uploads\/2024\/03\/1605-5.jpg 800w\" sizes=\"(max-width: 60px) 100vw, 60px\" \/><\/a><\/td><td class=\"column-3\">Glas zur Wand 180\u00b0<\/td><td class=\"column-4\">Selbstschlie\u00dfend bei etwa 30\u00b0<\/td><td class=\"column-5\">Ja<\/td><td class=\"column-6\">Mit Abdeckung<\/td>\n<\/tr>\n<\/tbody>\n<\/table>\n<!-- #tablepress-6 from cache -->","protected":false},"excerpt":{"rendered":"<ul>\n<li>Federscharniere;<\/li>\n<li>180\u00b0 Glas-Wand-Federscharniere;<\/li>\n<li>Messing<\/li>\n<li>Glasdicke: 1\/4 Zoll (6mm), 5\/16 Zoll (8mm);<\/li>\n<li>Selbstschlie\u00dfend bei etwa 30\u00b0;<\/li>\n<li>Maximales Gewicht der Glast\u00fcr: 35 kg (2 St\u00fcck);<\/li>\n<\/ul>","protected":false},"featured_media":2300,"comment_status":"open","ping_status":"closed","template":"","meta":{"_acf_changed":false},"product_brand":[],"product_cat":[20,21],"product_tag":[131],"class_list":{"0":"post-473","1":"product","2":"type-product","3":"status-publish","4":"has-post-thumbnail","6":"product_cat-shower-door-hinges","7":"product_cat-glass-to-wall-hinges","8":"product_tag-wall-mount-hinges","9":"pa_closing-type-self-closing-at-about-30","10":"pa_finish-brushed-nickel","11":"pa_finish-chrome","12":"pa_finish-gold","13":"pa_finish-gun-metal","14":"pa_finish-black","15":"pa_glass-thickness-1-4-inch-6mm","16":"pa_glass-thickness-5-16-inch-8mm","17":"pa_hinge-swings-30","18":"pa_load-bearing-35kg-2pcs","19":"pa_material-brass","21":"first","22":"instock","23":"purchasable","24":"product-type-variable","25":"has-default-attributes"},"acf":[],"_links":{"self":[{"href":"https:\/\/showerglasshardware.com\/de-de\/wp-json\/wp\/v2\/product\/473","targetHints":{"allow":["GET"]}}],"collection":[{"href":"https:\/\/showerglasshardware.com\/de-de\/wp-json\/wp\/v2\/product"}],"about":[{"href":"https:\/\/showerglasshardware.com\/de-de\/wp-json\/wp\/v2\/types\/product"}],"replies":[{"embeddable":true,"href":"https:\/\/showerglasshardware.com\/de-de\/wp-json\/wp\/v2\/comments?post=473"}],"version-history":[{"count":6,"href":"https:\/\/showerglasshardware.com\/de-de\/wp-json\/wp\/v2\/product\/473\/revisions"}],"predecessor-version":[{"id":4899,"href":"https:\/\/showerglasshardware.com\/de-de\/wp-json\/wp\/v2\/product\/473\/revisions\/4899"}],"wp:featuredmedia":[{"embeddable":true,"href":"https:\/\/showerglasshardware.com\/de-de\/wp-json\/wp\/v2\/media\/2300"}],"wp:attachment":[{"href":"https:\/\/showerglasshardware.com\/de-de\/wp-json\/wp\/v2\/media?parent=473"}],"wp:term":[{"taxonomy":"product_brand","embeddable":true,"href":"https:\/\/showerglasshardware.com\/de-de\/wp-json\/wp\/v2\/product_brand?post=473"},{"taxonomy":"product_cat","embeddable":true,"href":"https:\/\/showerglasshardware.com\/de-de\/wp-json\/wp\/v2\/product_cat?post=473"},{"taxonomy":"product_tag","embeddable":true,"href":"https:\/\/showerglasshardware.com\/de-de\/wp-json\/wp\/v2\/product_tag?post=473"}],"curies":[{"name":"wp","href":"https:\/\/api.w.org\/{rel}","templated":true}]}}