{"id":4798,"date":"2025-10-08T09:03:29","date_gmt":"2025-10-08T09:03:29","guid":{"rendered":"https:\/\/showerglasshardware.com\/?post_type=product&#038;p=4798"},"modified":"2025-10-12T15:01:14","modified_gmt":"2025-10-12T15:01:14","slug":"sd9045c-brass-90-glass-to-glass-clamp-clip-with-cover","status":"publish","type":"product","link":"https:\/\/showerglasshardware.com\/de-de\/product\/sd9045c-brass-90-glass-to-glass-clamp-clip-with-cover\/","title":{"rendered":"SD9045C 90\u00b0 Glas-Glas-Klemme aus Messing mit Deckel"},"content":{"rendered":"<p data-start=\"594\" data-end=\"743\">Die SD9045C Glas-Glas-Klemme 90\u00b0 aus Messing mit Deckel ist ein hochwertiges Verbindungsst\u00fcck f\u00fcr rahmenlose Duschkabinen und Glastrennw\u00e4nde.<\/p>\n<p data-start=\"745\" data-end=\"1064\">Diese rechteckige 90\u00b0-Glasklemme aus massivem Messing bietet eine hervorragende Haltbarkeit und Korrosionsbest\u00e4ndigkeit, ideal f\u00fcr feuchte Badezimmer. Die dekorative Abdeckung verdeckt die Montageschrauben und bietet ein sauberes, hochwertiges Erscheinungsbild, das sowohl f\u00fcr Wohn- als auch f\u00fcr Gesch\u00e4ftsr\u00e4ume geeignet ist.<\/p>\n<p data-start=\"1066\" data-end=\"1344\">Die SD9045C wurde f\u00fcr 8-12 mm dickes Glas entwickelt und verbindet zwei Glasscheiben sicher in einem 90\u00b0-Winkel, wobei sie bis zu 45 kg pro zwei Klammern tr\u00e4gt. Die schlanke, rechteckige Form passt zu modernen Baddesigns und l\u00e4sst sich perfekt mit den passenden Messing-Duschscharnieren und -Griffen kombinieren.<\/p>\n<p data-start=\"1346\" data-end=\"1365\"><strong data-start=\"1346\" data-end=\"1363\">Hauptmerkmale:<\/strong><\/p>\n<ul data-start=\"1366\" data-end=\"1771\">\n<li data-start=\"1366\" data-end=\"1428\">\n<p data-start=\"1368\" data-end=\"1428\"><strong data-start=\"1368\" data-end=\"1377\">Typ:<\/strong> 90\u00b0 Glas-Glas-Duschklemme aus Messing mit Deckel<\/p>\n<\/li>\n<li data-start=\"1429\" data-end=\"1500\">\n<p data-start=\"1431\" data-end=\"1500\"><strong data-start=\"1431\" data-end=\"1444\">Material:<\/strong> Massives Messing f\u00fcr h\u00f6chste Festigkeit und Rostbest\u00e4ndigkeit<\/p>\n<\/li>\n<li data-start=\"1501\" data-end=\"1569\">\n<p data-start=\"1503\" data-end=\"1569\"><strong data-start=\"1503\" data-end=\"1514\">Entwurf:<\/strong> Rechteckige Glaseckklammer mit dekorativer Abdeckung<\/p>\n<\/li>\n<li data-start=\"1570\" data-end=\"1622\">\n<p data-start=\"1572\" data-end=\"1622\"><strong data-start=\"1572\" data-end=\"1596\">Glaskompatibilit\u00e4t:<\/strong> Geeignet f\u00fcr 8-12 mm dickes Glas<\/p>\n<\/li>\n<li data-start=\"1623\" data-end=\"1680\">\n<p data-start=\"1625\" data-end=\"1680\"><strong data-start=\"1625\" data-end=\"1643\">Tragf\u00e4higkeit:<\/strong> Tr\u00e4gt bis zu 45 kg pro zwei Klammern<\/p>\n<\/li>\n<li data-start=\"1681\" data-end=\"1771\">\n<p data-start=\"1683\" data-end=\"1771\"><strong data-start=\"1683\" data-end=\"1700\">Anwendungen:<\/strong> Ideal f\u00fcr rahmenlose Duscht\u00fcren aus Glas, feste Paneele und Abdeckungen<\/p>\n<\/li>\n<\/ul>\n<p data-start=\"1773\" data-end=\"1794\"><strong data-start=\"1773\" data-end=\"1792\">Spezifikationen:<\/strong><\/p>\n<ul data-start=\"1795\" data-end=\"2087\">\n<li data-start=\"1795\" data-end=\"1817\">\n<p data-start=\"1797\" data-end=\"1817\"><strong data-start=\"1797\" data-end=\"1807\">Modell:<\/strong> SD9045C<\/p>\n<\/li>\n<li data-start=\"1818\" data-end=\"1867\">\n<p data-start=\"1820\" data-end=\"1867\"><strong data-start=\"1820\" data-end=\"1829\">Typ:<\/strong> 90\u00b0 Glas-Glas-Klemme mit Deckel<\/p>\n<\/li>\n<li data-start=\"1868\" data-end=\"1891\">\n<p data-start=\"1870\" data-end=\"1891\"><strong data-start=\"1870\" data-end=\"1883\">Material:<\/strong> Messing<\/p>\n<\/li>\n<li data-start=\"1892\" data-end=\"1918\">\n<p data-start=\"1894\" data-end=\"1918\"><strong data-start=\"1894\" data-end=\"1904\">Die Form:<\/strong> Rechteckig<\/p>\n<\/li>\n<li data-start=\"1919\" data-end=\"1955\">\n<p data-start=\"1921\" data-end=\"1955\"><strong data-start=\"1921\" data-end=\"1946\">Passt zur Glasdicke:<\/strong> 8-12mm<\/p>\n<\/li>\n<li data-start=\"1956\" data-end=\"1992\">\n<p data-start=\"1958\" data-end=\"1992\"><strong data-start=\"1958\" data-end=\"1978\">Max. T\u00fcrgewicht:<\/strong> 45kg \/ 2St\u00fcck<\/p>\n<\/li>\n<li data-start=\"1993\" data-end=\"2087\">\n<p data-start=\"1995\" data-end=\"2087\"><strong data-start=\"1995\" data-end=\"2014\">Ausf\u00fchrungsoptionen:<\/strong> Chrom poliert, Gold poliert, Nickel geb\u00fcrstet, Gun Metal, Schwarz matt<\/p>\n<\/li>\n<\/ul>\n<h2 id=\"tablepress-4-name\" class=\"tablepress-table-name tablepress-table-name-id-4\">Messing-Duscht\u00fcrklammern Serie SD9045<\/h2>\n\n<table id=\"tablepress-4\" class=\"tablepress tablepress-id-4\" aria-labelledby=\"tablepress-4-name\">\n<thead>\n<tr class=\"row-1\">\n\t<th class=\"column-1\"><strong>Modell<\/strong><\/th><th class=\"column-2\"><strong>Bild<\/strong><\/th><th class=\"column-3\"><strong>Typ<\/strong><\/th><th class=\"column-4\"><strong>Winkel<\/strong><\/th><th class=\"column-5\"><strong>Form<\/strong><\/th><th class=\"column-6\"><strong>Besonderheit<\/strong><\/th>\n<\/tr>\n<\/thead>\n<tbody class=\"row-striping row-hover\">\n<tr class=\"row-2\">\n\t<td class=\"column-1\"><a href=\"https:\/\/showerglasshardware.com\/de-de\/product\/sd9045a-brass-90-glass-to-wall-clamp-clip-with-cover\/\">SD9045A<\/a><\/td><td class=\"column-2\"><a href=\"https:\/\/showerglasshardware.com\/wp-content\/uploads\/2025\/10\/SD9045A-Black-Size.jpg\"><img decoding=\"async\" src=\"https:\/\/showerglasshardware.com\/wp-content\/uploads\/2025\/10\/SD9045A-Black-Size-300x300.jpg\" alt=\"SD9045A Messing 90\u00b0 Glas-zu-Wand-Klemme mit Deckel Gr\u00f6\u00dfe\" width=\"60\" height=\"60\" class=\"alignnone size-medium wp-image-4818\" title=\"\" srcset=\"https:\/\/showerglasshardware.com\/wp-content\/uploads\/2025\/10\/SD9045A-Black-Size-300x300.jpg 300w, https:\/\/showerglasshardware.com\/wp-content\/uploads\/2025\/10\/SD9045A-Black-Size-150x150.jpg 150w, https:\/\/showerglasshardware.com\/wp-content\/uploads\/2025\/10\/SD9045A-Black-Size-768x768.jpg 768w, https:\/\/showerglasshardware.com\/wp-content\/uploads\/2025\/10\/SD9045A-Black-Size-12x12.jpg 12w, https:\/\/showerglasshardware.com\/wp-content\/uploads\/2025\/10\/SD9045A-Black-Size-600x600.jpg 600w, https:\/\/showerglasshardware.com\/wp-content\/uploads\/2025\/10\/SD9045A-Black-Size-100x100.jpg 100w, https:\/\/showerglasshardware.com\/wp-content\/uploads\/2025\/10\/SD9045A-Black-Size.jpg 800w\" sizes=\"(max-width: 60px) 100vw, 60px\" \/><\/a><\/td><td class=\"column-3\">Glas an Wand<\/td><td class=\"column-4\">90\u00b0<\/td><td class=\"column-5\">Rechteck<\/td><td class=\"column-6\">Mit Deckel, runder Ausschnitt<\/td>\n<\/tr>\n<tr class=\"row-3\">\n\t<td class=\"column-1\"><a href=\"https:\/\/showerglasshardware.com\/de-de\/product\/sd9045b-l-shape-brass-90-glass-to-wall-clip-bracket\/\">SD9045B<\/a><\/td><td class=\"column-2\"><a href=\"https:\/\/showerglasshardware.com\/wp-content\/uploads\/2025\/10\/SD9045B-Black-Size.jpg\"><img decoding=\"async\" src=\"https:\/\/showerglasshardware.com\/wp-content\/uploads\/2025\/10\/SD9045B-Black-Size-300x300.jpg\" alt=\"SD9045B L-Form Messing 90\u00b0 Glas-zu-Wand-Clip Halterung Gr\u00f6\u00dfe\" width=\"60\" height=\"60\" class=\"alignnone size-medium wp-image-4821\" title=\"\" srcset=\"https:\/\/showerglasshardware.com\/wp-content\/uploads\/2025\/10\/SD9045B-Black-Size-300x300.jpg 300w, https:\/\/showerglasshardware.com\/wp-content\/uploads\/2025\/10\/SD9045B-Black-Size-150x150.jpg 150w, https:\/\/showerglasshardware.com\/wp-content\/uploads\/2025\/10\/SD9045B-Black-Size-768x768.jpg 768w, https:\/\/showerglasshardware.com\/wp-content\/uploads\/2025\/10\/SD9045B-Black-Size-12x12.jpg 12w, https:\/\/showerglasshardware.com\/wp-content\/uploads\/2025\/10\/SD9045B-Black-Size-600x600.jpg 600w, https:\/\/showerglasshardware.com\/wp-content\/uploads\/2025\/10\/SD9045B-Black-Size-100x100.jpg 100w, https:\/\/showerglasshardware.com\/wp-content\/uploads\/2025\/10\/SD9045B-Black-Size.jpg 800w\" sizes=\"(max-width: 60px) 100vw, 60px\" \/><\/a><\/td><td class=\"column-3\">Glas an Wand<\/td><td class=\"column-4\">90\u00b0<\/td><td class=\"column-5\">Rechteck<\/td><td class=\"column-6\">Mit Abdeckung, hohe Stabilit\u00e4t<\/td>\n<\/tr>\n<tr class=\"row-4\">\n\t<td class=\"column-1\"><a href=\"https:\/\/showerglasshardware.com\/de-de\/product\/sd9045c-brass-90-glass-to-glass-clamp-clip-with-cover\/\">SD9045C<\/a><\/td><td class=\"column-2\"><a href=\"https:\/\/showerglasshardware.com\/wp-content\/uploads\/2025\/10\/SD9045C-Black-Size.jpg\"><img decoding=\"async\" src=\"https:\/\/showerglasshardware.com\/wp-content\/uploads\/2025\/10\/SD9045C-Black-Size-300x300.jpg\" alt=\"\" width=\"60\" height=\"60\" class=\"alignnone size-medium wp-image-4830\" title=\"\" srcset=\"https:\/\/showerglasshardware.com\/wp-content\/uploads\/2025\/10\/SD9045C-Black-Size-300x300.jpg 300w, https:\/\/showerglasshardware.com\/wp-content\/uploads\/2025\/10\/SD9045C-Black-Size-150x150.jpg 150w, https:\/\/showerglasshardware.com\/wp-content\/uploads\/2025\/10\/SD9045C-Black-Size-768x768.jpg 768w, https:\/\/showerglasshardware.com\/wp-content\/uploads\/2025\/10\/SD9045C-Black-Size-12x12.jpg 12w, https:\/\/showerglasshardware.com\/wp-content\/uploads\/2025\/10\/SD9045C-Black-Size-600x600.jpg 600w, https:\/\/showerglasshardware.com\/wp-content\/uploads\/2025\/10\/SD9045C-Black-Size-100x100.jpg 100w, https:\/\/showerglasshardware.com\/wp-content\/uploads\/2025\/10\/SD9045C-Black-Size.jpg 800w\" sizes=\"(max-width: 60px) 100vw, 60px\" \/><\/a><\/td><td class=\"column-3\">Von Glas zu Glas<\/td><td class=\"column-4\">90\u00b0<\/td><td class=\"column-5\">Rechteck<\/td><td class=\"column-6\">Mit Deckel, saubere Ausf\u00fchrung<\/td>\n<\/tr>\n<\/tbody>\n<\/table>\n<!-- #tablepress-4 from cache -->","protected":false},"excerpt":{"rendered":"<ul>\n<li>Messing<\/li>\n<li>Rechteckige Glaseckklammer mit Deckel<\/li>\n<li>90\u00b0 Glas-Glas-Klemmen<\/li>\n<li>Glasst\u00e4rke: 8\u201312 mm;<\/li>\n<li>Max. Glast\u00fcrgewicht: 45kg (2Stk);<\/li>\n<li>Oberfl\u00e4che: Chrom poliert; Poliertes Gold; Geb\u00fcrstetes Nickel; Gun Metal; Mattschwarz<\/li>\n<\/ul>","protected":false},"featured_media":4829,"comment_status":"open","ping_status":"closed","template":"","meta":{"_acf_changed":false},"product_brand":[],"product_cat":[24,109],"product_tag":[],"class_list":{"0":"post-4798","1":"product","2":"type-product","3":"status-publish","4":"has-post-thumbnail","6":"product_cat-shower-glass-clamps","7":"product_cat-glass-to-glass-clamps","8":"pa_finish-brushed-nickel","9":"pa_finish-chrome","10":"pa_finish-gold","11":"pa_finish-gun-metal","12":"pa_finish-black","13":"pa_glass-thickness-1-2-inch-12mm","14":"pa_glass-thickness-3-8-inch-10mm","15":"pa_glass-thickness-5-16-inch-8mm","16":"pa_load-bearing-45kg-2pcs","17":"pa_material-brass","19":"first","20":"instock","21":"taxable","22":"shipping-taxable","23":"product-type-simple"},"acf":[],"_links":{"self":[{"href":"https:\/\/showerglasshardware.com\/de-de\/wp-json\/wp\/v2\/product\/4798","targetHints":{"allow":["GET"]}}],"collection":[{"href":"https:\/\/showerglasshardware.com\/de-de\/wp-json\/wp\/v2\/product"}],"about":[{"href":"https:\/\/showerglasshardware.com\/de-de\/wp-json\/wp\/v2\/types\/product"}],"replies":[{"embeddable":true,"href":"https:\/\/showerglasshardware.com\/de-de\/wp-json\/wp\/v2\/comments?post=4798"}],"version-history":[{"count":4,"href":"https:\/\/showerglasshardware.com\/de-de\/wp-json\/wp\/v2\/product\/4798\/revisions"}],"predecessor-version":[{"id":4866,"href":"https:\/\/showerglasshardware.com\/de-de\/wp-json\/wp\/v2\/product\/4798\/revisions\/4866"}],"wp:featuredmedia":[{"embeddable":true,"href":"https:\/\/showerglasshardware.com\/de-de\/wp-json\/wp\/v2\/media\/4829"}],"wp:attachment":[{"href":"https:\/\/showerglasshardware.com\/de-de\/wp-json\/wp\/v2\/media?parent=4798"}],"wp:term":[{"taxonomy":"product_brand","embeddable":true,"href":"https:\/\/showerglasshardware.com\/de-de\/wp-json\/wp\/v2\/product_brand?post=4798"},{"taxonomy":"product_cat","embeddable":true,"href":"https:\/\/showerglasshardware.com\/de-de\/wp-json\/wp\/v2\/product_cat?post=4798"},{"taxonomy":"product_tag","embeddable":true,"href":"https:\/\/showerglasshardware.com\/de-de\/wp-json\/wp\/v2\/product_tag?post=4798"}],"curies":[{"name":"wp","href":"https:\/\/api.w.org\/{rel}","templated":true}]}}