{"id":4805,"date":"2025-10-09T08:08:46","date_gmt":"2025-10-09T08:08:46","guid":{"rendered":"https:\/\/showerglasshardware.com\/?post_type=product&#038;p=4805"},"modified":"2025-10-12T14:49:11","modified_gmt":"2025-10-12T14:49:11","slug":"sdc140c-square-brass-180-glass-to-wall-long-clamp","status":"publish","type":"product","link":"https:\/\/showerglasshardware.com\/de-de\/product\/sdc140c-square-brass-180-glass-to-wall-long-clamp\/","title":{"rendered":"SDC140C Quadratische Messingklemme 180\u00b0 Glas an Wand lang"},"content":{"rendered":"<p data-start=\"607\" data-end=\"799\">Die quadratische Messingklemme SDC140C (180\u00b0) f\u00fcr Glas an der Wand ist ein hochwertiger Beschlag, der f\u00fcr die Befestigung von rahmenlosen Duschglasscheiben direkt an der Wand entwickelt wurde und einen klaren, modernen Look bietet.<\/p>\n<p data-start=\"801\" data-end=\"1125\">Die aus massivem Messing gefertigte Klemme bietet au\u00dfergew\u00f6hnliche Festigkeit und Korrosionsbest\u00e4ndigkeit und ist daher ideal f\u00fcr Badezimmer mit hoher Luftfeuchtigkeit. Die 180\u00b0-Wandbefestigung sorgt f\u00fcr einen festen Halt und eine perfekte Ausrichtung zwischen Glas und Wand, w\u00e4hrend die quadratische Form f\u00fcr ein schlankes, modernes Aussehen sorgt.<\/p>\n<p data-start=\"1127\" data-end=\"1407\">Mit ihrem langen K\u00f6rper (45\u00d792 mm) bietet diese Klemme eine gr\u00f6\u00dfere Kontaktfl\u00e4che f\u00fcr mehr Stabilit\u00e4t - perfekt f\u00fcr gr\u00f6\u00dfere oder schwerere Glasscheiben. Sie ist f\u00fcr 6-12 mm dickes Glas ausgelegt, tr\u00e4gt bis zu 35 kg pro zwei Klammern und verf\u00fcgt \u00fcber eine runde Aussparung f\u00fcr eine pr\u00e4zise Montage.<\/p>\n<p data-start=\"1409\" data-end=\"1428\"><strong data-start=\"1409\" data-end=\"1426\">Hauptmerkmale:<\/strong><\/p>\n<ul data-start=\"1429\" data-end=\"1853\">\n<li data-start=\"1429\" data-end=\"1485\">\n<p data-start=\"1431\" data-end=\"1485\"><strong data-start=\"1431\" data-end=\"1440\">Typ:<\/strong> 180\u00b0 Messing-Vierkant-Glas-Wand-Klemme lang<\/p>\n<\/li>\n<li data-start=\"1486\" data-end=\"1553\">\n<p data-start=\"1488\" data-end=\"1553\"><strong data-start=\"1488\" data-end=\"1501\">Material:<\/strong> Massives Messing f\u00fcr St\u00e4rke und Korrosionsbest\u00e4ndigkeit<\/p>\n<\/li>\n<li data-start=\"1554\" data-end=\"1606\">\n<p data-start=\"1556\" data-end=\"1606\"><strong data-start=\"1556\" data-end=\"1580\">Glaskompatibilit\u00e4t:<\/strong> Geeignet f\u00fcr 6-12 mm dickes Glas<\/p>\n<\/li>\n<li data-start=\"1607\" data-end=\"1664\">\n<p data-start=\"1609\" data-end=\"1664\"><strong data-start=\"1609\" data-end=\"1627\">Tragf\u00e4higkeit:<\/strong> Tr\u00e4gt bis zu 35 kg pro zwei Klammern<\/p>\n<\/li>\n<li data-start=\"1665\" data-end=\"1738\">\n<p data-start=\"1667\" data-end=\"1738\"><strong data-start=\"1667\" data-end=\"1678\">Entwurf:<\/strong> Quadratisches, langes Design (45\u00d792mm) f\u00fcr verbesserte Stabilit\u00e4t<\/p>\n<\/li>\n<li data-start=\"1739\" data-end=\"1772\">\n<p data-start=\"1741\" data-end=\"1772\"><strong data-start=\"1741\" data-end=\"1759\">Glasausschnitt:<\/strong> Rundes Loch<\/p>\n<\/li>\n<li data-start=\"1773\" data-end=\"1853\">\n<p data-start=\"1775\" data-end=\"1853\"><strong data-start=\"1775\" data-end=\"1792\">Anwendungen:<\/strong> Rahmenlose Duscht\u00fcren, feste Paneele und Glasabtrennungen<\/p>\n<\/li>\n<\/ul>\n<p data-start=\"1855\" data-end=\"1876\"><strong data-start=\"1855\" data-end=\"1874\">Spezifikationen:<\/strong><\/p>\n<ul data-start=\"1877\" data-end=\"2216\">\n<li data-start=\"1877\" data-end=\"1899\">\n<p data-start=\"1879\" data-end=\"1899\"><strong data-start=\"1879\" data-end=\"1889\">Modell:<\/strong> SDC140C<\/p>\n<\/li>\n<li data-start=\"1900\" data-end=\"1943\">\n<p data-start=\"1902\" data-end=\"1943\"><strong data-start=\"1902\" data-end=\"1911\">Typ:<\/strong> Glas-Wand-Klemme 180\u00b0 lang<\/p>\n<\/li>\n<li data-start=\"1944\" data-end=\"1967\">\n<p data-start=\"1946\" data-end=\"1967\"><strong data-start=\"1946\" data-end=\"1959\">Material:<\/strong> Messing<\/p>\n<\/li>\n<li data-start=\"1968\" data-end=\"1989\">\n<p data-start=\"1970\" data-end=\"1989\"><strong data-start=\"1970\" data-end=\"1980\">Die Form:<\/strong> Platz<\/p>\n<\/li>\n<li data-start=\"1990\" data-end=\"2013\">\n<p data-start=\"1992\" data-end=\"2013\"><strong data-start=\"1992\" data-end=\"2001\">Gr\u00f6\u00dfe:<\/strong> 45 \u00d7 92mm<\/p>\n<\/li>\n<li data-start=\"2014\" data-end=\"2050\">\n<p data-start=\"2016\" data-end=\"2050\"><strong data-start=\"2016\" data-end=\"2041\">Passt zur Glasdicke:<\/strong> 6-12mm<\/p>\n<\/li>\n<li data-start=\"2051\" data-end=\"2087\">\n<p data-start=\"2053\" data-end=\"2087\"><strong data-start=\"2053\" data-end=\"2073\">Max. T\u00fcrgewicht:<\/strong> 35kg \/ 2St\u00fcck<\/p>\n<\/li>\n<li data-start=\"2088\" data-end=\"2121\">\n<p data-start=\"2090\" data-end=\"2121\"><strong data-start=\"2090\" data-end=\"2108\">Glasausschnitt:<\/strong> Rundes Loch<\/p>\n<\/li>\n<li data-start=\"2122\" data-end=\"2216\">\n<p data-start=\"2124\" data-end=\"2216\"><strong data-start=\"2124\" data-end=\"2143\">Ausf\u00fchrungsoptionen:<\/strong> Chrom poliert, Gold poliert, Nickel geb\u00fcrstet, Gun Metal, Schwarz matt<\/p>\n<\/li>\n<\/ul>\n<h2 id=\"tablepress-3-name\" class=\"tablepress-table-name tablepress-table-name-id-3\">Messing Glas Dusche T\u00fcr Klammern SDC Serie<\/h2>\n\n<table id=\"tablepress-3\" class=\"tablepress tablepress-id-3\" aria-labelledby=\"tablepress-3-name\">\n<thead>\n<tr class=\"row-1\">\n\t<th class=\"column-1\"><strong>Modell<\/strong><\/th><th class=\"column-2\"><strong>Bild<\/strong><\/th><th class=\"column-3\"><strong>Typ<\/strong><\/th><th class=\"column-4\"><strong>Winkel<\/strong><\/th><th class=\"column-5\"><strong>Form<\/strong><\/th><th class=\"column-6\"><strong>Gr\u00f6\u00dfe<\/strong><\/th><th class=\"column-7\"><strong>Besonderheit<\/strong><\/th>\n<\/tr>\n<\/thead>\n<tbody class=\"row-striping row-hover\">\n<tr class=\"row-2\">\n\t<td class=\"column-1\"><a href=\"https:\/\/showerglasshardware.com\/de-de\/product\/sdc140b-square-brass-90-glass-to-wall-round-hole-clip\/\">SDC140B<\/a><\/td><td class=\"column-2\"><a href=\"https:\/\/showerglasshardware.com\/wp-content\/uploads\/2025\/10\/SDC140B-Square-Brass-90\u00b0-Glass-to-Wall-Round-Hole-Clip-Size.jpg\"><img decoding=\"async\" src=\"https:\/\/showerglasshardware.com\/wp-content\/uploads\/2025\/10\/SDC140B-Square-Brass-90\u00b0-Glass-to-Wall-Round-Hole-Clip-Size-300x300.jpg\" alt=\"SDC140B Quadratisches Messing 90\u00b0 Glas zu Wand Rundloch Clip Gr\u00f6\u00dfe\" width=\"60\" height=\"60\" class=\"alignnone size-medium wp-image-4849\" title=\"\" srcset=\"https:\/\/showerglasshardware.com\/wp-content\/uploads\/2025\/10\/SDC140B-Square-Brass-90\u00b0-Glass-to-Wall-Round-Hole-Clip-Size-300x300.jpg 300w, https:\/\/showerglasshardware.com\/wp-content\/uploads\/2025\/10\/SDC140B-Square-Brass-90\u00b0-Glass-to-Wall-Round-Hole-Clip-Size-150x150.jpg 150w, https:\/\/showerglasshardware.com\/wp-content\/uploads\/2025\/10\/SDC140B-Square-Brass-90\u00b0-Glass-to-Wall-Round-Hole-Clip-Size-768x768.jpg 768w, https:\/\/showerglasshardware.com\/wp-content\/uploads\/2025\/10\/SDC140B-Square-Brass-90\u00b0-Glass-to-Wall-Round-Hole-Clip-Size-12x12.jpg 12w, https:\/\/showerglasshardware.com\/wp-content\/uploads\/2025\/10\/SDC140B-Square-Brass-90\u00b0-Glass-to-Wall-Round-Hole-Clip-Size-600x600.jpg 600w, https:\/\/showerglasshardware.com\/wp-content\/uploads\/2025\/10\/SDC140B-Square-Brass-90\u00b0-Glass-to-Wall-Round-Hole-Clip-Size-100x100.jpg 100w, https:\/\/showerglasshardware.com\/wp-content\/uploads\/2025\/10\/SDC140B-Square-Brass-90\u00b0-Glass-to-Wall-Round-Hole-Clip-Size.jpg 800w\" sizes=\"(max-width: 60px) 100vw, 60px\" \/><\/a><\/td><td class=\"column-3\">Glas an Wand<\/td><td class=\"column-4\">90\u00b0<\/td><td class=\"column-5\">Platz<\/td><td class=\"column-6\">45\u00d745mm<\/td><td class=\"column-7\">Rundloch, Kompakt<\/td>\n<\/tr>\n<tr class=\"row-3\">\n\t<td class=\"column-1\"><a href=\"https:\/\/showerglasshardware.com\/de-de\/product\/sdc140c-square-brass-180-glass-to-wall-long-clamp\/\">SDC140C<\/a><\/td><td class=\"column-2\"><a href=\"https:\/\/showerglasshardware.com\/wp-content\/uploads\/2025\/10\/SDC140C-Black-Size.jpg\"><img decoding=\"async\" src=\"https:\/\/showerglasshardware.com\/wp-content\/uploads\/2025\/10\/SDC140C-Black-Size-300x300.jpg\" alt=\"SDC140C Quadratisches Messing 180\u00b0 Glas an Wand Lange Klemme Gr\u00f6\u00dfe\" width=\"60\" height=\"60\" class=\"alignnone size-medium wp-image-4837\" title=\"\" srcset=\"https:\/\/showerglasshardware.com\/wp-content\/uploads\/2025\/10\/SDC140C-Black-Size-300x300.jpg 300w, https:\/\/showerglasshardware.com\/wp-content\/uploads\/2025\/10\/SDC140C-Black-Size-150x150.jpg 150w, https:\/\/showerglasshardware.com\/wp-content\/uploads\/2025\/10\/SDC140C-Black-Size-768x768.jpg 768w, https:\/\/showerglasshardware.com\/wp-content\/uploads\/2025\/10\/SDC140C-Black-Size-12x12.jpg 12w, https:\/\/showerglasshardware.com\/wp-content\/uploads\/2025\/10\/SDC140C-Black-Size-600x600.jpg 600w, https:\/\/showerglasshardware.com\/wp-content\/uploads\/2025\/10\/SDC140C-Black-Size-100x100.jpg 100w, https:\/\/showerglasshardware.com\/wp-content\/uploads\/2025\/10\/SDC140C-Black-Size.jpg 800w\" sizes=\"(max-width: 60px) 100vw, 60px\" \/><\/a><\/td><td class=\"column-3\">Glas an Wand<\/td><td class=\"column-4\">180\u00b0<\/td><td class=\"column-5\">Platz<\/td><td class=\"column-6\">45\u00d792mm<\/td><td class=\"column-7\">Lange Klemme<\/td>\n<\/tr>\n<tr class=\"row-4\">\n\t<td class=\"column-1\"><a href=\"https:\/\/showerglasshardware.com\/de-de\/product\/sdc141-square-brass-90-glass-to-wall-clamp-clip\/\">SDC141<\/a><\/td><td class=\"column-2\"><a href=\"https:\/\/showerglasshardware.com\/wp-content\/uploads\/2025\/10\/SDC141-Square-Brass-90\u00b0-Glass-to-Wall-Clamp-Clip-Size.jpg\"><img decoding=\"async\" src=\"https:\/\/showerglasshardware.com\/wp-content\/uploads\/2025\/10\/SDC141-Square-Brass-90\u00b0-Glass-to-Wall-Clamp-Clip-Size-300x300.jpg\" alt=\"SDC141 Quadratische Messing 90\u00b0 Glas-zu-Wand-Klemme Clip Gr\u00f6\u00dfe\" width=\"60\" height=\"60\" class=\"alignnone size-medium wp-image-4846\" title=\"\" srcset=\"https:\/\/showerglasshardware.com\/wp-content\/uploads\/2025\/10\/SDC141-Square-Brass-90\u00b0-Glass-to-Wall-Clamp-Clip-Size-300x300.jpg 300w, https:\/\/showerglasshardware.com\/wp-content\/uploads\/2025\/10\/SDC141-Square-Brass-90\u00b0-Glass-to-Wall-Clamp-Clip-Size-150x150.jpg 150w, https:\/\/showerglasshardware.com\/wp-content\/uploads\/2025\/10\/SDC141-Square-Brass-90\u00b0-Glass-to-Wall-Clamp-Clip-Size-768x768.jpg 768w, https:\/\/showerglasshardware.com\/wp-content\/uploads\/2025\/10\/SDC141-Square-Brass-90\u00b0-Glass-to-Wall-Clamp-Clip-Size-12x12.jpg 12w, https:\/\/showerglasshardware.com\/wp-content\/uploads\/2025\/10\/SDC141-Square-Brass-90\u00b0-Glass-to-Wall-Clamp-Clip-Size-600x600.jpg 600w, https:\/\/showerglasshardware.com\/wp-content\/uploads\/2025\/10\/SDC141-Square-Brass-90\u00b0-Glass-to-Wall-Clamp-Clip-Size-100x100.jpg 100w, https:\/\/showerglasshardware.com\/wp-content\/uploads\/2025\/10\/SDC141-Square-Brass-90\u00b0-Glass-to-Wall-Clamp-Clip-Size.jpg 800w\" sizes=\"(max-width: 60px) 100vw, 60px\" \/><\/a><\/td><td class=\"column-3\">Glas an Wand<\/td><td class=\"column-4\">90\u00b0<\/td><td class=\"column-5\">Platz<\/td><td class=\"column-6\">45\u00d745mm<\/td><td class=\"column-7\">Standard-Loch<\/td>\n<\/tr>\n<tr class=\"row-5\">\n\t<td class=\"column-1\"><a href=\"https:\/\/showerglasshardware.com\/de-de\/product\/sdc142-square-brass-90-glass-to-glass-clamp-clip\/\">SDC142<\/a><\/td><td class=\"column-2\"><a href=\"https:\/\/showerglasshardware.com\/wp-content\/uploads\/2025\/10\/SDC142-Square-Brass-90\u00b0-Glass-to-Glass-Clamp-Clip-Size.jpg\"><img loading=\"lazy\" decoding=\"async\" src=\"https:\/\/showerglasshardware.com\/wp-content\/uploads\/2025\/10\/SDC142-Square-Brass-90\u00b0-Glass-to-Glass-Clamp-Clip-Size-300x300.jpg\" alt=\"SDC142 Quadratische Messing 90\u00b0 Glas-Glas-Klemme Clip Gr\u00f6\u00dfe\" width=\"60\" height=\"60\" class=\"alignnone size-medium wp-image-4852\" title=\"\" srcset=\"https:\/\/showerglasshardware.com\/wp-content\/uploads\/2025\/10\/SDC142-Square-Brass-90\u00b0-Glass-to-Glass-Clamp-Clip-Size-300x300.jpg 300w, https:\/\/showerglasshardware.com\/wp-content\/uploads\/2025\/10\/SDC142-Square-Brass-90\u00b0-Glass-to-Glass-Clamp-Clip-Size-150x150.jpg 150w, https:\/\/showerglasshardware.com\/wp-content\/uploads\/2025\/10\/SDC142-Square-Brass-90\u00b0-Glass-to-Glass-Clamp-Clip-Size-768x768.jpg 768w, https:\/\/showerglasshardware.com\/wp-content\/uploads\/2025\/10\/SDC142-Square-Brass-90\u00b0-Glass-to-Glass-Clamp-Clip-Size-12x12.jpg 12w, https:\/\/showerglasshardware.com\/wp-content\/uploads\/2025\/10\/SDC142-Square-Brass-90\u00b0-Glass-to-Glass-Clamp-Clip-Size-600x600.jpg 600w, https:\/\/showerglasshardware.com\/wp-content\/uploads\/2025\/10\/SDC142-Square-Brass-90\u00b0-Glass-to-Glass-Clamp-Clip-Size-100x100.jpg 100w, https:\/\/showerglasshardware.com\/wp-content\/uploads\/2025\/10\/SDC142-Square-Brass-90\u00b0-Glass-to-Glass-Clamp-Clip-Size.jpg 800w\" sizes=\"(max-width: 60px) 100vw, 60px\" \/><\/a><\/td><td class=\"column-3\">Von Glas zu Glas<\/td><td class=\"column-4\">90\u00b0<\/td><td class=\"column-5\">Platz<\/td><td class=\"column-6\">45\u00d745mm<\/td><td class=\"column-7\">Eckklammer<\/td>\n<\/tr>\n<tr class=\"row-6\">\n\t<td class=\"column-1\"><a href=\"https:\/\/showerglasshardware.com\/de-de\/product\/sdc143-square-brass-135-glass-to-glass-bracket-clip\/\">SDC143<\/a><\/td><td class=\"column-2\"><a href=\"https:\/\/showerglasshardware.com\/wp-content\/uploads\/2025\/10\/SDC143-Square-Brass-135\u00b0-Glass-to-Glass-Bracket-Clip-Size.jpg\"><img loading=\"lazy\" decoding=\"async\" src=\"https:\/\/showerglasshardware.com\/wp-content\/uploads\/2025\/10\/SDC143-Square-Brass-135\u00b0-Glass-to-Glass-Bracket-Clip-Size-300x300.jpg\" alt=\"SDC142 Quadratische Messing 90\u00b0 Glas zu Glas Klemme Clip SIze\" width=\"60\" height=\"60\" class=\"alignnone size-medium wp-image-4842\" title=\"\" srcset=\"https:\/\/showerglasshardware.com\/wp-content\/uploads\/2025\/10\/SDC143-Square-Brass-135\u00b0-Glass-to-Glass-Bracket-Clip-Size-300x300.jpg 300w, https:\/\/showerglasshardware.com\/wp-content\/uploads\/2025\/10\/SDC143-Square-Brass-135\u00b0-Glass-to-Glass-Bracket-Clip-Size-150x150.jpg 150w, https:\/\/showerglasshardware.com\/wp-content\/uploads\/2025\/10\/SDC143-Square-Brass-135\u00b0-Glass-to-Glass-Bracket-Clip-Size-768x768.jpg 768w, https:\/\/showerglasshardware.com\/wp-content\/uploads\/2025\/10\/SDC143-Square-Brass-135\u00b0-Glass-to-Glass-Bracket-Clip-Size-12x12.jpg 12w, https:\/\/showerglasshardware.com\/wp-content\/uploads\/2025\/10\/SDC143-Square-Brass-135\u00b0-Glass-to-Glass-Bracket-Clip-Size-600x600.jpg 600w, https:\/\/showerglasshardware.com\/wp-content\/uploads\/2025\/10\/SDC143-Square-Brass-135\u00b0-Glass-to-Glass-Bracket-Clip-Size-100x100.jpg 100w, https:\/\/showerglasshardware.com\/wp-content\/uploads\/2025\/10\/SDC143-Square-Brass-135\u00b0-Glass-to-Glass-Bracket-Clip-Size.jpg 800w\" sizes=\"(max-width: 60px) 100vw, 60px\" \/><\/a><\/td><td class=\"column-3\">Von Glas zu Glas<\/td><td class=\"column-4\">135\u00b0<\/td><td class=\"column-5\">Platz<\/td><td class=\"column-6\">45\u00d745mm<\/td><td class=\"column-7\">Abgewinkelte Verbindung<\/td>\n<\/tr>\n<tr class=\"row-7\">\n\t<td class=\"column-1\"><a href=\"https:\/\/showerglasshardware.com\/de-de\/product\/sdc144-square-brass-180-glass-to-glass-clamp-clip\/\">SDC144<\/a><\/td><td class=\"column-2\"><a href=\"https:\/\/showerglasshardware.com\/wp-content\/uploads\/2025\/10\/SDC144-Black-Size.jpg\"><img loading=\"lazy\" decoding=\"async\" src=\"https:\/\/showerglasshardware.com\/wp-content\/uploads\/2025\/10\/SDC144-Black-Size-300x300.jpg\" alt=\"SDC144 Quadratische Messingklammer 180\u00b0 Glas auf Glas\" width=\"60\" height=\"60\" class=\"alignnone size-medium wp-image-4834\" title=\"\" srcset=\"https:\/\/showerglasshardware.com\/wp-content\/uploads\/2025\/10\/SDC144-Black-Size-300x300.jpg 300w, https:\/\/showerglasshardware.com\/wp-content\/uploads\/2025\/10\/SDC144-Black-Size-150x150.jpg 150w, https:\/\/showerglasshardware.com\/wp-content\/uploads\/2025\/10\/SDC144-Black-Size-768x768.jpg 768w, https:\/\/showerglasshardware.com\/wp-content\/uploads\/2025\/10\/SDC144-Black-Size-12x12.jpg 12w, https:\/\/showerglasshardware.com\/wp-content\/uploads\/2025\/10\/SDC144-Black-Size-600x600.jpg 600w, https:\/\/showerglasshardware.com\/wp-content\/uploads\/2025\/10\/SDC144-Black-Size-100x100.jpg 100w, https:\/\/showerglasshardware.com\/wp-content\/uploads\/2025\/10\/SDC144-Black-Size.jpg 800w\" sizes=\"(max-width: 60px) 100vw, 60px\" \/><\/a><\/td><td class=\"column-3\">Von Glas zu Glas<\/td><td class=\"column-4\">180\u00b0<\/td><td class=\"column-5\">Platz<\/td><td class=\"column-6\">45\u00d792mm<\/td><td class=\"column-7\">Inline-Verbindung<\/td>\n<\/tr>\n<\/tbody>\n<\/table>\n<!-- #tablepress-3 from cache -->","protected":false},"excerpt":{"rendered":"<p>Massive Messingklemme f\u00fcr rahmenlose Duschabtrennungen mit quadratischem Winkel von 180\u00b0 zwischen Glas und Wand. Passt f\u00fcr 6-12 mm Glas, tr\u00e4gt 35 kg pro zwei Klemmen. Erh\u00e4ltlich in den Ausf\u00fchrungen Chrom, Gold, Nickel geb\u00fcrstet, Gun Metal und Schwarz matt.<\/p>","protected":false},"featured_media":4836,"comment_status":"open","ping_status":"closed","template":"","meta":{"_acf_changed":false},"product_brand":[],"product_cat":[24,110],"product_tag":[],"class_list":{"0":"post-4805","1":"product","2":"type-product","3":"status-publish","4":"has-post-thumbnail","6":"product_cat-shower-glass-clamps","7":"product_cat-wall-mount-clamps","8":"pa_finish-brushed-nickel","9":"pa_finish-chrome","10":"pa_finish-gold","11":"pa_finish-gun-metal","12":"pa_finish-black","13":"pa_glass-thickness-1-2-inch-12mm","14":"pa_glass-thickness-1-4-inch-6mm","15":"pa_glass-thickness-3-8-inch-10mm","16":"pa_glass-thickness-5-16-inch-8mm","17":"pa_load-bearing-35kg-2pcs","18":"pa_material-brass","20":"first","21":"instock","22":"taxable","23":"shipping-taxable","24":"product-type-simple"},"acf":[],"_links":{"self":[{"href":"https:\/\/showerglasshardware.com\/de-de\/wp-json\/wp\/v2\/product\/4805","targetHints":{"allow":["GET"]}}],"collection":[{"href":"https:\/\/showerglasshardware.com\/de-de\/wp-json\/wp\/v2\/product"}],"about":[{"href":"https:\/\/showerglasshardware.com\/de-de\/wp-json\/wp\/v2\/types\/product"}],"replies":[{"embeddable":true,"href":"https:\/\/showerglasshardware.com\/de-de\/wp-json\/wp\/v2\/comments?post=4805"}],"version-history":[{"count":4,"href":"https:\/\/showerglasshardware.com\/de-de\/wp-json\/wp\/v2\/product\/4805\/revisions"}],"predecessor-version":[{"id":4855,"href":"https:\/\/showerglasshardware.com\/de-de\/wp-json\/wp\/v2\/product\/4805\/revisions\/4855"}],"wp:featuredmedia":[{"embeddable":true,"href":"https:\/\/showerglasshardware.com\/de-de\/wp-json\/wp\/v2\/media\/4836"}],"wp:attachment":[{"href":"https:\/\/showerglasshardware.com\/de-de\/wp-json\/wp\/v2\/media?parent=4805"}],"wp:term":[{"taxonomy":"product_brand","embeddable":true,"href":"https:\/\/showerglasshardware.com\/de-de\/wp-json\/wp\/v2\/product_brand?post=4805"},{"taxonomy":"product_cat","embeddable":true,"href":"https:\/\/showerglasshardware.com\/de-de\/wp-json\/wp\/v2\/product_cat?post=4805"},{"taxonomy":"product_tag","embeddable":true,"href":"https:\/\/showerglasshardware.com\/de-de\/wp-json\/wp\/v2\/product_tag?post=4805"}],"curies":[{"name":"wp","href":"https:\/\/api.w.org\/{rel}","templated":true}]}}