{"id":4811,"date":"2025-10-12T14:02:54","date_gmt":"2025-10-12T14:02:54","guid":{"rendered":"https:\/\/showerglasshardware.com\/?post_type=product&#038;p=4811"},"modified":"2025-10-12T15:09:10","modified_gmt":"2025-10-12T15:09:10","slug":"sdc143-square-brass-135-glass-to-glass-bracket-clip","status":"publish","type":"product","link":"https:\/\/showerglasshardware.com\/de-de\/product\/sdc143-square-brass-135-glass-to-glass-bracket-clip\/","title":{"rendered":"SDC143 Quadratischer Messing 135\u00b0 Glas-Glas-Klammer-Clip"},"content":{"rendered":"<p data-start=\"613\" data-end=\"789\">Der SDC143 Square Brass 135\u00b0 Glass to Glass Bracket Clip ist ein pr\u00e4zisionsgefertigter Beschlag, der f\u00fcr rahmenlose Duschabtrennungen entwickelt wurde, die abgewinkelte Glasverbindungen erfordern.<\/p>\n<p data-start=\"791\" data-end=\"1071\">Diese aus massivem Messing gefertigte Klemme gew\u00e4hrleistet eine hervorragende Festigkeit, Korrosionsbest\u00e4ndigkeit und lange Haltbarkeit. Die 135\u00b0-Glas-zu-Glas-Konfiguration erm\u00f6glicht sichere Winkelverbindungen zwischen festen Glasscheiben, die h\u00e4ufig in Neo-Winkel- oder Eck-Duschkabinen verwendet werden.<\/p>\n<p data-start=\"1073\" data-end=\"1356\">Mit ihrem quadratischen Profil (45\u00d745 mm) bietet die SDC143 ein klares, modernes Aussehen, das sich ideal f\u00fcr minimalistische Badezimmerdesigns eignet. Sie ist f\u00fcr 6-12 mm dickes Glas ausgelegt, tr\u00e4gt bis zu 35 kg pro zwei Klemmen und verf\u00fcgt \u00fcber einen runden Lochausschnitt f\u00fcr eine pr\u00e4zise Installation und einen festen Halt.<\/p>\n<p data-start=\"1358\" data-end=\"1377\"><strong data-start=\"1358\" data-end=\"1375\">Hauptmerkmale:<\/strong><\/p>\n<ul data-start=\"1378\" data-end=\"1786\">\n<li data-start=\"1378\" data-end=\"1439\">\n<p data-start=\"1380\" data-end=\"1439\"><strong data-start=\"1380\" data-end=\"1389\">Typ:<\/strong> 135\u00b0 quadratischer Glas-Glas-Duschhalter aus Messing<\/p>\n<\/li>\n<li data-start=\"1440\" data-end=\"1507\">\n<p data-start=\"1442\" data-end=\"1507\"><strong data-start=\"1442\" data-end=\"1455\">Material:<\/strong> Massives Messing f\u00fcr St\u00e4rke und Korrosionsbest\u00e4ndigkeit<\/p>\n<\/li>\n<li data-start=\"1508\" data-end=\"1578\">\n<p data-start=\"1510\" data-end=\"1578\"><strong data-start=\"1510\" data-end=\"1521\">Entwurf:<\/strong> Quadratische Form, 135\u00b0-Winkel f\u00fcr abgewinkelte Duschanschl\u00fcsse<\/p>\n<\/li>\n<li data-start=\"1579\" data-end=\"1631\">\n<p data-start=\"1581\" data-end=\"1631\"><strong data-start=\"1581\" data-end=\"1605\">Glaskompatibilit\u00e4t:<\/strong> Geeignet f\u00fcr 6-12 mm dickes Glas<\/p>\n<\/li>\n<li data-start=\"1632\" data-end=\"1689\">\n<p data-start=\"1634\" data-end=\"1689\"><strong data-start=\"1634\" data-end=\"1652\">Tragf\u00e4higkeit:<\/strong> Tr\u00e4gt bis zu 35 kg pro zwei Klammern<\/p>\n<\/li>\n<li data-start=\"1690\" data-end=\"1786\">\n<p data-start=\"1692\" data-end=\"1786\"><strong data-start=\"1692\" data-end=\"1709\">Anwendungen:<\/strong> Rahmenlose Glasduschabtrennungen, Neo-Winkelecken und Glastrennw\u00e4nde<\/p>\n<\/li>\n<\/ul>\n<p data-start=\"1788\" data-end=\"1809\"><strong data-start=\"1788\" data-end=\"1807\">Spezifikationen:<\/strong><\/p>\n<ul data-start=\"1810\" data-end=\"2151\">\n<li data-start=\"1810\" data-end=\"1831\">\n<p data-start=\"1812\" data-end=\"1831\"><strong data-start=\"1812\" data-end=\"1822\">Modell:<\/strong> SDC143<\/p>\n<\/li>\n<li data-start=\"1832\" data-end=\"1878\">\n<p data-start=\"1834\" data-end=\"1878\"><strong data-start=\"1834\" data-end=\"1843\">Typ:<\/strong> Glas-Glas-Klemme 135\u00b0 quadratisch<\/p>\n<\/li>\n<li data-start=\"1879\" data-end=\"1902\">\n<p data-start=\"1881\" data-end=\"1902\"><strong data-start=\"1881\" data-end=\"1894\">Material:<\/strong> Messing<\/p>\n<\/li>\n<li data-start=\"1903\" data-end=\"1924\">\n<p data-start=\"1905\" data-end=\"1924\"><strong data-start=\"1905\" data-end=\"1915\">Die Form:<\/strong> Platz<\/p>\n<\/li>\n<li data-start=\"1925\" data-end=\"1948\">\n<p data-start=\"1927\" data-end=\"1948\"><strong data-start=\"1927\" data-end=\"1936\">Gr\u00f6\u00dfe:<\/strong> 45 \u00d7 45 mm<\/p>\n<\/li>\n<li data-start=\"1949\" data-end=\"1985\">\n<p data-start=\"1951\" data-end=\"1985\"><strong data-start=\"1951\" data-end=\"1976\">Passt zur Glasdicke:<\/strong> 6-12mm<\/p>\n<\/li>\n<li data-start=\"1986\" data-end=\"2022\">\n<p data-start=\"1988\" data-end=\"2022\"><strong data-start=\"1988\" data-end=\"2008\">Max. T\u00fcrgewicht:<\/strong> 35kg \/ 2St\u00fcck<\/p>\n<\/li>\n<li data-start=\"2023\" data-end=\"2056\">\n<p data-start=\"2025\" data-end=\"2056\"><strong data-start=\"2025\" data-end=\"2043\">Glasausschnitt:<\/strong> Rundes Loch<\/p>\n<\/li>\n<li data-start=\"2057\" data-end=\"2151\">\n<p data-start=\"2059\" data-end=\"2151\"><strong data-start=\"2059\" data-end=\"2078\">Ausf\u00fchrungsoptionen:<\/strong> Chrom poliert, Gold poliert, Nickel geb\u00fcrstet, Gun Metal, Schwarz matt<\/p>\n<\/li>\n<\/ul>\n<h2 id=\"tablepress-3-name\" class=\"tablepress-table-name tablepress-table-name-id-3\">Messing Glas Dusche T\u00fcr Klammern SDC Serie<\/h2>\n\n<table id=\"tablepress-3\" class=\"tablepress tablepress-id-3\" aria-labelledby=\"tablepress-3-name\">\n<thead>\n<tr class=\"row-1\">\n\t<th class=\"column-1\"><strong>Modell<\/strong><\/th><th class=\"column-2\"><strong>Bild<\/strong><\/th><th class=\"column-3\"><strong>Typ<\/strong><\/th><th class=\"column-4\"><strong>Winkel<\/strong><\/th><th class=\"column-5\"><strong>Form<\/strong><\/th><th class=\"column-6\"><strong>Gr\u00f6\u00dfe<\/strong><\/th><th class=\"column-7\"><strong>Besonderheit<\/strong><\/th>\n<\/tr>\n<\/thead>\n<tbody class=\"row-striping row-hover\">\n<tr class=\"row-2\">\n\t<td class=\"column-1\"><a href=\"https:\/\/showerglasshardware.com\/de-de\/product\/sdc140b-square-brass-90-glass-to-wall-round-hole-clip\/\">SDC140B<\/a><\/td><td class=\"column-2\"><a href=\"https:\/\/showerglasshardware.com\/wp-content\/uploads\/2025\/10\/SDC140B-Square-Brass-90\u00b0-Glass-to-Wall-Round-Hole-Clip-Size.jpg\"><img decoding=\"async\" src=\"https:\/\/showerglasshardware.com\/wp-content\/uploads\/2025\/10\/SDC140B-Square-Brass-90\u00b0-Glass-to-Wall-Round-Hole-Clip-Size-300x300.jpg\" alt=\"SDC140B Quadratisches Messing 90\u00b0 Glas zu Wand Rundloch Clip Gr\u00f6\u00dfe\" width=\"60\" height=\"60\" class=\"alignnone size-medium wp-image-4849\" title=\"\" srcset=\"https:\/\/showerglasshardware.com\/wp-content\/uploads\/2025\/10\/SDC140B-Square-Brass-90\u00b0-Glass-to-Wall-Round-Hole-Clip-Size-300x300.jpg 300w, https:\/\/showerglasshardware.com\/wp-content\/uploads\/2025\/10\/SDC140B-Square-Brass-90\u00b0-Glass-to-Wall-Round-Hole-Clip-Size-150x150.jpg 150w, https:\/\/showerglasshardware.com\/wp-content\/uploads\/2025\/10\/SDC140B-Square-Brass-90\u00b0-Glass-to-Wall-Round-Hole-Clip-Size-768x768.jpg 768w, https:\/\/showerglasshardware.com\/wp-content\/uploads\/2025\/10\/SDC140B-Square-Brass-90\u00b0-Glass-to-Wall-Round-Hole-Clip-Size-12x12.jpg 12w, https:\/\/showerglasshardware.com\/wp-content\/uploads\/2025\/10\/SDC140B-Square-Brass-90\u00b0-Glass-to-Wall-Round-Hole-Clip-Size-600x600.jpg 600w, https:\/\/showerglasshardware.com\/wp-content\/uploads\/2025\/10\/SDC140B-Square-Brass-90\u00b0-Glass-to-Wall-Round-Hole-Clip-Size-100x100.jpg 100w, https:\/\/showerglasshardware.com\/wp-content\/uploads\/2025\/10\/SDC140B-Square-Brass-90\u00b0-Glass-to-Wall-Round-Hole-Clip-Size.jpg 800w\" sizes=\"(max-width: 60px) 100vw, 60px\" \/><\/a><\/td><td class=\"column-3\">Glas an Wand<\/td><td class=\"column-4\">90\u00b0<\/td><td class=\"column-5\">Platz<\/td><td class=\"column-6\">45\u00d745mm<\/td><td class=\"column-7\">Rundloch, Kompakt<\/td>\n<\/tr>\n<tr class=\"row-3\">\n\t<td class=\"column-1\"><a href=\"https:\/\/showerglasshardware.com\/de-de\/product\/sdc140c-square-brass-180-glass-to-wall-long-clamp\/\">SDC140C<\/a><\/td><td class=\"column-2\"><a href=\"https:\/\/showerglasshardware.com\/wp-content\/uploads\/2025\/10\/SDC140C-Black-Size.jpg\"><img decoding=\"async\" src=\"https:\/\/showerglasshardware.com\/wp-content\/uploads\/2025\/10\/SDC140C-Black-Size-300x300.jpg\" alt=\"SDC140C Quadratisches Messing 180\u00b0 Glas an Wand Lange Klemme Gr\u00f6\u00dfe\" width=\"60\" height=\"60\" class=\"alignnone size-medium wp-image-4837\" title=\"\" srcset=\"https:\/\/showerglasshardware.com\/wp-content\/uploads\/2025\/10\/SDC140C-Black-Size-300x300.jpg 300w, https:\/\/showerglasshardware.com\/wp-content\/uploads\/2025\/10\/SDC140C-Black-Size-150x150.jpg 150w, https:\/\/showerglasshardware.com\/wp-content\/uploads\/2025\/10\/SDC140C-Black-Size-768x768.jpg 768w, https:\/\/showerglasshardware.com\/wp-content\/uploads\/2025\/10\/SDC140C-Black-Size-12x12.jpg 12w, https:\/\/showerglasshardware.com\/wp-content\/uploads\/2025\/10\/SDC140C-Black-Size-600x600.jpg 600w, https:\/\/showerglasshardware.com\/wp-content\/uploads\/2025\/10\/SDC140C-Black-Size-100x100.jpg 100w, https:\/\/showerglasshardware.com\/wp-content\/uploads\/2025\/10\/SDC140C-Black-Size.jpg 800w\" sizes=\"(max-width: 60px) 100vw, 60px\" \/><\/a><\/td><td class=\"column-3\">Glas an Wand<\/td><td class=\"column-4\">180\u00b0<\/td><td class=\"column-5\">Platz<\/td><td class=\"column-6\">45\u00d792mm<\/td><td class=\"column-7\">Lange Klemme<\/td>\n<\/tr>\n<tr class=\"row-4\">\n\t<td class=\"column-1\"><a href=\"https:\/\/showerglasshardware.com\/de-de\/product\/sdc141-square-brass-90-glass-to-wall-clamp-clip\/\">SDC141<\/a><\/td><td class=\"column-2\"><a href=\"https:\/\/showerglasshardware.com\/wp-content\/uploads\/2025\/10\/SDC141-Square-Brass-90\u00b0-Glass-to-Wall-Clamp-Clip-Size.jpg\"><img decoding=\"async\" src=\"https:\/\/showerglasshardware.com\/wp-content\/uploads\/2025\/10\/SDC141-Square-Brass-90\u00b0-Glass-to-Wall-Clamp-Clip-Size-300x300.jpg\" alt=\"SDC141 Quadratische Messing 90\u00b0 Glas-zu-Wand-Klemme Clip Gr\u00f6\u00dfe\" width=\"60\" height=\"60\" class=\"alignnone size-medium wp-image-4846\" title=\"\" srcset=\"https:\/\/showerglasshardware.com\/wp-content\/uploads\/2025\/10\/SDC141-Square-Brass-90\u00b0-Glass-to-Wall-Clamp-Clip-Size-300x300.jpg 300w, https:\/\/showerglasshardware.com\/wp-content\/uploads\/2025\/10\/SDC141-Square-Brass-90\u00b0-Glass-to-Wall-Clamp-Clip-Size-150x150.jpg 150w, https:\/\/showerglasshardware.com\/wp-content\/uploads\/2025\/10\/SDC141-Square-Brass-90\u00b0-Glass-to-Wall-Clamp-Clip-Size-768x768.jpg 768w, https:\/\/showerglasshardware.com\/wp-content\/uploads\/2025\/10\/SDC141-Square-Brass-90\u00b0-Glass-to-Wall-Clamp-Clip-Size-12x12.jpg 12w, https:\/\/showerglasshardware.com\/wp-content\/uploads\/2025\/10\/SDC141-Square-Brass-90\u00b0-Glass-to-Wall-Clamp-Clip-Size-600x600.jpg 600w, https:\/\/showerglasshardware.com\/wp-content\/uploads\/2025\/10\/SDC141-Square-Brass-90\u00b0-Glass-to-Wall-Clamp-Clip-Size-100x100.jpg 100w, https:\/\/showerglasshardware.com\/wp-content\/uploads\/2025\/10\/SDC141-Square-Brass-90\u00b0-Glass-to-Wall-Clamp-Clip-Size.jpg 800w\" sizes=\"(max-width: 60px) 100vw, 60px\" \/><\/a><\/td><td class=\"column-3\">Glas an Wand<\/td><td class=\"column-4\">90\u00b0<\/td><td class=\"column-5\">Platz<\/td><td class=\"column-6\">45\u00d745mm<\/td><td class=\"column-7\">Standard-Loch<\/td>\n<\/tr>\n<tr class=\"row-5\">\n\t<td class=\"column-1\"><a href=\"https:\/\/showerglasshardware.com\/de-de\/product\/sdc142-square-brass-90-glass-to-glass-clamp-clip\/\">SDC142<\/a><\/td><td class=\"column-2\"><a href=\"https:\/\/showerglasshardware.com\/wp-content\/uploads\/2025\/10\/SDC142-Square-Brass-90\u00b0-Glass-to-Glass-Clamp-Clip-Size.jpg\"><img loading=\"lazy\" decoding=\"async\" src=\"https:\/\/showerglasshardware.com\/wp-content\/uploads\/2025\/10\/SDC142-Square-Brass-90\u00b0-Glass-to-Glass-Clamp-Clip-Size-300x300.jpg\" alt=\"SDC142 Quadratische Messing 90\u00b0 Glas-Glas-Klemme Clip Gr\u00f6\u00dfe\" width=\"60\" height=\"60\" class=\"alignnone size-medium wp-image-4852\" title=\"\" srcset=\"https:\/\/showerglasshardware.com\/wp-content\/uploads\/2025\/10\/SDC142-Square-Brass-90\u00b0-Glass-to-Glass-Clamp-Clip-Size-300x300.jpg 300w, https:\/\/showerglasshardware.com\/wp-content\/uploads\/2025\/10\/SDC142-Square-Brass-90\u00b0-Glass-to-Glass-Clamp-Clip-Size-150x150.jpg 150w, https:\/\/showerglasshardware.com\/wp-content\/uploads\/2025\/10\/SDC142-Square-Brass-90\u00b0-Glass-to-Glass-Clamp-Clip-Size-768x768.jpg 768w, https:\/\/showerglasshardware.com\/wp-content\/uploads\/2025\/10\/SDC142-Square-Brass-90\u00b0-Glass-to-Glass-Clamp-Clip-Size-12x12.jpg 12w, https:\/\/showerglasshardware.com\/wp-content\/uploads\/2025\/10\/SDC142-Square-Brass-90\u00b0-Glass-to-Glass-Clamp-Clip-Size-600x600.jpg 600w, https:\/\/showerglasshardware.com\/wp-content\/uploads\/2025\/10\/SDC142-Square-Brass-90\u00b0-Glass-to-Glass-Clamp-Clip-Size-100x100.jpg 100w, https:\/\/showerglasshardware.com\/wp-content\/uploads\/2025\/10\/SDC142-Square-Brass-90\u00b0-Glass-to-Glass-Clamp-Clip-Size.jpg 800w\" sizes=\"(max-width: 60px) 100vw, 60px\" \/><\/a><\/td><td class=\"column-3\">Von Glas zu Glas<\/td><td class=\"column-4\">90\u00b0<\/td><td class=\"column-5\">Platz<\/td><td class=\"column-6\">45\u00d745mm<\/td><td class=\"column-7\">Eckklammer<\/td>\n<\/tr>\n<tr class=\"row-6\">\n\t<td class=\"column-1\"><a href=\"https:\/\/showerglasshardware.com\/de-de\/product\/sdc143-square-brass-135-glass-to-glass-bracket-clip\/\">SDC143<\/a><\/td><td class=\"column-2\"><a href=\"https:\/\/showerglasshardware.com\/wp-content\/uploads\/2025\/10\/SDC143-Square-Brass-135\u00b0-Glass-to-Glass-Bracket-Clip-Size.jpg\"><img loading=\"lazy\" decoding=\"async\" src=\"https:\/\/showerglasshardware.com\/wp-content\/uploads\/2025\/10\/SDC143-Square-Brass-135\u00b0-Glass-to-Glass-Bracket-Clip-Size-300x300.jpg\" alt=\"SDC142 Quadratische Messing 90\u00b0 Glas zu Glas Klemme Clip SIze\" width=\"60\" height=\"60\" class=\"alignnone size-medium wp-image-4842\" title=\"\" srcset=\"https:\/\/showerglasshardware.com\/wp-content\/uploads\/2025\/10\/SDC143-Square-Brass-135\u00b0-Glass-to-Glass-Bracket-Clip-Size-300x300.jpg 300w, https:\/\/showerglasshardware.com\/wp-content\/uploads\/2025\/10\/SDC143-Square-Brass-135\u00b0-Glass-to-Glass-Bracket-Clip-Size-150x150.jpg 150w, https:\/\/showerglasshardware.com\/wp-content\/uploads\/2025\/10\/SDC143-Square-Brass-135\u00b0-Glass-to-Glass-Bracket-Clip-Size-768x768.jpg 768w, https:\/\/showerglasshardware.com\/wp-content\/uploads\/2025\/10\/SDC143-Square-Brass-135\u00b0-Glass-to-Glass-Bracket-Clip-Size-12x12.jpg 12w, https:\/\/showerglasshardware.com\/wp-content\/uploads\/2025\/10\/SDC143-Square-Brass-135\u00b0-Glass-to-Glass-Bracket-Clip-Size-600x600.jpg 600w, https:\/\/showerglasshardware.com\/wp-content\/uploads\/2025\/10\/SDC143-Square-Brass-135\u00b0-Glass-to-Glass-Bracket-Clip-Size-100x100.jpg 100w, https:\/\/showerglasshardware.com\/wp-content\/uploads\/2025\/10\/SDC143-Square-Brass-135\u00b0-Glass-to-Glass-Bracket-Clip-Size.jpg 800w\" sizes=\"(max-width: 60px) 100vw, 60px\" \/><\/a><\/td><td class=\"column-3\">Von Glas zu Glas<\/td><td class=\"column-4\">135\u00b0<\/td><td class=\"column-5\">Platz<\/td><td class=\"column-6\">45\u00d745mm<\/td><td class=\"column-7\">Abgewinkelte Verbindung<\/td>\n<\/tr>\n<tr class=\"row-7\">\n\t<td class=\"column-1\"><a href=\"https:\/\/showerglasshardware.com\/de-de\/product\/sdc144-square-brass-180-glass-to-glass-clamp-clip\/\">SDC144<\/a><\/td><td class=\"column-2\"><a href=\"https:\/\/showerglasshardware.com\/wp-content\/uploads\/2025\/10\/SDC144-Black-Size.jpg\"><img loading=\"lazy\" decoding=\"async\" src=\"https:\/\/showerglasshardware.com\/wp-content\/uploads\/2025\/10\/SDC144-Black-Size-300x300.jpg\" alt=\"SDC144 Quadratische Messingklammer 180\u00b0 Glas auf Glas\" width=\"60\" height=\"60\" class=\"alignnone size-medium wp-image-4834\" title=\"\" srcset=\"https:\/\/showerglasshardware.com\/wp-content\/uploads\/2025\/10\/SDC144-Black-Size-300x300.jpg 300w, https:\/\/showerglasshardware.com\/wp-content\/uploads\/2025\/10\/SDC144-Black-Size-150x150.jpg 150w, https:\/\/showerglasshardware.com\/wp-content\/uploads\/2025\/10\/SDC144-Black-Size-768x768.jpg 768w, https:\/\/showerglasshardware.com\/wp-content\/uploads\/2025\/10\/SDC144-Black-Size-12x12.jpg 12w, https:\/\/showerglasshardware.com\/wp-content\/uploads\/2025\/10\/SDC144-Black-Size-600x600.jpg 600w, https:\/\/showerglasshardware.com\/wp-content\/uploads\/2025\/10\/SDC144-Black-Size-100x100.jpg 100w, https:\/\/showerglasshardware.com\/wp-content\/uploads\/2025\/10\/SDC144-Black-Size.jpg 800w\" sizes=\"(max-width: 60px) 100vw, 60px\" \/><\/a><\/td><td class=\"column-3\">Von Glas zu Glas<\/td><td class=\"column-4\">180\u00b0<\/td><td class=\"column-5\">Platz<\/td><td class=\"column-6\">45\u00d792mm<\/td><td class=\"column-7\">Inline-Verbindung<\/td>\n<\/tr>\n<\/tbody>\n<\/table>\n<!-- #tablepress-3 from cache -->","protected":false},"excerpt":{"rendered":"<p>Massive Messingklammer 135\u00b0, quadratisch, f\u00fcr rahmenlose Duschkabinen. Passt f\u00fcr 6-12 mm Glas, tr\u00e4gt 35 kg pro zwei Klammern. Erh\u00e4ltlich in den Ausf\u00fchrungen Chrom, Gold, Nickel geb\u00fcrstet, Gun Metal und Schwarz matt.<\/p>","protected":false},"featured_media":4841,"comment_status":"open","ping_status":"closed","template":"","meta":{"_acf_changed":false},"product_brand":[],"product_cat":[24,109],"product_tag":[],"class_list":{"0":"post-4811","1":"product","2":"type-product","3":"status-publish","4":"has-post-thumbnail","6":"product_cat-shower-glass-clamps","7":"product_cat-glass-to-glass-clamps","8":"pa_finish-brushed-nickel","9":"pa_finish-chrome","10":"pa_finish-gold","11":"pa_finish-gun-metal","12":"pa_finish-black","13":"pa_glass-thickness-1-2-inch-12mm","14":"pa_glass-thickness-1-4-inch-6mm","15":"pa_glass-thickness-3-8-inch-10mm","16":"pa_glass-thickness-5-16-inch-8mm","17":"pa_load-bearing-35kg-2pcs","18":"pa_material-brass","20":"first","21":"instock","22":"taxable","23":"shipping-taxable","24":"product-type-simple"},"acf":[],"_links":{"self":[{"href":"https:\/\/showerglasshardware.com\/de-de\/wp-json\/wp\/v2\/product\/4811","targetHints":{"allow":["GET"]}}],"collection":[{"href":"https:\/\/showerglasshardware.com\/de-de\/wp-json\/wp\/v2\/product"}],"about":[{"href":"https:\/\/showerglasshardware.com\/de-de\/wp-json\/wp\/v2\/types\/product"}],"replies":[{"embeddable":true,"href":"https:\/\/showerglasshardware.com\/de-de\/wp-json\/wp\/v2\/comments?post=4811"}],"version-history":[{"count":4,"href":"https:\/\/showerglasshardware.com\/de-de\/wp-json\/wp\/v2\/product\/4811\/revisions"}],"predecessor-version":[{"id":4860,"href":"https:\/\/showerglasshardware.com\/de-de\/wp-json\/wp\/v2\/product\/4811\/revisions\/4860"}],"wp:featuredmedia":[{"embeddable":true,"href":"https:\/\/showerglasshardware.com\/de-de\/wp-json\/wp\/v2\/media\/4841"}],"wp:attachment":[{"href":"https:\/\/showerglasshardware.com\/de-de\/wp-json\/wp\/v2\/media?parent=4811"}],"wp:term":[{"taxonomy":"product_brand","embeddable":true,"href":"https:\/\/showerglasshardware.com\/de-de\/wp-json\/wp\/v2\/product_brand?post=4811"},{"taxonomy":"product_cat","embeddable":true,"href":"https:\/\/showerglasshardware.com\/de-de\/wp-json\/wp\/v2\/product_cat?post=4811"},{"taxonomy":"product_tag","embeddable":true,"href":"https:\/\/showerglasshardware.com\/de-de\/wp-json\/wp\/v2\/product_tag?post=4811"}],"curies":[{"name":"wp","href":"https:\/\/api.w.org\/{rel}","templated":true}]}}