{"id":4819,"date":"2025-10-09T06:24:37","date_gmt":"2025-10-09T06:24:37","guid":{"rendered":"https:\/\/showerglasshardware.com\/?post_type=product&#038;p=4819"},"modified":"2025-10-12T15:00:48","modified_gmt":"2025-10-12T15:00:48","slug":"sd9045b-l-shape-brass-90-glass-to-wall-clip-bracket","status":"publish","type":"product","link":"https:\/\/showerglasshardware.com\/de-de\/product\/sd9045b-l-shape-brass-90-glass-to-wall-clip-bracket\/","title":{"rendered":"SD9045B L-Form Messing 90\u00b0 Glas-zu-Wand-Cliphalterung"},"content":{"rendered":"<p data-start=\"582\" data-end=\"732\">Der SD9045B L-Shape Brass 90\u00b0 Glass to Wall Clip Bracket ist ein hochwertiger Beschlag, der f\u00fcr sichere und stilvolle rahmenlose Duschkabinen entwickelt wurde.<\/p>\n<p data-start=\"734\" data-end=\"1094\">Diese L-f\u00f6rmige Glaseckenklemme aus massivem Messing gew\u00e4hrleistet eine hervorragende Festigkeit und Korrosionsbest\u00e4ndigkeit und ist somit ideal f\u00fcr den Einsatz in Badezimmern mit hoher Luftfeuchtigkeit. Die 90\u00b0-Wandbefestigung sorgt f\u00fcr eine stabile Verbindung zwischen der Glasscheibe und der Wand, w\u00e4hrend die dekorative Abdeckung die Befestigungsschrauben f\u00fcr ein sauberes, elegantes Finish verdeckt.<\/p>\n<p data-start=\"1096\" data-end=\"1406\">Die SD9045B wurde f\u00fcr 8-12 mm dickes Glas entwickelt und kann bis zu 45 kg pro zwei Klammern tragen, wodurch sie f\u00fcr mittelschwere bis schwere Glast\u00fcren geeignet ist. Das L-f\u00f6rmige Design erh\u00f6ht die Festigkeit und bietet zus\u00e4tzlichen Halt an den Eckverbindungen. Es sind mehrere Oberfl\u00e4chenoptionen erh\u00e4ltlich, die perfekt zu Ihren Duschbeschl\u00e4gen passen.<\/p>\n<p data-start=\"1408\" data-end=\"1427\"><strong data-start=\"1408\" data-end=\"1425\">Hauptmerkmale:<\/strong><\/p>\n<ul data-start=\"1428\" data-end=\"1856\">\n<li data-start=\"1428\" data-end=\"1490\">\n<p data-start=\"1430\" data-end=\"1490\"><strong data-start=\"1430\" data-end=\"1439\">Typ:<\/strong> L-f\u00f6rmige Messing-Glas-Wand-Klemme 90\u00b0 mit Abdeckung<\/p>\n<\/li>\n<li data-start=\"1491\" data-end=\"1560\">\n<p data-start=\"1493\" data-end=\"1560\"><strong data-start=\"1493\" data-end=\"1506\">Material:<\/strong> Massives Messing f\u00fcr Langlebigkeit und Korrosionsbest\u00e4ndigkeit<\/p>\n<\/li>\n<li data-start=\"1561\" data-end=\"1613\">\n<p data-start=\"1563\" data-end=\"1613\"><strong data-start=\"1563\" data-end=\"1587\">Glaskompatibilit\u00e4t:<\/strong> Geeignet f\u00fcr 8-12 mm dickes Glas<\/p>\n<\/li>\n<li data-start=\"1614\" data-end=\"1671\">\n<p data-start=\"1616\" data-end=\"1671\"><strong data-start=\"1616\" data-end=\"1634\">Tragf\u00e4higkeit:<\/strong> Tr\u00e4gt bis zu 45 kg pro zwei Klammern<\/p>\n<\/li>\n<li data-start=\"1672\" data-end=\"1750\">\n<p data-start=\"1674\" data-end=\"1750\"><strong data-start=\"1674\" data-end=\"1685\">Entwurf:<\/strong> 90\u00b0-Wandhalterung mit Abdeckung, L-f\u00f6rmig f\u00fcr zus\u00e4tzliche Stabilit\u00e4t<\/p>\n<\/li>\n<li data-start=\"1751\" data-end=\"1856\">\n<p data-start=\"1753\" data-end=\"1856\"><strong data-start=\"1753\" data-end=\"1770\">Anwendungen:<\/strong> Rahmenlose Duscht\u00fcren, Glastrennw\u00e4nde und Abdeckungen in Wohnungen, Hotels und Spas<\/p>\n<\/li>\n<\/ul>\n<p data-start=\"1858\" data-end=\"1879\"><strong data-start=\"1858\" data-end=\"1877\">Spezifikationen:<\/strong><\/p>\n<ul data-start=\"1880\" data-end=\"2152\">\n<li data-start=\"1880\" data-end=\"1902\">\n<p data-start=\"1882\" data-end=\"1902\"><strong data-start=\"1882\" data-end=\"1892\">Modell:<\/strong> SD9045B<\/p>\n<\/li>\n<li data-start=\"1903\" data-end=\"1959\">\n<p data-start=\"1905\" data-end=\"1959\"><strong data-start=\"1905\" data-end=\"1914\">Typ:<\/strong> 90\u00b0 L-f\u00f6rmige Glas-zu-Wand-Klemme mit Abdeckung<\/p>\n<\/li>\n<li data-start=\"1960\" data-end=\"1983\">\n<p data-start=\"1962\" data-end=\"1983\"><strong data-start=\"1962\" data-end=\"1975\">Material:<\/strong> Messing<\/p>\n<\/li>\n<li data-start=\"1984\" data-end=\"2020\">\n<p data-start=\"1986\" data-end=\"2020\"><strong data-start=\"1986\" data-end=\"2011\">Passt zur Glasdicke:<\/strong> 8-12mm<\/p>\n<\/li>\n<li data-start=\"2021\" data-end=\"2057\">\n<p data-start=\"2023\" data-end=\"2057\"><strong data-start=\"2023\" data-end=\"2043\">Max. T\u00fcrgewicht:<\/strong> 45kg \/ 2St\u00fcck<\/p>\n<\/li>\n<li data-start=\"2058\" data-end=\"2152\">\n<p data-start=\"2060\" data-end=\"2152\"><strong data-start=\"2060\" data-end=\"2079\">Ausf\u00fchrungsoptionen:<\/strong> Chrom poliert, Gold poliert, Nickel geb\u00fcrstet, Gun Metal, Schwarz matt<\/p>\n<\/li>\n<\/ul>\n<h2 id=\"tablepress-4-name\" class=\"tablepress-table-name tablepress-table-name-id-4\">Messing-Duscht\u00fcrklammern Serie SD9045<\/h2>\n\n<table id=\"tablepress-4\" class=\"tablepress tablepress-id-4\" aria-labelledby=\"tablepress-4-name\">\n<thead>\n<tr class=\"row-1\">\n\t<th class=\"column-1\"><strong>Modell<\/strong><\/th><th class=\"column-2\"><strong>Bild<\/strong><\/th><th class=\"column-3\"><strong>Typ<\/strong><\/th><th class=\"column-4\"><strong>Winkel<\/strong><\/th><th class=\"column-5\"><strong>Form<\/strong><\/th><th class=\"column-6\"><strong>Besonderheit<\/strong><\/th>\n<\/tr>\n<\/thead>\n<tbody class=\"row-striping row-hover\">\n<tr class=\"row-2\">\n\t<td class=\"column-1\"><a href=\"https:\/\/showerglasshardware.com\/de-de\/product\/sd9045a-brass-90-glass-to-wall-clamp-clip-with-cover\/\">SD9045A<\/a><\/td><td class=\"column-2\"><a href=\"https:\/\/showerglasshardware.com\/wp-content\/uploads\/2025\/10\/SD9045A-Black-Size.jpg\"><img decoding=\"async\" src=\"https:\/\/showerglasshardware.com\/wp-content\/uploads\/2025\/10\/SD9045A-Black-Size-300x300.jpg\" alt=\"SD9045A Messing 90\u00b0 Glas-zu-Wand-Klemme mit Deckel Gr\u00f6\u00dfe\" width=\"60\" height=\"60\" class=\"alignnone size-medium wp-image-4818\" title=\"\" srcset=\"https:\/\/showerglasshardware.com\/wp-content\/uploads\/2025\/10\/SD9045A-Black-Size-300x300.jpg 300w, https:\/\/showerglasshardware.com\/wp-content\/uploads\/2025\/10\/SD9045A-Black-Size-150x150.jpg 150w, https:\/\/showerglasshardware.com\/wp-content\/uploads\/2025\/10\/SD9045A-Black-Size-768x768.jpg 768w, https:\/\/showerglasshardware.com\/wp-content\/uploads\/2025\/10\/SD9045A-Black-Size-12x12.jpg 12w, https:\/\/showerglasshardware.com\/wp-content\/uploads\/2025\/10\/SD9045A-Black-Size-600x600.jpg 600w, https:\/\/showerglasshardware.com\/wp-content\/uploads\/2025\/10\/SD9045A-Black-Size-100x100.jpg 100w, https:\/\/showerglasshardware.com\/wp-content\/uploads\/2025\/10\/SD9045A-Black-Size.jpg 800w\" sizes=\"(max-width: 60px) 100vw, 60px\" \/><\/a><\/td><td class=\"column-3\">Glas an Wand<\/td><td class=\"column-4\">90\u00b0<\/td><td class=\"column-5\">Rechteck<\/td><td class=\"column-6\">Mit Deckel, runder Ausschnitt<\/td>\n<\/tr>\n<tr class=\"row-3\">\n\t<td class=\"column-1\"><a href=\"https:\/\/showerglasshardware.com\/de-de\/product\/sd9045b-l-shape-brass-90-glass-to-wall-clip-bracket\/\">SD9045B<\/a><\/td><td class=\"column-2\"><a href=\"https:\/\/showerglasshardware.com\/wp-content\/uploads\/2025\/10\/SD9045B-Black-Size.jpg\"><img decoding=\"async\" src=\"https:\/\/showerglasshardware.com\/wp-content\/uploads\/2025\/10\/SD9045B-Black-Size-300x300.jpg\" alt=\"SD9045B L-Form Messing 90\u00b0 Glas-zu-Wand-Clip Halterung Gr\u00f6\u00dfe\" width=\"60\" height=\"60\" class=\"alignnone size-medium wp-image-4821\" title=\"\" srcset=\"https:\/\/showerglasshardware.com\/wp-content\/uploads\/2025\/10\/SD9045B-Black-Size-300x300.jpg 300w, https:\/\/showerglasshardware.com\/wp-content\/uploads\/2025\/10\/SD9045B-Black-Size-150x150.jpg 150w, https:\/\/showerglasshardware.com\/wp-content\/uploads\/2025\/10\/SD9045B-Black-Size-768x768.jpg 768w, https:\/\/showerglasshardware.com\/wp-content\/uploads\/2025\/10\/SD9045B-Black-Size-12x12.jpg 12w, https:\/\/showerglasshardware.com\/wp-content\/uploads\/2025\/10\/SD9045B-Black-Size-600x600.jpg 600w, https:\/\/showerglasshardware.com\/wp-content\/uploads\/2025\/10\/SD9045B-Black-Size-100x100.jpg 100w, https:\/\/showerglasshardware.com\/wp-content\/uploads\/2025\/10\/SD9045B-Black-Size.jpg 800w\" sizes=\"(max-width: 60px) 100vw, 60px\" \/><\/a><\/td><td class=\"column-3\">Glas an Wand<\/td><td class=\"column-4\">90\u00b0<\/td><td class=\"column-5\">Rechteck<\/td><td class=\"column-6\">Mit Abdeckung, hohe Stabilit\u00e4t<\/td>\n<\/tr>\n<tr class=\"row-4\">\n\t<td class=\"column-1\"><a href=\"https:\/\/showerglasshardware.com\/de-de\/product\/sd9045c-brass-90-glass-to-glass-clamp-clip-with-cover\/\">SD9045C<\/a><\/td><td class=\"column-2\"><a href=\"https:\/\/showerglasshardware.com\/wp-content\/uploads\/2025\/10\/SD9045C-Black-Size.jpg\"><img decoding=\"async\" src=\"https:\/\/showerglasshardware.com\/wp-content\/uploads\/2025\/10\/SD9045C-Black-Size-300x300.jpg\" alt=\"\" width=\"60\" height=\"60\" class=\"alignnone size-medium wp-image-4830\" title=\"\" srcset=\"https:\/\/showerglasshardware.com\/wp-content\/uploads\/2025\/10\/SD9045C-Black-Size-300x300.jpg 300w, https:\/\/showerglasshardware.com\/wp-content\/uploads\/2025\/10\/SD9045C-Black-Size-150x150.jpg 150w, https:\/\/showerglasshardware.com\/wp-content\/uploads\/2025\/10\/SD9045C-Black-Size-768x768.jpg 768w, https:\/\/showerglasshardware.com\/wp-content\/uploads\/2025\/10\/SD9045C-Black-Size-12x12.jpg 12w, https:\/\/showerglasshardware.com\/wp-content\/uploads\/2025\/10\/SD9045C-Black-Size-600x600.jpg 600w, https:\/\/showerglasshardware.com\/wp-content\/uploads\/2025\/10\/SD9045C-Black-Size-100x100.jpg 100w, https:\/\/showerglasshardware.com\/wp-content\/uploads\/2025\/10\/SD9045C-Black-Size.jpg 800w\" sizes=\"(max-width: 60px) 100vw, 60px\" \/><\/a><\/td><td class=\"column-3\">Von Glas zu Glas<\/td><td class=\"column-4\">90\u00b0<\/td><td class=\"column-5\">Rechteck<\/td><td class=\"column-6\">Mit Deckel, saubere Ausf\u00fchrung<\/td>\n<\/tr>\n<\/tbody>\n<\/table>\n<!-- #tablepress-4 from cache -->","protected":false},"excerpt":{"rendered":"<ul>\n<li>Messing<\/li>\n<li>L-f\u00f6rmige Glaseckklammer mit Abdeckung<\/li>\n<li>90\u00b0 Wandbefestigungsklemmen<\/li>\n<li>Glasst\u00e4rke: 8\u201312 mm;<\/li>\n<li>Max. Glast\u00fcrgewicht: 45kg (2Stk);<\/li>\n<li>Oberfl\u00e4che: Chrom poliert; Poliertes Gold; Geb\u00fcrstetes Nickel; Gun Metal; Mattschwarz<\/li>\n<\/ul>","protected":false},"featured_media":4820,"comment_status":"open","ping_status":"closed","template":"","meta":{"_acf_changed":false},"product_brand":[],"product_cat":[24,110],"product_tag":[],"class_list":{"0":"post-4819","1":"product","2":"type-product","3":"status-publish","4":"has-post-thumbnail","6":"product_cat-shower-glass-clamps","7":"product_cat-wall-mount-clamps","8":"pa_finish-brushed-nickel","9":"pa_finish-chrome","10":"pa_finish-gold","11":"pa_finish-gun-metal","12":"pa_finish-black","13":"pa_glass-thickness-1-2-inch-12mm","14":"pa_glass-thickness-3-8-inch-10mm","15":"pa_glass-thickness-5-16-inch-8mm","16":"pa_load-bearing-45kg-2pcs","17":"pa_material-brass","19":"first","20":"instock","21":"taxable","22":"shipping-taxable","23":"product-type-simple"},"acf":[],"_links":{"self":[{"href":"https:\/\/showerglasshardware.com\/de-de\/wp-json\/wp\/v2\/product\/4819","targetHints":{"allow":["GET"]}}],"collection":[{"href":"https:\/\/showerglasshardware.com\/de-de\/wp-json\/wp\/v2\/product"}],"about":[{"href":"https:\/\/showerglasshardware.com\/de-de\/wp-json\/wp\/v2\/types\/product"}],"replies":[{"embeddable":true,"href":"https:\/\/showerglasshardware.com\/de-de\/wp-json\/wp\/v2\/comments?post=4819"}],"version-history":[{"count":2,"href":"https:\/\/showerglasshardware.com\/de-de\/wp-json\/wp\/v2\/product\/4819\/revisions"}],"predecessor-version":[{"id":4864,"href":"https:\/\/showerglasshardware.com\/de-de\/wp-json\/wp\/v2\/product\/4819\/revisions\/4864"}],"wp:featuredmedia":[{"embeddable":true,"href":"https:\/\/showerglasshardware.com\/de-de\/wp-json\/wp\/v2\/media\/4820"}],"wp:attachment":[{"href":"https:\/\/showerglasshardware.com\/de-de\/wp-json\/wp\/v2\/media?parent=4819"}],"wp:term":[{"taxonomy":"product_brand","embeddable":true,"href":"https:\/\/showerglasshardware.com\/de-de\/wp-json\/wp\/v2\/product_brand?post=4819"},{"taxonomy":"product_cat","embeddable":true,"href":"https:\/\/showerglasshardware.com\/de-de\/wp-json\/wp\/v2\/product_cat?post=4819"},{"taxonomy":"product_tag","embeddable":true,"href":"https:\/\/showerglasshardware.com\/de-de\/wp-json\/wp\/v2\/product_tag?post=4819"}],"curies":[{"name":"wp","href":"https:\/\/api.w.org\/{rel}","templated":true}]}}