{"id":4916,"date":"2025-10-16T14:48:23","date_gmt":"2025-10-16T14:48:23","guid":{"rendered":"https:\/\/showerglasshardware.com\/?post_type=product&#038;p=4916"},"modified":"2026-03-10T03:16:27","modified_gmt":"2026-03-10T03:16:27","slug":"lm5901al-left-side-brass-shower-door-pivot-hinge","status":"publish","type":"product","link":"https:\/\/showerglasshardware.com\/de-de\/product\/lm5901al-left-side-brass-shower-door-pivot-hinge\/","title":{"rendered":"LM5901AL Linksseitiges Messing-Duscht\u00fcr-Drehgelenk - Glas zur Wand 8-12mm"},"content":{"rendered":"<p data-start=\"2552\" data-end=\"2921\">Das LM5901AL Left-Side Brass Pivot Hinge bietet eine zuverl\u00e4ssige und elegante L\u00f6sung f\u00fcr linksseitige Duscht\u00fcrinstallationen mit Glas an der Wand.<br data-start=\"2720\" data-end=\"2723\" \/>Er ist aus massivem Messing gefertigt und gew\u00e4hrleistet eine reibungslose Drehbewegung, Langlebigkeit und ein elegantes Aussehen.<br data-start=\"2817\" data-end=\"2820\" \/>Perfekt f\u00fcr rahmenlose Duschkabinen, die 8-12 mm Glas und bis zu 40 kg pro zwei Scharniere tragen.<\/p>\n<p data-start=\"2923\" data-end=\"2936\">Hauptmerkmale:<\/p>\n<ul data-start=\"2937\" data-end=\"3124\">\n<li data-start=\"2937\" data-end=\"2982\">\n<p data-start=\"2939\" data-end=\"2982\">Typ: Linksseitiges Glas-an-Wand-Drehscharnier<\/p>\n<\/li>\n<li data-start=\"2983\" data-end=\"3002\">\n<p data-start=\"2985\" data-end=\"3002\">Material: Messing<\/p>\n<\/li>\n<li data-start=\"3003\" data-end=\"3030\">\n<p data-start=\"3005\" data-end=\"3030\">Glasdicke: 8-12mm<\/p>\n<\/li>\n<li data-start=\"3031\" data-end=\"3067\">\n<p data-start=\"3033\" data-end=\"3067\">Tragf\u00e4higkeit: 40kg (zwei Scharniere)<\/p>\n<\/li>\n<li data-start=\"3068\" data-end=\"3124\">\n<p data-start=\"3070\" data-end=\"3124\">Ausf\u00fchrungen: Chrom \/ Nickel satiniert \/ Schwarz matt \/ Gold<\/p>\n<\/li>\n<\/ul>\n<h2 id=\"tablepress-7-name\" class=\"tablepress-table-name tablepress-table-name-id-7\">Duschgelenkscharnier - Serie LM5901<\/h2>\n\n<table id=\"tablepress-7\" class=\"tablepress tablepress-id-7\" aria-labelledby=\"tablepress-7-name\">\n<thead>\n<tr class=\"row-1\">\n\t<th class=\"column-1\"><strong>Modell<\/strong><\/th><th class=\"column-2\"><strong>Bild<\/strong><\/th><th class=\"column-3\"><strong>Einbauart<\/strong><\/th><th class=\"column-4\"><strong>Glasdicke<\/strong><\/th><th class=\"column-5\"><strong>Ausf\u00fchrungsoptionen<\/strong><\/th><th class=\"column-6\"><strong>Geeignet f\u00fcr<\/strong><\/th>\n<\/tr>\n<\/thead>\n<tbody class=\"row-striping row-hover\">\n<tr class=\"row-2\">\n\t<td class=\"column-1\"><a href=\"https:\/\/showerglasshardware.com\/de-de\/product\/lm5901-brass-top-mount-shower-door-pivot-hinge\/\">LM5901<\/a><\/td><td class=\"column-2\"><a href=\"https:\/\/showerglasshardware.com\/wp-content\/uploads\/2025\/10\/LM5901-Brass-Top-Mount-Shower-Door-Pivot-Hinge-Size.jpg\"><img decoding=\"async\" src=\"https:\/\/showerglasshardware.com\/wp-content\/uploads\/2025\/10\/LM5901-Brass-Top-Mount-Shower-Door-Pivot-Hinge-Size-300x300.jpg\" alt=\"\" width=\"60\" height=\"60\" class=\"alignnone size-medium wp-image-4910\" title=\"\" srcset=\"https:\/\/showerglasshardware.com\/wp-content\/uploads\/2025\/10\/LM5901-Brass-Top-Mount-Shower-Door-Pivot-Hinge-Size-300x300.jpg 300w, https:\/\/showerglasshardware.com\/wp-content\/uploads\/2025\/10\/LM5901-Brass-Top-Mount-Shower-Door-Pivot-Hinge-Size-150x150.jpg 150w, https:\/\/showerglasshardware.com\/wp-content\/uploads\/2025\/10\/LM5901-Brass-Top-Mount-Shower-Door-Pivot-Hinge-Size-768x768.jpg 768w, https:\/\/showerglasshardware.com\/wp-content\/uploads\/2025\/10\/LM5901-Brass-Top-Mount-Shower-Door-Pivot-Hinge-Size-12x12.jpg 12w, https:\/\/showerglasshardware.com\/wp-content\/uploads\/2025\/10\/LM5901-Brass-Top-Mount-Shower-Door-Pivot-Hinge-Size-600x600.jpg 600w, https:\/\/showerglasshardware.com\/wp-content\/uploads\/2025\/10\/LM5901-Brass-Top-Mount-Shower-Door-Pivot-Hinge-Size-100x100.jpg 100w, https:\/\/showerglasshardware.com\/wp-content\/uploads\/2025\/10\/LM5901-Brass-Top-Mount-Shower-Door-Pivot-Hinge-Size.jpg 800w\" sizes=\"(max-width: 60px) 100vw, 60px\" \/><\/a><\/td><td class=\"column-3\">Befestigung oben<\/td><td class=\"column-4\">8-12mm<\/td><td class=\"column-5\">Chrom \/ Nickel satiniert \/ Schwarz matt \/ Gold<\/td><td class=\"column-6\">Oben schwenkbare T\u00fcr<\/td>\n<\/tr>\n<tr class=\"row-3\">\n\t<td class=\"column-1\"><a href=\"https:\/\/showerglasshardware.com\/de-de\/product\/lm5901al-left-side-brass-shower-door-pivot-hinge\/\">LM5901AL<\/a><\/td><td class=\"column-2\"><a href=\"https:\/\/showerglasshardware.com\/wp-content\/uploads\/2025\/10\/LM5901AL-Left-Side-Brass-Shower-Door-Pivot-Hinge-Size.jpg\"><img decoding=\"async\" src=\"https:\/\/showerglasshardware.com\/wp-content\/uploads\/2025\/10\/LM5901AL-Left-Side-Brass-Shower-Door-Pivot-Hinge-Size-300x300.jpg\" alt=\"LM5901AL Linksseitiges Messing-Duscht\u00fcr-Drehscharnier - Glas zur Wand 8-12mm Gr\u00f6\u00dfe\" width=\"60\" height=\"60\" class=\"alignnone size-medium wp-image-4919\" title=\"\" srcset=\"https:\/\/showerglasshardware.com\/wp-content\/uploads\/2025\/10\/LM5901AL-Left-Side-Brass-Shower-Door-Pivot-Hinge-Size-300x300.jpg 300w, https:\/\/showerglasshardware.com\/wp-content\/uploads\/2025\/10\/LM5901AL-Left-Side-Brass-Shower-Door-Pivot-Hinge-Size-150x150.jpg 150w, https:\/\/showerglasshardware.com\/wp-content\/uploads\/2025\/10\/LM5901AL-Left-Side-Brass-Shower-Door-Pivot-Hinge-Size-768x768.jpg 768w, https:\/\/showerglasshardware.com\/wp-content\/uploads\/2025\/10\/LM5901AL-Left-Side-Brass-Shower-Door-Pivot-Hinge-Size-12x12.jpg 12w, https:\/\/showerglasshardware.com\/wp-content\/uploads\/2025\/10\/LM5901AL-Left-Side-Brass-Shower-Door-Pivot-Hinge-Size-600x600.jpg 600w, https:\/\/showerglasshardware.com\/wp-content\/uploads\/2025\/10\/LM5901AL-Left-Side-Brass-Shower-Door-Pivot-Hinge-Size-100x100.jpg 100w, https:\/\/showerglasshardware.com\/wp-content\/uploads\/2025\/10\/LM5901AL-Left-Side-Brass-Shower-Door-Pivot-Hinge-Size.jpg 800w\" sizes=\"(max-width: 60px) 100vw, 60px\" \/><\/a><\/td><td class=\"column-3\">Linke Seite Glas zur Wand<\/td><td class=\"column-4\">8-12mm<\/td><td class=\"column-5\">Chrom \/ Nickel satiniert \/ Schwarz matt \/ Gold<\/td><td class=\"column-6\">Rechte Dreht\u00fcr<\/td>\n<\/tr>\n<tr class=\"row-4\">\n\t<td class=\"column-1\"><a href=\"https:\/\/showerglasshardware.com\/de-de\/product\/lm5901ar-right-side-brass-shower-door-pivot-hinge\/\">LM5901AR<\/a><\/td><td class=\"column-2\"><a href=\"https:\/\/showerglasshardware.com\/wp-content\/uploads\/2025\/10\/LM5901AR-Right-Side-Brass-Shower-Door-Pivot-Hinge-Size.jpg\"><img decoding=\"async\" src=\"https:\/\/showerglasshardware.com\/wp-content\/uploads\/2025\/10\/LM5901AR-Right-Side-Brass-Shower-Door-Pivot-Hinge-Size-300x300.jpg\" alt=\"LM5901AR Rechtsseitiges Messing-Duscht\u00fcr-Drehscharnier - Glas zur Wand 8-12mm Gr\u00f6\u00dfe\" width=\"60\" height=\"60\" class=\"alignnone size-medium wp-image-4913\" title=\"\" srcset=\"https:\/\/showerglasshardware.com\/wp-content\/uploads\/2025\/10\/LM5901AR-Right-Side-Brass-Shower-Door-Pivot-Hinge-Size-300x300.jpg 300w, https:\/\/showerglasshardware.com\/wp-content\/uploads\/2025\/10\/LM5901AR-Right-Side-Brass-Shower-Door-Pivot-Hinge-Size-150x150.jpg 150w, https:\/\/showerglasshardware.com\/wp-content\/uploads\/2025\/10\/LM5901AR-Right-Side-Brass-Shower-Door-Pivot-Hinge-Size-768x768.jpg 768w, https:\/\/showerglasshardware.com\/wp-content\/uploads\/2025\/10\/LM5901AR-Right-Side-Brass-Shower-Door-Pivot-Hinge-Size-12x12.jpg 12w, https:\/\/showerglasshardware.com\/wp-content\/uploads\/2025\/10\/LM5901AR-Right-Side-Brass-Shower-Door-Pivot-Hinge-Size-600x600.jpg 600w, https:\/\/showerglasshardware.com\/wp-content\/uploads\/2025\/10\/LM5901AR-Right-Side-Brass-Shower-Door-Pivot-Hinge-Size-100x100.jpg 100w, https:\/\/showerglasshardware.com\/wp-content\/uploads\/2025\/10\/LM5901AR-Right-Side-Brass-Shower-Door-Pivot-Hinge-Size.jpg 800w\" sizes=\"(max-width: 60px) 100vw, 60px\" \/><\/a><\/td><td class=\"column-3\">Rechtsseitig Glas zur Wand<\/td><td class=\"column-4\">8-12mm<\/td><td class=\"column-5\">Chrom \/ Nickel satiniert \/ Schwarz matt \/ Gold<\/td><td class=\"column-6\">Linke Dreht\u00fcr<\/td>\n<\/tr>\n<tr class=\"row-5\">\n\t<td class=\"column-1\"><a href=\"https:\/\/showerglasshardware.com\/de-de\/product\/lm5901b-brass-180-glass-to-glass-shower-door-pivot-hinge\/\">LM5901B<\/a><\/td><td class=\"column-2\"><a href=\"https:\/\/showerglasshardware.com\/wp-content\/uploads\/2025\/10\/LM5901B-Brass-180\u00b0-Glass-to-Glass-Shower-Door-Pivot-Hinge-Size.jpg\"><img loading=\"lazy\" decoding=\"async\" src=\"https:\/\/showerglasshardware.com\/wp-content\/uploads\/2025\/10\/LM5901B-Brass-180\u00b0-Glass-to-Glass-Shower-Door-Pivot-Hinge-Size-300x300.jpg\" alt=\"LM5901B Messing 180\u00b0 Glas-Glas-Duscht\u00fcr-Drehgelenk - f\u00fcr 8-12mm Glasgr\u00f6\u00dfe\" width=\"60\" height=\"60\" class=\"alignnone size-medium wp-image-4922\" title=\"\" srcset=\"https:\/\/showerglasshardware.com\/wp-content\/uploads\/2025\/10\/LM5901B-Brass-180\u00b0-Glass-to-Glass-Shower-Door-Pivot-Hinge-Size-300x300.jpg 300w, https:\/\/showerglasshardware.com\/wp-content\/uploads\/2025\/10\/LM5901B-Brass-180\u00b0-Glass-to-Glass-Shower-Door-Pivot-Hinge-Size-150x150.jpg 150w, https:\/\/showerglasshardware.com\/wp-content\/uploads\/2025\/10\/LM5901B-Brass-180\u00b0-Glass-to-Glass-Shower-Door-Pivot-Hinge-Size-768x768.jpg 768w, https:\/\/showerglasshardware.com\/wp-content\/uploads\/2025\/10\/LM5901B-Brass-180\u00b0-Glass-to-Glass-Shower-Door-Pivot-Hinge-Size-12x12.jpg 12w, https:\/\/showerglasshardware.com\/wp-content\/uploads\/2025\/10\/LM5901B-Brass-180\u00b0-Glass-to-Glass-Shower-Door-Pivot-Hinge-Size-600x600.jpg 600w, https:\/\/showerglasshardware.com\/wp-content\/uploads\/2025\/10\/LM5901B-Brass-180\u00b0-Glass-to-Glass-Shower-Door-Pivot-Hinge-Size-100x100.jpg 100w, https:\/\/showerglasshardware.com\/wp-content\/uploads\/2025\/10\/LM5901B-Brass-180\u00b0-Glass-to-Glass-Shower-Door-Pivot-Hinge-Size.jpg 800w\" sizes=\"(max-width: 60px) 100vw, 60px\" \/><\/a><\/td><td class=\"column-3\">180\u00b0 Glas zu Glas<\/td><td class=\"column-4\">8-12mm<\/td><td class=\"column-5\">Chrom \/ Nickel satiniert \/ Schwarz matt \/ Gold<\/td><td class=\"column-6\">Doppelter Glaseinschluss<\/td>\n<\/tr>\n<\/tbody>\n<\/table>\n<!-- #tablepress-7 from cache -->","protected":false},"excerpt":{"rendered":"<p>Linkes Messing-Scharnier f\u00fcr rahmenlose Glast\u00fcren. F\u00fcr 8-12mm Glas, tr\u00e4gt 40kg pro zwei Scharniere.<\/p>","protected":false},"featured_media":4918,"comment_status":"open","ping_status":"closed","template":"","meta":{"_acf_changed":false},"product_brand":[],"product_cat":[20,169],"product_tag":[],"class_list":{"0":"post-4916","1":"product","2":"type-product","3":"status-publish","4":"has-post-thumbnail","6":"product_cat-shower-door-hinges","7":"product_cat-shower-pivot-hinges","8":"pa_finish-chrome","9":"pa_finish-gold","10":"pa_finish-black","11":"pa_glass-thickness-1-2-inch-12mm","12":"pa_glass-thickness-3-8-inch-10mm","13":"pa_glass-thickness-5-16-inch-8mm","14":"pa_load-bearing-2-hinges-maximum-loading-40kgs","15":"pa_material-brass","17":"first","18":"instock","19":"taxable","20":"shipping-taxable","21":"product-type-simple"},"acf":[],"_links":{"self":[{"href":"https:\/\/showerglasshardware.com\/de-de\/wp-json\/wp\/v2\/product\/4916","targetHints":{"allow":["GET"]}}],"collection":[{"href":"https:\/\/showerglasshardware.com\/de-de\/wp-json\/wp\/v2\/product"}],"about":[{"href":"https:\/\/showerglasshardware.com\/de-de\/wp-json\/wp\/v2\/types\/product"}],"replies":[{"embeddable":true,"href":"https:\/\/showerglasshardware.com\/de-de\/wp-json\/wp\/v2\/comments?post=4916"}],"version-history":[{"count":3,"href":"https:\/\/showerglasshardware.com\/de-de\/wp-json\/wp\/v2\/product\/4916\/revisions"}],"predecessor-version":[{"id":5196,"href":"https:\/\/showerglasshardware.com\/de-de\/wp-json\/wp\/v2\/product\/4916\/revisions\/5196"}],"wp:featuredmedia":[{"embeddable":true,"href":"https:\/\/showerglasshardware.com\/de-de\/wp-json\/wp\/v2\/media\/4918"}],"wp:attachment":[{"href":"https:\/\/showerglasshardware.com\/de-de\/wp-json\/wp\/v2\/media?parent=4916"}],"wp:term":[{"taxonomy":"product_brand","embeddable":true,"href":"https:\/\/showerglasshardware.com\/de-de\/wp-json\/wp\/v2\/product_brand?post=4916"},{"taxonomy":"product_cat","embeddable":true,"href":"https:\/\/showerglasshardware.com\/de-de\/wp-json\/wp\/v2\/product_cat?post=4916"},{"taxonomy":"product_tag","embeddable":true,"href":"https:\/\/showerglasshardware.com\/de-de\/wp-json\/wp\/v2\/product_tag?post=4916"}],"curies":[{"name":"wp","href":"https:\/\/api.w.org\/{rel}","templated":true}]}}