{"id":5227,"date":"2026-03-10T03:04:16","date_gmt":"2026-03-10T03:04:16","guid":{"rendered":"https:\/\/showerglasshardware.com\/?post_type=product&#038;p=5227"},"modified":"2026-03-10T03:07:06","modified_gmt":"2026-03-10T03:07:06","slug":"black-glass-to-wall-hinge-for-frameless-shower-doors-stlw04","status":"publish","type":"product","link":"https:\/\/showerglasshardware.com\/de-de\/product\/black-glass-to-wall-hinge-for-frameless-shower-doors-stlw04\/","title":{"rendered":"Schwarzes Glas-Wand-Scharnier f\u00fcr rahmenlose Duscht\u00fcren STLW04"},"content":{"rendered":"<h3>Warum w\u00e4hlen Sie unsere Solid Brass Black Glass to Wall Hinge?<\/h3>\n<p data-path-to-node=\"16\">Wenn es um rahmenlose Glasbeschl\u00e4ge geht, sind Haltbarkeit und \u00c4sthetik nicht verhandelbar. Unser <b data-path-to-node=\"16\" data-index-in-node=\"93\">50x50mm Glasscharnier f\u00fcr die Wandmontage<\/b> ist die erste Wahl f\u00fcr Bauunternehmer und Hausbesitzer gleicherma\u00dfen:<\/p>\n<ul data-path-to-node=\"17\">\n<li>\n<p data-path-to-node=\"17,0,0\"><b data-path-to-node=\"17,0,0\" data-index-in-node=\"0\">Korrosionsbest\u00e4ndiges Massivmessing:<\/b> Im Gegensatz zu Zinklegierungen sorgt unsere massive Messingkonstruktion daf\u00fcr, dass das Scharnier nicht durchh\u00e4ngt oder rostet, auch nicht bei hoher Luftfeuchtigkeit im Badezimmer.<\/p>\n<\/li>\n<li>\n<p data-path-to-node=\"17,1,0\"><b data-path-to-node=\"17,1,0\" data-index-in-node=\"0\">Minimalistisches quadratisches Design:<\/b> Die matte <b data-path-to-node=\"17,1,0\" data-index-in-node=\"36\">Schwarzes Glas-Wand-Scharnier<\/b> hat ein scharfes, quadratisches Profil von 50 x 50 mm, das perfekt zu modernen schwarzen Badarmaturen und Wasserh\u00e4hnen passt.<\/p>\n<\/li>\n<li>\n<p data-path-to-node=\"17,2,0\"><b data-path-to-node=\"17,2,0\" data-index-in-node=\"0\">Sichere Grip-Technologie:<\/b> Ausgestattet mit hochdichten Gummidichtungen, die ein Verrutschen des Glases verhindern und Ihre Glasscheiben vor Kratzern sch\u00fctzen.<\/p>\n<\/li>\n<\/ul>\n<h3>Technische Spezifikationen und Kompatibilit\u00e4t<\/h3>\n<table data-path-to-node=\"21\">\n<thead>\n<tr>\n<td><strong>Besonderheit<\/strong><\/td>\n<td><strong>Spezifikation<\/strong><\/td>\n<\/tr>\n<\/thead>\n<tbody>\n<tr>\n<td><span data-path-to-node=\"21,1,0,0\"><b data-path-to-node=\"21,1,0,0\" data-index-in-node=\"0\">Produkttyp<\/b><\/span><\/td>\n<td><span data-path-to-node=\"21,1,1,0\">Schwarzes Glas-Wand-Scharnier (90 Grad)<\/span><\/td>\n<\/tr>\n<tr>\n<td><span data-path-to-node=\"21,2,0,0\"><b data-path-to-node=\"21,2,0,0\" data-index-in-node=\"0\">Material<\/b><\/span><\/td>\n<td><span data-path-to-node=\"21,2,1,0\">100% Massiv-Messing<\/span><\/td>\n<\/tr>\n<tr>\n<td><span data-path-to-node=\"21,3,0,0\"><b data-path-to-node=\"21,3,0,0\" data-index-in-node=\"0\">Ma\u00dfe<\/b><\/span><\/td>\n<td><span data-path-to-node=\"21,3,1,0\">50mm x 50mm<\/span><\/td>\n<\/tr>\n<tr>\n<td><span data-path-to-node=\"21,4,0,0\"><b data-path-to-node=\"21,4,0,0\" data-index-in-node=\"0\">Glas Bereich<\/b><\/span><\/td>\n<td><span data-path-to-node=\"21,4,1,0\">8mm, 10mm, 12mm geh\u00e4rtetes Glas<\/span><\/td>\n<\/tr>\n<tr>\n<td><span data-path-to-node=\"21,5,0,0\"><b data-path-to-node=\"21,5,0,0\" data-index-in-node=\"0\">Maximale Tragf\u00e4higkeit<\/b><\/span><\/td>\n<td><span data-path-to-node=\"21,5,1,0\">45kg pro Paar<\/span><\/td>\n<\/tr>\n<tr>\n<td><span data-path-to-node=\"21,6,0,0\"><b data-path-to-node=\"21,6,0,0\" data-index-in-node=\"0\">Beenden<\/b><\/span><\/td>\n<td><span data-path-to-node=\"21,6,1,0\">Professional Mattschwarz<\/span><\/td>\n<\/tr>\n<\/tbody>\n<\/table>\n<h3>Installation und Anwendung<\/h3>\n<p data-path-to-node=\"24\">Diese <b data-path-to-node=\"24\" data-index-in-node=\"5\">Glasscharnier f\u00fcr Wandmontage<\/b> ist ideal f\u00fcr:<\/p>\n<ul data-path-to-node=\"25\">\n<li>\n<p data-path-to-node=\"25,0,0\">Rahmenlose Duscht\u00fcren<\/p>\n<\/li>\n<li>\n<p data-path-to-node=\"25,1,0\">B\u00fcrotrennw\u00e4nde aus Glas<\/p>\n<\/li>\n<li>\n<p data-path-to-node=\"25,2,0\">Glasvitrinen<\/p>\n<\/li>\n<li>\n<p data-path-to-node=\"25,3,0\">Glasabdeckungen f\u00fcr Fitnessstudios und Spas<\/p>\n<\/li>\n<\/ul>\n<p data-path-to-node=\"26\"><b data-path-to-node=\"26\" data-index-in-node=\"0\">Tipp zur Installation:<\/b> Vergewissern Sie sich, dass die Wandoberfl\u00e4che eben ist, damit sie b\u00fcndig sitzt. Wir empfehlen die Verwendung von zwei Scharnieren f\u00fcr Standardt\u00fcren bis zu einer Breite von 800 mm.<\/p>\n<h4 data-path-to-node=\"26\">H\u00e4ufig gestellte Fragen (FAQ-Bereich)<\/h4>\n<p><b data-path-to-node=\"30\" data-index-in-node=\"0\">F: Ist dieses schwarze Glas-Wand-Scharnier rostfrei?<\/b><\/p>\n<p>A: Ja, da er aus hochwertigem, massivem Messing mit einer galvanischen, mattschwarzen Oberfl\u00e4che besteht, ist er speziell daf\u00fcr ausgelegt, feuchten Umgebungen standzuhalten, ohne zu rosten.<\/p>\n<p><b data-path-to-node=\"31\" data-index-in-node=\"0\">F: Wird es mit Befestigungsmaterial geliefert?<\/b><\/p>\n<p>A: Ja, jedes Scharnier enth\u00e4lt die erforderlichen Wandschrauben und Innendichtungen f\u00fcr die Montage von 8-12 mm Glas.<\/p>\n<p><b data-path-to-node=\"32\" data-index-in-node=\"0\">F: Kann dieses Scharnier 12 mm dickes Glas halten?<\/b><\/p>\n<p>A: Auf jeden Fall. Dieses Scharnier ist belastungsgepr\u00fcft, um 8mm, 10mm und 12mm geh\u00e4rtetes Glas sicher zu halten.<\/p>","protected":false},"excerpt":{"rendered":"<p>Werten Sie Ihre rahmenlose Duschkabine mit unserem robusten schwarzen Glas-Wand-Scharnier auf. Dieses quadratische Scharnier mit den Ma\u00dfen 50 x 50 mm ist aus massivem Messing gefertigt und bietet eine elegante, mattschwarze Oberfl\u00e4che, die korrosions- und wasserfleckenbest\u00e4ndig ist. Das Scharnier ist f\u00fcr 8 mm bis 12 mm starkes, geh\u00e4rtetes Glas geeignet und gew\u00e4hrleistet einen sicheren, reibungslosen und leisen Betrieb der T\u00fcr in modernen Badezimmern.<\/p>\n<ul>\n<li><b data-path-to-node=\"12,0,0\" data-index-in-node=\"0\">Material:<\/b> Massiv Messing<\/li>\n<li><b data-path-to-node=\"12,1,0\" data-index-in-node=\"0\">Dicke des Glases:<\/b> 8-12 mm<\/li>\n<li><b data-path-to-node=\"12,2,0\" data-index-in-node=\"0\">Gr\u00f6\u00dfe:<\/b> 50mm x 50mm<\/li>\n<li><b data-path-to-node=\"12,3,0\" data-index-in-node=\"0\">Beenden:<\/b> Matt-schwarz<\/li>\n<\/ul>","protected":false},"featured_media":5229,"comment_status":"open","ping_status":"closed","template":"","meta":{"_acf_changed":false},"product_brand":[],"product_cat":[20,21],"product_tag":[],"class_list":{"0":"post-5227","1":"product","2":"type-product","3":"status-publish","4":"has-post-thumbnail","6":"product_cat-shower-door-hinges","7":"product_cat-glass-to-wall-hinges","8":"pa_finish-brushed-nickel","9":"pa_finish-chrome","10":"pa_finish-gold","11":"pa_finish-black","12":"pa_glass-thickness-1-2-inch-12mm","13":"pa_glass-thickness-3-8-inch-10mm","14":"pa_glass-thickness-5-16-inch-8mm","15":"pa_load-bearing-40kg","16":"pa_material-brass","18":"first","19":"instock","20":"taxable","21":"shipping-taxable","22":"product-type-simple"},"acf":[],"_links":{"self":[{"href":"https:\/\/showerglasshardware.com\/de-de\/wp-json\/wp\/v2\/product\/5227","targetHints":{"allow":["GET"]}}],"collection":[{"href":"https:\/\/showerglasshardware.com\/de-de\/wp-json\/wp\/v2\/product"}],"about":[{"href":"https:\/\/showerglasshardware.com\/de-de\/wp-json\/wp\/v2\/types\/product"}],"replies":[{"embeddable":true,"href":"https:\/\/showerglasshardware.com\/de-de\/wp-json\/wp\/v2\/comments?post=5227"}],"version-history":[{"count":1,"href":"https:\/\/showerglasshardware.com\/de-de\/wp-json\/wp\/v2\/product\/5227\/revisions"}],"predecessor-version":[{"id":5232,"href":"https:\/\/showerglasshardware.com\/de-de\/wp-json\/wp\/v2\/product\/5227\/revisions\/5232"}],"wp:featuredmedia":[{"embeddable":true,"href":"https:\/\/showerglasshardware.com\/de-de\/wp-json\/wp\/v2\/media\/5229"}],"wp:attachment":[{"href":"https:\/\/showerglasshardware.com\/de-de\/wp-json\/wp\/v2\/media?parent=5227"}],"wp:term":[{"taxonomy":"product_brand","embeddable":true,"href":"https:\/\/showerglasshardware.com\/de-de\/wp-json\/wp\/v2\/product_brand?post=5227"},{"taxonomy":"product_cat","embeddable":true,"href":"https:\/\/showerglasshardware.com\/de-de\/wp-json\/wp\/v2\/product_cat?post=5227"},{"taxonomy":"product_tag","embeddable":true,"href":"https:\/\/showerglasshardware.com\/de-de\/wp-json\/wp\/v2\/product_tag?post=5227"}],"curies":[{"name":"wp","href":"https:\/\/api.w.org\/{rel}","templated":true}]}}