{"id":5333,"date":"2026-04-16T09:47:07","date_gmt":"2026-04-16T09:47:07","guid":{"rendered":"https:\/\/showerglasshardware.com\/?post_type=product&#038;p=5333"},"modified":"2026-04-20T07:32:06","modified_gmt":"2026-04-20T07:32:06","slug":"6-back-to-back-tubular-black-shower-door-handle-sghls-01","status":"publish","type":"product","link":"https:\/\/showerglasshardware.com\/de-de\/product\/6-back-to-back-tubular-black-shower-door-handle-sghls-01\/","title":{"rendered":"6\u2033 R\u00fccken-an-R\u00fccken-Rohrgriff f\u00fcr Duscht\u00fcren, schwarz SGHLS-01"},"content":{"rendered":"<p>The SGHLS-01 back-to-back black shower door handle is a practical and durable solution for frameless shower enclosures and glass door systems. Made from stainless steel, this shower door handle offers dependable performance for commercial and residential glass applications where clean appearance and stable quality are required.<\/p>\n<p>Designed with a 6&#8243; (152 mm) center-to-center mounting size and 19 mm tubular diameter, this frameless shower door handle is suitable for glass panels with 8\u201312 mm thickness. The glass mount back-to-back installation provides a balanced grip on both sides of the door, making it a common choice for frameless shower doors, glass partitions, and other architectural glass door projects.<\/p>\n<p>This glass door handle is available in matte black, black, brushed nickel, and other custom finishes, allowing buyers to match different bathroom hardware collections and project requirements. For B2B customers, the model is suitable for wholesale purchasing, project supply, and brand-specific sourcing programs.<\/p>\n<p>As a factory direct supplier, we support OEM and customization services, including custom finishes and custom sizes based on your market needs. This stainless steel shower handle is a good option for wholesalers, distributors, contractors, shower door brands, and importers looking for stable supply and flexible production support.<\/p>\n<p>For bulk orders, custom specifications, or finish matching, please send us your inquiry.<\/p>\n<h2><strong>Hauptmerkmale<\/strong><\/h2>\n<ul>\n<li>Aus rostfreiem Stahl f\u00fcr den zuverl\u00e4ssigen t\u00e4glichen Gebrauch<\/li>\n<li>R\u00fccken-an-R\u00fccken-Montage f\u00fcr rahmenlose Duscht\u00fcren und Glast\u00fcren<\/li>\n<li>Geeignet f\u00fcr 8-12 mm Glasdicke<\/li>\n<li>6\u2033 (152 mm) Mitte-zu-Mitte-Montagegr\u00f6\u00dfe<\/li>\n<li>19 mm Rohrdurchmesser f\u00fcr einen sauberen und praktischen Griff<\/li>\n<li>Erh\u00e4ltlich in Mattschwarz, Schwarz, geb\u00fcrstetem Nickel und anderen Ausf\u00fchrungen<\/li>\n<li>Geeignet f\u00fcr Gro\u00dfhandel, Projektlieferungen und OEM-Programme<\/li>\n<li>Unterst\u00fctzung f\u00fcr kundenspezifische Gr\u00f6\u00dfen und Ausf\u00fchrungen verf\u00fcgbar<\/li>\n<\/ul>\n<h2 data-section-id=\"1h9jliy\" data-start=\"3321\" data-end=\"3348\">Anwendungsszenarien<\/h2>\n<p data-start=\"3350\" data-end=\"3400\">Diese <strong data-start=\"3355\" data-end=\"3383\">schwarzer Duscht\u00fcrgriff<\/strong> ist geeignet f\u00fcr:<\/p>\n<ul data-start=\"3402\" data-end=\"3640\">\n<li data-section-id=\"1n13nfs\" data-start=\"3402\" data-end=\"3433\">Rahmenlose Duscht\u00fcrsysteme<\/li>\n<li data-section-id=\"1q8sbat\" data-start=\"3434\" data-end=\"3468\">Glast\u00fcren f\u00fcr Wohnb\u00e4der<\/li>\n<li data-section-id=\"1bsm6s5\" data-start=\"3469\" data-end=\"3516\">Projekte f\u00fcr Duschkabinen in Hotels und Wohnungen<\/li>\n<li data-section-id=\"tr18cn\" data-start=\"3517\" data-end=\"3550\">Herstellung von Glast\u00fcren nach Ma\u00df<\/li>\n<li data-section-id=\"yx9qx1\" data-start=\"3551\" data-end=\"3590\">Duscht\u00fcrbeschl\u00e4ge Gro\u00dfhandel Versorgung<\/li>\n<li data-section-id=\"1ivul8z\" data-start=\"3591\" data-end=\"3640\">Auftragnehmer und projektbezogener Glaseinbau<\/li>\n<\/ul>\n<h2 data-section-id=\"1vxrneu\" data-start=\"3642\" data-end=\"3675\">OEM-\/Anpassungsunterst\u00fctzung<\/h2>\n<p data-start=\"3677\" data-end=\"4076\">Wir unterst\u00fctzen OEM und flexible Anpassungen f\u00fcr B2B-Kunden. Verf\u00fcgbare Dienstleistungen umfassen <strong data-start=\"3765\" data-end=\"3791\">individuelle Anpassung der Oberfl\u00e4che<\/strong>, <strong data-start=\"3793\" data-end=\"3815\">individuelle Griffgr\u00f6\u00dfe<\/strong>und Unterst\u00fctzung bei der Produktbeschaffung auf der Grundlage Ihrer Projekt- oder Marktanforderungen. Dadurch eignet sich die SGHLS-01 f\u00fcr Gro\u00dfh\u00e4ndler, Distributoren, Bauunternehmen und Duscht\u00fcrmarken, die eine Direktlieferung ab Werk mit stabiler Qualit\u00e4t und konsistenten Oberfl\u00e4chenoptionen suchen.<\/p>\n<h2 data-section-id=\"5qjdku\" data-start=\"4931\" data-end=\"4941\">FAQ<\/h2>\n<p data-start=\"4943\" data-end=\"5157\"><strong data-start=\"4943\" data-end=\"5012\">Q1: F\u00fcr welche Glasst\u00e4rke ist dieser Duscht\u00fcrgriff geeignet?<\/strong><br data-start=\"5012\" data-end=\"5015\" \/>Dieser Duscht\u00fcrgriff ist geeignet f\u00fcr <strong data-start=\"5055\" data-end=\"5082\">8-12 mm Glasdicke<\/strong>das \u00fcblicherweise f\u00fcr rahmenlose Duscht\u00fcren und Glast\u00fcrsysteme verwendet wird.<\/p>\n<p data-start=\"5159\" data-end=\"5380\"><strong data-start=\"5159\" data-end=\"5207\">F2: Welche Art der Befestigung wird bei diesem Griff verwendet?<\/strong><br data-start=\"5207\" data-end=\"5210\" \/>Das SGHLS-01 verwendet ein <strong data-start=\"5230\" data-end=\"5271\">Glashalterung R\u00fccken-an-R\u00fccken-Montage<\/strong>Dadurch eignet er sich f\u00fcr rahmenlose Duscht\u00fcren, bei denen die Griffe auf beiden Seiten der Glasscheibe angebracht sind.<\/p>\n<p data-start=\"5382\" data-end=\"5587\"><strong data-start=\"5382\" data-end=\"5443\">F3: Unterst\u00fctzen Sie OEM- oder kundenspezifische Optionen f\u00fcr diesen Griff?<\/strong><br data-start=\"5443\" data-end=\"5446\" \/>Ja. Wir unterst\u00fctzen <strong data-start=\"5462\" data-end=\"5477\">OEM-Service<\/strong>einschlie\u00dflich <strong data-start=\"5489\" data-end=\"5508\">individuelle Veredelungen<\/strong> und <strong data-start=\"5513\" data-end=\"5529\">Sondergr\u00f6\u00dfen<\/strong>, um den unterschiedlichen Markt- und Projektanforderungen gerecht zu werden.<\/p>","protected":false},"excerpt":{"rendered":"<ul>\n<li>6\u2033 Schwarzer Duscht\u00fcrgriff<\/li>\n<li>R\u00fccken-an-R\u00fccken-Ziehgriff<\/li>\n<li>Montage von Mitte zu Mitte: 152 mm (6 Zoll)<\/li>\n<li>Montageart: Glashalterung - R\u00fcckseite zu R\u00fcckseite<\/li>\n<li>Durchmesser des Rohres: 19 mm<\/li>\n<li>Mattes Schwarz<\/li>\n<\/ul>","protected":false},"featured_media":5336,"comment_status":"open","ping_status":"closed","template":"","meta":{"_acf_changed":false},"product_brand":[],"product_cat":[27],"product_tag":[206,199,204,201,205,202,203,198,200],"class_list":{"0":"post-5333","1":"product","2":"type-product","3":"status-publish","4":"has-post-thumbnail","6":"product_cat-shower-door-handles","7":"product_tag-b2b","8":"product_tag-back-to-back","9":"product_tag-bathroom","10":"product_tag-frameless-shower","11":"product_tag-hardware","12":"product_tag-matte-black","13":"product_tag-shower","14":"product_tag-stainless-steel","15":"product_tag-tubular","16":"pa_glass-thickness-1-2-inch-12mm","17":"pa_glass-thickness-3-8-inch-10mm","18":"pa_glass-thickness-5-16-inch-8mm","19":"pa_material-stainless-steel","21":"first","22":"instock","23":"taxable","24":"shipping-taxable","25":"purchasable","26":"product-type-simple"},"acf":[],"_links":{"self":[{"href":"https:\/\/showerglasshardware.com\/de-de\/wp-json\/wp\/v2\/product\/5333","targetHints":{"allow":["GET"]}}],"collection":[{"href":"https:\/\/showerglasshardware.com\/de-de\/wp-json\/wp\/v2\/product"}],"about":[{"href":"https:\/\/showerglasshardware.com\/de-de\/wp-json\/wp\/v2\/types\/product"}],"replies":[{"embeddable":true,"href":"https:\/\/showerglasshardware.com\/de-de\/wp-json\/wp\/v2\/comments?post=5333"}],"version-history":[{"count":3,"href":"https:\/\/showerglasshardware.com\/de-de\/wp-json\/wp\/v2\/product\/5333\/revisions"}],"predecessor-version":[{"id":5338,"href":"https:\/\/showerglasshardware.com\/de-de\/wp-json\/wp\/v2\/product\/5333\/revisions\/5338"}],"wp:featuredmedia":[{"embeddable":true,"href":"https:\/\/showerglasshardware.com\/de-de\/wp-json\/wp\/v2\/media\/5336"}],"wp:attachment":[{"href":"https:\/\/showerglasshardware.com\/de-de\/wp-json\/wp\/v2\/media?parent=5333"}],"wp:term":[{"taxonomy":"product_brand","embeddable":true,"href":"https:\/\/showerglasshardware.com\/de-de\/wp-json\/wp\/v2\/product_brand?post=5333"},{"taxonomy":"product_cat","embeddable":true,"href":"https:\/\/showerglasshardware.com\/de-de\/wp-json\/wp\/v2\/product_cat?post=5333"},{"taxonomy":"product_tag","embeddable":true,"href":"https:\/\/showerglasshardware.com\/de-de\/wp-json\/wp\/v2\/product_tag?post=5333"}],"curies":[{"name":"wp","href":"https:\/\/api.w.org\/{rel}","templated":true}]}}