{"id":5339,"date":"2026-04-20T07:44:15","date_gmt":"2026-04-20T07:44:15","guid":{"rendered":"https:\/\/showerglasshardware.com\/?post_type=product&#038;p=5339"},"modified":"2026-04-20T07:44:15","modified_gmt":"2026-04-20T07:44:15","slug":"8-back-to-back-black-pull-handle-for-shower-door-sghls-01","status":"publish","type":"product","link":"https:\/\/showerglasshardware.com\/de-de\/product\/8-back-to-back-black-pull-handle-for-shower-door-sghls-01\/","title":{"rendered":"8\u2033 Back-to-Back schwarzer Zuggriff f\u00fcr Duscht\u00fcr SGHLS-01"},"content":{"rendered":"<p>The SGHLS-01 8&#8243; back-to-back black pull handle is designed for frameless shower doors and other glass door applications that require a clean appearance and dependable performance. Made from stainless steel, this glass door handle is suitable for B2B buyers seeking stable quality and consistent supply for wholesale, project, or brand distribution.<\/p>\n<p>With an 8&#8243; (203 mm) center-to-center mounting size and a 19 mm tubular diameter, this frameless shower door handle is built for glass panels with 8\u201312 mm thickness. Its glass mount back-to-back installation makes it a practical choice for frameless shower enclosures, residential and commercial glass doors, and custom shower hardware projects.<\/p>\n<p>This black shower door handle is available in matte black, black, brushed nickel, and other custom finishes, allowing customers to match different shower enclosure styles and market preferences. The simple tubular design is suitable for modern shower door systems and can also be adapted to different project requirements through OEM support.<\/p>\n<p>As a factory direct supplier, we provide flexible manufacturing support for wholesalers, distributors, contractors, and shower door brands. Custom size and custom finish options are available for customers who need tailored hardware solutions for their own product lines or project specifications.<\/p>\n<p>If you are sourcing a back to back shower door pull handle or stainless steel shower handle for wholesale or OEM supply, welcome to send us your inquiry for details.<\/p>\n<h3 data-section-id=\"tkyadr\" data-start=\"2207\" data-end=\"2225\">Hauptmerkmale<\/h3>\n<ul data-start=\"2227\" data-end=\"2666\">\n<li data-section-id=\"2zrxug\" data-start=\"2227\" data-end=\"2279\">Gefertigt aus rostfreiem Stahl f\u00fcr eine stabile und dauerhafte Verwendung<\/li>\n<li data-section-id=\"lzrhyb\" data-start=\"2280\" data-end=\"2333\">Geeignet f\u00fcr rahmenlose Duscht\u00fcren und Glast\u00fcren<\/li>\n<li data-section-id=\"1uz06de\" data-start=\"2334\" data-end=\"2392\">R\u00fccken-an-R\u00fccken-Montage f\u00fcr Glast\u00fcranwendungen<\/li>\n<li data-section-id=\"1basd90\" data-start=\"2393\" data-end=\"2427\">Passt zu <strong data-start=\"2400\" data-end=\"2411\">8-12 mm<\/strong> Glasdicke<\/li>\n<li data-section-id=\"1vyv8up\" data-start=\"2428\" data-end=\"2476\"><strong data-start=\"2430\" data-end=\"2462\">8\u2033 (203 mm) Mitte-zu-Mitte<\/strong> Einbaugr\u00f6\u00dfe<\/li>\n<li data-section-id=\"13s7bfp\" data-start=\"2477\" data-end=\"2536\"><strong data-start=\"2479\" data-end=\"2505\">19 mm Rohrdurchmesser<\/strong> f\u00fcr einen sauberen und praktischen Griff<\/li>\n<li data-section-id=\"1efab6o\" data-start=\"2537\" data-end=\"2610\">Verf\u00fcgbar in <strong data-start=\"2552\" data-end=\"2590\">mattschwarz, schwarz, nickel geb\u00fcrstet<\/strong>und andere Veredelungen<\/li>\n<li data-section-id=\"127f15w\" data-start=\"2611\" data-end=\"2666\">OEM, kundenspezifisches Finish und Unterst\u00fctzung f\u00fcr kundenspezifische Gr\u00f6\u00dfen verf\u00fcgbar<\/li>\n<\/ul>\n<h2 data-section-id=\"1h9jliy\" data-start=\"3352\" data-end=\"3379\">Anwendungsszenarien<\/h2>\n<p data-start=\"3381\" data-end=\"3471\">Diese <strong data-start=\"3386\" data-end=\"3407\">schwarzer Zuggriff<\/strong> eignet sich f\u00fcr eine breite Palette von Glast\u00fcrprojekten, darunter:<\/p>\n<ul data-start=\"3473\" data-end=\"3697\">\n<li data-section-id=\"1n13nfs\" data-start=\"3473\" data-end=\"3504\">Rahmenlose Duscht\u00fcrsysteme<\/li>\n<li data-section-id=\"1orlp21\" data-start=\"3505\" data-end=\"3544\">Glasabtrennungen f\u00fcr Wohnb\u00e4der<\/li>\n<li data-section-id=\"16zefzj\" data-start=\"3545\" data-end=\"3582\">Projekte f\u00fcr Hotel- und Wohnungsduschen<\/li>\n<li data-section-id=\"tr18cn\" data-start=\"3583\" data-end=\"3616\">Herstellung von Glast\u00fcren nach Ma\u00df<\/li>\n<li data-section-id=\"1qigc5q\" data-start=\"3617\" data-end=\"3652\">Vertrieb von Duscht\u00fcrbeschl\u00e4gen<\/li>\n<li data-section-id=\"i9dvje\" data-start=\"3653\" data-end=\"3697\">Auftragnehmer und projektbezogene Installationen<\/li>\n<\/ul>\n<h2 data-section-id=\"1pwnb9k\" data-start=\"3699\" data-end=\"3742\">OEM \/ Anpassungsunterst\u00fctzung Absatz<\/h2>\n<p data-start=\"3744\" data-end=\"4181\">Wir unterst\u00fctzen OEM- und Anpassungsdienste f\u00fcr B2B-Kunden, die flexible Beschaffungsl\u00f6sungen ben\u00f6tigen. Verf\u00fcgbare Optionen umfassen <strong data-start=\"3871\" data-end=\"3888\">kundenspezifisches Finish<\/strong>, <strong data-start=\"3890\" data-end=\"3905\">benutzerdefinierte Gr\u00f6\u00dfe<\/strong>und projektbezogene Spezifikationsunterst\u00fctzung, um den unterschiedlichen Marktanforderungen und Produktlinien gerecht zu werden. Dies macht die SGHLS-01 zu einer geeigneten Wahl f\u00fcr Gro\u00dfh\u00e4ndler, Distributoren, Bauunternehmen und Duscht\u00fcrmarken, die eine Direktlieferung ab Werk mit zuverl\u00e4ssiger Produktionsunterst\u00fctzung suchen.<\/p>\n<h2 data-section-id=\"9sfkdx\" data-start=\"5019\" data-end=\"5055\">FAQ<\/h2>\n<p data-start=\"5057\" data-end=\"5271\"><strong data-start=\"5057\" data-end=\"5126\">Q1: F\u00fcr welche Glasst\u00e4rke ist dieser Duscht\u00fcrgriff geeignet?<\/strong><br data-start=\"5126\" data-end=\"5129\" \/>Dieser Duscht\u00fcrgriff ist geeignet f\u00fcr <strong data-start=\"5169\" data-end=\"5196\">8-12 mm Glasdicke<\/strong>das \u00fcblicherweise f\u00fcr rahmenlose Duscht\u00fcren und Glast\u00fcrsysteme verwendet wird.<\/p>\n<p data-start=\"5273\" data-end=\"5530\"><strong data-start=\"5273\" data-end=\"5325\">F2: Welche Installationsart wird f\u00fcr diesen Griff verwendet?<\/strong><br data-start=\"5325\" data-end=\"5328\" \/>Das SGHLS-01 verwendet ein <strong data-start=\"5348\" data-end=\"5389\">Glashalterung R\u00fccken-an-R\u00fccken-Montage<\/strong>Dadurch eignet er sich f\u00fcr rahmenlose Duscht\u00fcren und andere Glast\u00fcranwendungen, bei denen die Griffe auf beiden Seiten der Glasscheibe angebracht sind.<\/p>\n<p data-start=\"5532\" data-end=\"5753\"><strong data-start=\"5532\" data-end=\"5598\">Q3: K\u00f6nnen Sie OEM- oder kundenspezifische Optionen f\u00fcr diesen Griff anbieten?<\/strong><br data-start=\"5598\" data-end=\"5601\" \/>Ja. Wir unterst\u00fctzen <strong data-start=\"5617\" data-end=\"5632\">OEM-Service<\/strong>einschlie\u00dflich <strong data-start=\"5644\" data-end=\"5659\">benutzerdefinierte Gr\u00f6\u00dfe<\/strong> und <strong data-start=\"5664\" data-end=\"5681\">kundenspezifisches Finish<\/strong> Optionen, um unterschiedlichen Projektanforderungen und Marktpr\u00e4ferenzen gerecht zu werden.<\/p>","protected":false},"excerpt":{"rendered":"<ul>\n<li>Schwarzer Zuggriff<\/li>\n<li>R\u00fccken-an-R\u00fccken-Ziehgriff<\/li>\n<li>Montage von Mitte zu Mitte: 203 mm (8 Zoll)<\/li>\n<li>Montageart: Glashalterung - R\u00fcckseite zu R\u00fcckseite<\/li>\n<li>Durchmesser des Rohres: 19 mm<\/li>\n<li>Mattes Schwarz<\/li>\n<\/ul>","protected":false},"featured_media":5340,"comment_status":"open","ping_status":"closed","template":"","meta":{"_acf_changed":false},"product_brand":[],"product_cat":[27],"product_tag":[],"class_list":{"0":"post-5339","1":"product","2":"type-product","3":"status-publish","4":"has-post-thumbnail","6":"product_cat-shower-door-handles","7":"pa_glass-thickness-1-2-inch-12mm","8":"pa_glass-thickness-3-8-inch-10mm","9":"pa_glass-thickness-5-16-inch-8mm","10":"pa_material-stainless-steel","12":"first","13":"instock","14":"taxable","15":"shipping-taxable","16":"product-type-simple"},"acf":[],"_links":{"self":[{"href":"https:\/\/showerglasshardware.com\/de-de\/wp-json\/wp\/v2\/product\/5339","targetHints":{"allow":["GET"]}}],"collection":[{"href":"https:\/\/showerglasshardware.com\/de-de\/wp-json\/wp\/v2\/product"}],"about":[{"href":"https:\/\/showerglasshardware.com\/de-de\/wp-json\/wp\/v2\/types\/product"}],"replies":[{"embeddable":true,"href":"https:\/\/showerglasshardware.com\/de-de\/wp-json\/wp\/v2\/comments?post=5339"}],"version-history":[{"count":1,"href":"https:\/\/showerglasshardware.com\/de-de\/wp-json\/wp\/v2\/product\/5339\/revisions"}],"predecessor-version":[{"id":5341,"href":"https:\/\/showerglasshardware.com\/de-de\/wp-json\/wp\/v2\/product\/5339\/revisions\/5341"}],"wp:featuredmedia":[{"embeddable":true,"href":"https:\/\/showerglasshardware.com\/de-de\/wp-json\/wp\/v2\/media\/5340"}],"wp:attachment":[{"href":"https:\/\/showerglasshardware.com\/de-de\/wp-json\/wp\/v2\/media?parent=5339"}],"wp:term":[{"taxonomy":"product_brand","embeddable":true,"href":"https:\/\/showerglasshardware.com\/de-de\/wp-json\/wp\/v2\/product_brand?post=5339"},{"taxonomy":"product_cat","embeddable":true,"href":"https:\/\/showerglasshardware.com\/de-de\/wp-json\/wp\/v2\/product_cat?post=5339"},{"taxonomy":"product_tag","embeddable":true,"href":"https:\/\/showerglasshardware.com\/de-de\/wp-json\/wp\/v2\/product_tag?post=5339"}],"curies":[{"name":"wp","href":"https:\/\/api.w.org\/{rel}","templated":true}]}}