{"id":537,"date":"2024-03-29T02:34:42","date_gmt":"2024-03-29T02:34:42","guid":{"rendered":"https:\/\/showerglasshardware.com\/?post_type=product&#038;p=537"},"modified":"2025-10-08T08:47:18","modified_gmt":"2025-10-08T08:47:18","slug":"shower-room-brass-glass-to-wall-90-square-clamps-single-hole-sgh-180c","status":"publish","type":"product","link":"https:\/\/showerglasshardware.com\/de-de\/product\/shower-room-brass-glass-to-wall-90-square-clamps-single-hole-sgh-180c\/","title":{"rendered":"Duschraum Messing Glas an Wand 90\u00b0 Quadratische Klemmen Einzelloch SGH-SD180C"},"content":{"rendered":"<p data-start=\"613\" data-end=\"750\">Die SGH-SD180C Glas-Wand-Klemme 90\u00b0 aus Messing ist ein langlebiger und moderner Glasbeschlag, der f\u00fcr rahmenlose Duschkabinen entwickelt wurde.<\/p>\n<p data-start=\"752\" data-end=\"1099\">Sie ist aus massivem Messing gefertigt und bietet eine hohe Festigkeit und Korrosionsbest\u00e4ndigkeit, die eine langfristige Zuverl\u00e4ssigkeit in feuchten Badumgebungen gew\u00e4hrleistet. Die 90\u00b0-Glas-zu-Wand-Konfiguration bietet eine sichere Verbindung zwischen feststehenden Glasscheiben und Wandoberfl\u00e4chen, w\u00e4hrend das quadratische Design den klaren, minimalistischen Look moderner B\u00e4der unterstreicht.<\/p>\n<p data-start=\"1101\" data-end=\"1341\">Dank des Ein-Loch-Montagesystems ist die Installation schnell und sicher. Die SGH-SD180C ist f\u00fcr 6-12 mm dickes Glas ausgelegt und tr\u00e4gt bis zu 35 kg pro zwei Klemmen, wodurch sie sich sowohl f\u00fcr private als auch f\u00fcr gewerbliche Duschanwendungen eignet.<\/p>\n<p data-start=\"1343\" data-end=\"1362\"><strong data-start=\"1343\" data-end=\"1360\">Hauptmerkmale:<\/strong><\/p>\n<ul data-start=\"1363\" data-end=\"1767\">\n<li data-start=\"1363\" data-end=\"1434\">\n<p data-start=\"1365\" data-end=\"1434\"><strong data-start=\"1365\" data-end=\"1374\">Typ:<\/strong> Quadratische Glas-Wand-Duschklemme 90\u00b0 aus Messing (Einzelloch)<\/p>\n<\/li>\n<li data-start=\"1435\" data-end=\"1499\">\n<p data-start=\"1437\" data-end=\"1499\"><strong data-start=\"1437\" data-end=\"1450\">Material:<\/strong> Massives Messing f\u00fcr Haltbarkeit und Rostbest\u00e4ndigkeit<\/p>\n<\/li>\n<li data-start=\"1500\" data-end=\"1552\">\n<p data-start=\"1502\" data-end=\"1552\"><strong data-start=\"1502\" data-end=\"1526\">Glaskompatibilit\u00e4t:<\/strong> Geeignet f\u00fcr 6-12 mm dickes Glas<\/p>\n<\/li>\n<li data-start=\"1553\" data-end=\"1610\">\n<p data-start=\"1555\" data-end=\"1610\"><strong data-start=\"1555\" data-end=\"1573\">Tragf\u00e4higkeit:<\/strong> Tr\u00e4gt bis zu 35 kg pro zwei Klammern<\/p>\n<\/li>\n<li data-start=\"1611\" data-end=\"1667\">\n<p data-start=\"1613\" data-end=\"1667\"><strong data-start=\"1613\" data-end=\"1624\">Entwurf:<\/strong> Quadratischer Stil f\u00fcr einen modernen rahmenlosen Look<\/p>\n<\/li>\n<li data-start=\"1668\" data-end=\"1767\">\n<p data-start=\"1670\" data-end=\"1767\"><strong data-start=\"1670\" data-end=\"1687\">Anwendungen:<\/strong> Geeignet f\u00fcr rahmenlose Duscht\u00fcren und -paneele in B\u00e4dern, Hotels und Spas<\/p>\n<\/li>\n<\/ul>\n<p data-start=\"1769\" data-end=\"1790\"><strong data-start=\"1769\" data-end=\"1788\">Spezifikationen:<\/strong><\/p>\n<ul data-start=\"1791\" data-end=\"2067\">\n<li data-start=\"1791\" data-end=\"1816\">\n<p data-start=\"1793\" data-end=\"1816\"><strong data-start=\"1793\" data-end=\"1803\">Modell:<\/strong> SGH-SD180C<\/p>\n<\/li>\n<li data-start=\"1817\" data-end=\"1874\">\n<p data-start=\"1819\" data-end=\"1874\"><strong data-start=\"1819\" data-end=\"1828\">Typ:<\/strong> Glas-Wand-Vierkantklemme, 90\u00b0 Einloch<\/p>\n<\/li>\n<li data-start=\"1875\" data-end=\"1898\">\n<p data-start=\"1877\" data-end=\"1898\"><strong data-start=\"1877\" data-end=\"1890\">Material:<\/strong> Messing<\/p>\n<\/li>\n<li data-start=\"1899\" data-end=\"1935\">\n<p data-start=\"1901\" data-end=\"1935\"><strong data-start=\"1901\" data-end=\"1926\">Passt zur Glasdicke:<\/strong> 6-12mm<\/p>\n<\/li>\n<li data-start=\"1936\" data-end=\"1972\">\n<p data-start=\"1938\" data-end=\"1972\"><strong data-start=\"1938\" data-end=\"1958\">Max. T\u00fcrgewicht:<\/strong> 35kg \/ 2St\u00fcck<\/p>\n<\/li>\n<li data-start=\"1973\" data-end=\"2067\">\n<p data-start=\"1975\" data-end=\"2067\"><strong data-start=\"1975\" data-end=\"1994\">Ausf\u00fchrungsoptionen:<\/strong> Chrom poliert, Gold poliert, Nickel geb\u00fcrstet, Gun Metal, Schwarz matt<\/p>\n<\/li>\n<\/ul>","protected":false},"excerpt":{"rendered":"<ul>\n<li>Messing<\/li>\n<li>Vierkantklemmen<\/li>\n<li>Glasst\u00e4rke: 6\u201312 mm;<\/li>\n<li>Maximales Gewicht der Glast\u00fcr: 35 kg (2 St\u00fcck);<\/li>\n<li>Oberfl\u00e4che: Chrom poliert; Poliertes Gold; Geb\u00fcrstetes Nickel; Gun Metal; Mattschwarz<\/li>\n<\/ul>\n<p><!-- notionvc: a9eae75d-0436-41ac-8760-57c5d15135a1 --><\/p>","protected":false},"featured_media":543,"comment_status":"open","ping_status":"closed","template":"","meta":{"_acf_changed":false},"product_brand":[],"product_cat":[24],"product_tag":[55],"class_list":{"0":"post-537","1":"product","2":"type-product","3":"status-publish","4":"has-post-thumbnail","6":"product_cat-shower-glass-clamps","7":"product_tag-90-degree-glass-to-wall-clamp","8":"pa_finish-brushed-nickel","9":"pa_finish-chrome","10":"pa_finish-gold","11":"pa_finish-gun-metal","12":"pa_finish-black","13":"pa_glass-thickness-6-12mm","14":"pa_material-brass","16":"first","17":"instock","18":"taxable","19":"shipping-taxable","20":"product-type-simple"},"acf":[],"_links":{"self":[{"href":"https:\/\/showerglasshardware.com\/de-de\/wp-json\/wp\/v2\/product\/537","targetHints":{"allow":["GET"]}}],"collection":[{"href":"https:\/\/showerglasshardware.com\/de-de\/wp-json\/wp\/v2\/product"}],"about":[{"href":"https:\/\/showerglasshardware.com\/de-de\/wp-json\/wp\/v2\/types\/product"}],"replies":[{"embeddable":true,"href":"https:\/\/showerglasshardware.com\/de-de\/wp-json\/wp\/v2\/comments?post=537"}],"version-history":[{"count":3,"href":"https:\/\/showerglasshardware.com\/de-de\/wp-json\/wp\/v2\/product\/537\/revisions"}],"predecessor-version":[{"id":4795,"href":"https:\/\/showerglasshardware.com\/de-de\/wp-json\/wp\/v2\/product\/537\/revisions\/4795"}],"wp:featuredmedia":[{"embeddable":true,"href":"https:\/\/showerglasshardware.com\/de-de\/wp-json\/wp\/v2\/media\/543"}],"wp:attachment":[{"href":"https:\/\/showerglasshardware.com\/de-de\/wp-json\/wp\/v2\/media?parent=537"}],"wp:term":[{"taxonomy":"product_brand","embeddable":true,"href":"https:\/\/showerglasshardware.com\/de-de\/wp-json\/wp\/v2\/product_brand?post=537"},{"taxonomy":"product_cat","embeddable":true,"href":"https:\/\/showerglasshardware.com\/de-de\/wp-json\/wp\/v2\/product_cat?post=537"},{"taxonomy":"product_tag","embeddable":true,"href":"https:\/\/showerglasshardware.com\/de-de\/wp-json\/wp\/v2\/product_tag?post=537"}],"curies":[{"name":"wp","href":"https:\/\/api.w.org\/{rel}","templated":true}]}}