{"id":597,"date":"2024-03-29T05:08:16","date_gmt":"2024-03-29T05:08:16","guid":{"rendered":"https:\/\/showerglasshardware.com\/?post_type=product&#038;p=597"},"modified":"2024-12-17T09:39:13","modified_gmt":"2024-12-17T09:39:13","slug":"back-to-back-brass-shower-door-knob-sgh-k11","status":"publish","type":"product","link":"https:\/\/showerglasshardware.com\/de-de\/product\/back-to-back-brass-shower-door-knob-sgh-k11\/","title":{"rendered":"R\u00fcckseitiger Messing-Duscht\u00fcrknopf SGH-K11"},"content":{"rendered":"<div data-elementor-type=\"product-post\" data-elementor-id=\"597\" class=\"elementor elementor-597\" data-elementor-post-type=\"product\">\n\t\t\t\t<div class=\"elementor-element elementor-element-e7ce039 e-flex e-con-boxed e-con e-parent\" data-id=\"e7ce039\" data-element_type=\"container\" data-e-type=\"container\">\n\t\t\t\t\t<div class=\"e-con-inner\">\n\t\t\t\t<div class=\"elementor-element elementor-element-2a4952e elementor-widget elementor-widget-text-editor\" data-id=\"2a4952e\" data-element_type=\"widget\" data-e-type=\"widget\" data-widget_type=\"text-editor.default\">\n\t\t\t\t\t\t\t\t\t<p>Wir stellen unseren r\u00fcckseitigen Messing-Duscht\u00fcrknopf (Modell: SGH-K11) vor, der dazu entwickelt wurde, Ihren rahmenlosen Duscht\u00fcren eine Note von Eleganz und Funktionalit\u00e4t hinzuzuf\u00fcgen.<\/p><p>Hauptmerkmale:<\/p><p><strong>Messing<\/strong>\u00a0Hergestellt aus hochwertigem Messing, ist dieser Duscht\u00fcrknopf langlebig und korrosionsbest\u00e4ndig, was eine lang anhaltende Leistung in der feuchten Umgebung eines Duschraums gew\u00e4hrleistet.<\/p><p><strong>Back-to-Back-Design:<\/strong>\u00a0Die R\u00fccken-an-R\u00fccken-Konfiguration erm\u00f6glicht eine einfache Installation auf beiden Seiten der Glast\u00fcr, bietet einen bequemen Griff und verbessert die Gesamtoptik Ihrer Duschkabine.<\/p><p><strong>Kompatibilit\u00e4t der Glasst\u00e4rke:<\/strong> Geeignet f\u00fcr Glasst\u00e4rken von 6 mm bis 12 mm, bietet dieser Knopf Flexibilit\u00e4t f\u00fcr verschiedene Duscht\u00fcrspezifikationen.<\/p><p><strong>Ausf\u00fchrungen:<\/strong>\u00a0Erh\u00e4ltlich in einer Vielzahl von Oberfl\u00e4chen, darunter poliertes Chrom, poliertes Gold und geb\u00fcrstetes Nickel, k\u00f6nnen Sie den Knopf passend zum Stil und Dekor Ihres Badezimmers w\u00e4hlen.<\/p><p>R\u00fcsten Sie Ihre rahmenlosen Duscht\u00fcren mit unserem r\u00fcckseitigen Messing-Duscht\u00fcrknopf (SGH-K11) auf, um eine Mischung aus Funktionalit\u00e4t, Langlebigkeit und elegantem Design zu erhalten.<\/p>\t\t\t\t\t\t\t\t<\/div>\n\t\t\t\t<div class=\"elementor-element elementor-element-3a8cc18 elementor-woo-meta--view-table elementor-widget elementor-widget-woocommerce-product-meta\" data-id=\"3a8cc18\" data-element_type=\"widget\" data-e-type=\"widget\" data-widget_type=\"woocommerce-product-meta.default\">\n\t\t\t\t\t\t\t<div class=\"product_meta\">\n\n\t\t\t\n\t\t\t\n\t\t\t\t\t\t\t<span class=\"posted_in detail-container\"><span class=\"detail-label\">Kategorien<\/span> <span class=\"detail-content\"><a href=\"https:\/\/showerglasshardware.com\/de-de\/shower-door-knobs\/\" rel=\"tag\">Duscht\u00fcrkn\u00f6pfe<\/a>, <a href=\"https:\/\/showerglasshardware.com\/de-de\/shower-door-knobs\/back-to-back-knobs\/\" rel=\"tag\">R\u00fccken an R\u00fccken Kn\u00f6pfe<\/a><\/span><\/span>\n\t\t\t\n\t\t\t\t\t\t\t<span class=\"tagged_as detail-container\"><span class=\"detail-label\">Schlagwort<\/span> <span class=\"detail-content\"><a href=\"https:\/\/showerglasshardware.com\/de-de\/product-tag\/shower-door-knobs\/\" rel=\"tag\">Duscht\u00fcrkn\u00f6pfe<\/a><\/span><\/span>\n\t\t\t\n\t\t\t\n\t\t<\/div>\n\t\t\t\t\t\t<\/div>\n\t\t\t\t\t<\/div>\n\t\t\t\t<\/div>\n\t\t<div class=\"elementor-element elementor-element-4abc851 e-flex e-con-boxed e-con e-parent\" data-id=\"4abc851\" data-element_type=\"container\" data-e-type=\"container\">\n\t\t\t\t\t<div class=\"e-con-inner\">\n\t\t<div class=\"elementor-element elementor-element-341523a e-con-full e-flex e-con e-child\" data-id=\"341523a\" data-element_type=\"container\" data-e-type=\"container\">\n\t\t\t\t<div class=\"elementor-element elementor-element-340b8f7 elementor-position-top elementor-widget elementor-widget-image-box\" data-id=\"340b8f7\" data-element_type=\"widget\" data-e-type=\"widget\" data-widget_type=\"image-box.default\">\n\t\t\t\t\t<div class=\"elementor-image-box-wrapper\"><figure class=\"elementor-image-box-img\"><img fetchpriority=\"high\" decoding=\"async\" width=\"584\" height=\"394\" src=\"https:\/\/showerglasshardware.com\/wp-content\/uploads\/2024\/03\/11-2-1.jpg\" class=\"attachment-full size-full wp-image-600\" alt=\"Back-to-Back Brass Shower Door Knob SGH-K11 Size\" title=\"\" srcset=\"https:\/\/showerglasshardware.com\/wp-content\/uploads\/2024\/03\/11-2-1.jpg 584w, https:\/\/showerglasshardware.com\/wp-content\/uploads\/2024\/03\/11-2-1-300x202.jpg 300w\" sizes=\"(max-width: 584px) 100vw, 584px\" \/><\/figure><div class=\"elementor-image-box-content\"><p class=\"elementor-image-box-description\">A<\/p><\/div><\/div>\t\t\t\t<\/div>\n\t\t\t\t<\/div>\n\t\t<div class=\"elementor-element elementor-element-1e5a8af e-con-full e-flex e-con e-child\" data-id=\"1e5a8af\" data-element_type=\"container\" data-e-type=\"container\">\n\t\t\t\t<div class=\"elementor-element elementor-element-1721e68 elementor-position-top elementor-widget elementor-widget-image-box\" data-id=\"1721e68\" data-element_type=\"widget\" data-e-type=\"widget\" data-widget_type=\"image-box.default\">\n\t\t\t\t\t<div class=\"elementor-image-box-wrapper\"><figure class=\"elementor-image-box-img\"><img decoding=\"async\" width=\"608\" height=\"368\" src=\"https:\/\/showerglasshardware.com\/wp-content\/uploads\/2024\/03\/11-3-1.jpg\" class=\"attachment-full size-full wp-image-601\" alt=\"Back-to-Back Brass Shower Door Knob SGH-K11 Size\" title=\"\" srcset=\"https:\/\/showerglasshardware.com\/wp-content\/uploads\/2024\/03\/11-3-1.jpg 608w, https:\/\/showerglasshardware.com\/wp-content\/uploads\/2024\/03\/11-3-1-600x363.jpg 600w, https:\/\/showerglasshardware.com\/wp-content\/uploads\/2024\/03\/11-3-1-300x182.jpg 300w\" sizes=\"(max-width: 608px) 100vw, 608px\" \/><\/figure><div class=\"elementor-image-box-content\"><p class=\"elementor-image-box-description\">B<\/p><\/div><\/div>\t\t\t\t<\/div>\n\t\t\t\t<\/div>\n\t\t\t\t\t<\/div>\n\t\t\t\t<\/div>\n\t\t<div class=\"elementor-element elementor-element-e8755a6 e-flex e-con-boxed e-con e-parent\" data-id=\"e8755a6\" data-element_type=\"container\" data-e-type=\"container\">\n\t\t\t\t\t<div class=\"e-con-inner\">\n\t\t<div class=\"elementor-element elementor-element-cacd022 e-con-full e-flex e-con e-child\" data-id=\"cacd022\" data-element_type=\"container\" data-e-type=\"container\">\n\t\t\t\t<div class=\"elementor-element elementor-element-48b3aed elementor-position-top elementor-widget elementor-widget-image-box\" data-id=\"48b3aed\" data-element_type=\"widget\" data-e-type=\"widget\" data-widget_type=\"image-box.default\">\n\t\t\t\t\t<div class=\"elementor-image-box-wrapper\"><figure class=\"elementor-image-box-img\"><img decoding=\"async\" width=\"586\" height=\"372\" src=\"https:\/\/showerglasshardware.com\/wp-content\/uploads\/2024\/03\/11-4-1.jpg\" class=\"attachment-full size-full wp-image-602\" alt=\"Back-to-Back Brass Shower Door Knob SGH-K11 Size\" title=\"\" srcset=\"https:\/\/showerglasshardware.com\/wp-content\/uploads\/2024\/03\/11-4-1.jpg 586w, https:\/\/showerglasshardware.com\/wp-content\/uploads\/2024\/03\/11-4-1-300x190.jpg 300w\" sizes=\"(max-width: 586px) 100vw, 586px\" \/><\/figure><div class=\"elementor-image-box-content\"><p class=\"elementor-image-box-description\">C<\/p><\/div><\/div>\t\t\t\t<\/div>\n\t\t\t\t<\/div>\n\t\t<div class=\"elementor-element elementor-element-08899f1 e-con-full e-flex e-con e-child\" data-id=\"08899f1\" data-element_type=\"container\" data-e-type=\"container\">\n\t\t\t\t<div class=\"elementor-element elementor-element-1987c0b elementor-position-top elementor-widget elementor-widget-image-box\" data-id=\"1987c0b\" data-element_type=\"widget\" data-e-type=\"widget\" data-widget_type=\"image-box.default\">\n\t\t\t\t\t<div class=\"elementor-image-box-wrapper\"><figure class=\"elementor-image-box-img\"><img loading=\"lazy\" decoding=\"async\" width=\"580\" height=\"384\" src=\"https:\/\/showerglasshardware.com\/wp-content\/uploads\/2024\/03\/11-5-1.jpg\" class=\"attachment-full size-full wp-image-603\" alt=\"Back-to-Back Brass Shower Door Knob SGH-K11 Size\" title=\"\" srcset=\"https:\/\/showerglasshardware.com\/wp-content\/uploads\/2024\/03\/11-5-1.jpg 580w, https:\/\/showerglasshardware.com\/wp-content\/uploads\/2024\/03\/11-5-1-300x199.jpg 300w\" sizes=\"(max-width: 580px) 100vw, 580px\" \/><\/figure><div class=\"elementor-image-box-content\"><p class=\"elementor-image-box-description\">D<\/p><\/div><\/div>\t\t\t\t<\/div>\n\t\t\t\t<\/div>\n\t\t\t\t\t<\/div>\n\t\t\t\t<\/div>\n\t\t<div class=\"elementor-element elementor-element-347ed2d e-flex e-con-boxed e-con e-parent\" data-id=\"347ed2d\" data-element_type=\"container\" data-e-type=\"container\">\n\t\t\t\t\t<div class=\"e-con-inner\">\n\t\t<div class=\"elementor-element elementor-element-41a6569 e-con-full e-flex e-con e-child\" data-id=\"41a6569\" data-element_type=\"container\" data-e-type=\"container\">\n\t\t\t\t<div class=\"elementor-element elementor-element-a0bf69a elementor-position-top elementor-widget elementor-widget-image-box\" data-id=\"a0bf69a\" data-element_type=\"widget\" data-e-type=\"widget\" data-widget_type=\"image-box.default\">\n\t\t\t\t\t<div class=\"elementor-image-box-wrapper\"><figure class=\"elementor-image-box-img\"><img loading=\"lazy\" decoding=\"async\" width=\"623\" height=\"371\" src=\"https:\/\/showerglasshardware.com\/wp-content\/uploads\/2024\/03\/11-6-1.jpg\" class=\"attachment-full size-full wp-image-604\" alt=\"Back-to-Back Brass Shower Door Knob SGH-K11-6\" title=\"\" srcset=\"https:\/\/showerglasshardware.com\/wp-content\/uploads\/2024\/03\/11-6-1.jpg 623w, https:\/\/showerglasshardware.com\/wp-content\/uploads\/2024\/03\/11-6-1-600x357.jpg 600w, https:\/\/showerglasshardware.com\/wp-content\/uploads\/2024\/03\/11-6-1-300x179.jpg 300w\" sizes=\"(max-width: 623px) 100vw, 623px\" \/><\/figure><div class=\"elementor-image-box-content\"><p class=\"elementor-image-box-description\">E<\/p><\/div><\/div>\t\t\t\t<\/div>\n\t\t\t\t<\/div>\n\t\t<div class=\"elementor-element elementor-element-2e4e299 e-con-full e-flex e-con e-child\" data-id=\"2e4e299\" data-element_type=\"container\" data-e-type=\"container\">\n\t\t\t\t<div class=\"elementor-element elementor-element-d4f7e2b elementor-position-top elementor-widget elementor-widget-image-box\" data-id=\"d4f7e2b\" data-element_type=\"widget\" data-e-type=\"widget\" data-widget_type=\"image-box.default\">\n\t\t\t\t\t<div class=\"elementor-image-box-wrapper\"><figure class=\"elementor-image-box-img\"><img loading=\"lazy\" decoding=\"async\" width=\"608\" height=\"386\" src=\"https:\/\/showerglasshardware.com\/wp-content\/uploads\/2024\/03\/11-7-1.jpg\" class=\"attachment-full size-full wp-image-605\" alt=\"Back-to-Back Brass Shower Door Knob SGH-K11-7\" title=\"\" srcset=\"https:\/\/showerglasshardware.com\/wp-content\/uploads\/2024\/03\/11-7-1.jpg 608w, https:\/\/showerglasshardware.com\/wp-content\/uploads\/2024\/03\/11-7-1-600x381.jpg 600w, https:\/\/showerglasshardware.com\/wp-content\/uploads\/2024\/03\/11-7-1-300x190.jpg 300w\" sizes=\"(max-width: 608px) 100vw, 608px\" \/><\/figure><div class=\"elementor-image-box-content\"><p class=\"elementor-image-box-description\">F<\/p><\/div><\/div>\t\t\t\t<\/div>\n\t\t\t\t<\/div>\n\t\t\t\t\t<\/div>\n\t\t\t\t<\/div>\n\t\t<div class=\"elementor-element elementor-element-8e9b7f8 e-flex e-con-boxed e-con e-parent\" data-id=\"8e9b7f8\" data-element_type=\"container\" data-e-type=\"container\">\n\t\t\t\t\t<div class=\"e-con-inner\">\n\t\t<div class=\"elementor-element elementor-element-ece7daf e-con-full e-flex e-con e-child\" data-id=\"ece7daf\" data-element_type=\"container\" data-e-type=\"container\">\n\t\t\t\t<div class=\"elementor-element elementor-element-113056e elementor-position-top elementor-widget elementor-widget-image-box\" data-id=\"113056e\" data-element_type=\"widget\" data-e-type=\"widget\" data-widget_type=\"image-box.default\">\n\t\t\t\t\t<div class=\"elementor-image-box-wrapper\"><figure class=\"elementor-image-box-img\"><img loading=\"lazy\" decoding=\"async\" width=\"632\" height=\"397\" src=\"https:\/\/showerglasshardware.com\/wp-content\/uploads\/2024\/03\/11-8-1.jpg\" class=\"attachment-full size-full wp-image-606\" alt=\"Back-to-Back Brass Shower Door Knob SGH-K11-8\" title=\"\" srcset=\"https:\/\/showerglasshardware.com\/wp-content\/uploads\/2024\/03\/11-8-1.jpg 632w, https:\/\/showerglasshardware.com\/wp-content\/uploads\/2024\/03\/11-8-1-600x377.jpg 600w, https:\/\/showerglasshardware.com\/wp-content\/uploads\/2024\/03\/11-8-1-300x188.jpg 300w\" sizes=\"(max-width: 632px) 100vw, 632px\" \/><\/figure><div class=\"elementor-image-box-content\"><p class=\"elementor-image-box-description\">G<\/p><\/div><\/div>\t\t\t\t<\/div>\n\t\t\t\t<\/div>\n\t\t<div class=\"elementor-element elementor-element-745d611 e-con-full e-flex e-con e-child\" data-id=\"745d611\" data-element_type=\"container\" data-e-type=\"container\">\n\t\t\t\t<div class=\"elementor-element elementor-element-a55e6f8 elementor-position-top elementor-widget elementor-widget-image-box\" data-id=\"a55e6f8\" data-element_type=\"widget\" data-e-type=\"widget\" data-widget_type=\"image-box.default\">\n\t\t\t\t\t<div class=\"elementor-image-box-wrapper\"><figure class=\"elementor-image-box-img\"><img loading=\"lazy\" decoding=\"async\" width=\"589\" height=\"394\" src=\"https:\/\/showerglasshardware.com\/wp-content\/uploads\/2024\/03\/DK11-1-1.jpg\" class=\"attachment-full size-full wp-image-607\" alt=\"Back-to-Back Brass Shower Door Knob SGH-K11-11\" title=\"\" srcset=\"https:\/\/showerglasshardware.com\/wp-content\/uploads\/2024\/03\/DK11-1-1.jpg 589w, https:\/\/showerglasshardware.com\/wp-content\/uploads\/2024\/03\/DK11-1-1-300x201.jpg 300w\" sizes=\"(max-width: 589px) 100vw, 589px\" \/><\/figure><div class=\"elementor-image-box-content\"><p class=\"elementor-image-box-description\">H<\/p><\/div><\/div>\t\t\t\t<\/div>\n\t\t\t\t<\/div>\n\t\t\t\t\t<\/div>\n\t\t\t\t<\/div>\n\t\t<div class=\"elementor-element elementor-element-1a5c43b e-flex e-con-boxed e-con e-parent\" data-id=\"1a5c43b\" data-element_type=\"container\" data-e-type=\"container\">\n\t\t\t\t\t<div class=\"e-con-inner\">\n\t\t<div class=\"elementor-element elementor-element-6a7b609 e-con-full e-flex e-con e-child\" data-id=\"6a7b609\" data-element_type=\"container\" data-e-type=\"container\">\n\t\t\t\t<div class=\"elementor-element elementor-element-c174c16 elementor-position-top elementor-widget elementor-widget-image-box\" data-id=\"c174c16\" data-element_type=\"widget\" data-e-type=\"widget\" data-widget_type=\"image-box.default\">\n\t\t\t\t\t<div class=\"elementor-image-box-wrapper\"><figure class=\"elementor-image-box-img\"><img loading=\"lazy\" decoding=\"async\" width=\"638\" height=\"413\" src=\"https:\/\/showerglasshardware.com\/wp-content\/uploads\/2024\/03\/SGH-K11-1.jpg\" class=\"attachment-full size-full wp-image-608\" alt=\"Brass shower door knob with back-to-back design\" title=\"\" srcset=\"https:\/\/showerglasshardware.com\/wp-content\/uploads\/2024\/03\/SGH-K11-1.jpg 638w, https:\/\/showerglasshardware.com\/wp-content\/uploads\/2024\/03\/SGH-K11-1-600x388.jpg 600w, https:\/\/showerglasshardware.com\/wp-content\/uploads\/2024\/03\/SGH-K11-1-300x194.jpg 300w\" sizes=\"(max-width: 638px) 100vw, 638px\" \/><\/figure><div class=\"elementor-image-box-content\"><p class=\"elementor-image-box-description\">ICH<\/p><\/div><\/div>\t\t\t\t<\/div>\n\t\t\t\t<\/div>\n\t\t<div class=\"elementor-element elementor-element-8571445 e-con-full e-flex e-con e-child\" data-id=\"8571445\" data-element_type=\"container\" data-e-type=\"container\">\n\t\t\t\t<\/div>\n\t\t\t\t\t<\/div>\n\t\t\t\t<\/div>\n\t\t\t\t<\/div>","protected":false},"excerpt":{"rendered":"<ul>\n<li>Messing<\/li>\n<li>R\u00fccken an R\u00fccken<\/li>\n<li>Glasst\u00e4rke: 6\u201312 mm;<\/li>\n<li>Oberfl\u00e4che: Chrom poliert; Poliertes Gold; Geb\u00fcrstetes Nickel<\/li>\n<\/ul>\n<p><!-- notionvc: ef15e17d-6fc9-41c1-ad00-b59f64aefa97 --><\/p>","protected":false},"featured_media":598,"comment_status":"open","ping_status":"closed","template":"","meta":{"_acf_changed":false},"product_brand":[],"product_cat":[26,111],"product_tag":[62],"class_list":{"0":"post-597","1":"product","2":"type-product","3":"status-publish","4":"has-post-thumbnail","6":"product_cat-shower-door-knobs","7":"product_cat-back-to-back-knobs","8":"product_tag-shower-door-knobs","9":"pa_finish-brushed-nickel","10":"pa_finish-chrome","11":"pa_finish-gold","12":"pa_finish-gun-metal","13":"pa_finish-black","14":"pa_glass-thickness-6-12mm","15":"pa_material-brass","17":"first","18":"instock","19":"taxable","20":"shipping-taxable","21":"product-type-simple"},"acf":[],"_links":{"self":[{"href":"https:\/\/showerglasshardware.com\/de-de\/wp-json\/wp\/v2\/product\/597","targetHints":{"allow":["GET"]}}],"collection":[{"href":"https:\/\/showerglasshardware.com\/de-de\/wp-json\/wp\/v2\/product"}],"about":[{"href":"https:\/\/showerglasshardware.com\/de-de\/wp-json\/wp\/v2\/types\/product"}],"replies":[{"embeddable":true,"href":"https:\/\/showerglasshardware.com\/de-de\/wp-json\/wp\/v2\/comments?post=597"}],"version-history":[{"count":1,"href":"https:\/\/showerglasshardware.com\/de-de\/wp-json\/wp\/v2\/product\/597\/revisions"}],"predecessor-version":[{"id":4054,"href":"https:\/\/showerglasshardware.com\/de-de\/wp-json\/wp\/v2\/product\/597\/revisions\/4054"}],"wp:featuredmedia":[{"embeddable":true,"href":"https:\/\/showerglasshardware.com\/de-de\/wp-json\/wp\/v2\/media\/598"}],"wp:attachment":[{"href":"https:\/\/showerglasshardware.com\/de-de\/wp-json\/wp\/v2\/media?parent=597"}],"wp:term":[{"taxonomy":"product_brand","embeddable":true,"href":"https:\/\/showerglasshardware.com\/de-de\/wp-json\/wp\/v2\/product_brand?post=597"},{"taxonomy":"product_cat","embeddable":true,"href":"https:\/\/showerglasshardware.com\/de-de\/wp-json\/wp\/v2\/product_cat?post=597"},{"taxonomy":"product_tag","embeddable":true,"href":"https:\/\/showerglasshardware.com\/de-de\/wp-json\/wp\/v2\/product_tag?post=597"}],"curies":[{"name":"wp","href":"https:\/\/api.w.org\/{rel}","templated":true}]}}