{"id":613,"date":"2024-03-29T05:36:28","date_gmt":"2024-03-29T05:36:28","guid":{"rendered":"https:\/\/showerglasshardware.com\/?post_type=product&#038;p=613"},"modified":"2024-12-17T09:38:41","modified_gmt":"2024-12-17T09:38:41","slug":"back-to-back-brass-cylindrical-shower-door-knobs-sgh-k14","status":"publish","type":"product","link":"https:\/\/showerglasshardware.com\/de-de\/product\/back-to-back-brass-cylindrical-shower-door-knobs-sgh-k14\/","title":{"rendered":"Zylindrische Glas-Duscht\u00fcrkn\u00f6pfe aus Messing SGH-K14"},"content":{"rendered":"<div data-elementor-type=\"product-post\" data-elementor-id=\"613\" class=\"elementor elementor-613\" data-elementor-post-type=\"product\">\n\t\t\t\t<div class=\"elementor-element elementor-element-e7ce039 e-flex e-con-boxed e-con e-parent\" data-id=\"e7ce039\" data-element_type=\"container\" data-e-type=\"container\">\n\t\t\t\t\t<div class=\"e-con-inner\">\n\t\t\t\t<div class=\"elementor-element elementor-element-2a4952e elementor-widget elementor-widget-text-editor\" data-id=\"2a4952e\" data-element_type=\"widget\" data-e-type=\"widget\" data-widget_type=\"text-editor.default\">\n\t\t\t\t\t\t\t\t\t<p>Verbessern Sie Ihr Duschzimmer mit unseren r\u00fcckseitigen Messing-Zylindrischen Duscht\u00fcrkn\u00f6pfen (Modell: SGH-K14), die dazu entwickelt wurden, Ihren rahmenlosen Duscht\u00fcren einen eleganten und funktionalen Touch zu verleihen.<\/p><p>Hauptmerkmale:<\/p><p><strong>Messing<\/strong>\u00a0Hergestellt aus hochwertigem Messing, sind diese zylindrischen Duscht\u00fcrkn\u00f6pfe langlebig und korrosionsbest\u00e4ndig, was eine lang anhaltende Leistung in der feuchten Umgebung eines Duschraums gew\u00e4hrleistet.<\/p><p><strong>Back-to-Back-Design:<\/strong>\u00a0Die R\u00fccken-an-R\u00fccken-Konfiguration erm\u00f6glicht eine einfache Installation auf beiden Seiten der Glast\u00fcr, bietet einen bequemen Griff und ein einheitliches Erscheinungsbild f\u00fcr Ihre Duschkabine.<\/p><p><strong>Kompatibilit\u00e4t der Glasst\u00e4rke:<\/strong>\u00a0F\u00fcr Glasst\u00e4rken von 6 mm bis 12 mm geeignet, bieten diese Kn\u00f6pfe Vielseitigkeit f\u00fcr verschiedene Duscht\u00fcrspezifikationen.<\/p><p><strong>Ausf\u00fchrungen:<\/strong>\u00a0Erh\u00e4ltlich in einer Vielzahl von Oberfl\u00e4chen, darunter poliertes Chrom, poliertes Gold und geb\u00fcrstetes Nickel, k\u00f6nnen Sie die perfekte Erg\u00e4nzung f\u00fcr den Stil und die Dekoration Ihres Badezimmers w\u00e4hlen.<\/p><p>R\u00fcsten Sie Ihre rahmenlosen Duscht\u00fcren mit unseren r\u00fcckseitigen Messing-Zylindrischen Duscht\u00fcrkn\u00f6pfen (SGH-K14) auf, um eine Kombination aus Funktionalit\u00e4t, Langlebigkeit und zeitgen\u00f6ssischer Eleganz zu erhalten.<\/p>\t\t\t\t\t\t\t\t<\/div>\n\t\t\t\t<div class=\"elementor-element elementor-element-3a8cc18 elementor-woo-meta--view-table elementor-widget elementor-widget-woocommerce-product-meta\" data-id=\"3a8cc18\" data-element_type=\"widget\" data-e-type=\"widget\" data-widget_type=\"woocommerce-product-meta.default\">\n\t\t\t\t\t\t\t<div class=\"product_meta\">\n\n\t\t\t\n\t\t\t\n\t\t\t\t\t\t\t<span class=\"posted_in detail-container\"><span class=\"detail-label\">Kategorien<\/span> <span class=\"detail-content\"><a href=\"https:\/\/showerglasshardware.com\/de-de\/shower-door-knobs\/\" rel=\"tag\">Duscht\u00fcrkn\u00f6pfe<\/a>, <a href=\"https:\/\/showerglasshardware.com\/de-de\/shower-door-knobs\/back-to-back-knobs\/\" rel=\"tag\">R\u00fccken an R\u00fccken Kn\u00f6pfe<\/a><\/span><\/span>\n\t\t\t\n\t\t\t\t\t\t\t<span class=\"tagged_as detail-container\"><span class=\"detail-label\">Schlagwort<\/span> <span class=\"detail-content\"><a href=\"https:\/\/showerglasshardware.com\/de-de\/product-tag\/shower-door-knobs\/\" rel=\"tag\">Duscht\u00fcrkn\u00f6pfe<\/a><\/span><\/span>\n\t\t\t\n\t\t\t\n\t\t<\/div>\n\t\t\t\t\t\t<\/div>\n\t\t\t\t\t<\/div>\n\t\t\t\t<\/div>\n\t\t<div class=\"elementor-element elementor-element-4abc851 e-flex e-con-boxed e-con e-parent\" data-id=\"4abc851\" data-element_type=\"container\" data-e-type=\"container\">\n\t\t\t\t\t<div class=\"e-con-inner\">\n\t\t<div class=\"elementor-element elementor-element-341523a e-con-full e-flex e-con e-child\" data-id=\"341523a\" data-element_type=\"container\" data-e-type=\"container\">\n\t\t\t\t<div class=\"elementor-element elementor-element-340b8f7 elementor-position-top elementor-widget elementor-widget-image-box\" data-id=\"340b8f7\" data-element_type=\"widget\" data-e-type=\"widget\" data-widget_type=\"image-box.default\">\n\t\t\t\t\t<div class=\"elementor-image-box-wrapper\"><figure class=\"elementor-image-box-img\"><img fetchpriority=\"high\" decoding=\"async\" width=\"608\" height=\"405\" src=\"https:\/\/showerglasshardware.com\/wp-content\/uploads\/2024\/03\/DK14A.jpg\" class=\"attachment-full size-full wp-image-616\" alt=\"Zylindrische Duscht\u00fcrkn\u00f6pfe aus Messing auf Glas\" title=\"\" srcset=\"https:\/\/showerglasshardware.com\/wp-content\/uploads\/2024\/03\/DK14A.jpg 608w, https:\/\/showerglasshardware.com\/wp-content\/uploads\/2024\/03\/DK14A-600x400.jpg 600w, https:\/\/showerglasshardware.com\/wp-content\/uploads\/2024\/03\/DK14A-300x200.jpg 300w\" sizes=\"(max-width: 608px) 100vw, 608px\" \/><\/figure><div class=\"elementor-image-box-content\"><p class=\"elementor-image-box-description\">A-14<\/p><\/div><\/div>\t\t\t\t<\/div>\n\t\t\t\t<\/div>\n\t\t<div class=\"elementor-element elementor-element-1e5a8af e-con-full e-flex e-con e-child\" data-id=\"1e5a8af\" data-element_type=\"container\" data-e-type=\"container\">\n\t\t\t\t<div class=\"elementor-element elementor-element-1721e68 elementor-position-top elementor-widget elementor-widget-image-box\" data-id=\"1721e68\" data-element_type=\"widget\" data-e-type=\"widget\" data-widget_type=\"image-box.default\">\n\t\t\t\t\t<div class=\"elementor-image-box-wrapper\"><figure class=\"elementor-image-box-img\"><img decoding=\"async\" width=\"648\" height=\"432\" src=\"https:\/\/showerglasshardware.com\/wp-content\/uploads\/2024\/03\/DK14-1A.jpg\" class=\"attachment-full size-full wp-image-617\" alt=\"Zylindrische Duscht\u00fcrkn\u00f6pfe aus Messing, R\u00fccken an R\u00fccken\" title=\"\" srcset=\"https:\/\/showerglasshardware.com\/wp-content\/uploads\/2024\/03\/DK14-1A.jpg 648w, https:\/\/showerglasshardware.com\/wp-content\/uploads\/2024\/03\/DK14-1A-600x400.jpg 600w, https:\/\/showerglasshardware.com\/wp-content\/uploads\/2024\/03\/DK14-1A-300x200.jpg 300w\" sizes=\"(max-width: 648px) 100vw, 648px\" \/><\/figure><div class=\"elementor-image-box-content\"><p class=\"elementor-image-box-description\">B-14<\/p><\/div><\/div>\t\t\t\t<\/div>\n\t\t\t\t<\/div>\n\t\t\t\t\t<\/div>\n\t\t\t\t<\/div>\n\t\t<div class=\"elementor-element elementor-element-e8755a6 e-flex e-con-boxed e-con e-parent\" data-id=\"e8755a6\" data-element_type=\"container\" data-e-type=\"container\">\n\t\t\t\t\t<div class=\"e-con-inner\">\n\t\t<div class=\"elementor-element elementor-element-cacd022 e-con-full e-flex e-con e-child\" data-id=\"cacd022\" data-element_type=\"container\" data-e-type=\"container\">\n\t\t\t\t<div class=\"elementor-element elementor-element-48b3aed elementor-position-top elementor-widget elementor-widget-image-box\" data-id=\"48b3aed\" data-element_type=\"widget\" data-e-type=\"widget\" data-widget_type=\"image-box.default\">\n\t\t\t\t\t<div class=\"elementor-image-box-wrapper\"><figure class=\"elementor-image-box-img\"><img decoding=\"async\" width=\"585\" height=\"391\" src=\"https:\/\/showerglasshardware.com\/wp-content\/uploads\/2024\/03\/DK14-2A.jpg\" class=\"attachment-full size-full wp-image-618\" alt=\"Zylindrische Duscht\u00fcrkn\u00f6pfe aus Messing, R\u00fccken an R\u00fccken\" title=\"\" srcset=\"https:\/\/showerglasshardware.com\/wp-content\/uploads\/2024\/03\/DK14-2A.jpg 585w, https:\/\/showerglasshardware.com\/wp-content\/uploads\/2024\/03\/DK14-2A-300x201.jpg 300w\" sizes=\"(max-width: 585px) 100vw, 585px\" \/><\/figure><div class=\"elementor-image-box-content\"><p class=\"elementor-image-box-description\">C-14<\/p><\/div><\/div>\t\t\t\t<\/div>\n\t\t\t\t<\/div>\n\t\t<div class=\"elementor-element elementor-element-08899f1 e-con-full e-flex e-con e-child\" data-id=\"08899f1\" data-element_type=\"container\" data-e-type=\"container\">\n\t\t\t\t<div class=\"elementor-element elementor-element-1987c0b elementor-position-top elementor-widget elementor-widget-image-box\" data-id=\"1987c0b\" data-element_type=\"widget\" data-e-type=\"widget\" data-widget_type=\"image-box.default\">\n\t\t\t\t\t<div class=\"elementor-image-box-wrapper\"><figure class=\"elementor-image-box-img\"><img loading=\"lazy\" decoding=\"async\" width=\"614\" height=\"410\" src=\"https:\/\/showerglasshardware.com\/wp-content\/uploads\/2024\/03\/DK14-3A.jpg\" class=\"attachment-full size-full wp-image-619\" alt=\"Zylindrische Duscht\u00fcrkn\u00f6pfe aus Messing, R\u00fccken an R\u00fccken\" title=\"\" srcset=\"https:\/\/showerglasshardware.com\/wp-content\/uploads\/2024\/03\/DK14-3A.jpg 614w, https:\/\/showerglasshardware.com\/wp-content\/uploads\/2024\/03\/DK14-3A-600x401.jpg 600w, https:\/\/showerglasshardware.com\/wp-content\/uploads\/2024\/03\/DK14-3A-300x200.jpg 300w\" sizes=\"(max-width: 614px) 100vw, 614px\" \/><\/figure><div class=\"elementor-image-box-content\"><p class=\"elementor-image-box-description\">T-14<\/p><\/div><\/div>\t\t\t\t<\/div>\n\t\t\t\t<\/div>\n\t\t\t\t\t<\/div>\n\t\t\t\t<\/div>\n\t\t<div class=\"elementor-element elementor-element-347ed2d e-flex e-con-boxed e-con e-parent\" data-id=\"347ed2d\" data-element_type=\"container\" data-e-type=\"container\">\n\t\t\t\t\t<div class=\"e-con-inner\">\n\t\t<div class=\"elementor-element elementor-element-41a6569 e-con-full e-flex e-con e-child\" data-id=\"41a6569\" data-element_type=\"container\" data-e-type=\"container\">\n\t\t\t\t<div class=\"elementor-element elementor-element-a0bf69a elementor-position-top elementor-widget elementor-widget-image-box\" data-id=\"a0bf69a\" data-element_type=\"widget\" data-e-type=\"widget\" data-widget_type=\"image-box.default\">\n\t\t\t\t\t<div class=\"elementor-image-box-wrapper\"><figure class=\"elementor-image-box-img\"><img loading=\"lazy\" decoding=\"async\" width=\"614\" height=\"409\" src=\"https:\/\/showerglasshardware.com\/wp-content\/uploads\/2024\/03\/DK14-4A.jpg\" class=\"attachment-full size-full wp-image-620\" alt=\"Zylindrische Duscht\u00fcrkn\u00f6pfe aus Messing, R\u00fccken an R\u00fccken angeordnet\" title=\"\" srcset=\"https:\/\/showerglasshardware.com\/wp-content\/uploads\/2024\/03\/DK14-4A.jpg 614w, https:\/\/showerglasshardware.com\/wp-content\/uploads\/2024\/03\/DK14-4A-600x400.jpg 600w, https:\/\/showerglasshardware.com\/wp-content\/uploads\/2024\/03\/DK14-4A-300x200.jpg 300w\" sizes=\"(max-width: 614px) 100vw, 614px\" \/><\/figure><div class=\"elementor-image-box-content\"><p class=\"elementor-image-box-description\">G-14<\/p><\/div><\/div>\t\t\t\t<\/div>\n\t\t\t\t<\/div>\n\t\t<div class=\"elementor-element elementor-element-2e4e299 e-con-full e-flex e-con e-child\" data-id=\"2e4e299\" data-element_type=\"container\" data-e-type=\"container\">\n\t\t\t\t<div class=\"elementor-element elementor-element-d4f7e2b elementor-position-top elementor-widget elementor-widget-image-box\" data-id=\"d4f7e2b\" data-element_type=\"widget\" data-e-type=\"widget\" data-widget_type=\"image-box.default\">\n\t\t\t\t\t<div class=\"elementor-image-box-wrapper\"><figure class=\"elementor-image-box-img\"><img loading=\"lazy\" decoding=\"async\" width=\"608\" height=\"406\" src=\"https:\/\/showerglasshardware.com\/wp-content\/uploads\/2024\/03\/DK14-7A.jpg\" class=\"attachment-full size-full wp-image-621\" alt=\"Zylindrische Duscht\u00fcrkn\u00f6pfe aus Messing auf Glas\" title=\"\" srcset=\"https:\/\/showerglasshardware.com\/wp-content\/uploads\/2024\/03\/DK14-7A.jpg 608w, https:\/\/showerglasshardware.com\/wp-content\/uploads\/2024\/03\/DK14-7A-600x401.jpg 600w, https:\/\/showerglasshardware.com\/wp-content\/uploads\/2024\/03\/DK14-7A-300x200.jpg 300w\" sizes=\"(max-width: 608px) 100vw, 608px\" \/><\/figure><div class=\"elementor-image-box-content\"><p class=\"elementor-image-box-description\">F-14<\/p><\/div><\/div>\t\t\t\t<\/div>\n\t\t\t\t<\/div>\n\t\t\t\t\t<\/div>\n\t\t\t\t<\/div>\n\t\t<div class=\"elementor-element elementor-element-8e9b7f8 e-flex e-con-boxed e-con e-parent\" data-id=\"8e9b7f8\" data-element_type=\"container\" data-e-type=\"container\">\n\t\t\t\t\t<div class=\"e-con-inner\">\n\t\t<div class=\"elementor-element elementor-element-ece7daf e-con-full e-flex e-con e-child\" data-id=\"ece7daf\" data-element_type=\"container\" data-e-type=\"container\">\n\t\t\t\t<div class=\"elementor-element elementor-element-113056e elementor-position-top elementor-widget elementor-widget-image-box\" data-id=\"113056e\" data-element_type=\"widget\" data-e-type=\"widget\" data-widget_type=\"image-box.default\">\n\t\t\t\t\t<div class=\"elementor-image-box-wrapper\"><figure class=\"elementor-image-box-img\"><img loading=\"lazy\" decoding=\"async\" width=\"591\" height=\"394\" src=\"https:\/\/showerglasshardware.com\/wp-content\/uploads\/2024\/03\/DK14-8A.jpg\" class=\"attachment-full size-full wp-image-623\" alt=\"Zylindrische Duscht\u00fcrkn\u00f6pfe aus Messing auf Glas\" title=\"\" srcset=\"https:\/\/showerglasshardware.com\/wp-content\/uploads\/2024\/03\/DK14-8A.jpg 591w, https:\/\/showerglasshardware.com\/wp-content\/uploads\/2024\/03\/DK14-8A-300x200.jpg 300w\" sizes=\"(max-width: 591px) 100vw, 591px\" \/><\/figure><div class=\"elementor-image-box-content\"><p class=\"elementor-image-box-description\">G-14<\/p><\/div><\/div>\t\t\t\t<\/div>\n\t\t\t\t<\/div>\n\t\t<div class=\"elementor-element elementor-element-745d611 e-con-full e-flex e-con e-child\" data-id=\"745d611\" data-element_type=\"container\" data-e-type=\"container\">\n\t\t\t\t<div class=\"elementor-element elementor-element-a55e6f8 elementor-position-top elementor-widget elementor-widget-image-box\" data-id=\"a55e6f8\" data-element_type=\"widget\" data-e-type=\"widget\" data-widget_type=\"image-box.default\">\n\t\t\t\t\t<div class=\"elementor-image-box-wrapper\"><figure class=\"elementor-image-box-img\"><img loading=\"lazy\" decoding=\"async\" width=\"591\" height=\"394\" src=\"https:\/\/showerglasshardware.com\/wp-content\/uploads\/2024\/03\/DK14-9A.jpg\" class=\"attachment-full size-full wp-image-622\" alt=\"Zylindrische Duscht\u00fcrkn\u00f6pfe aus Messing, R\u00fccken an R\u00fccken angeordnet\" title=\"\" srcset=\"https:\/\/showerglasshardware.com\/wp-content\/uploads\/2024\/03\/DK14-9A.jpg 591w, https:\/\/showerglasshardware.com\/wp-content\/uploads\/2024\/03\/DK14-9A-300x200.jpg 300w\" sizes=\"(max-width: 591px) 100vw, 591px\" \/><\/figure><div class=\"elementor-image-box-content\"><p class=\"elementor-image-box-description\">H-14<\/p><\/div><\/div>\t\t\t\t<\/div>\n\t\t\t\t<\/div>\n\t\t\t\t\t<\/div>\n\t\t\t\t<\/div>\n\t\t<div class=\"elementor-element elementor-element-1a5c43b e-flex e-con-boxed e-con e-parent\" data-id=\"1a5c43b\" data-element_type=\"container\" data-e-type=\"container\">\n\t\t\t\t\t<div class=\"e-con-inner\">\n\t\t<div class=\"elementor-element elementor-element-6a7b609 e-con-full e-flex e-con e-child\" data-id=\"6a7b609\" data-element_type=\"container\" data-e-type=\"container\">\n\t\t\t\t<div class=\"elementor-element elementor-element-c174c16 elementor-position-top elementor-widget elementor-widget-image-box\" data-id=\"c174c16\" data-element_type=\"widget\" data-e-type=\"widget\" data-widget_type=\"image-box.default\">\n\t\t\t\t\t<div class=\"elementor-image-box-wrapper\"><figure class=\"elementor-image-box-img\"><img loading=\"lazy\" decoding=\"async\" width=\"588\" height=\"392\" src=\"https:\/\/showerglasshardware.com\/wp-content\/uploads\/2024\/03\/DK14-10A.jpg\" class=\"attachment-full size-full wp-image-624\" alt=\"Zylindrische Duscht\u00fcrkn\u00f6pfe aus Messing auf Glasplatte\" title=\"\" srcset=\"https:\/\/showerglasshardware.com\/wp-content\/uploads\/2024\/03\/DK14-10A.jpg 588w, https:\/\/showerglasshardware.com\/wp-content\/uploads\/2024\/03\/DK14-10A-300x200.jpg 300w\" sizes=\"(max-width: 588px) 100vw, 588px\" \/><\/figure><div class=\"elementor-image-box-content\"><p class=\"elementor-image-box-description\">I-14<\/p><\/div><\/div>\t\t\t\t<\/div>\n\t\t\t\t<\/div>\n\t\t<div class=\"elementor-element elementor-element-8571445 e-con-full e-flex e-con e-child\" data-id=\"8571445\" data-element_type=\"container\" data-e-type=\"container\">\n\t\t\t\t<\/div>\n\t\t\t\t\t<\/div>\n\t\t\t\t<\/div>\n\t\t\t\t<\/div>","protected":false},"excerpt":{"rendered":"<ul>\n<li>Messing<\/li>\n<li>R\u00fccken an R\u00fccken<\/li>\n<li>Glasst\u00e4rke: 6\u201312 mm;<\/li>\n<li>Oberfl\u00e4che: Chrom poliert; Poliertes Gold; Geb\u00fcrstetes Nickel<\/li>\n<\/ul>\n<p><!-- notionvc: ef15e17d-6fc9-41c1-ad00-b59f64aefa97 --><\/p>","protected":false},"featured_media":614,"comment_status":"open","ping_status":"closed","template":"","meta":{"_acf_changed":false},"product_brand":[],"product_cat":[26,111],"product_tag":[62],"class_list":{"0":"post-613","1":"product","2":"type-product","3":"status-publish","4":"has-post-thumbnail","6":"product_cat-shower-door-knobs","7":"product_cat-back-to-back-knobs","8":"product_tag-shower-door-knobs","9":"pa_finish-brushed-nickel","10":"pa_finish-chrome","11":"pa_finish-gold","12":"pa_finish-gun-metal","13":"pa_finish-black","14":"pa_glass-thickness-6-12mm","15":"pa_material-brass","17":"first","18":"instock","19":"taxable","20":"shipping-taxable","21":"product-type-simple"},"acf":[],"_links":{"self":[{"href":"https:\/\/showerglasshardware.com\/de-de\/wp-json\/wp\/v2\/product\/613","targetHints":{"allow":["GET"]}}],"collection":[{"href":"https:\/\/showerglasshardware.com\/de-de\/wp-json\/wp\/v2\/product"}],"about":[{"href":"https:\/\/showerglasshardware.com\/de-de\/wp-json\/wp\/v2\/types\/product"}],"replies":[{"embeddable":true,"href":"https:\/\/showerglasshardware.com\/de-de\/wp-json\/wp\/v2\/comments?post=613"}],"version-history":[{"count":1,"href":"https:\/\/showerglasshardware.com\/de-de\/wp-json\/wp\/v2\/product\/613\/revisions"}],"predecessor-version":[{"id":3309,"href":"https:\/\/showerglasshardware.com\/de-de\/wp-json\/wp\/v2\/product\/613\/revisions\/3309"}],"wp:featuredmedia":[{"embeddable":true,"href":"https:\/\/showerglasshardware.com\/de-de\/wp-json\/wp\/v2\/media\/614"}],"wp:attachment":[{"href":"https:\/\/showerglasshardware.com\/de-de\/wp-json\/wp\/v2\/media?parent=613"}],"wp:term":[{"taxonomy":"product_brand","embeddable":true,"href":"https:\/\/showerglasshardware.com\/de-de\/wp-json\/wp\/v2\/product_brand?post=613"},{"taxonomy":"product_cat","embeddable":true,"href":"https:\/\/showerglasshardware.com\/de-de\/wp-json\/wp\/v2\/product_cat?post=613"},{"taxonomy":"product_tag","embeddable":true,"href":"https:\/\/showerglasshardware.com\/de-de\/wp-json\/wp\/v2\/product_tag?post=613"}],"curies":[{"name":"wp","href":"https:\/\/api.w.org\/{rel}","templated":true}]}}