{"id":801,"date":"2024-04-09T02:32:44","date_gmt":"2024-04-09T02:32:44","guid":{"rendered":"https:\/\/showerglasshardware.com\/?post_type=product&#038;p=801"},"modified":"2025-11-21T03:21:12","modified_gmt":"2025-11-21T03:21:12","slug":"glass-to-glass-series-shower-glass-door-hinges-brass-180","status":"publish","type":"product","link":"https:\/\/showerglasshardware.com\/de-de\/product\/glass-to-glass-series-shower-glass-door-hinges-brass-180\/","title":{"rendered":"Scharniere f\u00fcr Glast\u00fcren in Duschen, Serie \u201eGlas an Glas\u201c | Messing | 180\u00b0 SGH204"},"content":{"rendered":"<p data-start=\"478\" data-end=\"677\">Die Glas-Glas-Duscht\u00fcrscharniere SGH204 180\u00b0 aus Messing kombinieren eine robuste Konstruktion mit pr\u00e4ziser Verstellbarkeit und sind damit ideal f\u00fcr rahmenlose Duschabtrennungen, die einen klaren, modernen Look erfordern.<\/p>\n<p data-start=\"679\" data-end=\"1017\">Die aus massivem Messing gefertigten Scharniere sind besonders stabil und korrosionsbest\u00e4ndig. Sie sind f\u00fcr 6-10 mm dickes Glas ausgelegt und k\u00f6nnen bis zu 45 kg pro zwei Scharniere tragen. Der verstellbare Scharnierwinkel erm\u00f6glicht eine Feinabstimmung w\u00e4hrend der Installation, w\u00e4hrend die Federkugelabdeckkappen die Schrauben verbergen und so f\u00fcr ein elegantes, raffiniertes Aussehen sorgen.<\/p>\n<p data-start=\"1019\" data-end=\"1281\">Die Selbstschlie\u00dffunktion bei ca. 30\u00b0 sorgt f\u00fcr ein sanftes und kontrolliertes Schlie\u00dfen und hilft, das Wasser in der Dusche zu halten. Mit einem \u00d6ffnungsbereich von 180\u00b0 eignet sich die SGH204 f\u00fcr Inline-Glasfl\u00e4chenanschl\u00fcsse in hochwertigen privaten oder gewerblichen B\u00e4dern.<\/p>\n<p data-start=\"1283\" data-end=\"1302\"><strong data-start=\"1283\" data-end=\"1300\">Hauptmerkmale:<\/strong><\/p>\n<ul data-start=\"1303\" data-end=\"1796\">\n<li data-start=\"1303\" data-end=\"1355\">\n<p data-start=\"1305\" data-end=\"1355\"><strong data-start=\"1305\" data-end=\"1314\">Typ:<\/strong> 180\u00b0 Glas-Glas-Duscht\u00fcrscharniere<\/p>\n<\/li>\n<li data-start=\"1356\" data-end=\"1425\">\n<p data-start=\"1358\" data-end=\"1425\"><strong data-start=\"1358\" data-end=\"1371\">Material:<\/strong> Massives Messing f\u00fcr Langlebigkeit und Korrosionsbest\u00e4ndigkeit<\/p>\n<\/li>\n<li data-start=\"1426\" data-end=\"1478\">\n<p data-start=\"1428\" data-end=\"1478\"><strong data-start=\"1428\" data-end=\"1452\">Glaskompatibilit\u00e4t:<\/strong> Geeignet f\u00fcr 6-10 mm dickes Glas<\/p>\n<\/li>\n<li data-start=\"1479\" data-end=\"1536\">\n<p data-start=\"1481\" data-end=\"1536\"><strong data-start=\"1481\" data-end=\"1499\">Tragf\u00e4higkeit:<\/strong> Unterst\u00fctzt bis zu 45 kg pro zwei Scharniere<\/p>\n<\/li>\n<li data-start=\"1537\" data-end=\"1587\">\n<p data-start=\"1539\" data-end=\"1587\"><strong data-start=\"1539\" data-end=\"1556\">Selbstschlie\u00dfend:<\/strong> Schlie\u00dft sich automatisch bei ~30\u00b0<\/p>\n<\/li>\n<li data-start=\"1588\" data-end=\"1655\">\n<p data-start=\"1590\" data-end=\"1655\"><strong data-start=\"1590\" data-end=\"1608\">Verstellbarkeit:<\/strong> Einstellbarer Scharnierwinkel f\u00fcr pr\u00e4zise Ausrichtung<\/p>\n<\/li>\n<li data-start=\"1656\" data-end=\"1713\">\n<p data-start=\"1658\" data-end=\"1713\"><strong data-start=\"1658\" data-end=\"1669\">Entwurf:<\/strong> Federkugelabdeckkappen f\u00fcr einen sauberen Abschluss<\/p>\n<\/li>\n<li data-start=\"1714\" data-end=\"1796\">\n<p data-start=\"1716\" data-end=\"1796\"><strong data-start=\"1716\" data-end=\"1733\">Anwendungen:<\/strong> Rahmenlose Glasduschabtrennungen in Wohnungen, Hotels und Spas<\/p>\n<\/li>\n<\/ul>\n<p data-start=\"1798\" data-end=\"1819\"><strong data-start=\"1798\" data-end=\"1817\">Spezifikationen:<\/strong><\/p>\n<ul data-start=\"1820\" data-end=\"2134\">\n<li data-start=\"1820\" data-end=\"1841\">\n<p data-start=\"1822\" data-end=\"1841\"><strong data-start=\"1822\" data-end=\"1832\">Modell:<\/strong> SGH204<\/p>\n<\/li>\n<li data-start=\"1842\" data-end=\"1882\">\n<p data-start=\"1844\" data-end=\"1882\"><strong data-start=\"1844\" data-end=\"1853\">Typ:<\/strong> Glas-Glas-Scharnier, 180\u00b0<\/p>\n<\/li>\n<li data-start=\"1883\" data-end=\"1906\">\n<p data-start=\"1885\" data-end=\"1906\"><strong data-start=\"1885\" data-end=\"1898\">Material:<\/strong> Messing<\/p>\n<\/li>\n<li data-start=\"1907\" data-end=\"1943\">\n<p data-start=\"1909\" data-end=\"1943\"><strong data-start=\"1909\" data-end=\"1934\">Passt zur Glasdicke:<\/strong> 6-10mm<\/p>\n<\/li>\n<li data-start=\"1944\" data-end=\"1978\">\n<p data-start=\"1946\" data-end=\"1978\"><strong data-start=\"1946\" data-end=\"1964\">Tragf\u00e4higkeit:<\/strong> 45kg \/ 2St\u00fcck<\/p>\n<\/li>\n<li data-start=\"1979\" data-end=\"2011\">\n<p data-start=\"1981\" data-end=\"2011\"><strong data-start=\"1981\" data-end=\"2004\">Selbstschlie\u00dfender Winkel:<\/strong> ~30\u00b0<\/p>\n<\/li>\n<li data-start=\"2012\" data-end=\"2039\">\n<p data-start=\"2014\" data-end=\"2039\"><strong data-start=\"2014\" data-end=\"2032\">\u00d6ffnungsbereich:<\/strong> 180\u00b0<\/p>\n<\/li>\n<li data-start=\"2040\" data-end=\"2134\">\n<p data-start=\"2042\" data-end=\"2134\"><strong data-start=\"2042\" data-end=\"2061\">Ausf\u00fchrungsoptionen:<\/strong> Chrom poliert, Gold poliert, Nickel geb\u00fcrstet, Gun Metal, Schwarz matt<\/p>\n<\/li>\n<\/ul>","protected":false},"excerpt":{"rendered":"<ul>\n<li>Material: Messing<\/li>\n<li>Glasst\u00e4rke: 6\u201310 mm;<\/li>\n<li>Selbstschlie\u00dfend bei etwa 30\u00b0<\/li>\n<li>Maximales Gewicht der Glast\u00fcr: 45 kg (2 St\u00fcck);<\/li>\n<li>Verstellbarer Scharnierwinkel<\/li>\n<li>Federkugel-Abdeckkappen<\/li>\n<li>Oberfl\u00e4che: Chrom poliert; Poliertes Gold; Geb\u00fcrstetes Nickel; Gun Metal; Mattschwarz<\/li>\n<\/ul>","protected":false},"featured_media":2298,"comment_status":"open","ping_status":"closed","template":"","meta":{"_acf_changed":false},"product_brand":[],"product_cat":[22,20],"product_tag":[171],"class_list":{"0":"post-801","1":"product","2":"type-product","3":"status-publish","4":"has-post-thumbnail","6":"product_cat-glass-to-glass-hinges","7":"product_cat-shower-door-hinges","8":"product_tag-glass-to-glass-hinges","9":"pa_finish-brushed-nickel","10":"pa_finish-chrome","11":"pa_finish-gold","12":"pa_finish-gun-metal","13":"pa_finish-black","14":"pa_glass-thickness-6-10-mm","15":"pa_load-bearing-45kg-2pcs","16":"pa_material-brass","18":"first","19":"instock","20":"purchasable","21":"product-type-variable","22":"has-default-attributes"},"acf":[],"_links":{"self":[{"href":"https:\/\/showerglasshardware.com\/de-de\/wp-json\/wp\/v2\/product\/801","targetHints":{"allow":["GET"]}}],"collection":[{"href":"https:\/\/showerglasshardware.com\/de-de\/wp-json\/wp\/v2\/product"}],"about":[{"href":"https:\/\/showerglasshardware.com\/de-de\/wp-json\/wp\/v2\/types\/product"}],"replies":[{"embeddable":true,"href":"https:\/\/showerglasshardware.com\/de-de\/wp-json\/wp\/v2\/comments?post=801"}],"version-history":[{"count":3,"href":"https:\/\/showerglasshardware.com\/de-de\/wp-json\/wp\/v2\/product\/801\/revisions"}],"predecessor-version":[{"id":4696,"href":"https:\/\/showerglasshardware.com\/de-de\/wp-json\/wp\/v2\/product\/801\/revisions\/4696"}],"wp:featuredmedia":[{"embeddable":true,"href":"https:\/\/showerglasshardware.com\/de-de\/wp-json\/wp\/v2\/media\/2298"}],"wp:attachment":[{"href":"https:\/\/showerglasshardware.com\/de-de\/wp-json\/wp\/v2\/media?parent=801"}],"wp:term":[{"taxonomy":"product_brand","embeddable":true,"href":"https:\/\/showerglasshardware.com\/de-de\/wp-json\/wp\/v2\/product_brand?post=801"},{"taxonomy":"product_cat","embeddable":true,"href":"https:\/\/showerglasshardware.com\/de-de\/wp-json\/wp\/v2\/product_cat?post=801"},{"taxonomy":"product_tag","embeddable":true,"href":"https:\/\/showerglasshardware.com\/de-de\/wp-json\/wp\/v2\/product_tag?post=801"}],"curies":[{"name":"wp","href":"https:\/\/api.w.org\/{rel}","templated":true}]}}