{"id":815,"date":"2024-04-09T03:22:55","date_gmt":"2024-04-09T03:22:55","guid":{"rendered":"https:\/\/showerglasshardware.com\/?post_type=product&#038;p=815"},"modified":"2025-11-21T03:03:25","modified_gmt":"2025-11-21T03:03:25","slug":"glass-to-glass-series-hinges-for-glass-shower-door-brass-135","status":"publish","type":"product","link":"https:\/\/showerglasshardware.com\/de-de\/product\/glass-to-glass-series-hinges-for-glass-shower-door-brass-135\/","title":{"rendered":"Scharniere der Glas-Glas-Serie f\u00fcr Glasduscht\u00fcren | Messing | 135\u00b0 SGH-A203"},"content":{"rendered":"<p data-start=\"475\" data-end=\"709\">Der <strong data-start=\"479\" data-end=\"529\">SGH-A203 135\u00b0 Scharniere f\u00fcr Glasduscht\u00fcr <\/strong>\u00a0ist eine hochwertige Scharnierl\u00f6sung, die f\u00fcr rahmenlose Glasduschkabinen entwickelt wurde. Hergestellt aus <strong data-start=\"616\" data-end=\"631\">massives Messing<\/strong>Er bietet \u00fcberragende Haltbarkeit, Korrosionsbest\u00e4ndigkeit und einen reibungslosen Betrieb.<\/p>\n<p data-start=\"711\" data-end=\"1041\">Dieses Scharnier ist mit 6-10 mm dickem Glas kompatibel und kann bis zu 45 kg pro zwei Scharniere tragen. Es verf\u00fcgt \u00fcber eine selbstschlie\u00dfende Funktion bei etwa 30\u00b0 f\u00fcr Komfort und Wasserkontrolle. Der einstellbare Scharnierwinkel erm\u00f6glicht eine pr\u00e4zise Montage, w\u00e4hrend die Federkugelabdeckkappen f\u00fcr ein sauberes, fertiges Aussehen sorgen.<\/p>\n<p data-start=\"1043\" data-end=\"1227\">Dieses Scharnier ist in den Ausf\u00fchrungen Chrom poliert, Gold poliert, Nickel geb\u00fcrstet, Gun Metal und Mattschwarz erh\u00e4ltlich und eignet sich f\u00fcr die Gestaltung hochwertiger Wohn- und Gesch\u00e4ftsr\u00e4ume.<\/p>\n<p data-start=\"1229\" data-end=\"1248\"><strong data-start=\"1229\" data-end=\"1246\">Hauptmerkmale:<\/strong><\/p>\n<ul data-start=\"1249\" data-end=\"1687\">\n<li data-start=\"1249\" data-end=\"1305\">\n<p data-start=\"1251\" data-end=\"1305\"><strong data-start=\"1251\" data-end=\"1264\">Material:<\/strong> Massives Messing f\u00fcr St\u00e4rke und Langlebigkeit<\/p>\n<\/li>\n<li data-start=\"1306\" data-end=\"1369\">\n<p data-start=\"1308\" data-end=\"1369\"><strong data-start=\"1308\" data-end=\"1319\">Entwurf:<\/strong> 135\u00b0 Glas-zu-Glas-Scharnier mit einstellbarem Winkel<\/p>\n<\/li>\n<li data-start=\"1370\" data-end=\"1425\">\n<p data-start=\"1372\" data-end=\"1425\"><strong data-start=\"1372\" data-end=\"1389\">Selbstschlie\u00dfend:<\/strong> Schlie\u00dft sich automatisch bei etwa 30\u00b0<\/p>\n<\/li>\n<li data-start=\"1426\" data-end=\"1483\">\n<p data-start=\"1428\" data-end=\"1483\"><strong data-start=\"1428\" data-end=\"1446\">Tragf\u00e4higkeit:<\/strong> Unterst\u00fctzt bis zu 45 kg pro zwei Scharniere<\/p>\n<\/li>\n<li data-start=\"1484\" data-end=\"1536\">\n<p data-start=\"1486\" data-end=\"1536\"><strong data-start=\"1486\" data-end=\"1510\">Glaskompatibilit\u00e4t:<\/strong> Geeignet f\u00fcr 6-10 mm dickes Glas<\/p>\n<\/li>\n<li data-start=\"1537\" data-end=\"1631\">\n<p data-start=\"1539\" data-end=\"1631\"><strong data-start=\"1539\" data-end=\"1558\">Ausf\u00fchrungsoptionen:<\/strong> Chrom poliert, Gold poliert, Nickel geb\u00fcrstet, Gun Metal, Schwarz matt<\/p>\n<\/li>\n<li data-start=\"1632\" data-end=\"1687\">\n<p data-start=\"1634\" data-end=\"1687\"><strong data-start=\"1634\" data-end=\"1651\">Anwendungen:<\/strong> Rahmenlose Duschabtrennungen aus Glas<\/p>\n<\/li>\n<\/ul>\n<p data-start=\"1689\" data-end=\"1710\"><strong data-start=\"1689\" data-end=\"1708\">Spezifikationen:<\/strong><\/p>\n<ul data-start=\"1711\" data-end=\"2069\">\n<li data-start=\"1711\" data-end=\"1734\">\n<p data-start=\"1713\" data-end=\"1734\"><strong data-start=\"1713\" data-end=\"1723\">Modell:<\/strong> SGH-A203<\/p>\n<\/li>\n<li data-start=\"1735\" data-end=\"1786\">\n<p data-start=\"1737\" data-end=\"1786\"><strong data-start=\"1737\" data-end=\"1746\">Typ:<\/strong> 135\u00b0 Glas-Glas-Duscht\u00fcrscharnier<\/p>\n<\/li>\n<li data-start=\"1787\" data-end=\"1810\">\n<p data-start=\"1789\" data-end=\"1810\"><strong data-start=\"1789\" data-end=\"1802\">Material:<\/strong> Messing<\/p>\n<\/li>\n<li data-start=\"1811\" data-end=\"1847\">\n<p data-start=\"1813\" data-end=\"1847\"><strong data-start=\"1813\" data-end=\"1838\">Passt zur Glasdicke:<\/strong> 6-10mm<\/p>\n<\/li>\n<li data-start=\"1848\" data-end=\"1887\">\n<p data-start=\"1850\" data-end=\"1887\"><strong data-start=\"1850\" data-end=\"1873\">Selbstschlie\u00dfender Winkel:<\/strong> Ca. 30\u00b0<\/p>\n<\/li>\n<li data-start=\"1888\" data-end=\"1930\">\n<p data-start=\"1890\" data-end=\"1930\"><strong data-start=\"1890\" data-end=\"1908\">Tragf\u00e4higkeit:<\/strong> 45kg pro zwei Scharniere<\/p>\n<\/li>\n<li data-start=\"1931\" data-end=\"2019\">\n<p data-start=\"1933\" data-end=\"2019\"><strong data-start=\"1933\" data-end=\"1946\">Ausf\u00fchrungen:<\/strong> Chrom poliert, Gold poliert, Nickel geb\u00fcrstet, Gun Metal, Schwarz matt<\/p>\n<\/li>\n<li data-start=\"2020\" data-end=\"2069\">\n<p data-start=\"2022\" data-end=\"2069\"><strong data-start=\"2022\" data-end=\"2038\">Anwendung:<\/strong> Rahmenlose Duscht\u00fcren aus Glas<\/p>\n<\/li>\n<\/ul>","protected":false},"excerpt":{"rendered":"<ul>\n<li>Material: Messing<\/li>\n<li>Glasst\u00e4rke: 6\u201310 mm;<\/li>\n<li>Selbstschlie\u00dfend bei etwa 30\u00b0<\/li>\n<li>Maximales Gewicht der Glast\u00fcr: 45 kg (2 St\u00fcck);<\/li>\n<li>Glas zu Glas 135\u00b0<\/li>\n<li>Verstellbarer Scharnierwinkel<\/li>\n<li>Federkugel-Abdeckkappen<\/li>\n<li>Oberfl\u00e4che: Chrom poliert; Poliertes Gold; Geb\u00fcrstetes Nickel; Gun Metal; Mattschwarz<\/li>\n<\/ul>","protected":false},"featured_media":3050,"comment_status":"open","ping_status":"closed","template":"","meta":{"_acf_changed":false},"product_brand":[],"product_cat":[22,20],"product_tag":[171],"class_list":{"0":"post-815","1":"product","2":"type-product","3":"status-publish","4":"has-post-thumbnail","6":"product_cat-glass-to-glass-hinges","7":"product_cat-shower-door-hinges","8":"product_tag-glass-to-glass-hinges","9":"pa_finish-brushed-nickel","10":"pa_finish-chrome","11":"pa_finish-gold","12":"pa_finish-gun-metal","13":"pa_finish-black","14":"pa_glass-thickness-6-10-mm","15":"pa_load-bearing-45kg-2pcs","16":"pa_material-brass","18":"first","19":"instock","20":"purchasable","21":"product-type-variable","22":"has-default-attributes"},"acf":[],"_links":{"self":[{"href":"https:\/\/showerglasshardware.com\/de-de\/wp-json\/wp\/v2\/product\/815","targetHints":{"allow":["GET"]}}],"collection":[{"href":"https:\/\/showerglasshardware.com\/de-de\/wp-json\/wp\/v2\/product"}],"about":[{"href":"https:\/\/showerglasshardware.com\/de-de\/wp-json\/wp\/v2\/types\/product"}],"replies":[{"embeddable":true,"href":"https:\/\/showerglasshardware.com\/de-de\/wp-json\/wp\/v2\/comments?post=815"}],"version-history":[{"count":3,"href":"https:\/\/showerglasshardware.com\/de-de\/wp-json\/wp\/v2\/product\/815\/revisions"}],"predecessor-version":[{"id":4594,"href":"https:\/\/showerglasshardware.com\/de-de\/wp-json\/wp\/v2\/product\/815\/revisions\/4594"}],"wp:featuredmedia":[{"embeddable":true,"href":"https:\/\/showerglasshardware.com\/de-de\/wp-json\/wp\/v2\/media\/3050"}],"wp:attachment":[{"href":"https:\/\/showerglasshardware.com\/de-de\/wp-json\/wp\/v2\/media?parent=815"}],"wp:term":[{"taxonomy":"product_brand","embeddable":true,"href":"https:\/\/showerglasshardware.com\/de-de\/wp-json\/wp\/v2\/product_brand?post=815"},{"taxonomy":"product_cat","embeddable":true,"href":"https:\/\/showerglasshardware.com\/de-de\/wp-json\/wp\/v2\/product_cat?post=815"},{"taxonomy":"product_tag","embeddable":true,"href":"https:\/\/showerglasshardware.com\/de-de\/wp-json\/wp\/v2\/product_tag?post=815"}],"curies":[{"name":"wp","href":"https:\/\/api.w.org\/{rel}","templated":true}]}}