{"id":820,"date":"2024-04-09T06:44:43","date_gmt":"2024-04-09T06:44:43","guid":{"rendered":"https:\/\/showerglasshardware.com\/?post_type=product&#038;p=820"},"modified":"2026-03-30T06:15:48","modified_gmt":"2026-03-30T06:15:48","slug":"glass-to-wall-series-shower-glass-door-hinge-brass-90","status":"publish","type":"product","link":"https:\/\/showerglasshardware.com\/de-de\/product\/glass-to-wall-series-shower-glass-door-hinge-brass-90\/","title":{"rendered":"Glast\u00fcrscharnier f\u00fcr Duschkabinen der Serie Glass to Wall | Messing | 90\u00b0 SGH-A201"},"content":{"rendered":"<p data-start=\"498\" data-end=\"808\">Das SGH-A201 Glas-Wand-Duscht\u00fcrscharnier bietet ein perfektes Gleichgewicht zwischen St\u00e4rke, Pr\u00e4zision und Stil f\u00fcr rahmenlose Glasduschkabinen. Gefertigt aus massivem Messing f\u00fcr \u00fcberlegene Haltbarkeit und Korrosionsbest\u00e4ndigkeit, liefert es langlebige Leistung in privaten und gewerblichen B\u00e4dern.<\/p>\n<p data-start=\"810\" data-end=\"1151\">Dieses Scharnier wurde f\u00fcr die 90\u00b0-Montage von Glas an der Wand entwickelt und verf\u00fcgt \u00fcber einen selbstschlie\u00dfenden Mechanismus bei ca. 30\u00b0, der eine sanfte und kontrollierte R\u00fcckkehr in die geschlossene Position gew\u00e4hrleistet. Der einstellbare Scharnierwinkel erm\u00f6glicht eine feine Ausrichtung bei der Montage, w\u00e4hrend die Federkugelabdeckkappen f\u00fcr ein sauberes und professionelles Finish sorgen.<\/p>\n<p data-start=\"1153\" data-end=\"1393\">Mit einer Glasdicke von 6-10 mm und einer Tragf\u00e4higkeit von bis zu 45 kg pro Scharnier ist die SGH-A201 ideal f\u00fcr mittelschwere bis schwere rahmenlose Duscht\u00fcren. Erh\u00e4ltlich in mehreren hochwertigen Ausf\u00fchrungen, f\u00fcgt es sich nahtlos in jeden Badstil ein.<\/p>\n<p data-start=\"1395\" data-end=\"1414\"><strong data-start=\"1395\" data-end=\"1412\">Hauptmerkmale:<\/strong><\/p>\n<ul data-start=\"1415\" data-end=\"1953\">\n<li data-start=\"1415\" data-end=\"1459\">\n<p data-start=\"1417\" data-end=\"1459\"><strong data-start=\"1417\" data-end=\"1426\">Typ:<\/strong> 90\u00b0 Glas-zu-Wand-Duschscharnier<\/p>\n<\/li>\n<li data-start=\"1460\" data-end=\"1539\">\n<p data-start=\"1462\" data-end=\"1539\"><strong data-start=\"1462\" data-end=\"1475\">Material:<\/strong> Massives Messing f\u00fcr au\u00dfergew\u00f6hnliche Festigkeit und Korrosionsbest\u00e4ndigkeit<\/p>\n<\/li>\n<li data-start=\"1540\" data-end=\"1592\">\n<p data-start=\"1542\" data-end=\"1592\"><strong data-start=\"1542\" data-end=\"1566\">Glaskompatibilit\u00e4t:<\/strong> Geeignet f\u00fcr 6-10 mm dickes Glas<\/p>\n<\/li>\n<li data-start=\"1593\" data-end=\"1650\">\n<p data-start=\"1595\" data-end=\"1650\"><strong data-start=\"1595\" data-end=\"1613\">Tragf\u00e4higkeit:<\/strong> Unterst\u00fctzt bis zu 45 kg pro zwei Scharniere<\/p>\n<\/li>\n<li data-start=\"1651\" data-end=\"1715\">\n<p data-start=\"1653\" data-end=\"1715\"><strong data-start=\"1653\" data-end=\"1666\">Funktion:<\/strong> Selbstschlie\u00dfend bei ca. 30\u00b0 f\u00fcr reibungslosen Betrieb<\/p>\n<\/li>\n<li data-start=\"1716\" data-end=\"1780\">\n<p data-start=\"1718\" data-end=\"1780\"><strong data-start=\"1718\" data-end=\"1733\">Anpassung:<\/strong> Einstellbarer Scharnierwinkel f\u00fcr pr\u00e4zise Ausrichtung<\/p>\n<\/li>\n<li data-start=\"1781\" data-end=\"1850\">\n<p data-start=\"1783\" data-end=\"1850\"><strong data-start=\"1783\" data-end=\"1794\">Entwurf:<\/strong> Federkugelabdeckkappen f\u00fcr ein sauberes, modernes Erscheinungsbild<\/p>\n<\/li>\n<li data-start=\"1851\" data-end=\"1953\">\n<p data-start=\"1853\" data-end=\"1953\"><strong data-start=\"1853\" data-end=\"1870\">Anwendungen:<\/strong> Geeignet f\u00fcr rahmenlose Duscht\u00fcren aus Glas in privaten und gewerblichen Projekten<\/p>\n<\/li>\n<\/ul>\n<p data-start=\"1955\" data-end=\"1976\"><strong data-start=\"1955\" data-end=\"1974\">Spezifikationen:<\/strong><\/p>\n<ul data-start=\"1977\" data-end=\"2279\">\n<li data-start=\"1977\" data-end=\"2000\">\n<p data-start=\"1979\" data-end=\"2000\"><strong data-start=\"1979\" data-end=\"1989\">Modell:<\/strong> SGH-A201<\/p>\n<\/li>\n<li data-start=\"2001\" data-end=\"2038\">\n<p data-start=\"2003\" data-end=\"2038\"><strong data-start=\"2003\" data-end=\"2012\">Typ:<\/strong> 90\u00b0 Glas-Wand-Scharnier<\/p>\n<\/li>\n<li data-start=\"2039\" data-end=\"2062\">\n<p data-start=\"2041\" data-end=\"2062\"><strong data-start=\"2041\" data-end=\"2054\">Material:<\/strong> Messing<\/p>\n<\/li>\n<li data-start=\"2063\" data-end=\"2099\">\n<p data-start=\"2065\" data-end=\"2099\"><strong data-start=\"2065\" data-end=\"2090\">Passt zur Glasdicke:<\/strong> 6-10mm<\/p>\n<\/li>\n<li data-start=\"2100\" data-end=\"2136\">\n<p data-start=\"2102\" data-end=\"2136\"><strong data-start=\"2102\" data-end=\"2122\">Max. T\u00fcrgewicht:<\/strong> 45kg \/ 2St\u00fcck<\/p>\n<\/li>\n<li data-start=\"2137\" data-end=\"2184\">\n<p data-start=\"2139\" data-end=\"2184\"><strong data-start=\"2139\" data-end=\"2156\">Art der Schlie\u00dfung:<\/strong> Selbstschlie\u00dfend bei etwa 30\u00b0<\/p>\n<\/li>\n<li data-start=\"2185\" data-end=\"2279\">\n<p data-start=\"2187\" data-end=\"2279\"><strong data-start=\"2187\" data-end=\"2206\">Ausf\u00fchrungsoptionen:<\/strong> Chrom poliert, Gold poliert, Nickel geb\u00fcrstet, Gun Metal, Schwarz matt<\/p>\n<\/li>\n<\/ul>","protected":false},"excerpt":{"rendered":"<ul>\n<li>Material: Messing<\/li>\n<li>Glasst\u00e4rke: 6\u201310 mm;<\/li>\n<li>Selbstschlie\u00dfend bei etwa 30\u00b0<\/li>\n<li>Maximales Gewicht der Glast\u00fcr: 45 kg (2 St\u00fcck);<\/li>\n<li>Glas an Wand 90\u00b0<\/li>\n<li>Verstellbarer Scharnierwinkel<\/li>\n<li>Federkugel-Abdeckkappen<\/li>\n<li>Oberfl\u00e4che: Chrom poliert; Poliertes Gold; Geb\u00fcrstetes Nickel; Gun Metal; Mattschwarz<\/li>\n<\/ul>","protected":false},"featured_media":3049,"comment_status":"open","ping_status":"closed","template":"","meta":{"_acf_changed":false},"product_brand":[],"product_cat":[20,21],"product_tag":[131],"class_list":{"0":"post-820","1":"product","2":"type-product","3":"status-publish","4":"has-post-thumbnail","6":"product_cat-shower-door-hinges","7":"product_cat-glass-to-wall-hinges","8":"product_tag-wall-mount-hinges","9":"pa_finish-brushed-nickel","10":"pa_finish-chrome","11":"pa_finish-gold","12":"pa_finish-gun-metal","13":"pa_finish-black","14":"pa_glass-thickness-6-10-mm","15":"pa_load-bearing-45kg-2pcs","16":"pa_material-brass","18":"first","19":"instock","20":"product-type-variable","21":"has-default-attributes"},"acf":[],"_links":{"self":[{"href":"https:\/\/showerglasshardware.com\/de-de\/wp-json\/wp\/v2\/product\/820","targetHints":{"allow":["GET"]}}],"collection":[{"href":"https:\/\/showerglasshardware.com\/de-de\/wp-json\/wp\/v2\/product"}],"about":[{"href":"https:\/\/showerglasshardware.com\/de-de\/wp-json\/wp\/v2\/types\/product"}],"replies":[{"embeddable":true,"href":"https:\/\/showerglasshardware.com\/de-de\/wp-json\/wp\/v2\/comments?post=820"}],"version-history":[{"count":3,"href":"https:\/\/showerglasshardware.com\/de-de\/wp-json\/wp\/v2\/product\/820\/revisions"}],"predecessor-version":[{"id":5278,"href":"https:\/\/showerglasshardware.com\/de-de\/wp-json\/wp\/v2\/product\/820\/revisions\/5278"}],"wp:featuredmedia":[{"embeddable":true,"href":"https:\/\/showerglasshardware.com\/de-de\/wp-json\/wp\/v2\/media\/3049"}],"wp:attachment":[{"href":"https:\/\/showerglasshardware.com\/de-de\/wp-json\/wp\/v2\/media?parent=820"}],"wp:term":[{"taxonomy":"product_brand","embeddable":true,"href":"https:\/\/showerglasshardware.com\/de-de\/wp-json\/wp\/v2\/product_brand?post=820"},{"taxonomy":"product_cat","embeddable":true,"href":"https:\/\/showerglasshardware.com\/de-de\/wp-json\/wp\/v2\/product_cat?post=820"},{"taxonomy":"product_tag","embeddable":true,"href":"https:\/\/showerglasshardware.com\/de-de\/wp-json\/wp\/v2\/product_tag?post=820"}],"curies":[{"name":"wp","href":"https:\/\/api.w.org\/{rel}","templated":true}]}}