{"id":826,"date":"2024-04-09T07:11:25","date_gmt":"2024-04-09T07:11:25","guid":{"rendered":"https:\/\/showerglasshardware.com\/?post_type=product&#038;p=826"},"modified":"2025-11-21T02:46:06","modified_gmt":"2025-11-21T02:46:06","slug":"glass-to-wall-series-shower-glass-door-offset-hinge-brass-90","status":"publish","type":"product","link":"https:\/\/showerglasshardware.com\/de-de\/product\/glass-to-wall-series-shower-glass-door-offset-hinge-brass-90\/","title":{"rendered":"Glas an Wand Serie Dusche Glast\u00fcr Offset Scharnier | Messing | 90\u00b0 SD1601L"},"content":{"rendered":"<p data-start=\"508\" data-end=\"822\">Das SD1601L Glas-Wand-Versatz-Duscht\u00fcrscharnier ist ein hochwertiges Messingscharnier f\u00fcr rahmenlose Duschkabinen, die eine um 90\u00b0 versetzte Montage erfordern. Die versetzte R\u00fcckplatte erm\u00f6glicht eine flexible Montage, wenn Wand und Glas nicht perfekt ausgerichtet sind, und sorgt gleichzeitig f\u00fcr einen sauberen, modernen Look.<\/p>\n<p data-start=\"824\" data-end=\"1078\">Dieses Scharnier verf\u00fcgt \u00fcber einen Selbstschlie\u00dfmechanismus bei ca. 30\u00b0, der einen reibungslosen und kontrollierten T\u00fcrr\u00fccklauf gew\u00e4hrleistet. Der einstellbare Scharnierwinkel erm\u00f6glicht eine Feineinstellung nach der Montage, und die Federkugelabdeckkappen sorgen f\u00fcr ein sauberes, fertiges Aussehen.<\/p>\n<p data-start=\"1080\" data-end=\"1314\">Der aus massivem Messing gefertigte SGH-1601L bietet Platz f\u00fcr 6-12 mm dickes Glas und tr\u00e4gt bis zu 35 kg pro Scharnier. Er eignet sich daher ideal f\u00fcr private und gewerbliche Badezimmerprojekte.<\/p>\n<p data-start=\"1316\" data-end=\"1335\"><strong data-start=\"1316\" data-end=\"1333\">Hauptmerkmale:<\/strong><\/p>\n<ul data-start=\"1336\" data-end=\"1817\">\n<li data-start=\"1336\" data-end=\"1388\">\n<p data-start=\"1338\" data-end=\"1388\"><strong data-start=\"1338\" data-end=\"1347\">Typ:<\/strong> Duschscharnier Glas-Wand versetzt, 90\u00b0<\/p>\n<\/li>\n<li data-start=\"1389\" data-end=\"1446\">\n<p data-start=\"1391\" data-end=\"1446\"><strong data-start=\"1391\" data-end=\"1404\">Material:<\/strong> Massives Messing f\u00fcr lange Haltbarkeit<\/p>\n<\/li>\n<li data-start=\"1447\" data-end=\"1499\">\n<p data-start=\"1449\" data-end=\"1499\"><strong data-start=\"1449\" data-end=\"1473\">Glaskompatibilit\u00e4t:<\/strong> Geeignet f\u00fcr 6-12 mm dickes Glas<\/p>\n<\/li>\n<li data-start=\"1500\" data-end=\"1557\">\n<p data-start=\"1502\" data-end=\"1557\"><strong data-start=\"1502\" data-end=\"1520\">Tragf\u00e4higkeit:<\/strong> Unterst\u00fctzt bis zu 35 kg pro zwei Scharniere<\/p>\n<\/li>\n<li data-start=\"1558\" data-end=\"1617\">\n<p data-start=\"1560\" data-end=\"1617\"><strong data-start=\"1560\" data-end=\"1571\">Entwurf:<\/strong> Versetzte R\u00fcckwand f\u00fcr flexiblen Einbau<\/p>\n<\/li>\n<li data-start=\"1618\" data-end=\"1661\">\n<p data-start=\"1620\" data-end=\"1661\"><strong data-start=\"1620\" data-end=\"1633\">Funktion:<\/strong> Selbstschlie\u00dfend bei etwa 30\u00b0<\/p>\n<\/li>\n<li data-start=\"1662\" data-end=\"1726\">\n<p data-start=\"1664\" data-end=\"1726\"><strong data-start=\"1664\" data-end=\"1679\">Anpassung:<\/strong> Einstellbarer Scharnierwinkel f\u00fcr pr\u00e4zise Ausrichtung<\/p>\n<\/li>\n<li data-start=\"1727\" data-end=\"1817\">\n<p data-start=\"1729\" data-end=\"1817\"><strong data-start=\"1729\" data-end=\"1746\">Anwendungen:<\/strong> Rahmenlose Duscht\u00fcren aus Glas in privaten und gewerblichen B\u00e4dern<\/p>\n<\/li>\n<\/ul>\n<p data-start=\"1819\" data-end=\"1840\"><strong data-start=\"1819\" data-end=\"1838\">Spezifikationen:<\/strong><\/p>\n<ul data-start=\"1841\" data-end=\"2151\">\n<li data-start=\"1841\" data-end=\"1865\">\n<p data-start=\"1843\" data-end=\"1865\"><strong data-start=\"1843\" data-end=\"1853\">Modell:<\/strong> SGH-1601L<\/p>\n<\/li>\n<li data-start=\"1866\" data-end=\"1910\">\n<p data-start=\"1868\" data-end=\"1910\"><strong data-start=\"1868\" data-end=\"1877\">Typ:<\/strong> 90\u00b0 versetztes Glas-zu-Wand-Scharnier<\/p>\n<\/li>\n<li data-start=\"1911\" data-end=\"1934\">\n<p data-start=\"1913\" data-end=\"1934\"><strong data-start=\"1913\" data-end=\"1926\">Material:<\/strong> Messing<\/p>\n<\/li>\n<li data-start=\"1935\" data-end=\"1971\">\n<p data-start=\"1937\" data-end=\"1971\"><strong data-start=\"1937\" data-end=\"1962\">Passt zur Glasdicke:<\/strong> 6-12mm<\/p>\n<\/li>\n<li data-start=\"1972\" data-end=\"2008\">\n<p data-start=\"1974\" data-end=\"2008\"><strong data-start=\"1974\" data-end=\"1994\">Max. T\u00fcrgewicht:<\/strong> 35kg \/ 2St\u00fcck<\/p>\n<\/li>\n<li data-start=\"2009\" data-end=\"2056\">\n<p data-start=\"2011\" data-end=\"2056\"><strong data-start=\"2011\" data-end=\"2028\">Art der Schlie\u00dfung:<\/strong> Selbstschlie\u00dfend bei etwa 30\u00b0<\/p>\n<\/li>\n<li data-start=\"2057\" data-end=\"2151\">\n<p data-start=\"2059\" data-end=\"2151\"><strong data-start=\"2059\" data-end=\"2078\">Ausf\u00fchrungsoptionen:<\/strong> Chrom poliert, Gold poliert, Nickel geb\u00fcrstet, Gun Metal, Schwarz matt<\/p>\n<\/li>\n<\/ul>\n<h2 id=\"tablepress-6-name\" class=\"tablepress-table-name tablepress-table-name-id-6\">Messing-Duscht\u00fcrklammern SD16xx Serie<\/h2>\n\n<table id=\"tablepress-6\" class=\"tablepress tablepress-id-6\" aria-labelledby=\"tablepress-6-name\">\n<thead>\n<tr class=\"row-1\">\n\t<th class=\"column-1\"><strong>Modell<\/strong><\/th><th class=\"column-2\"><strong>Bild<\/strong><\/th><th class=\"column-3\"><strong>Montageart<\/strong><\/th><th class=\"column-4\"><strong>Abschlusstyp<\/strong><\/th><th class=\"column-5\"><strong>Einstellbar<\/strong><\/th><th class=\"column-6\"><strong>Besonderheit<\/strong><\/th>\n<\/tr>\n<\/thead>\n<tbody class=\"row-striping row-hover\">\n<tr class=\"row-2\">\n\t<td class=\"column-1\"><a href=\"https:\/\/showerglasshardware.com\/de-de\/product\/90-degree-adjustable-brass-glass-to-wall-hinge-ac1601a\/\">SD1601A<\/a><\/td><td class=\"column-2\"><a href=\"https:\/\/showerglasshardware.com\/wp-content\/uploads\/2024\/05\/1601-5.jpg\"><img decoding=\"async\" src=\"https:\/\/showerglasshardware.com\/wp-content\/uploads\/2024\/05\/1601-5-300x300.jpg\" alt=\"90-Grad-verstellbares Messingscharnier f\u00fcr Glas an der Wand in mattem Schwarz\" width=\"60\" height=\"60\" class=\"alignnone size-medium wp-image-1846\" title=\"\" srcset=\"https:\/\/showerglasshardware.com\/wp-content\/uploads\/2024\/05\/1601-5-300x300.jpg 300w, https:\/\/showerglasshardware.com\/wp-content\/uploads\/2024\/05\/1601-5-100x100.jpg 100w, https:\/\/showerglasshardware.com\/wp-content\/uploads\/2024\/05\/1601-5-600x600.jpg 600w, https:\/\/showerglasshardware.com\/wp-content\/uploads\/2024\/05\/1601-5-150x150.jpg 150w, https:\/\/showerglasshardware.com\/wp-content\/uploads\/2024\/05\/1601-5-768x768.jpg 768w, https:\/\/showerglasshardware.com\/wp-content\/uploads\/2024\/05\/1601-5-12x12.jpg 12w, https:\/\/showerglasshardware.com\/wp-content\/uploads\/2024\/05\/1601-5.jpg 800w\" sizes=\"(max-width: 60px) 100vw, 60px\" \/><\/a><\/td><td class=\"column-3\">Glas zu Wand 90\u00b0 Vollplatte<\/td><td class=\"column-4\">Selbstschlie\u00dfend bei etwa 30\u00b0<\/td><td class=\"column-5\">Ja<\/td><td class=\"column-6\">Mit Abdeckung<\/td>\n<\/tr>\n<tr class=\"row-3\">\n\t<td class=\"column-1\"><a href=\"https:\/\/showerglasshardware.com\/de-de\/product\/glass-to-wall-series-shower-glass-door-offset-hinge-brass-90\/\">SD1601L<\/a><\/td><td class=\"column-2\"><a href=\"https:\/\/showerglasshardware.com\/wp-content\/uploads\/2024\/04\/1601-5.jpg\"><img decoding=\"async\" src=\"https:\/\/showerglasshardware.com\/wp-content\/uploads\/2024\/04\/1601-5-300x300.jpg\" alt=\"Versetztes Messingscharnier f\u00fcr Glasduscht\u00fcr im 90 Grad Winkel\" width=\"60\" height=\"60\" class=\"alignnone size-medium wp-image-1994\" title=\"\" srcset=\"https:\/\/showerglasshardware.com\/wp-content\/uploads\/2024\/04\/1601-5-300x300.jpg 300w, https:\/\/showerglasshardware.com\/wp-content\/uploads\/2024\/04\/1601-5-100x100.jpg 100w, https:\/\/showerglasshardware.com\/wp-content\/uploads\/2024\/04\/1601-5-600x600.jpg 600w, https:\/\/showerglasshardware.com\/wp-content\/uploads\/2024\/04\/1601-5-150x150.jpg 150w, https:\/\/showerglasshardware.com\/wp-content\/uploads\/2024\/04\/1601-5-768x768.jpg 768w, https:\/\/showerglasshardware.com\/wp-content\/uploads\/2024\/04\/1601-5-12x12.jpg 12w, https:\/\/showerglasshardware.com\/wp-content\/uploads\/2024\/04\/1601-5.jpg 800w\" sizes=\"(max-width: 60px) 100vw, 60px\" \/><\/a><\/td><td class=\"column-3\">Glas-Wand-Versatzplatte 90\u00b0<\/td><td class=\"column-4\">Selbstschlie\u00dfend bei etwa 30\u00b0<\/td><td class=\"column-5\">Ja<\/td><td class=\"column-6\">Mit Abdeckung<\/td>\n<\/tr>\n<tr class=\"row-4\">\n\t<td class=\"column-1\"><a href=\"https:\/\/showerglasshardware.com\/de-de\/product\/90-degree-glass-to-glass-spring-hinges-sgh-1602\/\">SD1602<\/a><\/td><td class=\"column-2\"><a href=\"https:\/\/showerglasshardware.com\/wp-content\/uploads\/2024\/05\/1602-5.jpg\"><img decoding=\"async\" src=\"https:\/\/showerglasshardware.com\/wp-content\/uploads\/2024\/05\/1602-5-300x300.jpg\" alt=\"Mattschwarze Scharnierfedern f\u00fcr rahmenlose Duscht\u00fcren\" width=\"60\" height=\"60\" class=\"alignnone size-medium wp-image-1897\" title=\"\" srcset=\"https:\/\/showerglasshardware.com\/wp-content\/uploads\/2024\/05\/1602-5-300x300.jpg 300w, https:\/\/showerglasshardware.com\/wp-content\/uploads\/2024\/05\/1602-5-100x100.jpg 100w, https:\/\/showerglasshardware.com\/wp-content\/uploads\/2024\/05\/1602-5-600x600.jpg 600w, https:\/\/showerglasshardware.com\/wp-content\/uploads\/2024\/05\/1602-5-150x150.jpg 150w, https:\/\/showerglasshardware.com\/wp-content\/uploads\/2024\/05\/1602-5-768x768.jpg 768w, https:\/\/showerglasshardware.com\/wp-content\/uploads\/2024\/05\/1602-5-12x12.jpg 12w, https:\/\/showerglasshardware.com\/wp-content\/uploads\/2024\/05\/1602-5.jpg 800w\" sizes=\"(max-width: 60px) 100vw, 60px\" \/><\/a><\/td><td class=\"column-3\">Glas-zu-Glas 90\u00b0<\/td><td class=\"column-4\">Selbstschlie\u00dfend bei etwa 30\u00b0<\/td><td class=\"column-5\">Ja<\/td><td class=\"column-6\">Mit Abdeckung<\/td>\n<\/tr>\n<tr class=\"row-5\">\n\t<td class=\"column-1\"><a href=\"https:\/\/showerglasshardware.com\/de-de\/product\/135-degree-glass-to-glass-spring-hinges-sgh-1603\/\">SD1603<\/a><\/td><td class=\"column-2\"><a href=\"https:\/\/showerglasshardware.com\/wp-content\/uploads\/2024\/03\/1603-5.jpg\"><img loading=\"lazy\" decoding=\"async\" src=\"https:\/\/showerglasshardware.com\/wp-content\/uploads\/2024\/03\/1603-5-300x300.jpg\" alt=\"Glas-Glas-T\u00fcr-Federscharnier Modell SGH-1603\" width=\"60\" height=\"60\" class=\"alignnone size-medium wp-image-1881\" title=\"\" srcset=\"https:\/\/showerglasshardware.com\/wp-content\/uploads\/2024\/03\/1603-5-300x300.jpg 300w, https:\/\/showerglasshardware.com\/wp-content\/uploads\/2024\/03\/1603-5-100x100.jpg 100w, https:\/\/showerglasshardware.com\/wp-content\/uploads\/2024\/03\/1603-5-600x600.jpg 600w, https:\/\/showerglasshardware.com\/wp-content\/uploads\/2024\/03\/1603-5-150x150.jpg 150w, https:\/\/showerglasshardware.com\/wp-content\/uploads\/2024\/03\/1603-5-768x768.jpg 768w, https:\/\/showerglasshardware.com\/wp-content\/uploads\/2024\/03\/1603-5-12x12.jpg 12w, https:\/\/showerglasshardware.com\/wp-content\/uploads\/2024\/03\/1603-5.jpg 800w\" sizes=\"(max-width: 60px) 100vw, 60px\" \/><\/a><\/td><td class=\"column-3\">Glas zu Glas 135\u00b0<\/td><td class=\"column-4\">Selbstschlie\u00dfend bei etwa 30\u00b0<\/td><td class=\"column-5\">Ja<\/td><td class=\"column-6\">Mit Abdeckung<\/td>\n<\/tr>\n<tr class=\"row-6\">\n\t<td class=\"column-1\"><a href=\"https:\/\/showerglasshardware.com\/de-de\/product\/180-glass-to-glass-spring-hinges-brass-sgh-1064\/\">SD1604<\/a><\/td><td class=\"column-2\"><a href=\"https:\/\/showerglasshardware.com\/wp-content\/uploads\/2024\/03\/GHC1604A-6.jpg\"><img loading=\"lazy\" decoding=\"async\" src=\"https:\/\/showerglasshardware.com\/wp-content\/uploads\/2024\/03\/GHC1604A-6-300x300.jpg\" alt=\"Federscharnier aus Messing, das die Glasscheiben in einem Winkel von 180 Grad verbindet\" width=\"60\" height=\"60\" class=\"alignnone size-medium wp-image-1876\" title=\"\" srcset=\"https:\/\/showerglasshardware.com\/wp-content\/uploads\/2024\/03\/GHC1604A-6-300x300.jpg 300w, https:\/\/showerglasshardware.com\/wp-content\/uploads\/2024\/03\/GHC1604A-6-100x100.jpg 100w, https:\/\/showerglasshardware.com\/wp-content\/uploads\/2024\/03\/GHC1604A-6-600x600.jpg 600w, https:\/\/showerglasshardware.com\/wp-content\/uploads\/2024\/03\/GHC1604A-6-150x150.jpg 150w, https:\/\/showerglasshardware.com\/wp-content\/uploads\/2024\/03\/GHC1604A-6-768x768.jpg 768w, https:\/\/showerglasshardware.com\/wp-content\/uploads\/2024\/03\/GHC1604A-6-12x12.jpg 12w, https:\/\/showerglasshardware.com\/wp-content\/uploads\/2024\/03\/GHC1604A-6.jpg 800w\" sizes=\"(max-width: 60px) 100vw, 60px\" \/><\/a><\/td><td class=\"column-3\">Glas zu Glas 180\u00b0<\/td><td class=\"column-4\">Selbstschlie\u00dfend bei etwa 30\u00b0<\/td><td class=\"column-5\">Ja<\/td><td class=\"column-6\">Mit Abdeckung<\/td>\n<\/tr>\n<tr class=\"row-7\">\n\t<td class=\"column-1\"><a href=\"https:\/\/showerglasshardware.com\/de-de\/product\/180-degree-glass-to-wall-spring-hinges-sgh-1605\/\">SD1605<\/a><\/td><td class=\"column-2\"><a href=\"https:\/\/showerglasshardware.com\/wp-content\/uploads\/2024\/03\/1605-5.jpg\"><img loading=\"lazy\" decoding=\"async\" src=\"https:\/\/showerglasshardware.com\/wp-content\/uploads\/2024\/03\/1605-5-300x300.jpg\" alt=\"Federscharnier zwischen Glas und Wand in einer 180-Grad-\u00d6ffnungsposition\" width=\"60\" height=\"60\" class=\"alignnone size-medium wp-image-1902\" title=\"\" srcset=\"https:\/\/showerglasshardware.com\/wp-content\/uploads\/2024\/03\/1605-5-300x300.jpg 300w, https:\/\/showerglasshardware.com\/wp-content\/uploads\/2024\/03\/1605-5-100x100.jpg 100w, https:\/\/showerglasshardware.com\/wp-content\/uploads\/2024\/03\/1605-5-600x600.jpg 600w, https:\/\/showerglasshardware.com\/wp-content\/uploads\/2024\/03\/1605-5-150x150.jpg 150w, https:\/\/showerglasshardware.com\/wp-content\/uploads\/2024\/03\/1605-5-768x768.jpg 768w, https:\/\/showerglasshardware.com\/wp-content\/uploads\/2024\/03\/1605-5-12x12.jpg 12w, https:\/\/showerglasshardware.com\/wp-content\/uploads\/2024\/03\/1605-5.jpg 800w\" sizes=\"(max-width: 60px) 100vw, 60px\" \/><\/a><\/td><td class=\"column-3\">Glas zur Wand 180\u00b0<\/td><td class=\"column-4\">Selbstschlie\u00dfend bei etwa 30\u00b0<\/td><td class=\"column-5\">Ja<\/td><td class=\"column-6\">Mit Abdeckung<\/td>\n<\/tr>\n<\/tbody>\n<\/table>\n<!-- #tablepress-6 from cache -->","protected":false},"excerpt":{"rendered":"<ul>\n<li>Material: Messing<\/li>\n<li>Glasdicke: 6\u201312 mm<\/li>\n<li>Selbstschlie\u00dfend bei etwa 30\u00b0<\/li>\n<li>Max. Glast\u00fcrgewicht: 35kg \/ 2Stk<\/li>\n<li>Glas-Wand-Scharnier mit 90\u00b0 versetztem Winkel<\/li>\n<li>Verstellbarer Scharnierwinkel<\/li>\n<li>Federkugel-Abdeckkappen<\/li>\n<li>Oberfl\u00e4che: Chrom poliert; Poliertes Gold; Geb\u00fcrstetes Nickel; Gun Metal; Mattschwarz<\/li>\n<\/ul>","protected":false},"featured_media":3047,"comment_status":"open","ping_status":"closed","template":"","meta":{"_acf_changed":false},"product_brand":[],"product_cat":[170,20],"product_tag":[129],"class_list":{"0":"post-826","1":"product","2":"type-product","3":"status-publish","4":"has-post-thumbnail","6":"product_cat-offset-wall-to-glass-hinges","7":"product_cat-shower-door-hinges","8":"product_tag-offset-wall-mount-hinges","9":"pa_finish-brushed-nickel","10":"pa_finish-chrome","11":"pa_finish-gold","12":"pa_finish-gun-metal","13":"pa_finish-black","14":"pa_glass-thickness-1-2-inch-12mm","15":"pa_glass-thickness-1-4-inch-6mm","16":"pa_glass-thickness-3-8-inch-10mm","17":"pa_glass-thickness-5-16-inch-8mm","18":"pa_load-bearing-35kg-2pcs","19":"pa_material-brass","21":"first","22":"instock","23":"product-type-variable","24":"has-default-attributes"},"acf":[],"_links":{"self":[{"href":"https:\/\/showerglasshardware.com\/de-de\/wp-json\/wp\/v2\/product\/826","targetHints":{"allow":["GET"]}}],"collection":[{"href":"https:\/\/showerglasshardware.com\/de-de\/wp-json\/wp\/v2\/product"}],"about":[{"href":"https:\/\/showerglasshardware.com\/de-de\/wp-json\/wp\/v2\/types\/product"}],"replies":[{"embeddable":true,"href":"https:\/\/showerglasshardware.com\/de-de\/wp-json\/wp\/v2\/comments?post=826"}],"version-history":[{"count":5,"href":"https:\/\/showerglasshardware.com\/de-de\/wp-json\/wp\/v2\/product\/826\/revisions"}],"predecessor-version":[{"id":4895,"href":"https:\/\/showerglasshardware.com\/de-de\/wp-json\/wp\/v2\/product\/826\/revisions\/4895"}],"wp:featuredmedia":[{"embeddable":true,"href":"https:\/\/showerglasshardware.com\/de-de\/wp-json\/wp\/v2\/media\/3047"}],"wp:attachment":[{"href":"https:\/\/showerglasshardware.com\/de-de\/wp-json\/wp\/v2\/media?parent=826"}],"wp:term":[{"taxonomy":"product_brand","embeddable":true,"href":"https:\/\/showerglasshardware.com\/de-de\/wp-json\/wp\/v2\/product_brand?post=826"},{"taxonomy":"product_cat","embeddable":true,"href":"https:\/\/showerglasshardware.com\/de-de\/wp-json\/wp\/v2\/product_cat?post=826"},{"taxonomy":"product_tag","embeddable":true,"href":"https:\/\/showerglasshardware.com\/de-de\/wp-json\/wp\/v2\/product_tag?post=826"}],"curies":[{"name":"wp","href":"https:\/\/api.w.org\/{rel}","templated":true}]}}