{"id":876,"date":"2024-04-17T03:43:15","date_gmt":"2024-04-17T03:43:15","guid":{"rendered":"https:\/\/showerglasshardware.com\/?post_type=product&#038;p=876"},"modified":"2025-11-21T07:08:21","modified_gmt":"2025-11-21T07:08:21","slug":"glass-to-glass-right-side-lift-off-shower-hinge-sgh-r112","status":"publish","type":"product","link":"https:\/\/showerglasshardware.com\/de-de\/product\/glass-to-glass-right-side-lift-off-shower-hinge-sgh-r112\/","title":{"rendered":"Glas-Glas-Duschscharnier, rechte Seite, abnehmbar, SGH-R112"},"content":{"rendered":"<p data-start=\"483\" data-end=\"661\">Das SGH-R112 Glas-auf-Glas-Duschscharnier f\u00fcr die rechte Seite ist f\u00fcr eine bequeme Installation, einen reibungslosen Betrieb und einen zuverl\u00e4ssigen Halt in rahmenlosen Duschkabinen konzipiert.<\/p>\n<p data-start=\"663\" data-end=\"937\">Dieses aus massivem Messing gefertigte Scharnier ist mit 6-12 mm dickem Glas kompatibel und kann bis zu 45 kg pro zwei Scharniere tragen. Das Lift-Off-Design erleichtert den Ausbau und die Wartung der T\u00fcr und ist somit ideal f\u00fcr private und gewerbliche Badezimmer.<\/p>\n<p data-start=\"939\" data-end=\"1095\">Die SGH-R112 ist in den Ausf\u00fchrungen Chrom poliert, Gold poliert, Nickel geb\u00fcrstet, Gun Metal und Schwarz matt erh\u00e4ltlich und verbindet Langlebigkeit mit elegantem Design.<\/p>\n<p data-start=\"1097\" data-end=\"1116\"><strong data-start=\"1097\" data-end=\"1114\">Hauptmerkmale:<\/strong><\/p>\n<ul data-start=\"1117\" data-end=\"1616\">\n<li data-start=\"1117\" data-end=\"1171\">\n<p data-start=\"1119\" data-end=\"1171\"><strong data-start=\"1119\" data-end=\"1128\">Typ:<\/strong> Rechtsseitiges abhebbares Glas-Glas-Scharnier<\/p>\n<\/li>\n<li data-start=\"1172\" data-end=\"1239\">\n<p data-start=\"1174\" data-end=\"1239\"><strong data-start=\"1174\" data-end=\"1187\">Material:<\/strong> Massives Messing f\u00fcr St\u00e4rke und Korrosionsbest\u00e4ndigkeit<\/p>\n<\/li>\n<li data-start=\"1240\" data-end=\"1292\">\n<p data-start=\"1242\" data-end=\"1292\"><strong data-start=\"1242\" data-end=\"1266\">Glaskompatibilit\u00e4t:<\/strong> Geeignet f\u00fcr 6-12 mm dickes Glas<\/p>\n<\/li>\n<li data-start=\"1293\" data-end=\"1350\">\n<p data-start=\"1295\" data-end=\"1350\"><strong data-start=\"1295\" data-end=\"1313\">Tragf\u00e4higkeit:<\/strong> Unterst\u00fctzt bis zu 45 kg pro zwei Scharniere<\/p>\n<\/li>\n<li data-start=\"1351\" data-end=\"1429\">\n<p data-start=\"1353\" data-end=\"1429\"><strong data-start=\"1353\" data-end=\"1372\">Designvorteil:<\/strong> Lift-off-Funktion zum einfachen Entfernen und Warten der T\u00fcr<\/p>\n<\/li>\n<li data-start=\"1430\" data-end=\"1524\">\n<p data-start=\"1432\" data-end=\"1524\"><strong data-start=\"1432\" data-end=\"1451\">Ausf\u00fchrungsoptionen:<\/strong> Chrom poliert, Gold poliert, Nickel geb\u00fcrstet, Gun Metal, Schwarz matt<\/p>\n<\/li>\n<li data-start=\"1525\" data-end=\"1616\">\n<p data-start=\"1527\" data-end=\"1616\"><strong data-start=\"1527\" data-end=\"1544\">Anwendungen:<\/strong> Rahmenlose Duscht\u00fcren aus Glas f\u00fcr Wohnungen, Hotels und gewerbliche R\u00e4ume<\/p>\n<\/li>\n<\/ul>\n<p data-start=\"1618\" data-end=\"1639\"><strong data-start=\"1618\" data-end=\"1637\">Spezifikationen:<\/strong><\/p>\n<ul data-start=\"1640\" data-end=\"1951\">\n<li data-start=\"1640\" data-end=\"1663\">\n<p data-start=\"1642\" data-end=\"1663\"><strong data-start=\"1642\" data-end=\"1652\">Modell:<\/strong> SGH-R112<\/p>\n<\/li>\n<li data-start=\"1664\" data-end=\"1711\">\n<p data-start=\"1666\" data-end=\"1711\"><strong data-start=\"1666\" data-end=\"1675\">Typ:<\/strong> Aushebbares Duschscharnier, rechte Seite<\/p>\n<\/li>\n<li data-start=\"1712\" data-end=\"1735\">\n<p data-start=\"1714\" data-end=\"1735\"><strong data-start=\"1714\" data-end=\"1727\">Material:<\/strong> Messing<\/p>\n<\/li>\n<li data-start=\"1736\" data-end=\"1772\">\n<p data-start=\"1738\" data-end=\"1772\"><strong data-start=\"1738\" data-end=\"1763\">Passt zur Glasdicke:<\/strong> 6-12mm<\/p>\n<\/li>\n<li data-start=\"1773\" data-end=\"1807\">\n<p data-start=\"1775\" data-end=\"1807\"><strong data-start=\"1775\" data-end=\"1793\">Tragf\u00e4higkeit:<\/strong> 45kg \/ 2St\u00fcck<\/p>\n<\/li>\n<li data-start=\"1808\" data-end=\"1896\">\n<p data-start=\"1810\" data-end=\"1896\"><strong data-start=\"1810\" data-end=\"1823\">Ausf\u00fchrungen:<\/strong> Chrom poliert, Gold poliert, Nickel geb\u00fcrstet, Gun Metal, Schwarz matt<\/p>\n<\/li>\n<li data-start=\"1897\" data-end=\"1951\">\n<p data-start=\"1899\" data-end=\"1951\"><strong data-start=\"1899\" data-end=\"1915\">Anwendung:<\/strong> Rahmenlose Duschabtrennungen aus Glas<\/p>\n<\/li>\n<\/ul>","protected":false},"excerpt":{"rendered":"<ul>\n<li>Glas-Glas-Duschscharnier, rechte Seite, abnehmbar<\/li>\n<li>Material: Messing<\/li>\n<li>Glasdicke: 6\u201312 mm<\/li>\n<li>Max. Glast\u00fcrgewicht: 45 kg\/2 St\u00fcck<\/li>\n<li>Finish: Chrom poliert, Gold poliert, Nickel geb\u00fcrstet, Gun Metal, Mattschwarz<\/li>\n<\/ul>","protected":false},"featured_media":3042,"comment_status":"open","ping_status":"closed","template":"","meta":{"_acf_changed":false},"product_brand":[],"product_cat":[20,106],"product_tag":[130],"class_list":{"0":"post-876","1":"product","2":"type-product","3":"status-publish","4":"has-post-thumbnail","6":"product_cat-shower-door-hinges","7":"product_cat-lift-off-shower-hinges","8":"product_tag-lift-off-shower-hinges","9":"pa_finish-brushed-nickel","10":"pa_finish-chrome","11":"pa_finish-gold","12":"pa_finish-gun-metal","13":"pa_finish-black","14":"pa_glass-thickness-6-12mm","15":"pa_material-brass","16":"pa_size-58119mm","18":"first","19":"instock","20":"purchasable","21":"product-type-variable","22":"has-default-attributes"},"acf":[],"_links":{"self":[{"href":"https:\/\/showerglasshardware.com\/de-de\/wp-json\/wp\/v2\/product\/876","targetHints":{"allow":["GET"]}}],"collection":[{"href":"https:\/\/showerglasshardware.com\/de-de\/wp-json\/wp\/v2\/product"}],"about":[{"href":"https:\/\/showerglasshardware.com\/de-de\/wp-json\/wp\/v2\/types\/product"}],"replies":[{"embeddable":true,"href":"https:\/\/showerglasshardware.com\/de-de\/wp-json\/wp\/v2\/comments?post=876"}],"version-history":[{"count":2,"href":"https:\/\/showerglasshardware.com\/de-de\/wp-json\/wp\/v2\/product\/876\/revisions"}],"predecessor-version":[{"id":4684,"href":"https:\/\/showerglasshardware.com\/de-de\/wp-json\/wp\/v2\/product\/876\/revisions\/4684"}],"wp:featuredmedia":[{"embeddable":true,"href":"https:\/\/showerglasshardware.com\/de-de\/wp-json\/wp\/v2\/media\/3042"}],"wp:attachment":[{"href":"https:\/\/showerglasshardware.com\/de-de\/wp-json\/wp\/v2\/media?parent=876"}],"wp:term":[{"taxonomy":"product_brand","embeddable":true,"href":"https:\/\/showerglasshardware.com\/de-de\/wp-json\/wp\/v2\/product_brand?post=876"},{"taxonomy":"product_cat","embeddable":true,"href":"https:\/\/showerglasshardware.com\/de-de\/wp-json\/wp\/v2\/product_cat?post=876"},{"taxonomy":"product_tag","embeddable":true,"href":"https:\/\/showerglasshardware.com\/de-de\/wp-json\/wp\/v2\/product_tag?post=876"}],"curies":[{"name":"wp","href":"https:\/\/api.w.org\/{rel}","templated":true}]}}