{"id":1745,"date":"2024-05-23T09:02:24","date_gmt":"2024-05-23T09:02:24","guid":{"rendered":"https:\/\/showerglasshardware.com\/?page_id=1745"},"modified":"2025-08-09T09:34:17","modified_gmt":"2025-08-09T09:34:17","slug":"bulk-orders","status":"publish","type":"page","link":"https:\/\/showerglasshardware.com\/es-es\/bulk-orders\/","title":{"rendered":"Pedidos al por mayor"},"content":{"rendered":"<div data-elementor-type=\"wp-page\" data-elementor-id=\"1745\" class=\"elementor elementor-1745\" data-elementor-post-type=\"page\">\n\t\t\t\t<div class=\"elementor-element elementor-element-c2fed87 e-flex e-con-boxed e-con e-parent\" data-id=\"c2fed87\" data-element_type=\"container\" data-e-type=\"container\" data-settings=\"{&quot;background_background&quot;:&quot;classic&quot;}\">\n\t\t\t\t\t<div class=\"e-con-inner\">\n\t\t\t\t<div class=\"elementor-element elementor-element-60da8a2 elementor-widget elementor-widget-text-editor\" data-id=\"60da8a2\" data-element_type=\"widget\" data-e-type=\"widget\" data-widget_type=\"text-editor.default\">\n\t\t\t\t\t\t\t\t\t<p>SOLUCIONES DE BA\u00d1O. PRECIO DE DESCUENTO.<\/p>\t\t\t\t\t\t\t\t<\/div>\n\t\t\t\t<div class=\"elementor-element elementor-element-2e80625 elementor-widget elementor-widget-heading\" data-id=\"2e80625\" data-element_type=\"widget\" data-e-type=\"widget\" data-widget_type=\"heading.default\">\n\t\t\t\t\t<h1 class=\"elementor-heading-title elementor-size-default\">\u00d3rdenes comerciales<\/h1>\t\t\t\t<\/div>\n\t\t\t\t<div class=\"elementor-element elementor-element-de8c084 elementor-widget elementor-widget-text-editor\" data-id=\"de8c084\" data-element_type=\"widget\" data-e-type=\"widget\" data-widget_type=\"text-editor.default\">\n\t\t\t\t\t\t\t\t\t<p>CALIDAD QUE MANTIENE A TU EQUIPO EN MOVIMIENTO<\/p>\t\t\t\t\t\t\t\t<\/div>\n\t\t\t\t<div class=\"elementor-element elementor-element-59c84c2 elementor-align-center elementor-widget elementor-widget-button\" data-id=\"59c84c2\" data-element_type=\"widget\" data-e-type=\"widget\" data-widget_type=\"button.default\">\n\t\t\t\t\t\t\t\t\t\t<a class=\"elementor-button elementor-button-link elementor-size-sm\" href=\"https:\/\/showerglasshardware.com\/index.php\/contact\/\">\n\t\t\t\t\t\t<span class=\"elementor-button-content-wrapper\">\n\t\t\t\t\t\t\t\t\t<span class=\"elementor-button-text\">CON\u00c9CTATE CON NOSOTROS<\/span>\n\t\t\t\t\t<\/span>\n\t\t\t\t\t<\/a>\n\t\t\t\t\t\t\t\t<\/div>\n\t\t\t\t\t<\/div>\n\t\t\t\t<\/div>\n\t\t<div class=\"elementor-element elementor-element-2f8c105 e-flex e-con-boxed e-con e-parent\" data-id=\"2f8c105\" data-element_type=\"container\" data-e-type=\"container\">\n\t\t\t\t\t<div class=\"e-con-inner\">\n\t\t\t\t<div class=\"elementor-element elementor-element-f9b5fa2 elementor-widget elementor-widget-heading\" data-id=\"f9b5fa2\" data-element_type=\"widget\" data-e-type=\"widget\" data-widget_type=\"heading.default\">\n\t\t\t\t\t<h2 class=\"elementor-heading-title elementor-size-default\">Soporte personalizado. Respuesta r\u00e1pida.<\/h2>\t\t\t\t<\/div>\n\t\t\t\t<div class=\"elementor-element elementor-element-c43a4dd elementor-widget elementor-widget-text-editor\" data-id=\"c43a4dd\" data-element_type=\"widget\" data-e-type=\"widget\" data-widget_type=\"text-editor.default\">\n\t\t\t\t\t\t\t\t\t<p>En SGH, brindamos asistencia individualizada con una persona real con conocimiento real del producto antes, durante y despu\u00e9s del pedido. Adem\u00e1s de brindar tiempos de respuesta r\u00e1pidos para cotizaciones personalizadas, nuestros expertos colaborar\u00e1n con usted para identificar la mejor opci\u00f3n para su equipo.<\/p>\t\t\t\t\t\t\t\t<\/div>\n\t\t\t\t\t<\/div>\n\t\t\t\t<\/div>\n\t\t<div class=\"elementor-element elementor-element-0691571 e-flex e-con-boxed e-con e-parent\" data-id=\"0691571\" data-element_type=\"container\" data-e-type=\"container\">\n\t\t\t\t\t<div class=\"e-con-inner\">\n\t\t<div class=\"elementor-element elementor-element-28a55d0 e-con-full e-flex e-con e-child\" data-id=\"28a55d0\" data-element_type=\"container\" data-e-type=\"container\">\n\t\t\t\t<div class=\"elementor-element elementor-element-742882d elementor-view-default elementor-position-block-start elementor-mobile-position-block-start elementor-widget elementor-widget-icon-box\" data-id=\"742882d\" data-element_type=\"widget\" data-e-type=\"widget\" data-widget_type=\"icon-box.default\">\n\t\t\t\t\t\t\t<div class=\"elementor-icon-box-wrapper\">\n\n\t\t\t\t\t\t<div class=\"elementor-icon-box-icon\">\n\t\t\t\t<span  class=\"elementor-icon\">\n\t\t\t\t<svg aria-hidden=\"true\" class=\"e-font-icon-svg e-fas-comments-dollar\" viewbox=\"0 0 576 512\" xmlns=\"http:\/\/www.w3.org\/2000\/svg\"><path d=\"M416 192c0-88.37-93.12-160-208-160S0 103.63 0 192c0 34.27 14.13 65.95 37.97 91.98C24.61 314.22 2.52 338.16 2.2 338.5A7.995 7.995 0 0 0 8 352c36.58 0 66.93-12.25 88.73-24.98C128.93 342.76 167.02 352 208 352c114.88 0 208-71.63 208-160zm-224 96v-16.29c-11.29-.58-22.27-4.52-31.37-11.35-3.9-2.93-4.1-8.77-.57-12.14l11.75-11.21c2.77-2.64 6.89-2.76 10.13-.73 3.87 2.42 8.26 3.72 12.82 3.72h28.11c6.5 0 11.8-5.92 11.8-13.19 0-5.95-3.61-11.19-8.77-12.73l-45-13.5c-18.59-5.58-31.58-23.42-31.58-43.39 0-24.52 19.05-44.44 42.67-45.07V96c0-4.42 3.58-8 8-8h16c4.42 0 8 3.58 8 8v16.29c11.29.58 22.27 4.51 31.37 11.35 3.9 2.93 4.1 8.77.57 12.14l-11.75 11.21c-2.77 2.64-6.89 2.76-10.13.73-3.87-2.43-8.26-3.72-12.82-3.72h-28.11c-6.5 0-11.8 5.92-11.8 13.19 0 5.95 3.61 11.19 8.77 12.73l45 13.5c18.59 5.58 31.58 23.42 31.58 43.39 0 24.53-19.05 44.44-42.67 45.07V288c0 4.42-3.58 8-8 8h-16c-4.42 0-8-3.58-8-8zm346.01 123.99C561.87 385.96 576 354.27 576 320c0-66.94-53.49-124.2-129.33-148.07.86 6.6 1.33 13.29 1.33 20.07 0 105.87-107.66 192-240 192-10.78 0-21.32-.77-31.73-1.88C207.8 439.63 281.77 480 368 480c40.98 0 79.07-9.24 111.27-24.98C501.07 467.75 531.42 480 568 480c3.2 0 6.09-1.91 7.34-4.84 1.27-2.94.66-6.34-1.55-8.67-.31-.33-22.42-24.24-35.78-54.5z\"><\/path><\/svg>\t\t\t\t<\/span>\n\t\t\t<\/div>\n\t\t\t\n\t\t\t\t\t\t<div class=\"elementor-icon-box-content\">\n\n\t\t\t\t\t\t\t\t\t<h3 class=\"elementor-icon-box-title\">\n\t\t\t\t\t\t<span  >\n\t\t\t\t\t\t\tuno a uno\t\t\t\t\t\t<\/span>\n\t\t\t\t\t<\/h3>\n\t\t\t\t\n\t\t\t\t\t\t\t\t\t<p class=\"elementor-icon-box-description\">\n\t\t\t\t\t\tNuestro equipo especializado en la venta al por mayor est\u00e1 a su disposici\u00f3n para ayudarle antes, durante y despu\u00e9s de realizar un pedido, garantiz\u00e1ndole el mejor servicio. <a href=\"https:\/\/showerglasshardware.com\/es-es\/frameless-shower-doors-hardware-solutions-a-comprehensive-guide\/\" data-wpil-monitor-id=\"900\">soluci\u00f3n<\/a> para sus necesidades.\t\t\t\t\t<\/p>\n\t\t\t\t\n\t\t\t<\/div>\n\t\t\t\n\t\t<\/div>\n\t\t\t\t\t\t<\/div>\n\t\t\t\t<\/div>\n\t\t<div class=\"elementor-element elementor-element-a05ff74 e-con-full e-flex e-con e-child\" data-id=\"a05ff74\" data-element_type=\"container\" data-e-type=\"container\">\n\t\t\t\t<div class=\"elementor-element elementor-element-b6d544b elementor-view-default elementor-position-block-start elementor-mobile-position-block-start elementor-widget elementor-widget-icon-box\" data-id=\"b6d544b\" data-element_type=\"widget\" data-e-type=\"widget\" data-widget_type=\"icon-box.default\">\n\t\t\t\t\t\t\t<div class=\"elementor-icon-box-wrapper\">\n\n\t\t\t\t\t\t<div class=\"elementor-icon-box-icon\">\n\t\t\t\t<span  class=\"elementor-icon\">\n\t\t\t\t<svg aria-hidden=\"true\" class=\"e-font-icon-svg e-fas-dolly-flatbed\" viewbox=\"0 0 640 512\" xmlns=\"http:\/\/www.w3.org\/2000\/svg\"><path d=\"M208 320h384c8.8 0 16-7.2 16-16V48c0-8.8-7.2-16-16-16H448v128l-48-32-48 32V32H208c-8.8 0-16 7.2-16 16v256c0 8.8 7.2 16 16 16zm416 64H128V16c0-8.8-7.2-16-16-16H16C7.2 0 0 7.2 0 16v32c0 8.8 7.2 16 16 16h48v368c0 8.8 7.2 16 16 16h82.9c-1.8 5-2.9 10.4-2.9 16 0 26.5 21.5 48 48 48s48-21.5 48-48c0-5.6-1.2-11-2.9-16H451c-1.8 5-2.9 10.4-2.9 16 0 26.5 21.5 48 48 48s48-21.5 48-48c0-5.6-1.2-11-2.9-16H624c8.8 0 16-7.2 16-16v-32c0-8.8-7.2-16-16-16z\"><\/path><\/svg>\t\t\t\t<\/span>\n\t\t\t<\/div>\n\t\t\t\n\t\t\t\t\t\t<div class=\"elementor-icon-box-content\">\n\n\t\t\t\t\t\t\t\t\t<h3 class=\"elementor-icon-box-title\">\n\t\t\t\t\t\t<span  >\n\t\t\t\t\t\t\t10 art\u00edculos m\u00ednimo\t\t\t\t\t\t<\/span>\n\t\t\t\t\t<\/h3>\n\t\t\t\t\n\t\t\t\t\t\t\t\t\t<p class=\"elementor-icon-box-description\">\n\t\t\t\t\t\tYa sea que tenga un equipo de 10 o 500 personas, ofrecemos descuentos para satisfacer sus necesidades. Los descuentos por pedidos al por mayor comienzan con un m\u00ednimo de cinco art\u00edculos, lo que garantiza que obtenga las soluciones que necesita a un precio justo.\t\t\t\t\t<\/p>\n\t\t\t\t\n\t\t\t<\/div>\n\t\t\t\n\t\t<\/div>\n\t\t\t\t\t\t<\/div>\n\t\t\t\t<\/div>\n\t\t<div class=\"elementor-element elementor-element-b9fc061 e-con-full e-flex e-con e-child\" data-id=\"b9fc061\" data-element_type=\"container\" data-e-type=\"container\">\n\t\t\t\t<div class=\"elementor-element elementor-element-04b6c3f elementor-view-default elementor-position-block-start elementor-mobile-position-block-start elementor-widget elementor-widget-icon-box\" data-id=\"04b6c3f\" data-element_type=\"widget\" data-e-type=\"widget\" data-widget_type=\"icon-box.default\">\n\t\t\t\t\t\t\t<div class=\"elementor-icon-box-wrapper\">\n\n\t\t\t\t\t\t<div class=\"elementor-icon-box-icon\">\n\t\t\t\t<span  class=\"elementor-icon\">\n\t\t\t\t<svg aria-hidden=\"true\" class=\"e-font-icon-svg e-fas-shipping-fast\" viewbox=\"0 0 640 512\" xmlns=\"http:\/\/www.w3.org\/2000\/svg\"><path d=\"M624 352h-16V243.9c0-12.7-5.1-24.9-14.1-33.9L494 110.1c-9-9-21.2-14.1-33.9-14.1H416V48c0-26.5-21.5-48-48-48H112C85.5 0 64 21.5 64 48v48H8c-4.4 0-8 3.6-8 8v16c0 4.4 3.6 8 8 8h272c4.4 0 8 3.6 8 8v16c0 4.4-3.6 8-8 8H40c-4.4 0-8 3.6-8 8v16c0 4.4 3.6 8 8 8h208c4.4 0 8 3.6 8 8v16c0 4.4-3.6 8-8 8H8c-4.4 0-8 3.6-8 8v16c0 4.4 3.6 8 8 8h208c4.4 0 8 3.6 8 8v16c0 4.4-3.6 8-8 8H64v128c0 53 43 96 96 96s96-43 96-96h128c0 53 43 96 96 96s96-43 96-96h48c8.8 0 16-7.2 16-16v-32c0-8.8-7.2-16-16-16zM160 464c-26.5 0-48-21.5-48-48s21.5-48 48-48 48 21.5 48 48-21.5 48-48 48zm320 0c-26.5 0-48-21.5-48-48s21.5-48 48-48 48 21.5 48 48-21.5 48-48 48zm80-208H416V144h44.1l99.9 99.9V256z\"><\/path><\/svg>\t\t\t\t<\/span>\n\t\t\t<\/div>\n\t\t\t\n\t\t\t\t\t\t<div class=\"elementor-icon-box-content\">\n\n\t\t\t\t\t\t\t\t\t<h3 class=\"elementor-icon-box-title\">\n\t\t\t\t\t\t<span  >\n\t\t\t\t\t\t\tEntrega r\u00e1pida y segura\t\t\t\t\t\t<\/span>\n\t\t\t\t\t<\/h3>\n\t\t\t\t\n\t\t\t\t\t\t\t\t\t<p class=\"elementor-icon-box-description\">\n\t\t\t\t\t\tUna vez realizado un pedido, nuestro equipo trabaja para tenerlo en sus manos lo m\u00e1s r\u00e1pido posible. \t\t\t\t\t<\/p>\n\t\t\t\t\n\t\t\t<\/div>\n\t\t\t\n\t\t<\/div>\n\t\t\t\t\t\t<\/div>\n\t\t\t\t<\/div>\n\t\t\t\t\t<\/div>\n\t\t\t\t<\/div>\n\t\t<div class=\"elementor-element elementor-element-370e8f9 e-flex e-con-boxed e-con e-parent\" data-id=\"370e8f9\" data-element_type=\"container\" data-e-type=\"container\">\n\t\t\t\t\t<div class=\"e-con-inner\">\n\t\t\t\t<div class=\"elementor-element elementor-element-176eadf elementor-widget elementor-widget-heading\" data-id=\"176eadf\" data-element_type=\"widget\" data-e-type=\"widget\" data-widget_type=\"heading.default\">\n\t\t\t\t\t<h2 class=\"elementor-heading-title elementor-size-default\">Compra por industria<\/h2>\t\t\t\t<\/div>\n\t\t\t\t\t<\/div>\n\t\t\t\t<\/div>\n\t\t<div class=\"elementor-element elementor-element-29657e9 e-flex e-con-boxed e-con e-parent\" data-id=\"29657e9\" data-element_type=\"container\" data-e-type=\"container\">\n\t\t\t\t\t<div class=\"e-con-inner\">\n\t\t<div class=\"elementor-element elementor-element-8978e1a e-con-full e-flex e-con e-child\" data-id=\"8978e1a\" data-element_type=\"container\" data-e-type=\"container\">\n\t\t\t\t<div class=\"elementor-element elementor-element-3dcd167 elementor-position-top elementor-widget elementor-widget-image-box\" data-id=\"3dcd167\" data-element_type=\"widget\" data-e-type=\"widget\" data-widget_type=\"image-box.default\">\n\t\t\t\t\t<div class=\"elementor-image-box-wrapper\"><figure class=\"elementor-image-box-img\"><img fetchpriority=\"high\" decoding=\"async\" width=\"600\" height=\"400\" src=\"https:\/\/showerglasshardware.com\/wp-content\/uploads\/2024\/05\/design.jpg\" class=\"attachment-full size-full wp-image-1757\" alt=\"El equipo comercial revisa muestras de dise\u00f1o de pedidos al por mayor\" title=\"\" srcset=\"https:\/\/showerglasshardware.com\/wp-content\/uploads\/2024\/05\/design.jpg 600w, https:\/\/showerglasshardware.com\/wp-content\/uploads\/2024\/05\/design-300x200.jpg 300w, https:\/\/showerglasshardware.com\/wp-content\/uploads\/2024\/05\/design-18x12.jpg 18w\" sizes=\"(max-width: 600px) 100vw, 600px\" \/><\/figure><div class=\"elementor-image-box-content\"><h3 class=\"elementor-image-box-title\">Dise\u00f1o de interiores<\/h3><p class=\"elementor-image-box-description\">Imprescindible para <a href=\"https:\/\/showerglasshardware.com\/es-es\/shower-glass-door-hinges-a-comprehensive-design-guide\/\" data-wpil-monitor-id=\"901\">dise\u00f1ar la ducha<\/a> recintos est\u00e9ticamente agradables.<\/p><\/div><\/div>\t\t\t\t<\/div>\n\t\t\t\t<\/div>\n\t\t<div class=\"elementor-element elementor-element-8df56df e-con-full e-flex e-con e-child\" data-id=\"8df56df\" data-element_type=\"container\" data-e-type=\"container\">\n\t\t\t\t<div class=\"elementor-element elementor-element-17e0bf9 elementor-position-top elementor-widget elementor-widget-image-box\" data-id=\"17e0bf9\" data-element_type=\"widget\" data-e-type=\"widget\" data-widget_type=\"image-box.default\">\n\t\t\t\t\t<div class=\"elementor-image-box-wrapper\"><figure class=\"elementor-image-box-img\"><img decoding=\"async\" width=\"600\" height=\"400\" src=\"https:\/\/showerglasshardware.com\/wp-content\/uploads\/2024\/05\/Construction.jpg\" class=\"attachment-full size-full wp-image-1758\" alt=\"Construction site with workers and equipment for bulk business orders\" title=\"\" srcset=\"https:\/\/showerglasshardware.com\/wp-content\/uploads\/2024\/05\/Construction.jpg 600w, https:\/\/showerglasshardware.com\/wp-content\/uploads\/2024\/05\/Construction-300x200.jpg 300w, https:\/\/showerglasshardware.com\/wp-content\/uploads\/2024\/05\/Construction-18x12.jpg 18w\" sizes=\"(max-width: 600px) 100vw, 600px\" \/><\/figure><div class=\"elementor-image-box-content\"><h3 class=\"elementor-image-box-title\">Construcci\u00f3n de ba\u00f1os<\/h3><p class=\"elementor-image-box-description\">Esencial para instalaciones y renovaciones de ba\u00f1os nuevos.<\/p><\/div><\/div>\t\t\t\t<\/div>\n\t\t\t\t<\/div>\n\t\t\t\t\t<\/div>\n\t\t\t\t<\/div>\n\t\t<div class=\"elementor-element elementor-element-20a0df9 e-flex e-con-boxed e-con e-parent\" data-id=\"20a0df9\" data-element_type=\"container\" data-e-type=\"container\">\n\t\t\t\t\t<div class=\"e-con-inner\">\n\t\t<div class=\"elementor-element elementor-element-722a12c e-con-full e-flex e-con e-child\" data-id=\"722a12c\" data-element_type=\"container\" data-e-type=\"container\">\n\t\t\t\t<div class=\"elementor-element elementor-element-50469e0 elementor-position-top elementor-widget elementor-widget-image-box\" data-id=\"50469e0\" data-element_type=\"widget\" data-e-type=\"widget\" data-widget_type=\"image-box.default\">\n\t\t\t\t\t<div class=\"elementor-image-box-wrapper\"><figure class=\"elementor-image-box-img\"><img decoding=\"async\" width=\"600\" height=\"400\" src=\"https:\/\/showerglasshardware.com\/wp-content\/uploads\/2024\/05\/Hotel-project.jpg\" class=\"attachment-full size-full wp-image-1759\" alt=\"Hotel project for bulk business orders\" title=\"\" srcset=\"https:\/\/showerglasshardware.com\/wp-content\/uploads\/2024\/05\/Hotel-project.jpg 600w, https:\/\/showerglasshardware.com\/wp-content\/uploads\/2024\/05\/Hotel-project-300x200.jpg 300w, https:\/\/showerglasshardware.com\/wp-content\/uploads\/2024\/05\/Hotel-project-18x12.jpg 18w\" sizes=\"(max-width: 600px) 100vw, 600px\" \/><\/figure><div class=\"elementor-image-box-content\"><h3 class=\"elementor-image-box-title\">Proyecto Hotelero<\/h3><p class=\"elementor-image-box-description\">Utilizado en hoteles, complejos tur\u00edsticos y otros <a href=\"https:\/\/showerglasshardware.com\/es-es\/why-brass-hinges-are-perfect-for-your-shower-room\/\" data-wpil-monitor-id=\"902\">cuarto de ducha<\/a> instalaciones.<\/p><\/div><\/div>\t\t\t\t<\/div>\n\t\t\t\t<\/div>\n\t\t<div class=\"elementor-element elementor-element-c5b4dfc e-con-full e-flex e-con e-child\" data-id=\"c5b4dfc\" data-element_type=\"container\" data-e-type=\"container\">\n\t\t\t\t<div class=\"elementor-element elementor-element-b2ac57a elementor-position-top elementor-widget elementor-widget-image-box\" data-id=\"b2ac57a\" data-element_type=\"widget\" data-e-type=\"widget\" data-widget_type=\"image-box.default\">\n\t\t\t\t\t<div class=\"elementor-image-box-wrapper\"><figure class=\"elementor-image-box-img\"><img loading=\"lazy\" decoding=\"async\" width=\"600\" height=\"400\" src=\"https:\/\/showerglasshardware.com\/wp-content\/uploads\/2024\/05\/hardware-store.jpg\" class=\"attachment-full size-full wp-image-1760\" alt=\"Hardware store aisle with tools and supplies for bulk orders\" title=\"\" srcset=\"https:\/\/showerglasshardware.com\/wp-content\/uploads\/2024\/05\/hardware-store.jpg 600w, https:\/\/showerglasshardware.com\/wp-content\/uploads\/2024\/05\/hardware-store-300x200.jpg 300w, https:\/\/showerglasshardware.com\/wp-content\/uploads\/2024\/05\/hardware-store-18x12.jpg 18w\" sizes=\"(max-width: 600px) 100vw, 600px\" \/><\/figure><div class=\"elementor-image-box-content\"><h3 class=\"elementor-image-box-title\">Venta al por mayor y al por menor<\/h3><p class=\"elementor-image-box-description\">Proveedores que atienden a los sectores de la construcci\u00f3n y el comercio minorista.<\/p><\/div><\/div>\t\t\t\t<\/div>\n\t\t\t\t<\/div>\n\t\t\t\t\t<\/div>\n\t\t\t\t<\/div>\n\t\t<div class=\"elementor-element elementor-element-518ce02 e-flex e-con-boxed e-con e-parent\" data-id=\"518ce02\" data-element_type=\"container\" data-e-type=\"container\">\n\t\t\t\t\t<div class=\"e-con-inner\">\n\t\t<div class=\"elementor-element elementor-element-56c4d27 e-con-full e-flex e-con e-child\" data-id=\"56c4d27\" data-element_type=\"container\" data-e-type=\"container\">\n\t\t\t\t<div class=\"elementor-element elementor-element-dd99623 elementor-widget elementor-widget-heading\" data-id=\"dd99623\" data-element_type=\"widget\" data-e-type=\"widget\" data-widget_type=\"heading.default\">\n\t\t\t\t\t<h3 class=\"elementor-heading-title elementor-size-default\">SOLICITAR PRESUPUESTO<\/h3>\t\t\t\t<\/div>\n\t\t\t\t<div class=\"elementor-element elementor-element-527f216 elementor-widget elementor-widget-text-editor\" data-id=\"527f216\" data-element_type=\"widget\" data-e-type=\"widget\" data-widget_type=\"text-editor.default\">\n\t\t\t\t\t\t\t\t\t<p>CONECTAMOS<\/p>\t\t\t\t\t\t\t\t<\/div>\n\t\t\t\t<div class=\"elementor-element elementor-element-f0eefee elementor-widget elementor-widget-text-editor\" data-id=\"f0eefee\" data-element_type=\"widget\" data-e-type=\"widget\" data-widget_type=\"text-editor.default\">\n\t\t\t\t\t\t\t\t\t<p>Obtenga muestras y cotizaciones r\u00e1pidamente. Env\u00edenos un correo electr\u00f3nico a sale@showerglasshardware.com.<\/p>\t\t\t\t\t\t\t\t<\/div>\n\t\t\t\t<div class=\"elementor-element elementor-element-b2a57e9 elementor-align-center elementor-widget elementor-widget-button\" data-id=\"b2a57e9\" data-element_type=\"widget\" data-e-type=\"widget\" data-widget_type=\"button.default\">\n\t\t\t\t\t\t\t\t\t\t<a class=\"elementor-button elementor-button-link elementor-size-sm\" href=\"#\">\n\t\t\t\t\t\t<span class=\"elementor-button-content-wrapper\">\n\t\t\t\t\t\t\t\t\t<span class=\"elementor-button-text\">ENVIAR UNA CONSULTA<\/span>\n\t\t\t\t\t<\/span>\n\t\t\t\t\t<\/a>\n\t\t\t\t\t\t\t\t<\/div>\n\t\t\t\t<\/div>\n\t\t<div class=\"elementor-element elementor-element-bb6e1ed e-con-full e-flex e-con e-child\" data-id=\"bb6e1ed\" data-element_type=\"container\" data-e-type=\"container\">\n\t\t\t\t<div class=\"elementor-element elementor-element-a759306 elementor-widget elementor-widget-image\" data-id=\"a759306\" data-element_type=\"widget\" data-e-type=\"widget\" data-widget_type=\"image.default\">\n\t\t\t\t\t\t\t\t\t\t\t\t\t\t\t<img loading=\"lazy\" decoding=\"async\" width=\"600\" height=\"600\" src=\"https:\/\/showerglasshardware.com\/wp-content\/uploads\/2024\/05\/design-bathroom-1.jpg\" class=\"attachment-large size-large wp-image-1763\" alt=\"Modern bathroom design with clean lines and minimalist fixtures\" srcset=\"https:\/\/showerglasshardware.com\/wp-content\/uploads\/2024\/05\/design-bathroom-1.jpg 600w, https:\/\/showerglasshardware.com\/wp-content\/uploads\/2024\/05\/design-bathroom-1-300x300.jpg 300w, https:\/\/showerglasshardware.com\/wp-content\/uploads\/2024\/05\/design-bathroom-1-100x100.jpg 100w, https:\/\/showerglasshardware.com\/wp-content\/uploads\/2024\/05\/design-bathroom-1-150x150.jpg 150w, https:\/\/showerglasshardware.com\/wp-content\/uploads\/2024\/05\/design-bathroom-1-12x12.jpg 12w\" sizes=\"(max-width: 600px) 100vw, 600px\" title=\"\">\t\t\t\t\t\t\t\t\t\t\t\t\t\t\t<\/div>\n\t\t\t\t<\/div>\n\t\t\t\t\t<\/div>\n\t\t\t\t<\/div>\n\t\t\t\t<\/div>","protected":false},"excerpt":{"rendered":"<p>SOLUCIONES DE BA\u00d1O. PRECIO REBAJADO. Pedidos comerciales CALIDAD QUE MANTIENE SU EQUIPO EN MOVIMIENTO CONECTE CON NOSOTROS Soporte personalizado. Entrega r\u00e1pida. En SGH, proporcionamos asistencia individualizada con una persona real con conocimientos reales del producto antes, durante y despu\u00e9s del pedido. Adem\u00e1s de ofrecer plazos de entrega r\u00e1pidos para presupuestos personalizados, nuestros expertos colaborar\u00e1n [...]<\/p>","protected":false},"author":1,"featured_media":0,"parent":0,"menu_order":0,"comment_status":"closed","ping_status":"closed","template":"","meta":{"_acf_changed":false,"footnotes":""},"class_list":["post-1745","page","type-page","status-publish","hentry"],"acf":[],"_links":{"self":[{"href":"https:\/\/showerglasshardware.com\/es-es\/wp-json\/wp\/v2\/pages\/1745","targetHints":{"allow":["GET"]}}],"collection":[{"href":"https:\/\/showerglasshardware.com\/es-es\/wp-json\/wp\/v2\/pages"}],"about":[{"href":"https:\/\/showerglasshardware.com\/es-es\/wp-json\/wp\/v2\/types\/page"}],"author":[{"embeddable":true,"href":"https:\/\/showerglasshardware.com\/es-es\/wp-json\/wp\/v2\/users\/1"}],"replies":[{"embeddable":true,"href":"https:\/\/showerglasshardware.com\/es-es\/wp-json\/wp\/v2\/comments?post=1745"}],"version-history":[{"count":1,"href":"https:\/\/showerglasshardware.com\/es-es\/wp-json\/wp\/v2\/pages\/1745\/revisions"}],"predecessor-version":[{"id":3956,"href":"https:\/\/showerglasshardware.com\/es-es\/wp-json\/wp\/v2\/pages\/1745\/revisions\/3956"}],"wp:attachment":[{"href":"https:\/\/showerglasshardware.com\/es-es\/wp-json\/wp\/v2\/media?parent=1745"}],"curies":[{"name":"wp","href":"https:\/\/api.w.org\/{rel}","templated":true}]}}