{"id":203,"date":"2024-05-15T02:30:54","date_gmt":"2024-05-15T02:30:54","guid":{"rendered":"https:\/\/showerglasshardware.com\/?page_id=203"},"modified":"2025-11-15T16:01:27","modified_gmt":"2025-11-15T16:01:27","slug":"refund_returns","status":"publish","type":"page","link":"https:\/\/showerglasshardware.com\/es-es\/refund_returns\/","title":{"rendered":"Pol\u00edtica de reembolsos y devoluciones"},"content":{"rendered":"<div data-elementor-type=\"wp-page\" data-elementor-id=\"203\" class=\"elementor elementor-203\" data-elementor-post-type=\"page\">\n\t\t\t\t<div class=\"elementor-element elementor-element-03f6c55 e-flex e-con-boxed e-con e-parent\" data-id=\"03f6c55\" data-element_type=\"container\" data-e-type=\"container\">\n\t\t\t\t\t<div class=\"e-con-inner\">\n\t\t\t\t<div class=\"elementor-element elementor-element-0c45c87 elementor-widget elementor-widget-heading\" data-id=\"0c45c87\" data-element_type=\"widget\" data-e-type=\"widget\" data-widget_type=\"heading.default\">\n\t\t\t\t\t<h1 class=\"elementor-heading-title elementor-size-default\">Reembolsos y devoluciones<\/h1>\t\t\t\t<\/div>\n\t\t\t\t\t<\/div>\n\t\t\t\t<\/div>\n\t\t<div class=\"elementor-element elementor-element-ea29af8 e-flex e-con-boxed e-con e-parent\" data-id=\"ea29af8\" data-element_type=\"container\" data-e-type=\"container\">\n\t\t\t\t\t<div class=\"e-con-inner\">\n\t\t\t\t<div class=\"elementor-element elementor-element-814e929 elementor-widget elementor-widget-heading\" data-id=\"814e929\" data-element_type=\"widget\" data-e-type=\"widget\" data-widget_type=\"heading.default\">\n\t\t\t\t\t<h2 class=\"elementor-heading-title elementor-size-default\">Pol\u00edtica de devoluciones<\/h2>\t\t\t\t<\/div>\n\t\t\t\t<div class=\"elementor-element elementor-element-aa9214c elementor-widget elementor-widget-text-editor\" data-id=\"aa9214c\" data-element_type=\"widget\" data-e-type=\"widget\" data-widget_type=\"text-editor.default\">\n\t\t\t\t\t\t\t\t\t<p>Puede devolver la mayor\u00eda de los art\u00edculos nuevos y sin abrir en un plazo de 30 d\u00edas a partir de la fecha de entrega para obtener un reembolso completo. Tambi\u00e9n correremos con los gastos de env\u00edo si la devoluci\u00f3n se debe a un error nuestro (ha recibido un art\u00edculo incorrecto o defectuoso, etc.). Si la devoluci\u00f3n no se debe a un error nuestro, los gastos de env\u00edo de la devoluci\u00f3n correr\u00e1n a cargo del cliente y se aplicar\u00e1 una tasa de reposici\u00f3n de existencias de 35%.<\/p><p>Consulte la pol\u00edtica de devoluciones completa a continuaci\u00f3n.\u00a0<\/p><p>Debe esperar recibir su reembolso dentro de las cuatro semanas posteriores a la entrega de su paquete al remitente de devoluci\u00f3n; sin embargo, en muchos casos recibir\u00e1s un reembolso m\u00e1s r\u00e1pidamente. Este per\u00edodo de tiempo incluye el tiempo de tr\u00e1nsito para que recibamos su devoluci\u00f3n del remitente (de 5 a 10 d\u00edas h\u00e1biles), el tiempo que nos lleva procesar su devoluci\u00f3n una vez que la recibimos (de 3 a 5 d\u00edas h\u00e1biles) y el tiempo que lleva su banco para procesar nuestra solicitud de reembolso (de 5 a 10 d\u00edas h\u00e1biles).<\/p><p><strong data-immersive-translate-walked=\"947564be-88b1-4c91-bd5d-3735e231154f\" data-immersive-translate-paragraph=\"1\">Si necesita devolver un art\u00edculo, por favor <a href=\"https:\/\/showerglasshardware.com\/index.php\/contact\/\">Cont\u00e1ctenos<\/a>\u00a0con tu n\u00famero de pedido y detalles sobre el producto que deseas devolver. Le responderemos r\u00e1pidamente con instrucciones sobre c\u00f3mo devolver los art\u00edculos de su pedido.<\/strong><\/p>\t\t\t\t\t\t\t\t<\/div>\n\t\t\t\t\t<\/div>\n\t\t\t\t<\/div>\n\t\t<div class=\"elementor-element elementor-element-6e3e508 e-flex e-con-boxed e-con e-parent\" data-id=\"6e3e508\" data-element_type=\"container\" data-e-type=\"container\">\n\t\t\t\t\t<div class=\"e-con-inner\">\n\t\t\t\t<div class=\"elementor-element elementor-element-6304eab elementor-widget elementor-widget-heading\" data-id=\"6304eab\" data-element_type=\"widget\" data-e-type=\"widget\" data-widget_type=\"heading.default\">\n\t\t\t\t\t<h2 class=\"elementor-heading-title elementor-size-default\">Env\u00edo<\/h2>\t\t\t\t<\/div>\n\t\t\t\t<div class=\"elementor-element elementor-element-22c902d elementor-widget elementor-widget-text-editor\" data-id=\"22c902d\" data-element_type=\"widget\" data-e-type=\"widget\" data-widget_type=\"text-editor.default\">\n\t\t\t\t\t\t\t\t\t<p>Podemos realizar env\u00edos a pr\u00e1cticamente cualquier direcci\u00f3n del mundo en cada pa\u00eds. Tenga en cuenta que existen restricciones para algunos productos y no podemos realizar env\u00edos a destinos internacionales.<\/p>\n<p>Cuando realiza un pedido, estimaremos las fechas de env\u00edo y entrega seg\u00fan la disponibilidad de sus art\u00edculos.<\/p>\n<p>Tenga en cuenta tambi\u00e9n que las tarifas de env\u00edo de muchos de los art\u00edculos que vendemos se basan en el peso. El peso de cualquiera de estos art\u00edculos se puede encontrar en su p\u00e1gina de detalles. Para reflejar las pol\u00edticas de las compa\u00f1\u00edas de env\u00edo que utilizamos, todos los pesos se redondear\u00e1n a la siguiente libra completa.<strong data-immersive-translate-walked=\"947564be-88b1-4c91-bd5d-3735e231154f\" data-immersive-translate-paragraph=\"1\">.<\/strong><\/p>\n<p><span data-immersive-translate-walked=\"947564be-88b1-4c91-bd5d-3735e231154f\">Los pedidos suelen enviarse en un plazo de 1 a 2 d\u00edas h\u00e1biles. Tenga en cuenta que los pedidos realizados despu\u00e9s\u00a0<\/span><span data-immersive-translate-walked=\"947564be-88b1-4c91-bd5d-3735e231154f\">Las 3:00 p. m., hora del Este, normalmente no se enviar\u00e1n hasta el siguiente d\u00eda h\u00e1bil. Si selecciona un m\u00e9todo de env\u00edo expr\u00e9s, como dos d\u00edas o al d\u00eda siguiente, debe considerar el tiempo de procesamiento. Los pedidos realizados el viernes despu\u00e9s de las 3:00 p. m., hora del Este, no se procesar\u00e1n hasta el lunes siguiente. No procesamos pedidos en d\u00edas festivos o fines de semana.<\/span><\/p>\t\t\t\t\t\t\t\t<\/div>\n\t\t\t\t\t<\/div>\n\t\t\t\t<\/div>\n\t\t<div class=\"elementor-element elementor-element-b9aa0ff e-flex e-con-boxed e-con e-parent\" data-id=\"b9aa0ff\" data-element_type=\"container\" data-e-type=\"container\">\n\t\t\t\t\t<div class=\"e-con-inner\">\n\t\t\t\t<div class=\"elementor-element elementor-element-becb14a elementor-widget elementor-widget-text-editor\" data-id=\"becb14a\" data-element_type=\"widget\" data-e-type=\"widget\" data-widget_type=\"text-editor.default\">\n\t\t\t\t\t\t\t\t\t<p>Si tiene un comentario o pregunta, env\u00edenos un correo electr\u00f3nico utilizando el siguiente formulario.<\/p>\t\t\t\t\t\t\t\t<\/div>\n\t\t\t\t<div class=\"elementor-element elementor-element-5d53d7b elementor-widget elementor-widget-wpforms\" data-id=\"5d53d7b\" data-element_type=\"widget\" data-e-type=\"widget\" data-widget_type=\"wpforms.default\">\n\t\t\t\t<div class=\"elementor-widget-container\">\n\t\t\t\t\t<div class=\"wpforms-container wpforms-container-full wpforms-render-modern\" id=\"wpforms-275\"><form id=\"wpforms-form-275\" class=\"wpforms-validate wpforms-form wpforms-ajax-form\" data-formid=\"275\" method=\"post\" enctype=\"multipart\/form-data\" action=\"\/es-es\/wp-json\/wp\/v2\/pages\/203\" data-token=\"026e796938e4d48000fb47f1484ed202\" data-token-time=\"1776594158\" data-trp-original-action=\"\/es-es\/wp-json\/wp\/v2\/pages\/203\"><noscript class=\"wpforms-error-noscript\">Por favor, active JavaScript en su navegador para completar este formulario.<\/noscript><div id=\"wpforms-error-noscript\" style=\"display: none;\">Por favor, active JavaScript en su navegador para completar este formulario.<\/div><div class=\"wpforms-field-container\"><div id=\"wpforms-275-field_0-container\" class=\"wpforms-field wpforms-field-name\" data-field-id=\"0\"><label class=\"wpforms-field-label\" for=\"wpforms-275-field_0\">Nombre <span class=\"wpforms-required-label\" aria-hidden=\"true\">*<\/span><\/label><input type=\"text\" id=\"wpforms-275-field_0\" class=\"wpforms-field-large wpforms-field-required\" name=\"wpforms[fields][0]\" aria-errormessage=\"wpforms-275-field_0-error\" required><\/div><div id=\"wpforms-275-field_4-container\" class=\"wpforms-field wpforms-field-text\" data-field-id=\"4\"><label class=\"wpforms-field-label\" for=\"wpforms-275-field_4\">Nombre de la empresa<\/label><input type=\"text\" id=\"wpforms-275-field_4\" class=\"wpforms-field-large\" name=\"wpforms[fields][4]\" aria-errormessage=\"wpforms-275-field_4-error\" ><\/div><div id=\"wpforms-275-field_5-container\" class=\"wpforms-field wpforms-field-text\" data-field-id=\"5\"><label class=\"wpforms-field-label\" for=\"wpforms-275-field_5\">Volumen mensual requerido \/ Tama\u00f1o del proyecto<\/label><input type=\"text\" id=\"wpforms-275-field_5\" class=\"wpforms-field-large\" name=\"wpforms[fields][5]\" aria-errormessage=\"wpforms-275-field_5-error\" ><\/div><div id=\"wpforms-275-field_3-container\" class=\"wpforms-field wpforms-field-email\" data-field-id=\"3\"><label class=\"wpforms-field-label\" for=\"wpforms-275-field_3\">Correo electr\u00f3nico <span class=\"wpforms-required-label\" aria-hidden=\"true\">*<\/span><\/label><input type=\"email\" id=\"wpforms-275-field_3\" class=\"wpforms-field-large wpforms-field-required\" name=\"wpforms[fields][3]\" spellcheck=\"false\" aria-errormessage=\"wpforms-275-field_3-error\" required><\/div><div id=\"wpforms-275-field_2-container\" class=\"wpforms-field wpforms-field-textarea\" data-field-id=\"2\"><label class=\"wpforms-field-label\" for=\"wpforms-275-field_2\">Comentario o mensaje<\/label><textarea id=\"wpforms-275-field_2\" class=\"wpforms-field-medium\" name=\"wpforms[fields][2]\" aria-errormessage=\"wpforms-275-field_2-error\" ><\/textarea><\/div><div id=\"wpforms-275-field_6-container\" class=\"wpforms-field wpforms-field-hidden\" data-field-id=\"6\"><input type=\"hidden\" id=\"wpforms-275-field_6\" name=\"wpforms[fields][6]\"><\/div><\/div><!-- .wpforms-field-container --><div class=\"wpforms-recaptcha-container wpforms-is-recaptcha wpforms-is-recaptcha-type-v3\" ><input type=\"hidden\" name=\"wpforms[recaptcha]\" value=\"\"><\/div><div class=\"wpforms-submit-container\" ><input type=\"hidden\" name=\"wpforms[id]\" value=\"275\"><input type=\"hidden\" name=\"page_title\" value=\"\"><input type=\"hidden\" name=\"page_url\" value=\"https:\/\/showerglasshardware.com\/es-es\/wp-json\/wp\/v2\/pages\/203\"><input type=\"hidden\" name=\"url_referer\" value=\"\"><button type=\"submit\" name=\"wpforms[submit]\" id=\"wpforms-submit-275\" class=\"wpforms-submit\" data-alt-text=\"Sending...\" data-submit-text=\"Get Wholesale Catalog\" aria-live=\"assertive\" value=\"wpforms-submit\">Obtener cat\u00e1logo al por mayor<\/button><img decoding=\"async\" src=\"https:\/\/showerglasshardware.com\/wp-content\/plugins\/wpforms\/assets\/images\/submit-spin.svg\" class=\"wpforms-submit-spinner\" style=\"display: none;\" width=\"26\" height=\"26\" alt=\"Cargando\" title=\"\"><\/div><input type=\"hidden\" name=\"trp-form-language\" value=\"es-es\"\/><\/form><\/div>  <!-- .wpforms-container -->\t\t\t\t<\/div>\n\t\t\t\t<\/div>\n\t\t\t\t\t<\/div>\n\t\t\t\t<\/div>\n\t\t\t\t<\/div>","protected":false},"excerpt":{"rendered":"<p>Refund and Returns Returns Policy You may return most new, unopened items within 30 days of delivery for a full refund. We&#8217;ll also pay the return shipping costs if the return is a result of our error (you received an incorrect or defective item, etc.). If the return is not a result of our error, [&hellip;]<\/p>","protected":false},"author":1,"featured_media":0,"parent":0,"menu_order":0,"comment_status":"closed","ping_status":"closed","template":"","meta":{"_acf_changed":false,"footnotes":""},"class_list":["post-203","page","type-page","status-publish","hentry"],"acf":[],"_links":{"self":[{"href":"https:\/\/showerglasshardware.com\/es-es\/wp-json\/wp\/v2\/pages\/203","targetHints":{"allow":["GET"]}}],"collection":[{"href":"https:\/\/showerglasshardware.com\/es-es\/wp-json\/wp\/v2\/pages"}],"about":[{"href":"https:\/\/showerglasshardware.com\/es-es\/wp-json\/wp\/v2\/types\/page"}],"author":[{"embeddable":true,"href":"https:\/\/showerglasshardware.com\/es-es\/wp-json\/wp\/v2\/users\/1"}],"replies":[{"embeddable":true,"href":"https:\/\/showerglasshardware.com\/es-es\/wp-json\/wp\/v2\/comments?post=203"}],"version-history":[{"count":7,"href":"https:\/\/showerglasshardware.com\/es-es\/wp-json\/wp\/v2\/pages\/203\/revisions"}],"predecessor-version":[{"id":4974,"href":"https:\/\/showerglasshardware.com\/es-es\/wp-json\/wp\/v2\/pages\/203\/revisions\/4974"}],"wp:attachment":[{"href":"https:\/\/showerglasshardware.com\/es-es\/wp-json\/wp\/v2\/media?parent=203"}],"curies":[{"name":"wp","href":"https:\/\/api.w.org\/{rel}","templated":true}]}}