{"id":1054,"date":"2024-04-23T01:53:14","date_gmt":"2024-04-23T01:53:14","guid":{"rendered":"https:\/\/showerglasshardware.com\/?post_type=product&#038;p=1054"},"modified":"2025-10-12T15:36:42","modified_gmt":"2025-10-12T15:36:42","slug":"glass-to-glass-clamps-with-cover-90-degree-sgh1002","status":"publish","type":"product","link":"https:\/\/showerglasshardware.com\/es-es\/product\/glass-to-glass-clamps-with-cover-90-degree-sgh1002\/","title":{"rendered":"Abrazaderas para puerta de ducha de cristal con tapa 90 grados SGH-SD1002"},"content":{"rendered":"<p data-start=\"441\" data-end=\"702\">Las abrazaderas SGH-1002 de 90\u00b0 para puertas de ducha de cristal con tapa est\u00e1n dise\u00f1adas para conexiones de cristal a cristal seguras y elegantes en mamparas de ducha sin marco. Fabricadas en lat\u00f3n macizo, estas abrazaderas proporcionan una fuerza excepcional, durabilidad y resistencia a la corrosi\u00f3n.<\/p>\n<p data-start=\"704\" data-end=\"998\">Estas abrazaderas de 90\u00b0 de vidrio a vidrio son compatibles con vidrio de 6-10 mm de grosor y pueden soportar hasta 40 kg por cada dos abrazaderas, lo que garantiza un funcionamiento suave y estable. La tapa integrada oculta los tornillos, lo que confiere a las abrazaderas un acabado limpio y elegante que combina a la perfecci\u00f3n con los dise\u00f1os de ba\u00f1os modernos.<\/p>\n<p data-start=\"1000\" data-end=\"1154\">Disponibles en acabados cromo pulido, oro pulido, n\u00edquel cepillado, Gun Metal y negro mate, estas abrazaderas se adaptan a una amplia gama de estilos de ba\u00f1o.<\/p>\n<p data-start=\"1156\" data-end=\"1175\"><strong data-start=\"1156\" data-end=\"1173\">Caracter\u00edsticas clave:<\/strong><\/p>\n<ul data-start=\"1176\" data-end=\"1582\">\n<li data-start=\"1176\" data-end=\"1243\">\n<p data-start=\"1178\" data-end=\"1243\"><strong data-start=\"1178\" data-end=\"1191\">Material:<\/strong> Lat\u00f3n macizo para mayor solidez y resistencia a la corrosi\u00f3n<\/p>\n<\/li>\n<li data-start=\"1244\" data-end=\"1320\">\n<p data-start=\"1246\" data-end=\"1320\"><strong data-start=\"1246\" data-end=\"1257\">Dise\u00f1o:<\/strong> Abrazadera de 90\u00b0 vidrio-vidrio con tapa para un aspecto limpio y moderno<\/p>\n<\/li>\n<li data-start=\"1321\" data-end=\"1373\">\n<p data-start=\"1323\" data-end=\"1373\"><strong data-start=\"1323\" data-end=\"1347\">Compatibilidad de vidrio:<\/strong> Se adapta a cristales de 6-10 mm de grosor<\/p>\n<\/li>\n<li data-start=\"1374\" data-end=\"1431\">\n<p data-start=\"1376\" data-end=\"1431\"><strong data-start=\"1376\" data-end=\"1394\">Capacidad de carga:<\/strong> Soporta hasta 40 kg por cada dos abrazaderas<\/p>\n<\/li>\n<li data-start=\"1432\" data-end=\"1526\">\n<p data-start=\"1434\" data-end=\"1526\"><strong data-start=\"1434\" data-end=\"1453\">Opciones de acabado:<\/strong> Cromo pulido, Oro pulido, N\u00edquel cepillado, Gun Metal, Negro mate<\/p>\n<\/li>\n<li data-start=\"1527\" data-end=\"1582\">\n<p data-start=\"1529\" data-end=\"1582\"><strong data-start=\"1529\" data-end=\"1546\">Aplicaciones:<\/strong> Mamparas de ducha de cristal sin marco<\/p>\n<\/li>\n<\/ul>\n<p data-start=\"1584\" data-end=\"1605\"><strong data-start=\"1584\" data-end=\"1603\">Especificaciones:<\/strong><\/p>\n<ul data-start=\"1606\" data-end=\"1926\">\n<li data-start=\"1606\" data-end=\"1629\">\n<p data-start=\"1608\" data-end=\"1629\"><strong data-start=\"1608\" data-end=\"1618\">Modelo:<\/strong> SGH-1002<\/p>\n<\/li>\n<li data-start=\"1630\" data-end=\"1653\">\n<p data-start=\"1632\" data-end=\"1653\"><strong data-start=\"1632\" data-end=\"1645\">Material:<\/strong> Lat\u00f3n<\/p>\n<\/li>\n<li data-start=\"1654\" data-end=\"1707\">\n<p data-start=\"1656\" data-end=\"1707\"><strong data-start=\"1656\" data-end=\"1665\">Tipo:<\/strong> Abrazaderas de 90\u00b0 para puerta de ducha de cristal con tapa<\/p>\n<\/li>\n<li data-start=\"1708\" data-end=\"1744\">\n<p data-start=\"1710\" data-end=\"1744\"><strong data-start=\"1710\" data-end=\"1735\">Se adapta al grosor del cristal:<\/strong> 6-10 mm<\/p>\n<\/li>\n<li data-start=\"1745\" data-end=\"1787\">\n<p data-start=\"1747\" data-end=\"1787\"><strong data-start=\"1747\" data-end=\"1765\">Capacidad de carga:<\/strong> 40 kg por dos abrazaderas<\/p>\n<\/li>\n<li data-start=\"1788\" data-end=\"1876\">\n<p data-start=\"1790\" data-end=\"1876\"><strong data-start=\"1790\" data-end=\"1803\">Acabados:<\/strong> Cromo pulido, Oro pulido, N\u00edquel cepillado, Gun Metal, Negro mate<\/p>\n<\/li>\n<li data-start=\"1877\" data-end=\"1926\">\n<p data-start=\"1879\" data-end=\"1926\"><strong data-start=\"1879\" data-end=\"1895\">Solicitud:<\/strong> Puertas de ducha de cristal sin marco<\/p>\n<\/li>\n<\/ul>\n<h2 id=\"tablepress-5-name\" class=\"tablepress-table-name tablepress-table-name-id-5\">Abrazaderas de lat\u00f3n para puertas de ducha Serie SD10xx<\/h2>\n\n<table id=\"tablepress-5\" class=\"tablepress tablepress-id-5\" aria-labelledby=\"tablepress-5-name\">\n<thead>\n<tr class=\"row-1\">\n\t<th class=\"column-1\"><strong>Modelo<\/strong><\/th><th class=\"column-2\"><strong>Imagen<\/strong><\/th><th class=\"column-3\"><strong>Tipo<\/strong><\/th><th class=\"column-4\"><strong>\u00c1ngulo<\/strong><\/th><th class=\"column-5\"><strong>Forma<\/strong><\/th><th class=\"column-6\"><strong>Caracter\u00edstica<\/strong><\/th>\n<\/tr>\n<\/thead>\n<tbody class=\"row-striping row-hover\">\n<tr class=\"row-2\">\n\t<td class=\"column-1\"><a href=\"https:\/\/showerglasshardware.com\/es-es\/product\/glass-to-wall-clamps-with-cover-180-degree-sgh-1000l\/\">SD1000L<\/a><\/td><td class=\"column-2\"><a href=\"https:\/\/showerglasshardware.com\/wp-content\/uploads\/2024\/04\/FC1000-Black.jpg\"><img decoding=\"async\" src=\"https:\/\/showerglasshardware.com\/wp-content\/uploads\/2024\/04\/FC1000-Black-300x300.jpg\" alt=\"Abrazadera negra de vidrio a vidrio con tapa\" width=\"60\" height=\"60\" class=\"alignnone size-medium wp-image-2305\" title=\"\" srcset=\"https:\/\/showerglasshardware.com\/wp-content\/uploads\/2024\/04\/FC1000-Black-300x300.jpg 300w, https:\/\/showerglasshardware.com\/wp-content\/uploads\/2024\/04\/FC1000-Black-100x100.jpg 100w, https:\/\/showerglasshardware.com\/wp-content\/uploads\/2024\/04\/FC1000-Black-150x150.jpg 150w, https:\/\/showerglasshardware.com\/wp-content\/uploads\/2024\/04\/FC1000-Black-12x12.jpg 12w, https:\/\/showerglasshardware.com\/wp-content\/uploads\/2024\/04\/FC1000-Black.jpg 500w\" sizes=\"(max-width: 60px) 100vw, 60px\" \/><\/a><\/td><td class=\"column-3\">Vidrio a pared<\/td><td class=\"column-4\">180\u00b0<\/td><td class=\"column-5\">Rect\u00e1ngulo<\/td><td class=\"column-6\">Con tapa<\/td>\n<\/tr>\n<tr class=\"row-3\">\n\t<td class=\"column-1\"><a href=\"https:\/\/showerglasshardware.com\/es-es\/product\/brass-shower-door-clamps-sgh-1001l\/\">SD1001L<\/a><\/td><td class=\"column-2\"><a href=\"https:\/\/showerglasshardware.com\/wp-content\/uploads\/2024\/04\/SGH1001L-Black.jpg\"><img decoding=\"async\" src=\"https:\/\/showerglasshardware.com\/wp-content\/uploads\/2024\/04\/SGH1001L-Black-300x300.jpg\" alt=\"Abrazadera de lat\u00f3n para puerta de ducha con tapa negra que sujeta el cristal a 90 grados\" width=\"60\" height=\"60\" class=\"alignnone size-medium wp-image-2367\" title=\"\" srcset=\"https:\/\/showerglasshardware.com\/wp-content\/uploads\/2024\/04\/SGH1001L-Black-300x300.jpg 300w, https:\/\/showerglasshardware.com\/wp-content\/uploads\/2024\/04\/SGH1001L-Black-100x100.jpg 100w, https:\/\/showerglasshardware.com\/wp-content\/uploads\/2024\/04\/SGH1001L-Black-150x150.jpg 150w, https:\/\/showerglasshardware.com\/wp-content\/uploads\/2024\/04\/SGH1001L-Black-12x12.jpg 12w, https:\/\/showerglasshardware.com\/wp-content\/uploads\/2024\/04\/SGH1001L-Black.jpg 500w\" sizes=\"(max-width: 60px) 100vw, 60px\" \/><\/a><\/td><td class=\"column-3\">Vidrio a pared<\/td><td class=\"column-4\">90\u00b0<\/td><td class=\"column-5\">Rect\u00e1ngulo<\/td><td class=\"column-6\">Con tapa<\/td>\n<\/tr>\n<tr class=\"row-4\">\n\t<td class=\"column-1\"><a href=\"https:\/\/showerglasshardware.com\/es-es\/product\/glass-to-glass-clamps-with-cover-90-degree-sgh1002\/\">SD1002<\/a><\/td><td class=\"column-2\"><a href=\"https:\/\/showerglasshardware.com\/wp-content\/uploads\/2024\/04\/SGH-1002_Black.jpg\"><img decoding=\"async\" src=\"https:\/\/showerglasshardware.com\/wp-content\/uploads\/2024\/04\/SGH-1002_Black-300x300.jpg\" alt=\"Abrazaderas para puerta de ducha de cristal con tapa 90 grados SGH-1002 Negro\" width=\"60\" height=\"60\" class=\"alignnone size-medium wp-image-2356\" title=\"\" srcset=\"https:\/\/showerglasshardware.com\/wp-content\/uploads\/2024\/04\/SGH-1002_Black-300x300.jpg 300w, https:\/\/showerglasshardware.com\/wp-content\/uploads\/2024\/04\/SGH-1002_Black-100x100.jpg 100w, https:\/\/showerglasshardware.com\/wp-content\/uploads\/2024\/04\/SGH-1002_Black-150x150.jpg 150w, https:\/\/showerglasshardware.com\/wp-content\/uploads\/2024\/04\/SGH-1002_Black-12x12.jpg 12w, https:\/\/showerglasshardware.com\/wp-content\/uploads\/2024\/04\/SGH-1002_Black.jpg 500w\" sizes=\"(max-width: 60px) 100vw, 60px\" \/><\/a><\/td><td class=\"column-3\">De vidrio a vidrio<\/td><td class=\"column-4\">90\u00b0<\/td><td class=\"column-5\">Rect\u00e1ngulo<\/td><td class=\"column-6\">Con tapa<\/td>\n<\/tr>\n<tr class=\"row-5\">\n\t<td class=\"column-1\"><a href=\"https:\/\/showerglasshardware.com\/es-es\/product\/glass-to-glass-clamps-with-cover-135-degree-sgh-1003\/\">SD1003<\/a><\/td><td class=\"column-2\"><a href=\"https:\/\/showerglasshardware.com\/wp-content\/uploads\/2024\/04\/SGH1003-Black.jpg\"><img loading=\"lazy\" decoding=\"async\" src=\"https:\/\/showerglasshardware.com\/wp-content\/uploads\/2024\/04\/SGH1003-Black-300x300.jpg\" alt=\"Abrazadera negra para puerta de ducha sin marco con tapa en \u00e1ngulo de 135 grados\" width=\"60\" height=\"60\" class=\"alignnone size-medium wp-image-2345\" title=\"\" srcset=\"https:\/\/showerglasshardware.com\/wp-content\/uploads\/2024\/04\/SGH1003-Black-300x300.jpg 300w, https:\/\/showerglasshardware.com\/wp-content\/uploads\/2024\/04\/SGH1003-Black-100x100.jpg 100w, https:\/\/showerglasshardware.com\/wp-content\/uploads\/2024\/04\/SGH1003-Black-150x150.jpg 150w, https:\/\/showerglasshardware.com\/wp-content\/uploads\/2024\/04\/SGH1003-Black-12x12.jpg 12w, https:\/\/showerglasshardware.com\/wp-content\/uploads\/2024\/04\/SGH1003-Black.jpg 500w\" sizes=\"(max-width: 60px) 100vw, 60px\" \/><\/a><\/td><td class=\"column-3\">De vidrio a vidrio<\/td><td class=\"column-4\">135\u00b0<\/td><td class=\"column-5\">Rect\u00e1ngulo<\/td><td class=\"column-6\">Con tapa<\/td>\n<\/tr>\n<tr class=\"row-6\">\n\t<td class=\"column-1\"><a href=\"https:\/\/showerglasshardware.com\/es-es\/product\/glass-to-glass-clamps-with-cover-180-degree-sgh-1004\/\">SD1004<\/a><\/td><td class=\"column-2\"><a href=\"https:\/\/showerglasshardware.com\/wp-content\/uploads\/2024\/04\/SGH1004-Black.jpg\"><img loading=\"lazy\" decoding=\"async\" src=\"https:\/\/showerglasshardware.com\/wp-content\/uploads\/2024\/04\/SGH1004-Black-300x300.jpg\" alt=\"Abrazadera negra vidrio-vidrio con tapa a 180 grados\" width=\"60\" height=\"60\" class=\"alignnone size-medium wp-image-2316\" title=\"\" srcset=\"https:\/\/showerglasshardware.com\/wp-content\/uploads\/2024\/04\/SGH1004-Black-300x300.jpg 300w, https:\/\/showerglasshardware.com\/wp-content\/uploads\/2024\/04\/SGH1004-Black-100x100.jpg 100w, https:\/\/showerglasshardware.com\/wp-content\/uploads\/2024\/04\/SGH1004-Black-150x150.jpg 150w, https:\/\/showerglasshardware.com\/wp-content\/uploads\/2024\/04\/SGH1004-Black-12x12.jpg 12w, https:\/\/showerglasshardware.com\/wp-content\/uploads\/2024\/04\/SGH1004-Black.jpg 500w\" sizes=\"(max-width: 60px) 100vw, 60px\" \/><\/a><\/td><td class=\"column-3\">De vidrio a vidrio<\/td><td class=\"column-4\">180\u00b0<\/td><td class=\"column-5\">Rect\u00e1ngulo<\/td><td class=\"column-6\">Con tapa<\/td>\n<\/tr>\n<\/tbody>\n<\/table>\n<!-- #tablepress-5 from cache -->","protected":false},"excerpt":{"rendered":"<ul>\n<li>Material de lat\u00f3n<\/li>\n<li>Abrazadera de vidrio con tapa<\/li>\n<li>Abrazaderas de 90\u00b0 para puertas de ducha de cristal<\/li>\n<li>Espesor del vidrio: 6-10 mm;<\/li>\n<li>Peso m\u00e1ximo de la puerta de vidrio: 40 kg (2 piezas);<\/li>\n<li>Acabado: Cromo Pulido; Oro pulido; n\u00edquel cepillado; Metal de pistola; Negro mate<\/li>\n<\/ul>\n<p><!-- notionvc: 5d8ef03b-8726-45ed-97aa-03865ac595dd --><\/p>","protected":false},"featured_media":4787,"comment_status":"open","ping_status":"closed","template":"","meta":{"_acf_changed":false},"product_brand":[],"product_cat":[24,109],"product_tag":[58],"class_list":{"0":"post-1054","1":"product","2":"type-product","3":"status-publish","4":"has-post-thumbnail","6":"product_cat-shower-glass-clamps","7":"product_cat-glass-to-glass-clamps","8":"product_tag-90-degree-glass-to-glass-clamps","9":"pa_finish-brushed-nickel","10":"pa_finish-chrome","11":"pa_finish-gold","12":"pa_finish-gun-metal","13":"pa_finish-black","14":"pa_glass-thickness-1-4-inch-6mm","15":"pa_glass-thickness-3-8-inch-10mm","16":"pa_glass-thickness-5-16-inch-8mm","17":"pa_material-brass","19":"first","20":"instock","21":"purchasable","22":"product-type-variable"},"acf":[],"_links":{"self":[{"href":"https:\/\/showerglasshardware.com\/es-es\/wp-json\/wp\/v2\/product\/1054","targetHints":{"allow":["GET"]}}],"collection":[{"href":"https:\/\/showerglasshardware.com\/es-es\/wp-json\/wp\/v2\/product"}],"about":[{"href":"https:\/\/showerglasshardware.com\/es-es\/wp-json\/wp\/v2\/types\/product"}],"replies":[{"embeddable":true,"href":"https:\/\/showerglasshardware.com\/es-es\/wp-json\/wp\/v2\/comments?post=1054"}],"version-history":[{"count":6,"href":"https:\/\/showerglasshardware.com\/es-es\/wp-json\/wp\/v2\/product\/1054\/revisions"}],"predecessor-version":[{"id":4878,"href":"https:\/\/showerglasshardware.com\/es-es\/wp-json\/wp\/v2\/product\/1054\/revisions\/4878"}],"wp:featuredmedia":[{"embeddable":true,"href":"https:\/\/showerglasshardware.com\/es-es\/wp-json\/wp\/v2\/media\/4787"}],"wp:attachment":[{"href":"https:\/\/showerglasshardware.com\/es-es\/wp-json\/wp\/v2\/media?parent=1054"}],"wp:term":[{"taxonomy":"product_brand","embeddable":true,"href":"https:\/\/showerglasshardware.com\/es-es\/wp-json\/wp\/v2\/product_brand?post=1054"},{"taxonomy":"product_cat","embeddable":true,"href":"https:\/\/showerglasshardware.com\/es-es\/wp-json\/wp\/v2\/product_cat?post=1054"},{"taxonomy":"product_tag","embeddable":true,"href":"https:\/\/showerglasshardware.com\/es-es\/wp-json\/wp\/v2\/product_tag?post=1054"}],"curies":[{"name":"wp","href":"https:\/\/api.w.org\/{rel}","templated":true}]}}