{"id":1059,"date":"2024-04-23T02:13:32","date_gmt":"2024-04-23T02:13:32","guid":{"rendered":"https:\/\/showerglasshardware.com\/?post_type=product&#038;p=1059"},"modified":"2025-10-12T15:36:25","modified_gmt":"2025-10-12T15:36:25","slug":"glass-to-glass-clamps-with-cover-135-degree-sgh-1003","status":"publish","type":"product","link":"https:\/\/showerglasshardware.com\/es-es\/product\/glass-to-glass-clamps-with-cover-135-degree-sgh-1003\/","title":{"rendered":"Abrazaderas para puertas de ducha sin marco de cristal a cristal con tapa 135 grados SGH-SD1003"},"content":{"rendered":"<p data-start=\"579\" data-end=\"763\">El <strong data-start=\"583\" data-end=\"641\">SGH-SD1003 Abrazaderas para puertas de ducha sin marco de cristal a cristal<\/strong> est\u00e1n dise\u00f1ados para conectar paneles de vidrio a <strong data-start=\"688\" data-end=\"702\">\u00c1ngulo de 135<\/strong>por lo que son ideales para mamparas de ducha angulares sin marco.<\/p>\n<p data-start=\"765\" data-end=\"1046\">Hecho de <strong data-start=\"775\" data-end=\"790\">lat\u00f3n macizo<\/strong>Estas abrazaderas ofrecen una excelente solidez y resistencia a la corrosi\u00f3n, lo que garantiza su fiabilidad a largo plazo en cuartos de ba\u00f1o h\u00famedos. El <strong data-start=\"923\" data-end=\"943\">cubierta decorativa<\/strong> proporciona un acabado limpio y profesional a la vez que oculta los tornillos y los detalles de montaje para lograr un aspecto elegante.<\/p>\n<p data-start=\"1048\" data-end=\"1340\">Adecuado para <strong data-start=\"1061\" data-end=\"1084\">Paneles de vidrio de 6-10 mm<\/strong>cada par de abrazaderas puede soportar hasta <strong data-start=\"1124\" data-end=\"1132\">40kg<\/strong>por lo que son perfectas para puertas de ducha sin marco de tama\u00f1o medio. Disponibles en varios acabados, estas abrazaderas combinan a la perfecci\u00f3n con otros herrajes de ducha de lat\u00f3n para conseguir un estilo de ba\u00f1o moderno y cohesionado.<\/p>\n<p data-start=\"1342\" data-end=\"1361\"><strong data-start=\"1342\" data-end=\"1359\">Caracter\u00edsticas clave:<\/strong><\/p>\n<ul data-start=\"1362\" data-end=\"1776\">\n<li data-start=\"1362\" data-end=\"1431\">\n<p data-start=\"1364\" data-end=\"1431\"><strong data-start=\"1364\" data-end=\"1373\">Tipo:<\/strong> Abrazaderas de lat\u00f3n de 135\u00b0 para puertas de ducha de cristal a cristal con tapa<\/p>\n<\/li>\n<li data-start=\"1432\" data-end=\"1496\">\n<p data-start=\"1434\" data-end=\"1496\"><strong data-start=\"1434\" data-end=\"1447\">Material:<\/strong> Lat\u00f3n macizo para mayor durabilidad y resistencia a la oxidaci\u00f3n<\/p>\n<\/li>\n<li data-start=\"1497\" data-end=\"1549\">\n<p data-start=\"1499\" data-end=\"1549\"><strong data-start=\"1499\" data-end=\"1523\">Compatibilidad de vidrio:<\/strong> Se adapta a cristales de 6-10 mm de grosor<\/p>\n<\/li>\n<li data-start=\"1550\" data-end=\"1607\">\n<p data-start=\"1552\" data-end=\"1607\"><strong data-start=\"1552\" data-end=\"1570\">Capacidad de carga:<\/strong> Soporta hasta 40 kg por cada dos abrazaderas<\/p>\n<\/li>\n<li data-start=\"1608\" data-end=\"1685\">\n<p data-start=\"1610\" data-end=\"1685\"><strong data-start=\"1610\" data-end=\"1621\">Dise\u00f1o:<\/strong> Dise\u00f1o sin marco con cubierta decorativa para un aspecto limpio<\/p>\n<\/li>\n<li data-start=\"1686\" data-end=\"1776\">\n<p data-start=\"1688\" data-end=\"1776\"><strong data-start=\"1688\" data-end=\"1705\">Aplicaciones:<\/strong> Ideal para mamparas de ducha de cristal sin marco e instalaciones en \u00e1ngulo<\/p>\n<\/li>\n<\/ul>\n<p data-start=\"1778\" data-end=\"1799\"><strong data-start=\"1778\" data-end=\"1797\">Especificaciones:<\/strong><\/p>\n<ul data-start=\"1800\" data-end=\"2070\">\n<li data-start=\"1800\" data-end=\"1825\">\n<p data-start=\"1802\" data-end=\"1825\"><strong data-start=\"1802\" data-end=\"1812\">Modelo:<\/strong> SGH-SD1003<\/p>\n<\/li>\n<li data-start=\"1826\" data-end=\"1877\">\n<p data-start=\"1828\" data-end=\"1877\"><strong data-start=\"1828\" data-end=\"1837\">Tipo:<\/strong> Abrazadera vidrio-vidrio, 135\u00b0 con tapa<\/p>\n<\/li>\n<li data-start=\"1878\" data-end=\"1901\">\n<p data-start=\"1880\" data-end=\"1901\"><strong data-start=\"1880\" data-end=\"1893\">Material:<\/strong> Lat\u00f3n<\/p>\n<\/li>\n<li data-start=\"1902\" data-end=\"1938\">\n<p data-start=\"1904\" data-end=\"1938\"><strong data-start=\"1904\" data-end=\"1929\">Se adapta al grosor del cristal:<\/strong> 6-10 mm<\/p>\n<\/li>\n<li data-start=\"1939\" data-end=\"1975\">\n<p data-start=\"1941\" data-end=\"1975\"><strong data-start=\"1941\" data-end=\"1961\">Peso m\u00e1ximo de la puerta:<\/strong> 40kg \/ 2pcs<\/p>\n<\/li>\n<li data-start=\"1976\" data-end=\"2070\">\n<p data-start=\"1978\" data-end=\"2070\"><strong data-start=\"1978\" data-end=\"1997\">Opciones de acabado:<\/strong> Cromo pulido, Oro pulido, N\u00edquel cepillado, Gun Metal, Negro mate<\/p>\n<\/li>\n<\/ul>\n<h2 id=\"tablepress-5-name\" class=\"tablepress-table-name tablepress-table-name-id-5\">Abrazaderas de lat\u00f3n para puertas de ducha Serie SD10xx<\/h2>\n\n<table id=\"tablepress-5\" class=\"tablepress tablepress-id-5\" aria-labelledby=\"tablepress-5-name\">\n<thead>\n<tr class=\"row-1\">\n\t<th class=\"column-1\"><strong>Modelo<\/strong><\/th><th class=\"column-2\"><strong>Imagen<\/strong><\/th><th class=\"column-3\"><strong>Tipo<\/strong><\/th><th class=\"column-4\"><strong>\u00c1ngulo<\/strong><\/th><th class=\"column-5\"><strong>Forma<\/strong><\/th><th class=\"column-6\"><strong>Caracter\u00edstica<\/strong><\/th>\n<\/tr>\n<\/thead>\n<tbody class=\"row-striping row-hover\">\n<tr class=\"row-2\">\n\t<td class=\"column-1\"><a href=\"https:\/\/showerglasshardware.com\/es-es\/product\/glass-to-wall-clamps-with-cover-180-degree-sgh-1000l\/\">SD1000L<\/a><\/td><td class=\"column-2\"><a href=\"https:\/\/showerglasshardware.com\/wp-content\/uploads\/2024\/04\/FC1000-Black.jpg\"><img decoding=\"async\" src=\"https:\/\/showerglasshardware.com\/wp-content\/uploads\/2024\/04\/FC1000-Black-300x300.jpg\" alt=\"Abrazadera negra de vidrio a vidrio con tapa\" width=\"60\" height=\"60\" class=\"alignnone size-medium wp-image-2305\" title=\"\" srcset=\"https:\/\/showerglasshardware.com\/wp-content\/uploads\/2024\/04\/FC1000-Black-300x300.jpg 300w, https:\/\/showerglasshardware.com\/wp-content\/uploads\/2024\/04\/FC1000-Black-100x100.jpg 100w, https:\/\/showerglasshardware.com\/wp-content\/uploads\/2024\/04\/FC1000-Black-150x150.jpg 150w, https:\/\/showerglasshardware.com\/wp-content\/uploads\/2024\/04\/FC1000-Black-12x12.jpg 12w, https:\/\/showerglasshardware.com\/wp-content\/uploads\/2024\/04\/FC1000-Black.jpg 500w\" sizes=\"(max-width: 60px) 100vw, 60px\" \/><\/a><\/td><td class=\"column-3\">Vidrio a pared<\/td><td class=\"column-4\">180\u00b0<\/td><td class=\"column-5\">Rect\u00e1ngulo<\/td><td class=\"column-6\">Con tapa<\/td>\n<\/tr>\n<tr class=\"row-3\">\n\t<td class=\"column-1\"><a href=\"https:\/\/showerglasshardware.com\/es-es\/product\/brass-shower-door-clamps-sgh-1001l\/\">SD1001L<\/a><\/td><td class=\"column-2\"><a href=\"https:\/\/showerglasshardware.com\/wp-content\/uploads\/2024\/04\/SGH1001L-Black.jpg\"><img decoding=\"async\" src=\"https:\/\/showerglasshardware.com\/wp-content\/uploads\/2024\/04\/SGH1001L-Black-300x300.jpg\" alt=\"Abrazadera de lat\u00f3n para puerta de ducha con tapa negra que sujeta el cristal a 90 grados\" width=\"60\" height=\"60\" class=\"alignnone size-medium wp-image-2367\" title=\"\" srcset=\"https:\/\/showerglasshardware.com\/wp-content\/uploads\/2024\/04\/SGH1001L-Black-300x300.jpg 300w, https:\/\/showerglasshardware.com\/wp-content\/uploads\/2024\/04\/SGH1001L-Black-100x100.jpg 100w, https:\/\/showerglasshardware.com\/wp-content\/uploads\/2024\/04\/SGH1001L-Black-150x150.jpg 150w, https:\/\/showerglasshardware.com\/wp-content\/uploads\/2024\/04\/SGH1001L-Black-12x12.jpg 12w, https:\/\/showerglasshardware.com\/wp-content\/uploads\/2024\/04\/SGH1001L-Black.jpg 500w\" sizes=\"(max-width: 60px) 100vw, 60px\" \/><\/a><\/td><td class=\"column-3\">Vidrio a pared<\/td><td class=\"column-4\">90\u00b0<\/td><td class=\"column-5\">Rect\u00e1ngulo<\/td><td class=\"column-6\">Con tapa<\/td>\n<\/tr>\n<tr class=\"row-4\">\n\t<td class=\"column-1\"><a href=\"https:\/\/showerglasshardware.com\/es-es\/product\/glass-to-glass-clamps-with-cover-90-degree-sgh1002\/\">SD1002<\/a><\/td><td class=\"column-2\"><a href=\"https:\/\/showerglasshardware.com\/wp-content\/uploads\/2024\/04\/SGH-1002_Black.jpg\"><img decoding=\"async\" src=\"https:\/\/showerglasshardware.com\/wp-content\/uploads\/2024\/04\/SGH-1002_Black-300x300.jpg\" alt=\"Abrazaderas para puerta de ducha de cristal con tapa 90 grados SGH-1002 Negro\" width=\"60\" height=\"60\" class=\"alignnone size-medium wp-image-2356\" title=\"\" srcset=\"https:\/\/showerglasshardware.com\/wp-content\/uploads\/2024\/04\/SGH-1002_Black-300x300.jpg 300w, https:\/\/showerglasshardware.com\/wp-content\/uploads\/2024\/04\/SGH-1002_Black-100x100.jpg 100w, https:\/\/showerglasshardware.com\/wp-content\/uploads\/2024\/04\/SGH-1002_Black-150x150.jpg 150w, https:\/\/showerglasshardware.com\/wp-content\/uploads\/2024\/04\/SGH-1002_Black-12x12.jpg 12w, https:\/\/showerglasshardware.com\/wp-content\/uploads\/2024\/04\/SGH-1002_Black.jpg 500w\" sizes=\"(max-width: 60px) 100vw, 60px\" \/><\/a><\/td><td class=\"column-3\">De vidrio a vidrio<\/td><td class=\"column-4\">90\u00b0<\/td><td class=\"column-5\">Rect\u00e1ngulo<\/td><td class=\"column-6\">Con tapa<\/td>\n<\/tr>\n<tr class=\"row-5\">\n\t<td class=\"column-1\"><a href=\"https:\/\/showerglasshardware.com\/es-es\/product\/glass-to-glass-clamps-with-cover-135-degree-sgh-1003\/\">SD1003<\/a><\/td><td class=\"column-2\"><a href=\"https:\/\/showerglasshardware.com\/wp-content\/uploads\/2024\/04\/SGH1003-Black.jpg\"><img loading=\"lazy\" decoding=\"async\" src=\"https:\/\/showerglasshardware.com\/wp-content\/uploads\/2024\/04\/SGH1003-Black-300x300.jpg\" alt=\"Abrazadera negra para puerta de ducha sin marco con tapa en \u00e1ngulo de 135 grados\" width=\"60\" height=\"60\" class=\"alignnone size-medium wp-image-2345\" title=\"\" srcset=\"https:\/\/showerglasshardware.com\/wp-content\/uploads\/2024\/04\/SGH1003-Black-300x300.jpg 300w, https:\/\/showerglasshardware.com\/wp-content\/uploads\/2024\/04\/SGH1003-Black-100x100.jpg 100w, https:\/\/showerglasshardware.com\/wp-content\/uploads\/2024\/04\/SGH1003-Black-150x150.jpg 150w, https:\/\/showerglasshardware.com\/wp-content\/uploads\/2024\/04\/SGH1003-Black-12x12.jpg 12w, https:\/\/showerglasshardware.com\/wp-content\/uploads\/2024\/04\/SGH1003-Black.jpg 500w\" sizes=\"(max-width: 60px) 100vw, 60px\" \/><\/a><\/td><td class=\"column-3\">De vidrio a vidrio<\/td><td class=\"column-4\">135\u00b0<\/td><td class=\"column-5\">Rect\u00e1ngulo<\/td><td class=\"column-6\">Con tapa<\/td>\n<\/tr>\n<tr class=\"row-6\">\n\t<td class=\"column-1\"><a href=\"https:\/\/showerglasshardware.com\/es-es\/product\/glass-to-glass-clamps-with-cover-180-degree-sgh-1004\/\">SD1004<\/a><\/td><td class=\"column-2\"><a href=\"https:\/\/showerglasshardware.com\/wp-content\/uploads\/2024\/04\/SGH1004-Black.jpg\"><img loading=\"lazy\" decoding=\"async\" src=\"https:\/\/showerglasshardware.com\/wp-content\/uploads\/2024\/04\/SGH1004-Black-300x300.jpg\" alt=\"Abrazadera negra vidrio-vidrio con tapa a 180 grados\" width=\"60\" height=\"60\" class=\"alignnone size-medium wp-image-2316\" title=\"\" srcset=\"https:\/\/showerglasshardware.com\/wp-content\/uploads\/2024\/04\/SGH1004-Black-300x300.jpg 300w, https:\/\/showerglasshardware.com\/wp-content\/uploads\/2024\/04\/SGH1004-Black-100x100.jpg 100w, https:\/\/showerglasshardware.com\/wp-content\/uploads\/2024\/04\/SGH1004-Black-150x150.jpg 150w, https:\/\/showerglasshardware.com\/wp-content\/uploads\/2024\/04\/SGH1004-Black-12x12.jpg 12w, https:\/\/showerglasshardware.com\/wp-content\/uploads\/2024\/04\/SGH1004-Black.jpg 500w\" sizes=\"(max-width: 60px) 100vw, 60px\" \/><\/a><\/td><td class=\"column-3\">De vidrio a vidrio<\/td><td class=\"column-4\">180\u00b0<\/td><td class=\"column-5\">Rect\u00e1ngulo<\/td><td class=\"column-6\">Con tapa<\/td>\n<\/tr>\n<\/tbody>\n<\/table>\n<!-- #tablepress-5 from cache -->","protected":false},"excerpt":{"rendered":"<ul>\n<li>Material de lat\u00f3n<\/li>\n<li>Abrazadera de vidrio con tapa<\/li>\n<li>Abrazaderas de 135\u00b0 para puertas de ducha sin marco<\/li>\n<li>Espesor del vidrio: 6-10 mm;<\/li>\n<li>Peso m\u00e1ximo de la puerta de vidrio: 40 kg (2 piezas);<\/li>\n<li>Acabado: Cromo Pulido; Oro pulido; n\u00edquel cepillado; Metal de pistola; Negro mate<\/li>\n<\/ul>\n<p><!-- notionvc: 5d8ef03b-8726-45ed-97aa-03865ac595dd --><\/p>","protected":false},"featured_media":4788,"comment_status":"open","ping_status":"closed","template":"","meta":{"_acf_changed":false},"product_brand":[],"product_cat":[24,109],"product_tag":[59],"class_list":{"0":"post-1059","1":"product","2":"type-product","3":"status-publish","4":"has-post-thumbnail","6":"product_cat-shower-glass-clamps","7":"product_cat-glass-to-glass-clamps","8":"product_tag-135-degree-glass-to-glass-clamps","9":"pa_finish-brushed-nickel","10":"pa_finish-chrome","11":"pa_finish-gold","12":"pa_finish-gun-metal","13":"pa_finish-black","14":"pa_glass-thickness-1-4-inch-6mm","15":"pa_glass-thickness-3-8-inch-10mm","16":"pa_glass-thickness-5-16-inch-8mm","17":"pa_material-brass","19":"first","20":"instock","21":"purchasable","22":"product-type-variable"},"acf":[],"_links":{"self":[{"href":"https:\/\/showerglasshardware.com\/es-es\/wp-json\/wp\/v2\/product\/1059","targetHints":{"allow":["GET"]}}],"collection":[{"href":"https:\/\/showerglasshardware.com\/es-es\/wp-json\/wp\/v2\/product"}],"about":[{"href":"https:\/\/showerglasshardware.com\/es-es\/wp-json\/wp\/v2\/types\/product"}],"replies":[{"embeddable":true,"href":"https:\/\/showerglasshardware.com\/es-es\/wp-json\/wp\/v2\/comments?post=1059"}],"version-history":[{"count":6,"href":"https:\/\/showerglasshardware.com\/es-es\/wp-json\/wp\/v2\/product\/1059\/revisions"}],"predecessor-version":[{"id":4877,"href":"https:\/\/showerglasshardware.com\/es-es\/wp-json\/wp\/v2\/product\/1059\/revisions\/4877"}],"wp:featuredmedia":[{"embeddable":true,"href":"https:\/\/showerglasshardware.com\/es-es\/wp-json\/wp\/v2\/media\/4788"}],"wp:attachment":[{"href":"https:\/\/showerglasshardware.com\/es-es\/wp-json\/wp\/v2\/media?parent=1059"}],"wp:term":[{"taxonomy":"product_brand","embeddable":true,"href":"https:\/\/showerglasshardware.com\/es-es\/wp-json\/wp\/v2\/product_brand?post=1059"},{"taxonomy":"product_cat","embeddable":true,"href":"https:\/\/showerglasshardware.com\/es-es\/wp-json\/wp\/v2\/product_cat?post=1059"},{"taxonomy":"product_tag","embeddable":true,"href":"https:\/\/showerglasshardware.com\/es-es\/wp-json\/wp\/v2\/product_tag?post=1059"}],"curies":[{"name":"wp","href":"https:\/\/api.w.org\/{rel}","templated":true}]}}