{"id":1067,"date":"2024-04-23T02:29:30","date_gmt":"2024-04-23T02:29:30","guid":{"rendered":"https:\/\/showerglasshardware.com\/?post_type=product&#038;p=1067"},"modified":"2025-10-12T15:36:05","modified_gmt":"2025-10-12T15:36:05","slug":"glass-to-wall-clamps-with-cover-180-degree-sgh-1000l","status":"publish","type":"product","link":"https:\/\/showerglasshardware.com\/es-es\/product\/glass-to-wall-clamps-with-cover-180-degree-sgh-1000l\/","title":{"rendered":"Abrazaderas de Vidrio a Pared con Tapa 180 Grados SGH-SD1000L"},"content":{"rendered":"<p data-start=\"509\" data-end=\"678\">El <strong data-start=\"513\" data-end=\"558\">SGH-1000L Abrazaderas de vidrio a pared con tapa<\/strong> ofrecen una soluci\u00f3n fiable y elegante para mamparas de ducha sin marco que requieren <strong data-start=\"641\" data-end=\"675\">Conexiones vidrio-pared de 180<\/strong>.<\/p>\n<p data-start=\"680\" data-end=\"980\">Fabricado en <strong data-start=\"693\" data-end=\"708\">lat\u00f3n macizo<\/strong>, estas abrazaderas ofrecen solidez y resistencia a la corrosi\u00f3n, garantizando un rendimiento duradero en los cuartos de ba\u00f1o. El <strong data-start=\"830\" data-end=\"850\">cubierta decorativa<\/strong> oculta los herrajes de montaje para ofrecer un aspecto limpio y de alta gama, lo que las hace adecuadas tanto para proyectos residenciales como comerciales.<\/p>\n<p data-start=\"982\" data-end=\"1258\">Dise\u00f1ado para adaptarse a <strong data-start=\"998\" data-end=\"1020\">Cristal de 6-10 mm de grosor<\/strong>cada par de abrazaderas puede soportar hasta <strong data-start=\"1060\" data-end=\"1068\">40kg<\/strong>El SGH-1000L ofrece una instalaci\u00f3n segura para puertas de ducha sin marco de tama\u00f1o medio. Con m\u00faltiples acabados disponibles, el SGH-1000L se integra a la perfecci\u00f3n con una amplia gama de estilos de herrajes de ba\u00f1o.<\/p>\n<p data-start=\"1260\" data-end=\"1279\"><strong data-start=\"1260\" data-end=\"1277\">Caracter\u00edsticas clave:<\/strong><\/p>\n<ul data-start=\"1280\" data-end=\"1674\">\n<li data-start=\"1280\" data-end=\"1343\">\n<p data-start=\"1282\" data-end=\"1343\"><strong data-start=\"1282\" data-end=\"1291\">Tipo:<\/strong> Abrazaderas de lat\u00f3n de 180\u00b0 para ducha de vidrio a pared con tapa<\/p>\n<\/li>\n<li data-start=\"1344\" data-end=\"1408\">\n<p data-start=\"1346\" data-end=\"1408\"><strong data-start=\"1346\" data-end=\"1359\">Material:<\/strong> Lat\u00f3n macizo para mayor durabilidad y resistencia a la oxidaci\u00f3n<\/p>\n<\/li>\n<li data-start=\"1409\" data-end=\"1461\">\n<p data-start=\"1411\" data-end=\"1461\"><strong data-start=\"1411\" data-end=\"1435\">Compatibilidad de vidrio:<\/strong> Se adapta a cristales de 6-10 mm de grosor<\/p>\n<\/li>\n<li data-start=\"1462\" data-end=\"1519\">\n<p data-start=\"1464\" data-end=\"1519\"><strong data-start=\"1464\" data-end=\"1482\">Capacidad de carga:<\/strong> Soporta hasta 40 kg por cada dos abrazaderas<\/p>\n<\/li>\n<li data-start=\"1520\" data-end=\"1592\">\n<p data-start=\"1522\" data-end=\"1592\"><strong data-start=\"1522\" data-end=\"1533\">Dise\u00f1o:<\/strong> Estilo sin marco con cubierta decorativa para un acabado elegante<\/p>\n<\/li>\n<li data-start=\"1593\" data-end=\"1674\">\n<p data-start=\"1595\" data-end=\"1674\"><strong data-start=\"1595\" data-end=\"1612\">Aplicaciones:<\/strong> Ideal para puertas de ducha sin marco en hogares, hoteles y spas<\/p>\n<\/li>\n<\/ul>\n<p data-start=\"1676\" data-end=\"1697\"><strong data-start=\"1676\" data-end=\"1695\">Especificaciones:<\/strong><\/p>\n<ul data-start=\"1698\" data-end=\"1966\">\n<li data-start=\"1698\" data-end=\"1722\">\n<p data-start=\"1700\" data-end=\"1722\"><strong data-start=\"1700\" data-end=\"1710\">Modelo:<\/strong> SGH-1000L<\/p>\n<\/li>\n<li data-start=\"1723\" data-end=\"1773\">\n<p data-start=\"1725\" data-end=\"1773\"><strong data-start=\"1725\" data-end=\"1734\">Tipo:<\/strong> Abrazadera de vidrio a pared, 180\u00b0 con tapa<\/p>\n<\/li>\n<li data-start=\"1774\" data-end=\"1797\">\n<p data-start=\"1776\" data-end=\"1797\"><strong data-start=\"1776\" data-end=\"1789\">Material:<\/strong> Lat\u00f3n<\/p>\n<\/li>\n<li data-start=\"1798\" data-end=\"1834\">\n<p data-start=\"1800\" data-end=\"1834\"><strong data-start=\"1800\" data-end=\"1825\">Se adapta al grosor del cristal:<\/strong> 6-10 mm<\/p>\n<\/li>\n<li data-start=\"1835\" data-end=\"1871\">\n<p data-start=\"1837\" data-end=\"1871\"><strong data-start=\"1837\" data-end=\"1857\">Peso m\u00e1ximo de la puerta:<\/strong> 40kg \/ 2pcs<\/p>\n<\/li>\n<li data-start=\"1872\" data-end=\"1966\">\n<p data-start=\"1874\" data-end=\"1966\"><strong data-start=\"1874\" data-end=\"1893\">Opciones de acabado:<\/strong> Cromo pulido, Oro pulido, N\u00edquel cepillado, Gun Metal, Negro mate<\/p>\n<\/li>\n<\/ul>\n<h2 id=\"tablepress-5-name\" class=\"tablepress-table-name tablepress-table-name-id-5\">Abrazaderas de lat\u00f3n para puertas de ducha Serie SD10xx<\/h2>\n\n<table id=\"tablepress-5\" class=\"tablepress tablepress-id-5\" aria-labelledby=\"tablepress-5-name\">\n<thead>\n<tr class=\"row-1\">\n\t<th class=\"column-1\"><strong>Modelo<\/strong><\/th><th class=\"column-2\"><strong>Imagen<\/strong><\/th><th class=\"column-3\"><strong>Tipo<\/strong><\/th><th class=\"column-4\"><strong>\u00c1ngulo<\/strong><\/th><th class=\"column-5\"><strong>Forma<\/strong><\/th><th class=\"column-6\"><strong>Caracter\u00edstica<\/strong><\/th>\n<\/tr>\n<\/thead>\n<tbody class=\"row-striping row-hover\">\n<tr class=\"row-2\">\n\t<td class=\"column-1\"><a href=\"https:\/\/showerglasshardware.com\/es-es\/product\/glass-to-wall-clamps-with-cover-180-degree-sgh-1000l\/\">SD1000L<\/a><\/td><td class=\"column-2\"><a href=\"https:\/\/showerglasshardware.com\/wp-content\/uploads\/2024\/04\/FC1000-Black.jpg\"><img decoding=\"async\" src=\"https:\/\/showerglasshardware.com\/wp-content\/uploads\/2024\/04\/FC1000-Black-300x300.jpg\" alt=\"Abrazadera negra de vidrio a vidrio con tapa\" width=\"60\" height=\"60\" class=\"alignnone size-medium wp-image-2305\" title=\"\" srcset=\"https:\/\/showerglasshardware.com\/wp-content\/uploads\/2024\/04\/FC1000-Black-300x300.jpg 300w, https:\/\/showerglasshardware.com\/wp-content\/uploads\/2024\/04\/FC1000-Black-100x100.jpg 100w, https:\/\/showerglasshardware.com\/wp-content\/uploads\/2024\/04\/FC1000-Black-150x150.jpg 150w, https:\/\/showerglasshardware.com\/wp-content\/uploads\/2024\/04\/FC1000-Black-12x12.jpg 12w, https:\/\/showerglasshardware.com\/wp-content\/uploads\/2024\/04\/FC1000-Black.jpg 500w\" sizes=\"(max-width: 60px) 100vw, 60px\" \/><\/a><\/td><td class=\"column-3\">Vidrio a pared<\/td><td class=\"column-4\">180\u00b0<\/td><td class=\"column-5\">Rect\u00e1ngulo<\/td><td class=\"column-6\">Con tapa<\/td>\n<\/tr>\n<tr class=\"row-3\">\n\t<td class=\"column-1\"><a href=\"https:\/\/showerglasshardware.com\/es-es\/product\/brass-shower-door-clamps-sgh-1001l\/\">SD1001L<\/a><\/td><td class=\"column-2\"><a href=\"https:\/\/showerglasshardware.com\/wp-content\/uploads\/2024\/04\/SGH1001L-Black.jpg\"><img decoding=\"async\" src=\"https:\/\/showerglasshardware.com\/wp-content\/uploads\/2024\/04\/SGH1001L-Black-300x300.jpg\" alt=\"Abrazadera de lat\u00f3n para puerta de ducha con tapa negra que sujeta el cristal a 90 grados\" width=\"60\" height=\"60\" class=\"alignnone size-medium wp-image-2367\" title=\"\" srcset=\"https:\/\/showerglasshardware.com\/wp-content\/uploads\/2024\/04\/SGH1001L-Black-300x300.jpg 300w, https:\/\/showerglasshardware.com\/wp-content\/uploads\/2024\/04\/SGH1001L-Black-100x100.jpg 100w, https:\/\/showerglasshardware.com\/wp-content\/uploads\/2024\/04\/SGH1001L-Black-150x150.jpg 150w, https:\/\/showerglasshardware.com\/wp-content\/uploads\/2024\/04\/SGH1001L-Black-12x12.jpg 12w, https:\/\/showerglasshardware.com\/wp-content\/uploads\/2024\/04\/SGH1001L-Black.jpg 500w\" sizes=\"(max-width: 60px) 100vw, 60px\" \/><\/a><\/td><td class=\"column-3\">Vidrio a pared<\/td><td class=\"column-4\">90\u00b0<\/td><td class=\"column-5\">Rect\u00e1ngulo<\/td><td class=\"column-6\">Con tapa<\/td>\n<\/tr>\n<tr class=\"row-4\">\n\t<td class=\"column-1\"><a href=\"https:\/\/showerglasshardware.com\/es-es\/product\/glass-to-glass-clamps-with-cover-90-degree-sgh1002\/\">SD1002<\/a><\/td><td class=\"column-2\"><a href=\"https:\/\/showerglasshardware.com\/wp-content\/uploads\/2024\/04\/SGH-1002_Black.jpg\"><img decoding=\"async\" src=\"https:\/\/showerglasshardware.com\/wp-content\/uploads\/2024\/04\/SGH-1002_Black-300x300.jpg\" alt=\"Abrazaderas para puerta de ducha de cristal con tapa 90 grados SGH-1002 Negro\" width=\"60\" height=\"60\" class=\"alignnone size-medium wp-image-2356\" title=\"\" srcset=\"https:\/\/showerglasshardware.com\/wp-content\/uploads\/2024\/04\/SGH-1002_Black-300x300.jpg 300w, https:\/\/showerglasshardware.com\/wp-content\/uploads\/2024\/04\/SGH-1002_Black-100x100.jpg 100w, https:\/\/showerglasshardware.com\/wp-content\/uploads\/2024\/04\/SGH-1002_Black-150x150.jpg 150w, https:\/\/showerglasshardware.com\/wp-content\/uploads\/2024\/04\/SGH-1002_Black-12x12.jpg 12w, https:\/\/showerglasshardware.com\/wp-content\/uploads\/2024\/04\/SGH-1002_Black.jpg 500w\" sizes=\"(max-width: 60px) 100vw, 60px\" \/><\/a><\/td><td class=\"column-3\">De vidrio a vidrio<\/td><td class=\"column-4\">90\u00b0<\/td><td class=\"column-5\">Rect\u00e1ngulo<\/td><td class=\"column-6\">Con tapa<\/td>\n<\/tr>\n<tr class=\"row-5\">\n\t<td class=\"column-1\"><a href=\"https:\/\/showerglasshardware.com\/es-es\/product\/glass-to-glass-clamps-with-cover-135-degree-sgh-1003\/\">SD1003<\/a><\/td><td class=\"column-2\"><a href=\"https:\/\/showerglasshardware.com\/wp-content\/uploads\/2024\/04\/SGH1003-Black.jpg\"><img loading=\"lazy\" decoding=\"async\" src=\"https:\/\/showerglasshardware.com\/wp-content\/uploads\/2024\/04\/SGH1003-Black-300x300.jpg\" alt=\"Abrazadera negra para puerta de ducha sin marco con tapa en \u00e1ngulo de 135 grados\" width=\"60\" height=\"60\" class=\"alignnone size-medium wp-image-2345\" title=\"\" srcset=\"https:\/\/showerglasshardware.com\/wp-content\/uploads\/2024\/04\/SGH1003-Black-300x300.jpg 300w, https:\/\/showerglasshardware.com\/wp-content\/uploads\/2024\/04\/SGH1003-Black-100x100.jpg 100w, https:\/\/showerglasshardware.com\/wp-content\/uploads\/2024\/04\/SGH1003-Black-150x150.jpg 150w, https:\/\/showerglasshardware.com\/wp-content\/uploads\/2024\/04\/SGH1003-Black-12x12.jpg 12w, https:\/\/showerglasshardware.com\/wp-content\/uploads\/2024\/04\/SGH1003-Black.jpg 500w\" sizes=\"(max-width: 60px) 100vw, 60px\" \/><\/a><\/td><td class=\"column-3\">De vidrio a vidrio<\/td><td class=\"column-4\">135\u00b0<\/td><td class=\"column-5\">Rect\u00e1ngulo<\/td><td class=\"column-6\">Con tapa<\/td>\n<\/tr>\n<tr class=\"row-6\">\n\t<td class=\"column-1\"><a href=\"https:\/\/showerglasshardware.com\/es-es\/product\/glass-to-glass-clamps-with-cover-180-degree-sgh-1004\/\">SD1004<\/a><\/td><td class=\"column-2\"><a href=\"https:\/\/showerglasshardware.com\/wp-content\/uploads\/2024\/04\/SGH1004-Black.jpg\"><img loading=\"lazy\" decoding=\"async\" src=\"https:\/\/showerglasshardware.com\/wp-content\/uploads\/2024\/04\/SGH1004-Black-300x300.jpg\" alt=\"Abrazadera negra vidrio-vidrio con tapa a 180 grados\" width=\"60\" height=\"60\" class=\"alignnone size-medium wp-image-2316\" title=\"\" srcset=\"https:\/\/showerglasshardware.com\/wp-content\/uploads\/2024\/04\/SGH1004-Black-300x300.jpg 300w, https:\/\/showerglasshardware.com\/wp-content\/uploads\/2024\/04\/SGH1004-Black-100x100.jpg 100w, https:\/\/showerglasshardware.com\/wp-content\/uploads\/2024\/04\/SGH1004-Black-150x150.jpg 150w, https:\/\/showerglasshardware.com\/wp-content\/uploads\/2024\/04\/SGH1004-Black-12x12.jpg 12w, https:\/\/showerglasshardware.com\/wp-content\/uploads\/2024\/04\/SGH1004-Black.jpg 500w\" sizes=\"(max-width: 60px) 100vw, 60px\" \/><\/a><\/td><td class=\"column-3\">De vidrio a vidrio<\/td><td class=\"column-4\">180\u00b0<\/td><td class=\"column-5\">Rect\u00e1ngulo<\/td><td class=\"column-6\">Con tapa<\/td>\n<\/tr>\n<\/tbody>\n<\/table>\n<!-- #tablepress-5 from cache -->","protected":false},"excerpt":{"rendered":"<ul>\n<li>Material de lat\u00f3n<\/li>\n<li>Abrazadera de vidrio con tapa<\/li>\n<li>Abrazaderas de vidrio a pared de 180\u00b0<\/li>\n<li>Espesor del vidrio: 6-10 mm;<\/li>\n<li>Peso m\u00e1ximo de la puerta de vidrio: 40 kg (2 piezas);<\/li>\n<li>Acabado: Cromo Pulido; Oro pulido; n\u00edquel cepillado; Metal de pistola; Negro mate<\/li>\n<\/ul>\n<p><!-- notionvc: 5d8ef03b-8726-45ed-97aa-03865ac595dd --><\/p>","protected":false},"featured_media":2315,"comment_status":"open","ping_status":"closed","template":"","meta":{"_acf_changed":false},"product_brand":[],"product_cat":[24,110],"product_tag":[56],"class_list":{"0":"post-1067","1":"product","2":"type-product","3":"status-publish","4":"has-post-thumbnail","6":"product_cat-shower-glass-clamps","7":"product_cat-wall-mount-clamps","8":"product_tag-180-degree-glass-to-wall-clamp","9":"pa_finish-brushed-nickel","10":"pa_finish-chrome","11":"pa_finish-gold","12":"pa_finish-gun-metal","13":"pa_finish-black","14":"pa_glass-thickness-1-4-inch-6mm","15":"pa_glass-thickness-3-8-inch-10mm","16":"pa_glass-thickness-5-16-inch-8mm","17":"pa_material-brass","19":"first","20":"instock","21":"purchasable","22":"product-type-variable"},"acf":[],"_links":{"self":[{"href":"https:\/\/showerglasshardware.com\/es-es\/wp-json\/wp\/v2\/product\/1067","targetHints":{"allow":["GET"]}}],"collection":[{"href":"https:\/\/showerglasshardware.com\/es-es\/wp-json\/wp\/v2\/product"}],"about":[{"href":"https:\/\/showerglasshardware.com\/es-es\/wp-json\/wp\/v2\/types\/product"}],"replies":[{"embeddable":true,"href":"https:\/\/showerglasshardware.com\/es-es\/wp-json\/wp\/v2\/comments?post=1067"}],"version-history":[{"count":5,"href":"https:\/\/showerglasshardware.com\/es-es\/wp-json\/wp\/v2\/product\/1067\/revisions"}],"predecessor-version":[{"id":4876,"href":"https:\/\/showerglasshardware.com\/es-es\/wp-json\/wp\/v2\/product\/1067\/revisions\/4876"}],"wp:featuredmedia":[{"embeddable":true,"href":"https:\/\/showerglasshardware.com\/es-es\/wp-json\/wp\/v2\/media\/2315"}],"wp:attachment":[{"href":"https:\/\/showerglasshardware.com\/es-es\/wp-json\/wp\/v2\/media?parent=1067"}],"wp:term":[{"taxonomy":"product_brand","embeddable":true,"href":"https:\/\/showerglasshardware.com\/es-es\/wp-json\/wp\/v2\/product_brand?post=1067"},{"taxonomy":"product_cat","embeddable":true,"href":"https:\/\/showerglasshardware.com\/es-es\/wp-json\/wp\/v2\/product_cat?post=1067"},{"taxonomy":"product_tag","embeddable":true,"href":"https:\/\/showerglasshardware.com\/es-es\/wp-json\/wp\/v2\/product_tag?post=1067"}],"curies":[{"name":"wp","href":"https:\/\/api.w.org\/{rel}","templated":true}]}}