{"id":1069,"date":"2024-04-23T02:32:03","date_gmt":"2024-04-23T02:32:03","guid":{"rendered":"https:\/\/showerglasshardware.com\/?post_type=product&#038;p=1069"},"modified":"2025-10-12T15:35:51","modified_gmt":"2025-10-12T15:35:51","slug":"glass-to-glass-clamps-with-cover-180-degree-sgh-1004","status":"publish","type":"product","link":"https:\/\/showerglasshardware.com\/es-es\/product\/glass-to-glass-clamps-with-cover-180-degree-sgh-1004\/","title":{"rendered":"Abrazaderas de vidrio a vidrio con tapa 180 grados SGH-SD1004"},"content":{"rendered":"<p data-start=\"457\" data-end=\"632\">Las abrazaderas para puertas de ducha de cristal a cristal de 180\u00b0 SGH-1004 con tapa est\u00e1n dise\u00f1adas para conexiones seguras y elegantes entre dos paneles de ducha de cristal sin marco en un \u00e1ngulo de 180\u00b0.<\/p>\n<p data-start=\"634\" data-end=\"913\">Fabricadas en lat\u00f3n macizo, estas abrazaderas proporcionan una fuerza excepcional, resistencia a la corrosi\u00f3n y durabilidad de larga duraci\u00f3n. El dise\u00f1o de la cubierta integrada oculta los tornillos para ofrecer un aspecto limpio y moderno, lo que las hace ideales para ba\u00f1os residenciales de gama alta y mamparas de ducha comerciales.<\/p>\n<p data-start=\"915\" data-end=\"1182\">Compatible con cristal de 6-10 mm de grosor, dos abrazaderas pueden soportar con seguridad hasta 40 kg, garantizando estabilidad y un rendimiento fiable. Disponible en acabados cromo pulido, oro pulido, n\u00edquel cepillado, Gun Metal y negro mate para combinar con distintos estilos de ba\u00f1o.<\/p>\n<p data-start=\"1184\" data-end=\"1203\"><strong data-start=\"1184\" data-end=\"1201\">Caracter\u00edsticas clave:<\/strong><\/p>\n<ul data-start=\"1204\" data-end=\"1641\">\n<li data-start=\"1204\" data-end=\"1271\">\n<p data-start=\"1206\" data-end=\"1271\"><strong data-start=\"1206\" data-end=\"1219\">Material:<\/strong> Lat\u00f3n macizo para mayor solidez y resistencia a la corrosi\u00f3n<\/p>\n<\/li>\n<li data-start=\"1272\" data-end=\"1347\">\n<p data-start=\"1274\" data-end=\"1347\"><strong data-start=\"1274\" data-end=\"1285\">Dise\u00f1o:<\/strong> Abrazadera de vidrio a vidrio de 180\u00b0 con tapa para un aspecto elegante<\/p>\n<\/li>\n<li data-start=\"1348\" data-end=\"1400\">\n<p data-start=\"1350\" data-end=\"1400\"><strong data-start=\"1350\" data-end=\"1374\">Compatibilidad de vidrio:<\/strong> Se adapta a cristales de 6-10 mm de grosor<\/p>\n<\/li>\n<li data-start=\"1401\" data-end=\"1452\">\n<p data-start=\"1403\" data-end=\"1452\"><strong data-start=\"1403\" data-end=\"1421\">Capacidad de carga:<\/strong> Soporta 40 kg por cada dos abrazaderas<\/p>\n<\/li>\n<li data-start=\"1453\" data-end=\"1547\">\n<p data-start=\"1455\" data-end=\"1547\"><strong data-start=\"1455\" data-end=\"1474\">Opciones de acabado:<\/strong> Cromo pulido, Oro pulido, N\u00edquel cepillado, Gun Metal, Negro mate<\/p>\n<\/li>\n<li data-start=\"1548\" data-end=\"1641\">\n<p data-start=\"1550\" data-end=\"1641\"><strong data-start=\"1550\" data-end=\"1567\">Aplicaciones:<\/strong> Mamparas de ducha de cristal sin marco para viviendas, hoteles y comercios<\/p>\n<\/li>\n<\/ul>\n<p data-start=\"1643\" data-end=\"1664\"><strong data-start=\"1643\" data-end=\"1662\">Especificaciones:<\/strong><\/p>\n<ul data-start=\"1665\" data-end=\"1993\">\n<li data-start=\"1665\" data-end=\"1688\">\n<p data-start=\"1667\" data-end=\"1688\"><strong data-start=\"1667\" data-end=\"1677\">Modelo:<\/strong> SGH-1004<\/p>\n<\/li>\n<li data-start=\"1689\" data-end=\"1739\">\n<p data-start=\"1691\" data-end=\"1739\"><strong data-start=\"1691\" data-end=\"1700\">Tipo:<\/strong> Abrazadera vidrio-vidrio 180\u00b0 con tapa<\/p>\n<\/li>\n<li data-start=\"1740\" data-end=\"1763\">\n<p data-start=\"1742\" data-end=\"1763\"><strong data-start=\"1742\" data-end=\"1755\">Material:<\/strong> Lat\u00f3n<\/p>\n<\/li>\n<li data-start=\"1764\" data-end=\"1800\">\n<p data-start=\"1766\" data-end=\"1800\"><strong data-start=\"1766\" data-end=\"1791\">Se adapta al grosor del cristal:<\/strong> 6-10 mm<\/p>\n<\/li>\n<li data-start=\"1801\" data-end=\"1843\">\n<p data-start=\"1803\" data-end=\"1843\"><strong data-start=\"1803\" data-end=\"1821\">Capacidad de carga:<\/strong> 40 kg por dos abrazaderas<\/p>\n<\/li>\n<li data-start=\"1844\" data-end=\"1932\">\n<p data-start=\"1846\" data-end=\"1932\"><strong data-start=\"1846\" data-end=\"1859\">Acabados:<\/strong> Cromo pulido, Oro pulido, N\u00edquel cepillado, Gun Metal, Negro mate<\/p>\n<\/li>\n<li data-start=\"1933\" data-end=\"1993\">\n<p data-start=\"1935\" data-end=\"1993\"><strong data-start=\"1935\" data-end=\"1951\">Solicitud:<\/strong> Puertas y paneles de ducha de cristal sin marco<\/p>\n<\/li>\n<\/ul>\n<h2 id=\"tablepress-5-name\" class=\"tablepress-table-name tablepress-table-name-id-5\">Abrazaderas de lat\u00f3n para puertas de ducha Serie SD10xx<\/h2>\n\n<table id=\"tablepress-5\" class=\"tablepress tablepress-id-5\" aria-labelledby=\"tablepress-5-name\">\n<thead>\n<tr class=\"row-1\">\n\t<th class=\"column-1\"><strong>Modelo<\/strong><\/th><th class=\"column-2\"><strong>Imagen<\/strong><\/th><th class=\"column-3\"><strong>Tipo<\/strong><\/th><th class=\"column-4\"><strong>\u00c1ngulo<\/strong><\/th><th class=\"column-5\"><strong>Forma<\/strong><\/th><th class=\"column-6\"><strong>Caracter\u00edstica<\/strong><\/th>\n<\/tr>\n<\/thead>\n<tbody class=\"row-striping row-hover\">\n<tr class=\"row-2\">\n\t<td class=\"column-1\"><a href=\"https:\/\/showerglasshardware.com\/es-es\/product\/glass-to-wall-clamps-with-cover-180-degree-sgh-1000l\/\">SD1000L<\/a><\/td><td class=\"column-2\"><a href=\"https:\/\/showerglasshardware.com\/wp-content\/uploads\/2024\/04\/FC1000-Black.jpg\"><img decoding=\"async\" src=\"https:\/\/showerglasshardware.com\/wp-content\/uploads\/2024\/04\/FC1000-Black-300x300.jpg\" alt=\"Abrazadera negra de vidrio a vidrio con tapa\" width=\"60\" height=\"60\" class=\"alignnone size-medium wp-image-2305\" title=\"\" srcset=\"https:\/\/showerglasshardware.com\/wp-content\/uploads\/2024\/04\/FC1000-Black-300x300.jpg 300w, https:\/\/showerglasshardware.com\/wp-content\/uploads\/2024\/04\/FC1000-Black-100x100.jpg 100w, https:\/\/showerglasshardware.com\/wp-content\/uploads\/2024\/04\/FC1000-Black-150x150.jpg 150w, https:\/\/showerglasshardware.com\/wp-content\/uploads\/2024\/04\/FC1000-Black-12x12.jpg 12w, https:\/\/showerglasshardware.com\/wp-content\/uploads\/2024\/04\/FC1000-Black.jpg 500w\" sizes=\"(max-width: 60px) 100vw, 60px\" \/><\/a><\/td><td class=\"column-3\">Vidrio a pared<\/td><td class=\"column-4\">180\u00b0<\/td><td class=\"column-5\">Rect\u00e1ngulo<\/td><td class=\"column-6\">Con tapa<\/td>\n<\/tr>\n<tr class=\"row-3\">\n\t<td class=\"column-1\"><a href=\"https:\/\/showerglasshardware.com\/es-es\/product\/brass-shower-door-clamps-sgh-1001l\/\">SD1001L<\/a><\/td><td class=\"column-2\"><a href=\"https:\/\/showerglasshardware.com\/wp-content\/uploads\/2024\/04\/SGH1001L-Black.jpg\"><img decoding=\"async\" src=\"https:\/\/showerglasshardware.com\/wp-content\/uploads\/2024\/04\/SGH1001L-Black-300x300.jpg\" alt=\"Abrazadera de lat\u00f3n para puerta de ducha con tapa negra que sujeta el cristal a 90 grados\" width=\"60\" height=\"60\" class=\"alignnone size-medium wp-image-2367\" title=\"\" srcset=\"https:\/\/showerglasshardware.com\/wp-content\/uploads\/2024\/04\/SGH1001L-Black-300x300.jpg 300w, https:\/\/showerglasshardware.com\/wp-content\/uploads\/2024\/04\/SGH1001L-Black-100x100.jpg 100w, https:\/\/showerglasshardware.com\/wp-content\/uploads\/2024\/04\/SGH1001L-Black-150x150.jpg 150w, https:\/\/showerglasshardware.com\/wp-content\/uploads\/2024\/04\/SGH1001L-Black-12x12.jpg 12w, https:\/\/showerglasshardware.com\/wp-content\/uploads\/2024\/04\/SGH1001L-Black.jpg 500w\" sizes=\"(max-width: 60px) 100vw, 60px\" \/><\/a><\/td><td class=\"column-3\">Vidrio a pared<\/td><td class=\"column-4\">90\u00b0<\/td><td class=\"column-5\">Rect\u00e1ngulo<\/td><td class=\"column-6\">Con tapa<\/td>\n<\/tr>\n<tr class=\"row-4\">\n\t<td class=\"column-1\"><a href=\"https:\/\/showerglasshardware.com\/es-es\/product\/glass-to-glass-clamps-with-cover-90-degree-sgh1002\/\">SD1002<\/a><\/td><td class=\"column-2\"><a href=\"https:\/\/showerglasshardware.com\/wp-content\/uploads\/2024\/04\/SGH-1002_Black.jpg\"><img decoding=\"async\" src=\"https:\/\/showerglasshardware.com\/wp-content\/uploads\/2024\/04\/SGH-1002_Black-300x300.jpg\" alt=\"Abrazaderas para puerta de ducha de cristal con tapa 90 grados SGH-1002 Negro\" width=\"60\" height=\"60\" class=\"alignnone size-medium wp-image-2356\" title=\"\" srcset=\"https:\/\/showerglasshardware.com\/wp-content\/uploads\/2024\/04\/SGH-1002_Black-300x300.jpg 300w, https:\/\/showerglasshardware.com\/wp-content\/uploads\/2024\/04\/SGH-1002_Black-100x100.jpg 100w, https:\/\/showerglasshardware.com\/wp-content\/uploads\/2024\/04\/SGH-1002_Black-150x150.jpg 150w, https:\/\/showerglasshardware.com\/wp-content\/uploads\/2024\/04\/SGH-1002_Black-12x12.jpg 12w, https:\/\/showerglasshardware.com\/wp-content\/uploads\/2024\/04\/SGH-1002_Black.jpg 500w\" sizes=\"(max-width: 60px) 100vw, 60px\" \/><\/a><\/td><td class=\"column-3\">De vidrio a vidrio<\/td><td class=\"column-4\">90\u00b0<\/td><td class=\"column-5\">Rect\u00e1ngulo<\/td><td class=\"column-6\">Con tapa<\/td>\n<\/tr>\n<tr class=\"row-5\">\n\t<td class=\"column-1\"><a href=\"https:\/\/showerglasshardware.com\/es-es\/product\/glass-to-glass-clamps-with-cover-135-degree-sgh-1003\/\">SD1003<\/a><\/td><td class=\"column-2\"><a href=\"https:\/\/showerglasshardware.com\/wp-content\/uploads\/2024\/04\/SGH1003-Black.jpg\"><img loading=\"lazy\" decoding=\"async\" src=\"https:\/\/showerglasshardware.com\/wp-content\/uploads\/2024\/04\/SGH1003-Black-300x300.jpg\" alt=\"Abrazadera negra para puerta de ducha sin marco con tapa en \u00e1ngulo de 135 grados\" width=\"60\" height=\"60\" class=\"alignnone size-medium wp-image-2345\" title=\"\" srcset=\"https:\/\/showerglasshardware.com\/wp-content\/uploads\/2024\/04\/SGH1003-Black-300x300.jpg 300w, https:\/\/showerglasshardware.com\/wp-content\/uploads\/2024\/04\/SGH1003-Black-100x100.jpg 100w, https:\/\/showerglasshardware.com\/wp-content\/uploads\/2024\/04\/SGH1003-Black-150x150.jpg 150w, https:\/\/showerglasshardware.com\/wp-content\/uploads\/2024\/04\/SGH1003-Black-12x12.jpg 12w, https:\/\/showerglasshardware.com\/wp-content\/uploads\/2024\/04\/SGH1003-Black.jpg 500w\" sizes=\"(max-width: 60px) 100vw, 60px\" \/><\/a><\/td><td class=\"column-3\">De vidrio a vidrio<\/td><td class=\"column-4\">135\u00b0<\/td><td class=\"column-5\">Rect\u00e1ngulo<\/td><td class=\"column-6\">Con tapa<\/td>\n<\/tr>\n<tr class=\"row-6\">\n\t<td class=\"column-1\"><a href=\"https:\/\/showerglasshardware.com\/es-es\/product\/glass-to-glass-clamps-with-cover-180-degree-sgh-1004\/\">SD1004<\/a><\/td><td class=\"column-2\"><a href=\"https:\/\/showerglasshardware.com\/wp-content\/uploads\/2024\/04\/SGH1004-Black.jpg\"><img loading=\"lazy\" decoding=\"async\" src=\"https:\/\/showerglasshardware.com\/wp-content\/uploads\/2024\/04\/SGH1004-Black-300x300.jpg\" alt=\"Abrazadera negra vidrio-vidrio con tapa a 180 grados\" width=\"60\" height=\"60\" class=\"alignnone size-medium wp-image-2316\" title=\"\" srcset=\"https:\/\/showerglasshardware.com\/wp-content\/uploads\/2024\/04\/SGH1004-Black-300x300.jpg 300w, https:\/\/showerglasshardware.com\/wp-content\/uploads\/2024\/04\/SGH1004-Black-100x100.jpg 100w, https:\/\/showerglasshardware.com\/wp-content\/uploads\/2024\/04\/SGH1004-Black-150x150.jpg 150w, https:\/\/showerglasshardware.com\/wp-content\/uploads\/2024\/04\/SGH1004-Black-12x12.jpg 12w, https:\/\/showerglasshardware.com\/wp-content\/uploads\/2024\/04\/SGH1004-Black.jpg 500w\" sizes=\"(max-width: 60px) 100vw, 60px\" \/><\/a><\/td><td class=\"column-3\">De vidrio a vidrio<\/td><td class=\"column-4\">180\u00b0<\/td><td class=\"column-5\">Rect\u00e1ngulo<\/td><td class=\"column-6\">Con tapa<\/td>\n<\/tr>\n<\/tbody>\n<\/table>\n<!-- #tablepress-5 from cache -->","protected":false},"excerpt":{"rendered":"<ul>\n<li>Material de lat\u00f3n<\/li>\n<li>Abrazadera de vidrio con tapa<\/li>\n<li>Abrazaderas de vidrio a vidrio de 180\u00b0<\/li>\n<li>Espesor del vidrio: 6-10 mm;<\/li>\n<li>Peso m\u00e1ximo de la puerta de vidrio: 40 kg (2 piezas);<\/li>\n<li>Acabado: Cromo Pulido; Oro pulido; n\u00edquel cepillado; Metal de pistola; Negro mate<\/li>\n<\/ul>\n<p><!-- notionvc: 5d8ef03b-8726-45ed-97aa-03865ac595dd --><\/p>","protected":false},"featured_media":4786,"comment_status":"open","ping_status":"closed","template":"","meta":{"_acf_changed":false},"product_brand":[],"product_cat":[24,109],"product_tag":[60],"class_list":{"0":"post-1069","1":"product","2":"type-product","3":"status-publish","4":"has-post-thumbnail","6":"product_cat-shower-glass-clamps","7":"product_cat-glass-to-glass-clamps","8":"product_tag-180-degree-glass-to-glass-clamps","9":"pa_finish-brushed-nickel","10":"pa_finish-chrome","11":"pa_finish-gold","12":"pa_finish-gun-metal","13":"pa_finish-black","14":"pa_glass-thickness-1-4-inch-6mm","15":"pa_glass-thickness-3-8-inch-10mm","16":"pa_glass-thickness-5-16-inch-8mm","17":"pa_material-brass","19":"first","20":"instock","21":"purchasable","22":"product-type-variable","23":"has-default-attributes"},"acf":[],"_links":{"self":[{"href":"https:\/\/showerglasshardware.com\/es-es\/wp-json\/wp\/v2\/product\/1069","targetHints":{"allow":["GET"]}}],"collection":[{"href":"https:\/\/showerglasshardware.com\/es-es\/wp-json\/wp\/v2\/product"}],"about":[{"href":"https:\/\/showerglasshardware.com\/es-es\/wp-json\/wp\/v2\/types\/product"}],"replies":[{"embeddable":true,"href":"https:\/\/showerglasshardware.com\/es-es\/wp-json\/wp\/v2\/comments?post=1069"}],"version-history":[{"count":5,"href":"https:\/\/showerglasshardware.com\/es-es\/wp-json\/wp\/v2\/product\/1069\/revisions"}],"predecessor-version":[{"id":4874,"href":"https:\/\/showerglasshardware.com\/es-es\/wp-json\/wp\/v2\/product\/1069\/revisions\/4874"}],"wp:featuredmedia":[{"embeddable":true,"href":"https:\/\/showerglasshardware.com\/es-es\/wp-json\/wp\/v2\/media\/4786"}],"wp:attachment":[{"href":"https:\/\/showerglasshardware.com\/es-es\/wp-json\/wp\/v2\/media?parent=1069"}],"wp:term":[{"taxonomy":"product_brand","embeddable":true,"href":"https:\/\/showerglasshardware.com\/es-es\/wp-json\/wp\/v2\/product_brand?post=1069"},{"taxonomy":"product_cat","embeddable":true,"href":"https:\/\/showerglasshardware.com\/es-es\/wp-json\/wp\/v2\/product_cat?post=1069"},{"taxonomy":"product_tag","embeddable":true,"href":"https:\/\/showerglasshardware.com\/es-es\/wp-json\/wp\/v2\/product_tag?post=1069"}],"curies":[{"name":"wp","href":"https:\/\/api.w.org\/{rel}","templated":true}]}}