{"id":1088,"date":"2024-04-24T07:40:09","date_gmt":"2024-04-24T07:40:09","guid":{"rendered":"https:\/\/showerglasshardware.com\/?post_type=product&#038;p=1088"},"modified":"2025-09-25T08:29:14","modified_gmt":"2025-09-25T08:29:14","slug":"brass-glass-shower-door-knobs-sgh-k11b","status":"publish","type":"product","link":"https:\/\/showerglasshardware.com\/es-es\/product\/brass-glass-shower-door-knobs-sgh-k11b\/","title":{"rendered":"Perillas para puerta de ducha de vidrio y lat\u00f3n SGH-K11B"},"content":{"rendered":"<p data-start=\"473\" data-end=\"596\">Los pomos de lat\u00f3n SGH-K11B para puertas de ducha de cristal son una elecci\u00f3n elegante y funcional para mamparas de ducha de cristal sin marco.<\/p>\n<p data-start=\"598\" data-end=\"936\">Fabricados en lat\u00f3n macizo, estos pomos ofrecen durabilidad y resistencia a la corrosi\u00f3n, garantizando un rendimiento duradero en entornos de ba\u00f1o h\u00famedos. Su dise\u00f1o back-to-back permite un f\u00e1cil manejo desde ambos lados de la puerta, mientras que el tama\u00f1o compacto \u03a630 \u00d7 25mm los hace adecuados para una amplia gama de aplicaciones de puertas de ducha.<\/p>\n<p data-start=\"938\" data-end=\"1186\">Disponibles en cromo pulido, oro pulido y n\u00edquel cepillado, los pomos SGH-K11B complementan diferentes acabados de herrajes de ducha y estilos de ba\u00f1o. Dise\u00f1ados para cristal de 6-12 mm de grosor, ofrecen una instalaci\u00f3n segura y un agarre c\u00f3modo.<\/p>\n<p data-start=\"1188\" data-end=\"1207\"><strong data-start=\"1188\" data-end=\"1205\">Caracter\u00edsticas clave:<\/strong><\/p>\n<ul data-start=\"1208\" data-end=\"1605\">\n<li data-start=\"1208\" data-end=\"1258\">\n<p data-start=\"1210\" data-end=\"1258\"><strong data-start=\"1210\" data-end=\"1219\">Tipo:<\/strong> Pomos de puerta de ducha de cristal espalda con espalda<\/p>\n<\/li>\n<li data-start=\"1259\" data-end=\"1326\">\n<p data-start=\"1261\" data-end=\"1326\"><strong data-start=\"1261\" data-end=\"1274\">Material:<\/strong> Lat\u00f3n macizo para mayor solidez y resistencia a la corrosi\u00f3n<\/p>\n<\/li>\n<li data-start=\"1327\" data-end=\"1351\">\n<p data-start=\"1329\" data-end=\"1351\"><strong data-start=\"1329\" data-end=\"1338\">Tama\u00f1o:<\/strong> \u03a630 \u00d7 25mm<\/p>\n<\/li>\n<li data-start=\"1352\" data-end=\"1404\">\n<p data-start=\"1354\" data-end=\"1404\"><strong data-start=\"1354\" data-end=\"1378\">Compatibilidad de vidrio:<\/strong> Se adapta a cristales de 6-12 mm de grosor<\/p>\n<\/li>\n<li data-start=\"1405\" data-end=\"1457\">\n<p data-start=\"1407\" data-end=\"1457\"><strong data-start=\"1407\" data-end=\"1418\">Dise\u00f1o:<\/strong> Estilo espalda con espalda para facilitar su manejo<\/p>\n<\/li>\n<li data-start=\"1458\" data-end=\"1528\">\n<p data-start=\"1460\" data-end=\"1528\"><strong data-start=\"1460\" data-end=\"1479\">Opciones de acabado:<\/strong> Cromo pulido, Oro pulido, N\u00edquel cepillado<\/p>\n<\/li>\n<li data-start=\"1529\" data-end=\"1605\">\n<p data-start=\"1531\" data-end=\"1605\"><strong data-start=\"1531\" data-end=\"1548\">Aplicaciones:<\/strong> Mamparas de ducha sin marco en viviendas, hoteles y spas<\/p>\n<\/li>\n<\/ul>\n<p data-start=\"1607\" data-end=\"1628\"><strong data-start=\"1607\" data-end=\"1626\">Especificaciones:<\/strong><\/p>\n<ul data-start=\"1629\" data-end=\"1848\">\n<li data-start=\"1629\" data-end=\"1652\">\n<p data-start=\"1631\" data-end=\"1652\"><strong data-start=\"1631\" data-end=\"1641\">Modelo:<\/strong> SGH-K11B<\/p>\n<\/li>\n<li data-start=\"1653\" data-end=\"1697\">\n<p data-start=\"1655\" data-end=\"1697\"><strong data-start=\"1655\" data-end=\"1664\">Tipo:<\/strong> Pomo de puerta de ducha, espalda con espalda<\/p>\n<\/li>\n<li data-start=\"1698\" data-end=\"1721\">\n<p data-start=\"1700\" data-end=\"1721\"><strong data-start=\"1700\" data-end=\"1713\">Material:<\/strong> Lat\u00f3n<\/p>\n<\/li>\n<li data-start=\"1722\" data-end=\"1746\">\n<p data-start=\"1724\" data-end=\"1746\"><strong data-start=\"1724\" data-end=\"1733\">Tama\u00f1o:<\/strong> \u03a630 \u00d7 25mm<\/p>\n<\/li>\n<li data-start=\"1747\" data-end=\"1783\">\n<p data-start=\"1749\" data-end=\"1783\"><strong data-start=\"1749\" data-end=\"1774\">Se adapta al grosor del cristal:<\/strong> 6-12 mm<\/p>\n<\/li>\n<li data-start=\"1784\" data-end=\"1848\">\n<p data-start=\"1786\" data-end=\"1848\"><strong data-start=\"1786\" data-end=\"1799\">Acabados:<\/strong> Cromo pulido, Oro pulido, N\u00edquel cepillado<\/p>\n<\/li>\n<\/ul>","protected":false},"excerpt":{"rendered":"<ul>\n<li>SGH-K11B<\/li>\n<li>\u03a630 \u00d7 25mm<\/li>\n<li>Material de lat\u00f3n<\/li>\n<li>Perillas para puertas de ducha espalda con espalda<\/li>\n<li>Espesor del vidrio: 6-12 mm;<\/li>\n<li>Acabado: Cromo Pulido; Oro pulido; Niquel cepillado<\/li>\n<\/ul>\n<p><!-- notionvc: 9788d432-087f-4fa0-88dc-86333bad9bb6 --><\/p>","protected":false},"featured_media":4732,"comment_status":"open","ping_status":"closed","template":"","meta":{"_acf_changed":false},"product_brand":[],"product_cat":[26,111],"product_tag":[],"class_list":{"0":"post-1088","1":"product","2":"type-product","3":"status-publish","4":"has-post-thumbnail","6":"product_cat-shower-door-knobs","7":"product_cat-back-to-back-knobs","8":"pa_finish-brushed-nickel","9":"pa_finish-chrome","10":"pa_finish-gold","11":"pa_finish-gun-metal","12":"pa_finish-black","13":"pa_glass-thickness-1-2-inch-12mm","14":"pa_glass-thickness-1-4-inch-6mm","15":"pa_glass-thickness-3-8-inch-10mm","16":"pa_glass-thickness-5-16-inch-8mm","17":"pa_material-brass","19":"first","20":"instock","21":"purchasable","22":"product-type-variable"},"acf":[],"_links":{"self":[{"href":"https:\/\/showerglasshardware.com\/es-es\/wp-json\/wp\/v2\/product\/1088","targetHints":{"allow":["GET"]}}],"collection":[{"href":"https:\/\/showerglasshardware.com\/es-es\/wp-json\/wp\/v2\/product"}],"about":[{"href":"https:\/\/showerglasshardware.com\/es-es\/wp-json\/wp\/v2\/types\/product"}],"replies":[{"embeddable":true,"href":"https:\/\/showerglasshardware.com\/es-es\/wp-json\/wp\/v2\/comments?post=1088"}],"version-history":[{"count":3,"href":"https:\/\/showerglasshardware.com\/es-es\/wp-json\/wp\/v2\/product\/1088\/revisions"}],"predecessor-version":[{"id":4731,"href":"https:\/\/showerglasshardware.com\/es-es\/wp-json\/wp\/v2\/product\/1088\/revisions\/4731"}],"wp:featuredmedia":[{"embeddable":true,"href":"https:\/\/showerglasshardware.com\/es-es\/wp-json\/wp\/v2\/media\/4732"}],"wp:attachment":[{"href":"https:\/\/showerglasshardware.com\/es-es\/wp-json\/wp\/v2\/media?parent=1088"}],"wp:term":[{"taxonomy":"product_brand","embeddable":true,"href":"https:\/\/showerglasshardware.com\/es-es\/wp-json\/wp\/v2\/product_brand?post=1088"},{"taxonomy":"product_cat","embeddable":true,"href":"https:\/\/showerglasshardware.com\/es-es\/wp-json\/wp\/v2\/product_cat?post=1088"},{"taxonomy":"product_tag","embeddable":true,"href":"https:\/\/showerglasshardware.com\/es-es\/wp-json\/wp\/v2\/product_tag?post=1088"}],"curies":[{"name":"wp","href":"https:\/\/api.w.org\/{rel}","templated":true}]}}