{"id":1101,"date":"2024-04-24T07:48:32","date_gmt":"2024-04-24T07:48:32","guid":{"rendered":"https:\/\/showerglasshardware.com\/?post_type=product&#038;p=1101"},"modified":"2025-09-25T08:43:47","modified_gmt":"2025-09-25T08:43:47","slug":"brass-glass-shower-door-knob-sgh-k11f","status":"publish","type":"product","link":"https:\/\/showerglasshardware.com\/es-es\/product\/brass-glass-shower-door-knob-sgh-k11f\/","title":{"rendered":"Perilla para puerta de ducha de vidrio y lat\u00f3n SGH-K11F"},"content":{"rendered":"<p data-start=\"504\" data-end=\"630\">El pomo de lat\u00f3n SGH-K11F para puertas de ducha de cristal es un pomo de calidad superior dise\u00f1ado para mamparas de ducha de cristal sin marco.<\/p>\n<p data-start=\"632\" data-end=\"952\">Fabricado en lat\u00f3n macizo, este pomo ofrece fuerza, durabilidad y resistencia a la corrosi\u00f3n para un uso duradero en cuartos de ba\u00f1o h\u00famedos. Su configuraci\u00f3n back-to-back asegura un f\u00e1cil manejo desde ambos lados de la puerta, mientras que el tama\u00f1o \u03a647 \u00d7 42mm proporciona un agarre c\u00f3modo y un acento decorativo audaz.<\/p>\n<p data-start=\"954\" data-end=\"1198\">Disponible en acabados cromo pulido, oro pulido y n\u00edquel cepillado, el SGH-K11F complementa una amplia gama de accesorios de ducha y estilos de ba\u00f1o. Dise\u00f1ado para cristal de 6-12 mm de grosor, ofrece una instalaci\u00f3n segura y un estilo moderno.<\/p>\n<p data-start=\"1200\" data-end=\"1219\"><strong data-start=\"1200\" data-end=\"1217\">Caracter\u00edsticas clave:<\/strong><\/p>\n<ul data-start=\"1220\" data-end=\"1637\">\n<li data-start=\"1220\" data-end=\"1269\">\n<p data-start=\"1222\" data-end=\"1269\"><strong data-start=\"1222\" data-end=\"1231\">Tipo:<\/strong> Pomo de puerta de ducha de cristal espalda con espalda<\/p>\n<\/li>\n<li data-start=\"1270\" data-end=\"1323\">\n<p data-start=\"1272\" data-end=\"1323\"><strong data-start=\"1272\" data-end=\"1285\">Material:<\/strong> Lat\u00f3n macizo para una mayor durabilidad<\/p>\n<\/li>\n<li data-start=\"1324\" data-end=\"1348\">\n<p data-start=\"1326\" data-end=\"1348\"><strong data-start=\"1326\" data-end=\"1335\">Tama\u00f1o:<\/strong> \u03a647 \u00d7 42mm<\/p>\n<\/li>\n<li data-start=\"1349\" data-end=\"1401\">\n<p data-start=\"1351\" data-end=\"1401\"><strong data-start=\"1351\" data-end=\"1375\">Compatibilidad de vidrio:<\/strong> Se adapta a cristales de 6-12 mm de grosor<\/p>\n<\/li>\n<li data-start=\"1402\" data-end=\"1460\">\n<p data-start=\"1404\" data-end=\"1460\"><strong data-start=\"1404\" data-end=\"1415\">Dise\u00f1o:<\/strong> Estilo espalda con espalda para funcionamiento por ambos lados<\/p>\n<\/li>\n<li data-start=\"1461\" data-end=\"1531\">\n<p data-start=\"1463\" data-end=\"1531\"><strong data-start=\"1463\" data-end=\"1482\">Opciones de acabado:<\/strong> Cromo pulido, Oro pulido, N\u00edquel cepillado<\/p>\n<\/li>\n<li data-start=\"1532\" data-end=\"1637\">\n<p data-start=\"1534\" data-end=\"1637\"><strong data-start=\"1534\" data-end=\"1551\">Aplicaciones:<\/strong> Adecuado para mamparas de ducha sin marco en viviendas, hoteles y ba\u00f1os comerciales<\/p>\n<\/li>\n<\/ul>\n<p data-start=\"1639\" data-end=\"1660\"><strong data-start=\"1639\" data-end=\"1658\">Especificaciones:<\/strong><\/p>\n<ul data-start=\"1661\" data-end=\"1880\">\n<li data-start=\"1661\" data-end=\"1684\">\n<p data-start=\"1663\" data-end=\"1684\"><strong data-start=\"1663\" data-end=\"1673\">Modelo:<\/strong> SGH-K11F<\/p>\n<\/li>\n<li data-start=\"1685\" data-end=\"1729\">\n<p data-start=\"1687\" data-end=\"1729\"><strong data-start=\"1687\" data-end=\"1696\">Tipo:<\/strong> Pomo de puerta de ducha, espalda con espalda<\/p>\n<\/li>\n<li data-start=\"1730\" data-end=\"1753\">\n<p data-start=\"1732\" data-end=\"1753\"><strong data-start=\"1732\" data-end=\"1745\">Material:<\/strong> Lat\u00f3n<\/p>\n<\/li>\n<li data-start=\"1754\" data-end=\"1778\">\n<p data-start=\"1756\" data-end=\"1778\"><strong data-start=\"1756\" data-end=\"1765\">Tama\u00f1o:<\/strong> \u03a647 \u00d7 42mm<\/p>\n<\/li>\n<li data-start=\"1779\" data-end=\"1815\">\n<p data-start=\"1781\" data-end=\"1815\"><strong data-start=\"1781\" data-end=\"1806\">Se adapta al grosor del cristal:<\/strong> 6-12 mm<\/p>\n<\/li>\n<li data-start=\"1816\" data-end=\"1880\">\n<p data-start=\"1818\" data-end=\"1880\"><strong data-start=\"1818\" data-end=\"1831\">Acabados:<\/strong> Cromo pulido, Oro pulido, N\u00edquel cepillado<\/p>\n<\/li>\n<\/ul>","protected":false},"excerpt":{"rendered":"<ul>\n<li>SGH-K11F<\/li>\n<li>\u03a647 \u00d7 42mm<\/li>\n<li>Material de lat\u00f3n<\/li>\n<li>Espalda con espalda<\/li>\n<li>Espesor del vidrio: 6-12 mm;<\/li>\n<li>Acabado: Cromo Pulido; Oro pulido; Niquel cepillado<\/li>\n<\/ul>\n<p><!-- notionvc: 9788d432-087f-4fa0-88dc-86333bad9bb6 --><\/p>","protected":false},"featured_media":4734,"comment_status":"open","ping_status":"closed","template":"","meta":{"_acf_changed":false},"product_brand":[],"product_cat":[26,111],"product_tag":[],"class_list":{"0":"post-1101","1":"product","2":"type-product","3":"status-publish","4":"has-post-thumbnail","6":"product_cat-shower-door-knobs","7":"product_cat-back-to-back-knobs","8":"pa_finish-brushed-nickel","9":"pa_finish-chrome","10":"pa_finish-gold","11":"pa_finish-gun-metal","12":"pa_finish-black","13":"pa_glass-thickness-1-2-inch-12mm","14":"pa_glass-thickness-1-4-inch-6mm","15":"pa_glass-thickness-3-8-inch-10mm","16":"pa_glass-thickness-5-16-inch-8mm","17":"pa_material-brass","19":"first","20":"instock","21":"purchasable","22":"product-type-variable"},"acf":[],"_links":{"self":[{"href":"https:\/\/showerglasshardware.com\/es-es\/wp-json\/wp\/v2\/product\/1101","targetHints":{"allow":["GET"]}}],"collection":[{"href":"https:\/\/showerglasshardware.com\/es-es\/wp-json\/wp\/v2\/product"}],"about":[{"href":"https:\/\/showerglasshardware.com\/es-es\/wp-json\/wp\/v2\/types\/product"}],"replies":[{"embeddable":true,"href":"https:\/\/showerglasshardware.com\/es-es\/wp-json\/wp\/v2\/comments?post=1101"}],"version-history":[{"count":3,"href":"https:\/\/showerglasshardware.com\/es-es\/wp-json\/wp\/v2\/product\/1101\/revisions"}],"predecessor-version":[{"id":4735,"href":"https:\/\/showerglasshardware.com\/es-es\/wp-json\/wp\/v2\/product\/1101\/revisions\/4735"}],"wp:featuredmedia":[{"embeddable":true,"href":"https:\/\/showerglasshardware.com\/es-es\/wp-json\/wp\/v2\/media\/4734"}],"wp:attachment":[{"href":"https:\/\/showerglasshardware.com\/es-es\/wp-json\/wp\/v2\/media?parent=1101"}],"wp:term":[{"taxonomy":"product_brand","embeddable":true,"href":"https:\/\/showerglasshardware.com\/es-es\/wp-json\/wp\/v2\/product_brand?post=1101"},{"taxonomy":"product_cat","embeddable":true,"href":"https:\/\/showerglasshardware.com\/es-es\/wp-json\/wp\/v2\/product_cat?post=1101"},{"taxonomy":"product_tag","embeddable":true,"href":"https:\/\/showerglasshardware.com\/es-es\/wp-json\/wp\/v2\/product_tag?post=1101"}],"curies":[{"name":"wp","href":"https:\/\/api.w.org\/{rel}","templated":true}]}}