{"id":1124,"date":"2024-04-26T02:41:28","date_gmt":"2024-04-26T02:41:28","guid":{"rendered":"https:\/\/showerglasshardware.com\/?post_type=product&#038;p=1124"},"modified":"2025-09-25T13:21:54","modified_gmt":"2025-09-25T13:21:54","slug":"brass-glass-shower-door-knob-sgh-k14j","status":"publish","type":"product","link":"https:\/\/showerglasshardware.com\/es-es\/product\/brass-glass-shower-door-knob-sgh-k14j\/","title":{"rendered":"Perillas para puerta de ducha de vidrio y lat\u00f3n SGH-K14J"},"content":{"rendered":"<p data-start=\"512\" data-end=\"648\">Los pomos de lat\u00f3n SGH-K14J para puertas de ducha de cristal ofrecen una soluci\u00f3n duradera, elegante y pr\u00e1ctica para mamparas de ducha de cristal sin marco.<\/p>\n<p data-start=\"650\" data-end=\"991\">Fabricados en lat\u00f3n macizo, estos pomos proporcionan solidez y resistencia a la corrosi\u00f3n, garantizando un rendimiento a largo plazo en entornos de ba\u00f1o h\u00famedos. Su dise\u00f1o back-to-back permite accionarlos desde ambos lados de la puerta de cristal, mientras que su tama\u00f1o compacto de \u03a627 \u00d7 30 mm los convierte en la opci\u00f3n perfecta para puertas de ducha sin marco m\u00e1s peque\u00f1as o ligeras.<\/p>\n<p data-start=\"993\" data-end=\"1278\">Disponible en acabados cromo pulido, oro pulido y n\u00edquel cepillado, el SGH-K14J complementa una gran variedad de estilos de ba\u00f1o y coordina con otros herrajes de lat\u00f3n para ducha. Dise\u00f1ados para cristal de 6-12 mm de grosor, estos pomos ofrecen una instalaci\u00f3n segura y un aspecto moderno.<\/p>\n<p data-start=\"1280\" data-end=\"1299\"><strong data-start=\"1280\" data-end=\"1297\">Caracter\u00edsticas clave:<\/strong><\/p>\n<ul data-start=\"1300\" data-end=\"1720\">\n<li data-start=\"1300\" data-end=\"1356\">\n<p data-start=\"1302\" data-end=\"1356\"><strong data-start=\"1302\" data-end=\"1311\">Tipo:<\/strong> Pomos de lat\u00f3n espalda con espalda para puertas de ducha de cristal<\/p>\n<\/li>\n<li data-start=\"1357\" data-end=\"1421\">\n<p data-start=\"1359\" data-end=\"1421\"><strong data-start=\"1359\" data-end=\"1372\">Material:<\/strong> Lat\u00f3n macizo para mayor durabilidad y resistencia a la oxidaci\u00f3n<\/p>\n<\/li>\n<li data-start=\"1422\" data-end=\"1446\">\n<p data-start=\"1424\" data-end=\"1446\"><strong data-start=\"1424\" data-end=\"1433\">Tama\u00f1o:<\/strong> \u03a627 \u00d7 30mm<\/p>\n<\/li>\n<li data-start=\"1447\" data-end=\"1499\">\n<p data-start=\"1449\" data-end=\"1499\"><strong data-start=\"1449\" data-end=\"1473\">Compatibilidad de vidrio:<\/strong> Se adapta a cristales de 6-12 mm de grosor<\/p>\n<\/li>\n<li data-start=\"1500\" data-end=\"1558\">\n<p data-start=\"1502\" data-end=\"1558\"><strong data-start=\"1502\" data-end=\"1513\">Dise\u00f1o:<\/strong> Estilo espalda con espalda para funcionamiento por ambos lados<\/p>\n<\/li>\n<li data-start=\"1559\" data-end=\"1629\">\n<p data-start=\"1561\" data-end=\"1629\"><strong data-start=\"1561\" data-end=\"1580\">Opciones de acabado:<\/strong> Cromo pulido, Oro pulido, N\u00edquel cepillado<\/p>\n<\/li>\n<li data-start=\"1630\" data-end=\"1720\">\n<p data-start=\"1632\" data-end=\"1720\"><strong data-start=\"1632\" data-end=\"1649\">Aplicaciones:<\/strong> Puertas de ducha de cristal sin marco en ba\u00f1os residenciales y comerciales<\/p>\n<\/li>\n<\/ul>\n<p data-start=\"1722\" data-end=\"1743\"><strong data-start=\"1722\" data-end=\"1741\">Especificaciones:<\/strong><\/p>\n<ul data-start=\"1744\" data-end=\"1963\">\n<li data-start=\"1744\" data-end=\"1767\">\n<p data-start=\"1746\" data-end=\"1767\"><strong data-start=\"1746\" data-end=\"1756\">Modelo:<\/strong> SGH-K14J<\/p>\n<\/li>\n<li data-start=\"1768\" data-end=\"1812\">\n<p data-start=\"1770\" data-end=\"1812\"><strong data-start=\"1770\" data-end=\"1779\">Tipo:<\/strong> Pomo de puerta de ducha, espalda con espalda<\/p>\n<\/li>\n<li data-start=\"1813\" data-end=\"1836\">\n<p data-start=\"1815\" data-end=\"1836\"><strong data-start=\"1815\" data-end=\"1828\">Material:<\/strong> Lat\u00f3n<\/p>\n<\/li>\n<li data-start=\"1837\" data-end=\"1861\">\n<p data-start=\"1839\" data-end=\"1861\"><strong data-start=\"1839\" data-end=\"1848\">Tama\u00f1o:<\/strong> \u03a627 \u00d7 30mm<\/p>\n<\/li>\n<li data-start=\"1862\" data-end=\"1898\">\n<p data-start=\"1864\" data-end=\"1898\"><strong data-start=\"1864\" data-end=\"1889\">Se adapta al grosor del cristal:<\/strong> 6-12 mm<\/p>\n<\/li>\n<li data-start=\"1899\" data-end=\"1963\">\n<p data-start=\"1901\" data-end=\"1963\"><strong data-start=\"1901\" data-end=\"1914\">Acabados:<\/strong> Cromo pulido, Oro pulido, N\u00edquel cepillado<\/p>\n<\/li>\n<\/ul>\n<h2 id=\"tablepress-2-name\" class=\"tablepress-table-name tablepress-table-name-id-2\">Pomos de lat\u00f3n para puertas de ducha de cristal Serie K14<\/h2>\n\n<table id=\"tablepress-2\" class=\"tablepress tablepress-id-2\" aria-labelledby=\"tablepress-2-name\">\n<thead>\n<tr class=\"row-1\">\n\t<th class=\"column-1\"><strong>Modelo<\/strong><\/th><th class=\"column-2\"><strong>Imagen<\/strong><\/th><th class=\"column-3\"><strong>Tama\u00f1o (mm)<\/strong><\/th><th class=\"column-4\"><strong>Forma<\/strong><\/th><th class=\"column-5\"><strong>Material<\/strong><\/th><th class=\"column-6\"><strong>Estructura<\/strong><\/th><th class=\"column-7\"><strong>Espesor del vidrio<\/strong><\/th><th class=\"column-8\"><strong>Acabados<\/strong><\/th>\n<\/tr>\n<\/thead>\n<tbody class=\"row-striping row-hover\">\n<tr class=\"row-2\">\n\t<td class=\"column-1\"><a href=\"https:\/\/showerglasshardware.com\/es-es\/product\/brass-glass-shower-door-knob-sgh-k14j\/\">K14J<\/a><\/td><td class=\"column-2\"><a href=\"https:\/\/showerglasshardware.com\/wp-content\/uploads\/2024\/04\/Brass-Glass-Shower-Door-Knobs-K14J.png\"><img decoding=\"async\" src=\"https:\/\/showerglasshardware.com\/wp-content\/uploads\/2024\/04\/Brass-Glass-Shower-Door-Knobs-K14J-300x300.png\" alt=\"Pomos compactos de lat\u00f3n para puertas de ducha de cristal SGH-K14J. Tama\u00f1o \u03a627 \u00d7 30mm, se adapta a cristal de 6-12mm. Disponible en acabados cromo, oro y n\u00edquel cepillado.\" width=\"60\" height=\"60\" class=\"alignnone size-medium wp-image-4737\" title=\"\" srcset=\"https:\/\/showerglasshardware.com\/wp-content\/uploads\/2024\/04\/Brass-Glass-Shower-Door-Knobs-K14J-300x300.png 300w, https:\/\/showerglasshardware.com\/wp-content\/uploads\/2024\/04\/Brass-Glass-Shower-Door-Knobs-K14J-150x150.png 150w, https:\/\/showerglasshardware.com\/wp-content\/uploads\/2024\/04\/Brass-Glass-Shower-Door-Knobs-K14J-768x768.png 768w, https:\/\/showerglasshardware.com\/wp-content\/uploads\/2024\/04\/Brass-Glass-Shower-Door-Knobs-K14J-12x12.png 12w, https:\/\/showerglasshardware.com\/wp-content\/uploads\/2024\/04\/Brass-Glass-Shower-Door-Knobs-K14J-600x600.png 600w, https:\/\/showerglasshardware.com\/wp-content\/uploads\/2024\/04\/Brass-Glass-Shower-Door-Knobs-K14J-100x100.png 100w, https:\/\/showerglasshardware.com\/wp-content\/uploads\/2024\/04\/Brass-Glass-Shower-Door-Knobs-K14J.png 800w\" sizes=\"(max-width: 60px) 100vw, 60px\" \/><\/a><\/td><td class=\"column-3\">\u03a627 \u00d7 30<\/td><td class=\"column-4\">Redondo<\/td><td class=\"column-5\">Lat\u00f3n<\/td><td class=\"column-6\">Espalda con espalda<\/td><td class=\"column-7\">6-12 mm<\/td><td class=\"column-8\">Negro mate u otro<\/td>\n<\/tr>\n<tr class=\"row-3\">\n\t<td class=\"column-1\"><a href=\"https:\/\/showerglasshardware.com\/es-es\/product\/modern-brass-glass-shower-door-knobs-sgh-k14k\/\">K14K<\/a><\/td><td class=\"column-2\"><a href=\"https:\/\/showerglasshardware.com\/wp-content\/uploads\/2024\/04\/Modern-Brass-Glass-Shower-Door-Knobs-SGH-K14K-800.png\"><img decoding=\"async\" src=\"https:\/\/showerglasshardware.com\/wp-content\/uploads\/2024\/04\/Modern-Brass-Glass-Shower-Door-Knobs-SGH-K14K-800-300x300.png\" alt=\"SGH-K14K Pomos modernos de lat\u00f3n para puertas de ducha de cristal. Dise\u00f1o espalda con espalda, \u03a630 \u00d7 30mm, se adapta a cristal de 6-12mm. Disponible en acabados cromo, oro y n\u00edquel cepillado.\" width=\"60\" height=\"60\" class=\"alignnone size-medium wp-image-4740\" title=\"\" srcset=\"https:\/\/showerglasshardware.com\/wp-content\/uploads\/2024\/04\/Modern-Brass-Glass-Shower-Door-Knobs-SGH-K14K-800-300x300.png 300w, https:\/\/showerglasshardware.com\/wp-content\/uploads\/2024\/04\/Modern-Brass-Glass-Shower-Door-Knobs-SGH-K14K-800-150x150.png 150w, https:\/\/showerglasshardware.com\/wp-content\/uploads\/2024\/04\/Modern-Brass-Glass-Shower-Door-Knobs-SGH-K14K-800-768x768.png 768w, https:\/\/showerglasshardware.com\/wp-content\/uploads\/2024\/04\/Modern-Brass-Glass-Shower-Door-Knobs-SGH-K14K-800-12x12.png 12w, https:\/\/showerglasshardware.com\/wp-content\/uploads\/2024\/04\/Modern-Brass-Glass-Shower-Door-Knobs-SGH-K14K-800-600x600.png 600w, https:\/\/showerglasshardware.com\/wp-content\/uploads\/2024\/04\/Modern-Brass-Glass-Shower-Door-Knobs-SGH-K14K-800-100x100.png 100w, https:\/\/showerglasshardware.com\/wp-content\/uploads\/2024\/04\/Modern-Brass-Glass-Shower-Door-Knobs-SGH-K14K-800.png 800w\" sizes=\"(max-width: 60px) 100vw, 60px\" \/><\/a><\/td><td class=\"column-3\">\u03a630 \u00d7 30<\/td><td class=\"column-4\">Redondo<\/td><td class=\"column-5\">Lat\u00f3n<\/td><td class=\"column-6\">Espalda con espalda<\/td><td class=\"column-7\">6-12 mm<\/td><td class=\"column-8\">Negro mate u otro<\/td>\n<\/tr>\n<tr class=\"row-4\">\n\t<td class=\"column-1\"><a href=\"https:\/\/showerglasshardware.com\/es-es\/product\/luxury-brass-glass-shower-door-knobs-sgh-k14m\/\">K14M<\/a><\/td><td class=\"column-2\"><a href=\"https:\/\/showerglasshardware.com\/wp-content\/uploads\/2024\/04\/Luxury-Brass-Glass-Shower-Door-Knobs-SGH-K14M-800.png\"><img decoding=\"async\" src=\"https:\/\/showerglasshardware.com\/wp-content\/uploads\/2024\/04\/Luxury-Brass-Glass-Shower-Door-Knobs-SGH-K14M-800-300x300.png\" alt=\"SGH-K14M pomos de lujo de lat\u00f3n para puertas de ducha de cristal. Dise\u00f1o espalda con espalda, \u03a630 \u00d7 40mm, se adapta a cristal de 6-12mm. Disponible en acabados cromo, oro y n\u00edquel cepillado.\" width=\"60\" height=\"60\" class=\"alignnone size-medium wp-image-4746\" title=\"\" srcset=\"https:\/\/showerglasshardware.com\/wp-content\/uploads\/2024\/04\/Luxury-Brass-Glass-Shower-Door-Knobs-SGH-K14M-800-300x300.png 300w, https:\/\/showerglasshardware.com\/wp-content\/uploads\/2024\/04\/Luxury-Brass-Glass-Shower-Door-Knobs-SGH-K14M-800-150x150.png 150w, https:\/\/showerglasshardware.com\/wp-content\/uploads\/2024\/04\/Luxury-Brass-Glass-Shower-Door-Knobs-SGH-K14M-800-768x768.png 768w, https:\/\/showerglasshardware.com\/wp-content\/uploads\/2024\/04\/Luxury-Brass-Glass-Shower-Door-Knobs-SGH-K14M-800-12x12.png 12w, https:\/\/showerglasshardware.com\/wp-content\/uploads\/2024\/04\/Luxury-Brass-Glass-Shower-Door-Knobs-SGH-K14M-800-600x600.png 600w, https:\/\/showerglasshardware.com\/wp-content\/uploads\/2024\/04\/Luxury-Brass-Glass-Shower-Door-Knobs-SGH-K14M-800-100x100.png 100w, https:\/\/showerglasshardware.com\/wp-content\/uploads\/2024\/04\/Luxury-Brass-Glass-Shower-Door-Knobs-SGH-K14M-800.png 800w\" sizes=\"(max-width: 60px) 100vw, 60px\" \/><\/a><\/td><td class=\"column-3\">\u03a630 \u00d7 40<\/td><td class=\"column-4\">Redondo<\/td><td class=\"column-5\">Lat\u00f3n<\/td><td class=\"column-6\">Espalda con espalda<\/td><td class=\"column-7\">6-12 mm<\/td><td class=\"column-8\">Negro mate u otro<\/td>\n<\/tr>\n<tr class=\"row-5\">\n\t<td class=\"column-1\"><a href=\"https:\/\/showerglasshardware.com\/es-es\/product\/modern-brass-glass-shower-door-knobs-sgh-k14h\/\">K14H<\/a><\/td><td class=\"column-2\"><a href=\"https:\/\/showerglasshardware.com\/wp-content\/uploads\/2024\/04\/Modern-Brass-Glass-Shower-Door-Knob-K14H-800.png\"><img loading=\"lazy\" decoding=\"async\" src=\"https:\/\/showerglasshardware.com\/wp-content\/uploads\/2024\/04\/Modern-Brass-Glass-Shower-Door-Knob-K14H-800-300x300.png\" alt=\"\" width=\"60\" height=\"60\" class=\"alignnone size-medium wp-image-4749\" title=\"\" srcset=\"https:\/\/showerglasshardware.com\/wp-content\/uploads\/2024\/04\/Modern-Brass-Glass-Shower-Door-Knob-K14H-800-300x300.png 300w, https:\/\/showerglasshardware.com\/wp-content\/uploads\/2024\/04\/Modern-Brass-Glass-Shower-Door-Knob-K14H-800-150x150.png 150w, https:\/\/showerglasshardware.com\/wp-content\/uploads\/2024\/04\/Modern-Brass-Glass-Shower-Door-Knob-K14H-800-768x768.png 768w, https:\/\/showerglasshardware.com\/wp-content\/uploads\/2024\/04\/Modern-Brass-Glass-Shower-Door-Knob-K14H-800-12x12.png 12w, https:\/\/showerglasshardware.com\/wp-content\/uploads\/2024\/04\/Modern-Brass-Glass-Shower-Door-Knob-K14H-800-600x600.png 600w, https:\/\/showerglasshardware.com\/wp-content\/uploads\/2024\/04\/Modern-Brass-Glass-Shower-Door-Knob-K14H-800-100x100.png 100w, https:\/\/showerglasshardware.com\/wp-content\/uploads\/2024\/04\/Modern-Brass-Glass-Shower-Door-Knob-K14H-800.png 800w\" sizes=\"(max-width: 60px) 100vw, 60px\" \/><\/a><\/td><td class=\"column-3\">\u03a625 \u00d7 30<\/td><td class=\"column-4\">Redondo<\/td><td class=\"column-5\">Lat\u00f3n<\/td><td class=\"column-6\">Espalda con espalda<\/td><td class=\"column-7\">6-12 mm<\/td><td class=\"column-8\">Negro mate u otro<\/td>\n<\/tr>\n<\/tbody>\n<\/table>","protected":false},"excerpt":{"rendered":"<ul>\n<li>SGH-K14J<\/li>\n<li>\u03a627 \u00d7 30mm<\/li>\n<li>Material de lat\u00f3n<\/li>\n<li>Espalda con espalda<\/li>\n<li>Espesor del vidrio: 6-12 mm;<\/li>\n<li>Acabado: Cromo Pulido; Oro pulido; Niquel cepillado<\/li>\n<\/ul>\n<p><!-- notionvc: 9788d432-087f-4fa0-88dc-86333bad9bb6 --><\/p>","protected":false},"featured_media":4737,"comment_status":"open","ping_status":"closed","template":"","meta":{"_acf_changed":false},"product_brand":[],"product_cat":[111,26],"product_tag":[],"class_list":{"0":"post-1124","1":"product","2":"type-product","3":"status-publish","4":"has-post-thumbnail","6":"product_cat-back-to-back-knobs","7":"product_cat-shower-door-knobs","8":"pa_finish-brushed-nickel","9":"pa_finish-chrome","10":"pa_finish-gold","11":"pa_finish-gun-metal","12":"pa_finish-black","13":"pa_glass-thickness-6-12mm","14":"pa_material-brass","16":"first","17":"instock","18":"purchasable","19":"product-type-variable"},"acf":[],"_links":{"self":[{"href":"https:\/\/showerglasshardware.com\/es-es\/wp-json\/wp\/v2\/product\/1124","targetHints":{"allow":["GET"]}}],"collection":[{"href":"https:\/\/showerglasshardware.com\/es-es\/wp-json\/wp\/v2\/product"}],"about":[{"href":"https:\/\/showerglasshardware.com\/es-es\/wp-json\/wp\/v2\/types\/product"}],"replies":[{"embeddable":true,"href":"https:\/\/showerglasshardware.com\/es-es\/wp-json\/wp\/v2\/comments?post=1124"}],"version-history":[{"count":3,"href":"https:\/\/showerglasshardware.com\/es-es\/wp-json\/wp\/v2\/product\/1124\/revisions"}],"predecessor-version":[{"id":4764,"href":"https:\/\/showerglasshardware.com\/es-es\/wp-json\/wp\/v2\/product\/1124\/revisions\/4764"}],"wp:featuredmedia":[{"embeddable":true,"href":"https:\/\/showerglasshardware.com\/es-es\/wp-json\/wp\/v2\/media\/4737"}],"wp:attachment":[{"href":"https:\/\/showerglasshardware.com\/es-es\/wp-json\/wp\/v2\/media?parent=1124"}],"wp:term":[{"taxonomy":"product_brand","embeddable":true,"href":"https:\/\/showerglasshardware.com\/es-es\/wp-json\/wp\/v2\/product_brand?post=1124"},{"taxonomy":"product_cat","embeddable":true,"href":"https:\/\/showerglasshardware.com\/es-es\/wp-json\/wp\/v2\/product_cat?post=1124"},{"taxonomy":"product_tag","embeddable":true,"href":"https:\/\/showerglasshardware.com\/es-es\/wp-json\/wp\/v2\/product_tag?post=1124"}],"curies":[{"name":"wp","href":"https:\/\/api.w.org\/{rel}","templated":true}]}}