{"id":1137,"date":"2024-04-26T02:50:25","date_gmt":"2024-04-26T02:50:25","guid":{"rendered":"https:\/\/showerglasshardware.com\/?post_type=product&#038;p=1137"},"modified":"2025-09-25T13:23:02","modified_gmt":"2025-09-25T13:23:02","slug":"modern-brass-glass-shower-door-knobs-sgh-k14k","status":"publish","type":"product","link":"https:\/\/showerglasshardware.com\/es-es\/product\/modern-brass-glass-shower-door-knobs-sgh-k14k\/","title":{"rendered":"Perillas modernas para puerta de ducha de vidrio y lat\u00f3n SGH-K14K"},"content":{"rendered":"<p data-start=\"531\" data-end=\"710\">Los pomos para puertas de ducha de cristal SGH-K14K Modern Brass combinan un dise\u00f1o minimalista con materiales de primera calidad, lo que los convierte en la elecci\u00f3n ideal para mamparas de ducha contempor\u00e1neas sin marco.<\/p>\n<p data-start=\"712\" data-end=\"1029\">Fabricados en lat\u00f3n macizo para ofrecer una resistencia excepcional a la corrosi\u00f3n, estos pomos est\u00e1n dise\u00f1ados para funcionar de forma fiable en cuartos de ba\u00f1o h\u00famedos. Su moderno estilo cil\u00edndrico a\u00f1ade un toque de elegancia, mientras que la configuraci\u00f3n espalda con espalda garantiza un manejo c\u00f3modo desde ambos lados de la puerta de la ducha.<\/p>\n<p data-start=\"1031\" data-end=\"1311\">Con un pr\u00e1ctico tama\u00f1o de \u03a630 \u00d7 30 mm, estos pomos proporcionan un agarre c\u00f3modo sin opacar el aspecto limpio del panel de cristal. Disponible en cromo pulido, oro pulido y n\u00edquel cepillado, el SGH-K14K combina f\u00e1cilmente con otros herrajes de ducha para un dise\u00f1o de ba\u00f1o cohesivo.<\/p>\n<p data-start=\"1313\" data-end=\"1332\"><strong data-start=\"1313\" data-end=\"1330\">Caracter\u00edsticas clave:<\/strong><\/p>\n<ul data-start=\"1333\" data-end=\"1776\">\n<li data-start=\"1333\" data-end=\"1397\">\n<p data-start=\"1335\" data-end=\"1397\"><strong data-start=\"1335\" data-end=\"1344\">Tipo:<\/strong> Pomos modernos de lat\u00f3n para puertas de ducha de cristal, espalda con espalda<\/p>\n<\/li>\n<li data-start=\"1398\" data-end=\"1467\">\n<p data-start=\"1400\" data-end=\"1467\"><strong data-start=\"1400\" data-end=\"1413\">Material:<\/strong> Lat\u00f3n macizo para mayor durabilidad y resistencia a la corrosi\u00f3n<\/p>\n<\/li>\n<li data-start=\"1468\" data-end=\"1492\">\n<p data-start=\"1470\" data-end=\"1492\"><strong data-start=\"1470\" data-end=\"1479\">Tama\u00f1o:<\/strong> \u03a630 \u00d7 30mm<\/p>\n<\/li>\n<li data-start=\"1493\" data-end=\"1545\">\n<p data-start=\"1495\" data-end=\"1545\"><strong data-start=\"1495\" data-end=\"1519\">Compatibilidad de vidrio:<\/strong> Se adapta a cristales de 6-12 mm de grosor<\/p>\n<\/li>\n<li data-start=\"1546\" data-end=\"1620\">\n<p data-start=\"1548\" data-end=\"1620\"><strong data-start=\"1548\" data-end=\"1559\">Dise\u00f1o:<\/strong> Elegante y moderno estilo cil\u00edndrico con funci\u00f3n de respaldo<\/p>\n<\/li>\n<li data-start=\"1621\" data-end=\"1691\">\n<p data-start=\"1623\" data-end=\"1691\"><strong data-start=\"1623\" data-end=\"1642\">Opciones de acabado:<\/strong> Cromo pulido, Oro pulido, N\u00edquel cepillado<\/p>\n<\/li>\n<li data-start=\"1692\" data-end=\"1776\">\n<p data-start=\"1694\" data-end=\"1776\"><strong data-start=\"1694\" data-end=\"1711\">Aplicaciones:<\/strong> Puertas de ducha sin marco en ba\u00f1os residenciales y comerciales<\/p>\n<\/li>\n<\/ul>\n<p data-start=\"1778\" data-end=\"1799\"><strong data-start=\"1778\" data-end=\"1797\">Especificaciones:<\/strong><\/p>\n<ul data-start=\"1800\" data-end=\"2025\">\n<li data-start=\"1800\" data-end=\"1823\">\n<p data-start=\"1802\" data-end=\"1823\"><strong data-start=\"1802\" data-end=\"1812\">Modelo:<\/strong> SGH-K14K<\/p>\n<\/li>\n<li data-start=\"1824\" data-end=\"1874\">\n<p data-start=\"1826\" data-end=\"1874\"><strong data-start=\"1826\" data-end=\"1835\">Tipo:<\/strong> Moderno pomo para puerta de ducha con respaldo<\/p>\n<\/li>\n<li data-start=\"1875\" data-end=\"1898\">\n<p data-start=\"1877\" data-end=\"1898\"><strong data-start=\"1877\" data-end=\"1890\">Material:<\/strong> Lat\u00f3n<\/p>\n<\/li>\n<li data-start=\"1899\" data-end=\"1923\">\n<p data-start=\"1901\" data-end=\"1923\"><strong data-start=\"1901\" data-end=\"1910\">Tama\u00f1o:<\/strong> \u03a630 \u00d7 30mm<\/p>\n<\/li>\n<li data-start=\"1924\" data-end=\"1960\">\n<p data-start=\"1926\" data-end=\"1960\"><strong data-start=\"1926\" data-end=\"1951\">Se adapta al grosor del cristal:<\/strong> 6-12 mm<\/p>\n<\/li>\n<li data-start=\"1961\" data-end=\"2025\">\n<p data-start=\"1963\" data-end=\"2025\"><strong data-start=\"1963\" data-end=\"1976\">Acabados:<\/strong> Cromo pulido, Oro pulido, N\u00edquel cepillado<\/p>\n<\/li>\n<\/ul>\n<h2 id=\"tablepress-2-name\" class=\"tablepress-table-name tablepress-table-name-id-2\">Pomos de lat\u00f3n para puertas de ducha de cristal Serie K14<\/h2>\n\n<table id=\"tablepress-2\" class=\"tablepress tablepress-id-2\" aria-labelledby=\"tablepress-2-name\">\n<thead>\n<tr class=\"row-1\">\n\t<th class=\"column-1\"><strong>Modelo<\/strong><\/th><th class=\"column-2\"><strong>Imagen<\/strong><\/th><th class=\"column-3\"><strong>Tama\u00f1o (mm)<\/strong><\/th><th class=\"column-4\"><strong>Forma<\/strong><\/th><th class=\"column-5\"><strong>Material<\/strong><\/th><th class=\"column-6\"><strong>Estructura<\/strong><\/th><th class=\"column-7\"><strong>Espesor del vidrio<\/strong><\/th><th class=\"column-8\"><strong>Acabados<\/strong><\/th>\n<\/tr>\n<\/thead>\n<tbody class=\"row-striping row-hover\">\n<tr class=\"row-2\">\n\t<td class=\"column-1\"><a href=\"https:\/\/showerglasshardware.com\/es-es\/product\/brass-glass-shower-door-knob-sgh-k14j\/\">K14J<\/a><\/td><td class=\"column-2\"><a href=\"https:\/\/showerglasshardware.com\/wp-content\/uploads\/2024\/04\/Brass-Glass-Shower-Door-Knobs-K14J.png\"><img decoding=\"async\" src=\"https:\/\/showerglasshardware.com\/wp-content\/uploads\/2024\/04\/Brass-Glass-Shower-Door-Knobs-K14J-300x300.png\" alt=\"Pomos compactos de lat\u00f3n para puertas de ducha de cristal SGH-K14J. Tama\u00f1o \u03a627 \u00d7 30mm, se adapta a cristal de 6-12mm. Disponible en acabados cromo, oro y n\u00edquel cepillado.\" width=\"60\" height=\"60\" class=\"alignnone size-medium wp-image-4737\" title=\"\" srcset=\"https:\/\/showerglasshardware.com\/wp-content\/uploads\/2024\/04\/Brass-Glass-Shower-Door-Knobs-K14J-300x300.png 300w, https:\/\/showerglasshardware.com\/wp-content\/uploads\/2024\/04\/Brass-Glass-Shower-Door-Knobs-K14J-150x150.png 150w, https:\/\/showerglasshardware.com\/wp-content\/uploads\/2024\/04\/Brass-Glass-Shower-Door-Knobs-K14J-768x768.png 768w, https:\/\/showerglasshardware.com\/wp-content\/uploads\/2024\/04\/Brass-Glass-Shower-Door-Knobs-K14J-12x12.png 12w, https:\/\/showerglasshardware.com\/wp-content\/uploads\/2024\/04\/Brass-Glass-Shower-Door-Knobs-K14J-600x600.png 600w, https:\/\/showerglasshardware.com\/wp-content\/uploads\/2024\/04\/Brass-Glass-Shower-Door-Knobs-K14J-100x100.png 100w, https:\/\/showerglasshardware.com\/wp-content\/uploads\/2024\/04\/Brass-Glass-Shower-Door-Knobs-K14J.png 800w\" sizes=\"(max-width: 60px) 100vw, 60px\" \/><\/a><\/td><td class=\"column-3\">\u03a627 \u00d7 30<\/td><td class=\"column-4\">Redondo<\/td><td class=\"column-5\">Lat\u00f3n<\/td><td class=\"column-6\">Espalda con espalda<\/td><td class=\"column-7\">6-12 mm<\/td><td class=\"column-8\">Negro mate u otro<\/td>\n<\/tr>\n<tr class=\"row-3\">\n\t<td class=\"column-1\"><a href=\"https:\/\/showerglasshardware.com\/es-es\/product\/modern-brass-glass-shower-door-knobs-sgh-k14k\/\">K14K<\/a><\/td><td class=\"column-2\"><a href=\"https:\/\/showerglasshardware.com\/wp-content\/uploads\/2024\/04\/Modern-Brass-Glass-Shower-Door-Knobs-SGH-K14K-800.png\"><img decoding=\"async\" src=\"https:\/\/showerglasshardware.com\/wp-content\/uploads\/2024\/04\/Modern-Brass-Glass-Shower-Door-Knobs-SGH-K14K-800-300x300.png\" alt=\"SGH-K14K Pomos modernos de lat\u00f3n para puertas de ducha de cristal. Dise\u00f1o espalda con espalda, \u03a630 \u00d7 30mm, se adapta a cristal de 6-12mm. Disponible en acabados cromo, oro y n\u00edquel cepillado.\" width=\"60\" height=\"60\" class=\"alignnone size-medium wp-image-4740\" title=\"\" srcset=\"https:\/\/showerglasshardware.com\/wp-content\/uploads\/2024\/04\/Modern-Brass-Glass-Shower-Door-Knobs-SGH-K14K-800-300x300.png 300w, https:\/\/showerglasshardware.com\/wp-content\/uploads\/2024\/04\/Modern-Brass-Glass-Shower-Door-Knobs-SGH-K14K-800-150x150.png 150w, https:\/\/showerglasshardware.com\/wp-content\/uploads\/2024\/04\/Modern-Brass-Glass-Shower-Door-Knobs-SGH-K14K-800-768x768.png 768w, https:\/\/showerglasshardware.com\/wp-content\/uploads\/2024\/04\/Modern-Brass-Glass-Shower-Door-Knobs-SGH-K14K-800-12x12.png 12w, https:\/\/showerglasshardware.com\/wp-content\/uploads\/2024\/04\/Modern-Brass-Glass-Shower-Door-Knobs-SGH-K14K-800-600x600.png 600w, https:\/\/showerglasshardware.com\/wp-content\/uploads\/2024\/04\/Modern-Brass-Glass-Shower-Door-Knobs-SGH-K14K-800-100x100.png 100w, https:\/\/showerglasshardware.com\/wp-content\/uploads\/2024\/04\/Modern-Brass-Glass-Shower-Door-Knobs-SGH-K14K-800.png 800w\" sizes=\"(max-width: 60px) 100vw, 60px\" \/><\/a><\/td><td class=\"column-3\">\u03a630 \u00d7 30<\/td><td class=\"column-4\">Redondo<\/td><td class=\"column-5\">Lat\u00f3n<\/td><td class=\"column-6\">Espalda con espalda<\/td><td class=\"column-7\">6-12 mm<\/td><td class=\"column-8\">Negro mate u otro<\/td>\n<\/tr>\n<tr class=\"row-4\">\n\t<td class=\"column-1\"><a href=\"https:\/\/showerglasshardware.com\/es-es\/product\/luxury-brass-glass-shower-door-knobs-sgh-k14m\/\">K14M<\/a><\/td><td class=\"column-2\"><a href=\"https:\/\/showerglasshardware.com\/wp-content\/uploads\/2024\/04\/Luxury-Brass-Glass-Shower-Door-Knobs-SGH-K14M-800.png\"><img decoding=\"async\" src=\"https:\/\/showerglasshardware.com\/wp-content\/uploads\/2024\/04\/Luxury-Brass-Glass-Shower-Door-Knobs-SGH-K14M-800-300x300.png\" alt=\"SGH-K14M pomos de lujo de lat\u00f3n para puertas de ducha de cristal. Dise\u00f1o espalda con espalda, \u03a630 \u00d7 40mm, se adapta a cristal de 6-12mm. Disponible en acabados cromo, oro y n\u00edquel cepillado.\" width=\"60\" height=\"60\" class=\"alignnone size-medium wp-image-4746\" title=\"\" srcset=\"https:\/\/showerglasshardware.com\/wp-content\/uploads\/2024\/04\/Luxury-Brass-Glass-Shower-Door-Knobs-SGH-K14M-800-300x300.png 300w, https:\/\/showerglasshardware.com\/wp-content\/uploads\/2024\/04\/Luxury-Brass-Glass-Shower-Door-Knobs-SGH-K14M-800-150x150.png 150w, https:\/\/showerglasshardware.com\/wp-content\/uploads\/2024\/04\/Luxury-Brass-Glass-Shower-Door-Knobs-SGH-K14M-800-768x768.png 768w, https:\/\/showerglasshardware.com\/wp-content\/uploads\/2024\/04\/Luxury-Brass-Glass-Shower-Door-Knobs-SGH-K14M-800-12x12.png 12w, https:\/\/showerglasshardware.com\/wp-content\/uploads\/2024\/04\/Luxury-Brass-Glass-Shower-Door-Knobs-SGH-K14M-800-600x600.png 600w, https:\/\/showerglasshardware.com\/wp-content\/uploads\/2024\/04\/Luxury-Brass-Glass-Shower-Door-Knobs-SGH-K14M-800-100x100.png 100w, https:\/\/showerglasshardware.com\/wp-content\/uploads\/2024\/04\/Luxury-Brass-Glass-Shower-Door-Knobs-SGH-K14M-800.png 800w\" sizes=\"(max-width: 60px) 100vw, 60px\" \/><\/a><\/td><td class=\"column-3\">\u03a630 \u00d7 40<\/td><td class=\"column-4\">Redondo<\/td><td class=\"column-5\">Lat\u00f3n<\/td><td class=\"column-6\">Espalda con espalda<\/td><td class=\"column-7\">6-12 mm<\/td><td class=\"column-8\">Negro mate u otro<\/td>\n<\/tr>\n<tr class=\"row-5\">\n\t<td class=\"column-1\"><a href=\"https:\/\/showerglasshardware.com\/es-es\/product\/modern-brass-glass-shower-door-knobs-sgh-k14h\/\">K14H<\/a><\/td><td class=\"column-2\"><a href=\"https:\/\/showerglasshardware.com\/wp-content\/uploads\/2024\/04\/Modern-Brass-Glass-Shower-Door-Knob-K14H-800.png\"><img loading=\"lazy\" decoding=\"async\" src=\"https:\/\/showerglasshardware.com\/wp-content\/uploads\/2024\/04\/Modern-Brass-Glass-Shower-Door-Knob-K14H-800-300x300.png\" alt=\"\" width=\"60\" height=\"60\" class=\"alignnone size-medium wp-image-4749\" title=\"\" srcset=\"https:\/\/showerglasshardware.com\/wp-content\/uploads\/2024\/04\/Modern-Brass-Glass-Shower-Door-Knob-K14H-800-300x300.png 300w, https:\/\/showerglasshardware.com\/wp-content\/uploads\/2024\/04\/Modern-Brass-Glass-Shower-Door-Knob-K14H-800-150x150.png 150w, https:\/\/showerglasshardware.com\/wp-content\/uploads\/2024\/04\/Modern-Brass-Glass-Shower-Door-Knob-K14H-800-768x768.png 768w, https:\/\/showerglasshardware.com\/wp-content\/uploads\/2024\/04\/Modern-Brass-Glass-Shower-Door-Knob-K14H-800-12x12.png 12w, https:\/\/showerglasshardware.com\/wp-content\/uploads\/2024\/04\/Modern-Brass-Glass-Shower-Door-Knob-K14H-800-600x600.png 600w, https:\/\/showerglasshardware.com\/wp-content\/uploads\/2024\/04\/Modern-Brass-Glass-Shower-Door-Knob-K14H-800-100x100.png 100w, https:\/\/showerglasshardware.com\/wp-content\/uploads\/2024\/04\/Modern-Brass-Glass-Shower-Door-Knob-K14H-800.png 800w\" sizes=\"(max-width: 60px) 100vw, 60px\" \/><\/a><\/td><td class=\"column-3\">\u03a625 \u00d7 30<\/td><td class=\"column-4\">Redondo<\/td><td class=\"column-5\">Lat\u00f3n<\/td><td class=\"column-6\">Espalda con espalda<\/td><td class=\"column-7\">6-12 mm<\/td><td class=\"column-8\">Negro mate u otro<\/td>\n<\/tr>\n<\/tbody>\n<\/table>\n<!-- #tablepress-2 from cache -->","protected":false},"excerpt":{"rendered":"<ul>\n<li>SGH-K14K<\/li>\n<li>\u03a630 \u00d7 30mm<\/li>\n<li>Material de lat\u00f3n<\/li>\n<li>Espalda con espalda<\/li>\n<li>Espesor del vidrio: 6-12 mm;<\/li>\n<li>Acabado: Cromo Pulido; Oro pulido; Niquel cepillado<\/li>\n<\/ul>\n<p>&nbsp;<\/p>\n<p><!-- notionvc: 9788d432-087f-4fa0-88dc-86333bad9bb6 --><\/p>","protected":false},"featured_media":4740,"comment_status":"open","ping_status":"closed","template":"","meta":{"_acf_changed":false},"product_brand":[],"product_cat":[26,111],"product_tag":[],"class_list":{"0":"post-1137","1":"product","2":"type-product","3":"status-publish","4":"has-post-thumbnail","6":"product_cat-shower-door-knobs","7":"product_cat-back-to-back-knobs","8":"pa_finish-brushed-nickel","9":"pa_finish-chrome","10":"pa_finish-gold","11":"pa_finish-gun-metal","12":"pa_finish-black","13":"pa_glass-thickness-1-2-inch-12mm","14":"pa_glass-thickness-1-4-inch-6mm","15":"pa_glass-thickness-3-8-inch-10mm","16":"pa_glass-thickness-5-16-inch-8mm","17":"pa_material-brass","19":"first","20":"instock","21":"purchasable","22":"product-type-variable"},"acf":[],"_links":{"self":[{"href":"https:\/\/showerglasshardware.com\/es-es\/wp-json\/wp\/v2\/product\/1137","targetHints":{"allow":["GET"]}}],"collection":[{"href":"https:\/\/showerglasshardware.com\/es-es\/wp-json\/wp\/v2\/product"}],"about":[{"href":"https:\/\/showerglasshardware.com\/es-es\/wp-json\/wp\/v2\/types\/product"}],"replies":[{"embeddable":true,"href":"https:\/\/showerglasshardware.com\/es-es\/wp-json\/wp\/v2\/comments?post=1137"}],"version-history":[{"count":5,"href":"https:\/\/showerglasshardware.com\/es-es\/wp-json\/wp\/v2\/product\/1137\/revisions"}],"predecessor-version":[{"id":4766,"href":"https:\/\/showerglasshardware.com\/es-es\/wp-json\/wp\/v2\/product\/1137\/revisions\/4766"}],"wp:featuredmedia":[{"embeddable":true,"href":"https:\/\/showerglasshardware.com\/es-es\/wp-json\/wp\/v2\/media\/4740"}],"wp:attachment":[{"href":"https:\/\/showerglasshardware.com\/es-es\/wp-json\/wp\/v2\/media?parent=1137"}],"wp:term":[{"taxonomy":"product_brand","embeddable":true,"href":"https:\/\/showerglasshardware.com\/es-es\/wp-json\/wp\/v2\/product_brand?post=1137"},{"taxonomy":"product_cat","embeddable":true,"href":"https:\/\/showerglasshardware.com\/es-es\/wp-json\/wp\/v2\/product_cat?post=1137"},{"taxonomy":"product_tag","embeddable":true,"href":"https:\/\/showerglasshardware.com\/es-es\/wp-json\/wp\/v2\/product_tag?post=1137"}],"curies":[{"name":"wp","href":"https:\/\/api.w.org\/{rel}","templated":true}]}}