{"id":1150,"date":"2024-04-26T02:58:23","date_gmt":"2024-04-26T02:58:23","guid":{"rendered":"https:\/\/showerglasshardware.com\/?post_type=product&#038;p=1150"},"modified":"2025-09-25T09:29:50","modified_gmt":"2025-09-25T09:29:50","slug":"retro-brass-glass-shower-door-knobs-sgh-k11c","status":"publish","type":"product","link":"https:\/\/showerglasshardware.com\/es-es\/product\/retro-brass-glass-shower-door-knobs-sgh-k11c\/","title":{"rendered":"Perillas de puerta de ducha de vidrio y lat\u00f3n retro SGH-K11C"},"content":{"rendered":"<p data-start=\"530\" data-end=\"714\">Los pomos para puertas de ducha de cristal SGH-K11C Retro Brass combinan un dise\u00f1o atemporal con materiales duraderos, ofreciendo una soluci\u00f3n cl\u00e1sica pero funcional para mamparas de ducha de cristal sin marco.<\/p>\n<p data-start=\"716\" data-end=\"1045\">Fabricados en lat\u00f3n macizo, estos pomos ofrecen una excelente durabilidad y resistencia a la corrosi\u00f3n, por lo que son perfectos para su uso en cuartos de ba\u00f1o h\u00famedos. El dise\u00f1o de inspiraci\u00f3n retro a\u00f1ade un toque decorativo \u00fanico, mientras que la configuraci\u00f3n espalda con espalda garantiza un funcionamiento suave desde ambos lados de la puerta de la ducha.<\/p>\n<p data-start=\"1047\" data-end=\"1324\">Con un tama\u00f1o de \u03a630 \u00d7 26 mm, los pomos SGH-K11C proporcionan un agarre c\u00f3modo y est\u00e1n dise\u00f1ados para ajustarse con seguridad a cristales de 6-12 mm de grosor. Disponibles en cromo pulido, oro pulido y n\u00edquel cepillado, combinan a la perfecci\u00f3n con una amplia gama de acabados de accesorios de ba\u00f1o.<\/p>\n<p data-start=\"1326\" data-end=\"1345\"><strong data-start=\"1326\" data-end=\"1343\">Caracter\u00edsticas clave:<\/strong><\/p>\n<ul data-start=\"1346\" data-end=\"1771\">\n<li data-start=\"1346\" data-end=\"1409\">\n<p data-start=\"1348\" data-end=\"1409\"><strong data-start=\"1348\" data-end=\"1357\">Tipo:<\/strong> Pomos retro de lat\u00f3n para puerta de ducha de cristal, espalda con espalda<\/p>\n<\/li>\n<li data-start=\"1410\" data-end=\"1477\">\n<p data-start=\"1412\" data-end=\"1477\"><strong data-start=\"1412\" data-end=\"1425\">Material:<\/strong> Lat\u00f3n macizo para mayor solidez y resistencia a la corrosi\u00f3n<\/p>\n<\/li>\n<li data-start=\"1478\" data-end=\"1502\">\n<p data-start=\"1480\" data-end=\"1502\"><strong data-start=\"1480\" data-end=\"1489\">Tama\u00f1o:<\/strong> \u03a630 \u00d7 26mm<\/p>\n<\/li>\n<li data-start=\"1503\" data-end=\"1555\">\n<p data-start=\"1505\" data-end=\"1555\"><strong data-start=\"1505\" data-end=\"1529\">Compatibilidad de vidrio:<\/strong> Se adapta a cristales de 6-12 mm de grosor<\/p>\n<\/li>\n<li data-start=\"1556\" data-end=\"1614\">\n<p data-start=\"1558\" data-end=\"1614\"><strong data-start=\"1558\" data-end=\"1569\">Dise\u00f1o:<\/strong> Acabado de estilo retro, funcionamiento espalda con espalda<\/p>\n<\/li>\n<li data-start=\"1615\" data-end=\"1685\">\n<p data-start=\"1617\" data-end=\"1685\"><strong data-start=\"1617\" data-end=\"1636\">Opciones de acabado:<\/strong> Cromo pulido, Oro pulido, N\u00edquel cepillado<\/p>\n<\/li>\n<li data-start=\"1686\" data-end=\"1771\">\n<p data-start=\"1688\" data-end=\"1771\"><strong data-start=\"1688\" data-end=\"1705\">Aplicaciones:<\/strong> Puertas de ducha sin marco en cuartos de ba\u00f1o de estilo cl\u00e1sico, cl\u00e1sico o moderno<\/p>\n<\/li>\n<\/ul>\n<p data-start=\"1773\" data-end=\"1794\"><strong data-start=\"1773\" data-end=\"1792\">Especificaciones:<\/strong><\/p>\n<ul data-start=\"1795\" data-end=\"2019\">\n<li data-start=\"1795\" data-end=\"1818\">\n<p data-start=\"1797\" data-end=\"1818\"><strong data-start=\"1797\" data-end=\"1807\">Modelo:<\/strong> SGH-K11C<\/p>\n<\/li>\n<li data-start=\"1819\" data-end=\"1868\">\n<p data-start=\"1821\" data-end=\"1868\"><strong data-start=\"1821\" data-end=\"1830\">Tipo:<\/strong> Pomo retro para puerta de ducha<\/p>\n<\/li>\n<li data-start=\"1869\" data-end=\"1892\">\n<p data-start=\"1871\" data-end=\"1892\"><strong data-start=\"1871\" data-end=\"1884\">Material:<\/strong> Lat\u00f3n<\/p>\n<\/li>\n<li data-start=\"1893\" data-end=\"1917\">\n<p data-start=\"1895\" data-end=\"1917\"><strong data-start=\"1895\" data-end=\"1904\">Tama\u00f1o:<\/strong> \u03a630 \u00d7 26mm<\/p>\n<\/li>\n<li data-start=\"1918\" data-end=\"1954\">\n<p data-start=\"1920\" data-end=\"1954\"><strong data-start=\"1920\" data-end=\"1945\">Se adapta al grosor del cristal:<\/strong> 6-12 mm<\/p>\n<\/li>\n<li data-start=\"1955\" data-end=\"2019\">\n<p data-start=\"1957\" data-end=\"2019\"><strong data-start=\"1957\" data-end=\"1970\">Acabados:<\/strong> Cromo pulido, Oro pulido, N\u00edquel cepillado<\/p>\n<\/li>\n<\/ul>","protected":false},"excerpt":{"rendered":"<ul>\n<li>SGH-K11C<\/li>\n<li>\u03a630 \u00d7 26mm<\/li>\n<li>Material de lat\u00f3n<\/li>\n<li>Espalda con espalda<\/li>\n<li>Espesor del vidrio: 6-12 mm;<\/li>\n<li>Acabado: Cromo Pulido; Oro pulido; Niquel cepillado<\/li>\n<\/ul>\n<p><!-- notionvc: 9788d432-087f-4fa0-88dc-86333bad9bb6 --><\/p>","protected":false},"featured_media":4743,"comment_status":"open","ping_status":"closed","template":"","meta":{"_acf_changed":false},"product_brand":[],"product_cat":[26,111],"product_tag":[],"class_list":{"0":"post-1150","1":"product","2":"type-product","3":"status-publish","4":"has-post-thumbnail","6":"product_cat-shower-door-knobs","7":"product_cat-back-to-back-knobs","8":"pa_finish-brushed-nickel","9":"pa_finish-chrome","10":"pa_finish-gold","11":"pa_finish-gun-metal","12":"pa_finish-black","13":"pa_glass-thickness-1-2-inch-12mm","14":"pa_glass-thickness-1-4-inch-6mm","15":"pa_glass-thickness-3-8-inch-10mm","16":"pa_glass-thickness-5-16-inch-8mm","17":"pa_material-brass","19":"first","20":"instock","21":"purchasable","22":"product-type-variable"},"acf":[],"_links":{"self":[{"href":"https:\/\/showerglasshardware.com\/es-es\/wp-json\/wp\/v2\/product\/1150","targetHints":{"allow":["GET"]}}],"collection":[{"href":"https:\/\/showerglasshardware.com\/es-es\/wp-json\/wp\/v2\/product"}],"about":[{"href":"https:\/\/showerglasshardware.com\/es-es\/wp-json\/wp\/v2\/types\/product"}],"replies":[{"embeddable":true,"href":"https:\/\/showerglasshardware.com\/es-es\/wp-json\/wp\/v2\/comments?post=1150"}],"version-history":[{"count":3,"href":"https:\/\/showerglasshardware.com\/es-es\/wp-json\/wp\/v2\/product\/1150\/revisions"}],"predecessor-version":[{"id":4744,"href":"https:\/\/showerglasshardware.com\/es-es\/wp-json\/wp\/v2\/product\/1150\/revisions\/4744"}],"wp:featuredmedia":[{"embeddable":true,"href":"https:\/\/showerglasshardware.com\/es-es\/wp-json\/wp\/v2\/media\/4743"}],"wp:attachment":[{"href":"https:\/\/showerglasshardware.com\/es-es\/wp-json\/wp\/v2\/media?parent=1150"}],"wp:term":[{"taxonomy":"product_brand","embeddable":true,"href":"https:\/\/showerglasshardware.com\/es-es\/wp-json\/wp\/v2\/product_brand?post=1150"},{"taxonomy":"product_cat","embeddable":true,"href":"https:\/\/showerglasshardware.com\/es-es\/wp-json\/wp\/v2\/product_cat?post=1150"},{"taxonomy":"product_tag","embeddable":true,"href":"https:\/\/showerglasshardware.com\/es-es\/wp-json\/wp\/v2\/product_tag?post=1150"}],"curies":[{"name":"wp","href":"https:\/\/api.w.org\/{rel}","templated":true}]}}