{"id":1163,"date":"2024-04-26T03:07:50","date_gmt":"2024-04-26T03:07:50","guid":{"rendered":"https:\/\/showerglasshardware.com\/?post_type=product&#038;p=1163"},"modified":"2025-09-25T13:22:11","modified_gmt":"2025-09-25T13:22:11","slug":"luxury-brass-glass-shower-door-knobs-sgh-k14m","status":"publish","type":"product","link":"https:\/\/showerglasshardware.com\/es-es\/product\/luxury-brass-glass-shower-door-knobs-sgh-k14m\/","title":{"rendered":"Perillas de puerta de ducha de vidrio y lat\u00f3n de lujo SGH-K14M"},"content":{"rendered":"<p data-start=\"525\" data-end=\"687\">Los pomos de lat\u00f3n de lujo SGH-K14M para puertas de ducha de cristal est\u00e1n dise\u00f1ados para a\u00f1adir un toque premium a las mamparas de ducha sin marco, combinando elegancia y funcionalidad.<\/p>\n<p data-start=\"689\" data-end=\"1010\">Fabricados en lat\u00f3n macizo, estos pomos son muy duraderos y resistentes a la corrosi\u00f3n, por lo que resultan ideales para su uso prolongado en cuartos de ba\u00f1o. Su dise\u00f1o back-to-back garantiza un manejo c\u00f3modo desde ambos lados de la puerta de cristal, mientras que el tama\u00f1o \u03a630 \u00d7 40 mm ofrece un agarre c\u00f3modo y seguro.<\/p>\n<p data-start=\"1012\" data-end=\"1279\">Con su estilo lujoso, el SGH-K14M es perfecto para proyectos de ba\u00f1o modernos y exclusivos. Disponibles en cromo pulido, oro pulido y n\u00edquel cepillado, estos pomos coordinan a la perfecci\u00f3n con otros herrajes de ducha de lat\u00f3n para un acabado cohesivo y elegante.<\/p>\n<p data-start=\"1281\" data-end=\"1300\"><strong data-start=\"1281\" data-end=\"1298\">Caracter\u00edsticas clave:<\/strong><\/p>\n<ul data-start=\"1301\" data-end=\"1733\">\n<li data-start=\"1301\" data-end=\"1365\">\n<p data-start=\"1303\" data-end=\"1365\"><strong data-start=\"1303\" data-end=\"1312\">Tipo:<\/strong> Lujosos pomos de lat\u00f3n para puertas de ducha de cristal, espalda con espalda<\/p>\n<\/li>\n<li data-start=\"1366\" data-end=\"1428\">\n<p data-start=\"1368\" data-end=\"1428\"><strong data-start=\"1368\" data-end=\"1381\">Material:<\/strong> Lat\u00f3n macizo para mayor solidez y resistencia a la oxidaci\u00f3n<\/p>\n<\/li>\n<li data-start=\"1429\" data-end=\"1453\">\n<p data-start=\"1431\" data-end=\"1453\"><strong data-start=\"1431\" data-end=\"1440\">Tama\u00f1o:<\/strong> \u03a630 \u00d7 40mm<\/p>\n<\/li>\n<li data-start=\"1454\" data-end=\"1506\">\n<p data-start=\"1456\" data-end=\"1506\"><strong data-start=\"1456\" data-end=\"1480\">Compatibilidad de vidrio:<\/strong> Se adapta a cristales de 6-12 mm de grosor<\/p>\n<\/li>\n<li data-start=\"1507\" data-end=\"1575\">\n<p data-start=\"1509\" data-end=\"1575\"><strong data-start=\"1509\" data-end=\"1520\">Dise\u00f1o:<\/strong> Elegante estilo de lujo con configuraci\u00f3n espalda con espalda<\/p>\n<\/li>\n<li data-start=\"1576\" data-end=\"1646\">\n<p data-start=\"1578\" data-end=\"1646\"><strong data-start=\"1578\" data-end=\"1597\">Opciones de acabado:<\/strong> Cromo pulido, Oro pulido, N\u00edquel cepillado<\/p>\n<\/li>\n<li data-start=\"1647\" data-end=\"1733\">\n<p data-start=\"1649\" data-end=\"1733\"><strong data-start=\"1649\" data-end=\"1666\">Aplicaciones:<\/strong> Puertas de ducha sin marco en ba\u00f1os de residencias y hoteles de lujo<\/p>\n<\/li>\n<\/ul>\n<p data-start=\"1735\" data-end=\"1756\"><strong data-start=\"1735\" data-end=\"1754\">Especificaciones:<\/strong><\/p>\n<ul data-start=\"1757\" data-end=\"1982\">\n<li data-start=\"1757\" data-end=\"1780\">\n<p data-start=\"1759\" data-end=\"1780\"><strong data-start=\"1759\" data-end=\"1769\">Modelo:<\/strong> SGH-K14M<\/p>\n<\/li>\n<li data-start=\"1781\" data-end=\"1831\">\n<p data-start=\"1783\" data-end=\"1831\"><strong data-start=\"1783\" data-end=\"1792\">Tipo:<\/strong> Pomo de lujo para puerta de ducha<\/p>\n<\/li>\n<li data-start=\"1832\" data-end=\"1855\">\n<p data-start=\"1834\" data-end=\"1855\"><strong data-start=\"1834\" data-end=\"1847\">Material:<\/strong> Lat\u00f3n<\/p>\n<\/li>\n<li data-start=\"1856\" data-end=\"1880\">\n<p data-start=\"1858\" data-end=\"1880\"><strong data-start=\"1858\" data-end=\"1867\">Tama\u00f1o:<\/strong> \u03a630 \u00d7 40mm<\/p>\n<\/li>\n<li data-start=\"1881\" data-end=\"1917\">\n<p data-start=\"1883\" data-end=\"1917\"><strong data-start=\"1883\" data-end=\"1908\">Se adapta al grosor del cristal:<\/strong> 6-12 mm<\/p>\n<\/li>\n<li data-start=\"1918\" data-end=\"1982\">\n<p data-start=\"1920\" data-end=\"1982\"><strong data-start=\"1920\" data-end=\"1933\">Acabados:<\/strong> Cromo pulido, Oro pulido, N\u00edquel cepillado<\/p>\n<\/li>\n<\/ul>\n<h2 id=\"tablepress-2-name\" class=\"tablepress-table-name tablepress-table-name-id-2\">Pomos de lat\u00f3n para puertas de ducha de cristal Serie K14<\/h2>\n\n<table id=\"tablepress-2\" class=\"tablepress tablepress-id-2\" aria-labelledby=\"tablepress-2-name\">\n<thead>\n<tr class=\"row-1\">\n\t<th class=\"column-1\"><strong>Modelo<\/strong><\/th><th class=\"column-2\"><strong>Imagen<\/strong><\/th><th class=\"column-3\"><strong>Tama\u00f1o (mm)<\/strong><\/th><th class=\"column-4\"><strong>Forma<\/strong><\/th><th class=\"column-5\"><strong>Material<\/strong><\/th><th class=\"column-6\"><strong>Estructura<\/strong><\/th><th class=\"column-7\"><strong>Espesor del vidrio<\/strong><\/th><th class=\"column-8\"><strong>Acabados<\/strong><\/th>\n<\/tr>\n<\/thead>\n<tbody class=\"row-striping row-hover\">\n<tr class=\"row-2\">\n\t<td class=\"column-1\"><a href=\"https:\/\/showerglasshardware.com\/es-es\/product\/brass-glass-shower-door-knob-sgh-k14j\/\">K14J<\/a><\/td><td class=\"column-2\"><a href=\"https:\/\/showerglasshardware.com\/wp-content\/uploads\/2024\/04\/Brass-Glass-Shower-Door-Knobs-K14J.png\"><img decoding=\"async\" src=\"https:\/\/showerglasshardware.com\/wp-content\/uploads\/2024\/04\/Brass-Glass-Shower-Door-Knobs-K14J-300x300.png\" alt=\"Pomos compactos de lat\u00f3n para puertas de ducha de cristal SGH-K14J. Tama\u00f1o \u03a627 \u00d7 30mm, se adapta a cristal de 6-12mm. Disponible en acabados cromo, oro y n\u00edquel cepillado.\" width=\"60\" height=\"60\" class=\"alignnone size-medium wp-image-4737\" title=\"\" srcset=\"https:\/\/showerglasshardware.com\/wp-content\/uploads\/2024\/04\/Brass-Glass-Shower-Door-Knobs-K14J-300x300.png 300w, https:\/\/showerglasshardware.com\/wp-content\/uploads\/2024\/04\/Brass-Glass-Shower-Door-Knobs-K14J-150x150.png 150w, https:\/\/showerglasshardware.com\/wp-content\/uploads\/2024\/04\/Brass-Glass-Shower-Door-Knobs-K14J-768x768.png 768w, https:\/\/showerglasshardware.com\/wp-content\/uploads\/2024\/04\/Brass-Glass-Shower-Door-Knobs-K14J-12x12.png 12w, https:\/\/showerglasshardware.com\/wp-content\/uploads\/2024\/04\/Brass-Glass-Shower-Door-Knobs-K14J-600x600.png 600w, https:\/\/showerglasshardware.com\/wp-content\/uploads\/2024\/04\/Brass-Glass-Shower-Door-Knobs-K14J-100x100.png 100w, https:\/\/showerglasshardware.com\/wp-content\/uploads\/2024\/04\/Brass-Glass-Shower-Door-Knobs-K14J.png 800w\" sizes=\"(max-width: 60px) 100vw, 60px\" \/><\/a><\/td><td class=\"column-3\">\u03a627 \u00d7 30<\/td><td class=\"column-4\">Redondo<\/td><td class=\"column-5\">Lat\u00f3n<\/td><td class=\"column-6\">Espalda con espalda<\/td><td class=\"column-7\">6-12 mm<\/td><td class=\"column-8\">Negro mate u otro<\/td>\n<\/tr>\n<tr class=\"row-3\">\n\t<td class=\"column-1\"><a href=\"https:\/\/showerglasshardware.com\/es-es\/product\/modern-brass-glass-shower-door-knobs-sgh-k14k\/\">K14K<\/a><\/td><td class=\"column-2\"><a href=\"https:\/\/showerglasshardware.com\/wp-content\/uploads\/2024\/04\/Modern-Brass-Glass-Shower-Door-Knobs-SGH-K14K-800.png\"><img decoding=\"async\" src=\"https:\/\/showerglasshardware.com\/wp-content\/uploads\/2024\/04\/Modern-Brass-Glass-Shower-Door-Knobs-SGH-K14K-800-300x300.png\" alt=\"SGH-K14K Pomos modernos de lat\u00f3n para puertas de ducha de cristal. Dise\u00f1o espalda con espalda, \u03a630 \u00d7 30mm, se adapta a cristal de 6-12mm. Disponible en acabados cromo, oro y n\u00edquel cepillado.\" width=\"60\" height=\"60\" class=\"alignnone size-medium wp-image-4740\" title=\"\" srcset=\"https:\/\/showerglasshardware.com\/wp-content\/uploads\/2024\/04\/Modern-Brass-Glass-Shower-Door-Knobs-SGH-K14K-800-300x300.png 300w, https:\/\/showerglasshardware.com\/wp-content\/uploads\/2024\/04\/Modern-Brass-Glass-Shower-Door-Knobs-SGH-K14K-800-150x150.png 150w, https:\/\/showerglasshardware.com\/wp-content\/uploads\/2024\/04\/Modern-Brass-Glass-Shower-Door-Knobs-SGH-K14K-800-768x768.png 768w, https:\/\/showerglasshardware.com\/wp-content\/uploads\/2024\/04\/Modern-Brass-Glass-Shower-Door-Knobs-SGH-K14K-800-12x12.png 12w, https:\/\/showerglasshardware.com\/wp-content\/uploads\/2024\/04\/Modern-Brass-Glass-Shower-Door-Knobs-SGH-K14K-800-600x600.png 600w, https:\/\/showerglasshardware.com\/wp-content\/uploads\/2024\/04\/Modern-Brass-Glass-Shower-Door-Knobs-SGH-K14K-800-100x100.png 100w, https:\/\/showerglasshardware.com\/wp-content\/uploads\/2024\/04\/Modern-Brass-Glass-Shower-Door-Knobs-SGH-K14K-800.png 800w\" sizes=\"(max-width: 60px) 100vw, 60px\" \/><\/a><\/td><td class=\"column-3\">\u03a630 \u00d7 30<\/td><td class=\"column-4\">Redondo<\/td><td class=\"column-5\">Lat\u00f3n<\/td><td class=\"column-6\">Espalda con espalda<\/td><td class=\"column-7\">6-12 mm<\/td><td class=\"column-8\">Negro mate u otro<\/td>\n<\/tr>\n<tr class=\"row-4\">\n\t<td class=\"column-1\"><a href=\"https:\/\/showerglasshardware.com\/es-es\/product\/luxury-brass-glass-shower-door-knobs-sgh-k14m\/\">K14M<\/a><\/td><td class=\"column-2\"><a href=\"https:\/\/showerglasshardware.com\/wp-content\/uploads\/2024\/04\/Luxury-Brass-Glass-Shower-Door-Knobs-SGH-K14M-800.png\"><img decoding=\"async\" src=\"https:\/\/showerglasshardware.com\/wp-content\/uploads\/2024\/04\/Luxury-Brass-Glass-Shower-Door-Knobs-SGH-K14M-800-300x300.png\" alt=\"SGH-K14M pomos de lujo de lat\u00f3n para puertas de ducha de cristal. Dise\u00f1o espalda con espalda, \u03a630 \u00d7 40mm, se adapta a cristal de 6-12mm. Disponible en acabados cromo, oro y n\u00edquel cepillado.\" width=\"60\" height=\"60\" class=\"alignnone size-medium wp-image-4746\" title=\"\" srcset=\"https:\/\/showerglasshardware.com\/wp-content\/uploads\/2024\/04\/Luxury-Brass-Glass-Shower-Door-Knobs-SGH-K14M-800-300x300.png 300w, https:\/\/showerglasshardware.com\/wp-content\/uploads\/2024\/04\/Luxury-Brass-Glass-Shower-Door-Knobs-SGH-K14M-800-150x150.png 150w, https:\/\/showerglasshardware.com\/wp-content\/uploads\/2024\/04\/Luxury-Brass-Glass-Shower-Door-Knobs-SGH-K14M-800-768x768.png 768w, https:\/\/showerglasshardware.com\/wp-content\/uploads\/2024\/04\/Luxury-Brass-Glass-Shower-Door-Knobs-SGH-K14M-800-12x12.png 12w, https:\/\/showerglasshardware.com\/wp-content\/uploads\/2024\/04\/Luxury-Brass-Glass-Shower-Door-Knobs-SGH-K14M-800-600x600.png 600w, https:\/\/showerglasshardware.com\/wp-content\/uploads\/2024\/04\/Luxury-Brass-Glass-Shower-Door-Knobs-SGH-K14M-800-100x100.png 100w, https:\/\/showerglasshardware.com\/wp-content\/uploads\/2024\/04\/Luxury-Brass-Glass-Shower-Door-Knobs-SGH-K14M-800.png 800w\" sizes=\"(max-width: 60px) 100vw, 60px\" \/><\/a><\/td><td class=\"column-3\">\u03a630 \u00d7 40<\/td><td class=\"column-4\">Redondo<\/td><td class=\"column-5\">Lat\u00f3n<\/td><td class=\"column-6\">Espalda con espalda<\/td><td class=\"column-7\">6-12 mm<\/td><td class=\"column-8\">Negro mate u otro<\/td>\n<\/tr>\n<tr class=\"row-5\">\n\t<td class=\"column-1\"><a href=\"https:\/\/showerglasshardware.com\/es-es\/product\/modern-brass-glass-shower-door-knobs-sgh-k14h\/\">K14H<\/a><\/td><td class=\"column-2\"><a href=\"https:\/\/showerglasshardware.com\/wp-content\/uploads\/2024\/04\/Modern-Brass-Glass-Shower-Door-Knob-K14H-800.png\"><img loading=\"lazy\" decoding=\"async\" src=\"https:\/\/showerglasshardware.com\/wp-content\/uploads\/2024\/04\/Modern-Brass-Glass-Shower-Door-Knob-K14H-800-300x300.png\" alt=\"\" width=\"60\" height=\"60\" class=\"alignnone size-medium wp-image-4749\" title=\"\" srcset=\"https:\/\/showerglasshardware.com\/wp-content\/uploads\/2024\/04\/Modern-Brass-Glass-Shower-Door-Knob-K14H-800-300x300.png 300w, https:\/\/showerglasshardware.com\/wp-content\/uploads\/2024\/04\/Modern-Brass-Glass-Shower-Door-Knob-K14H-800-150x150.png 150w, https:\/\/showerglasshardware.com\/wp-content\/uploads\/2024\/04\/Modern-Brass-Glass-Shower-Door-Knob-K14H-800-768x768.png 768w, https:\/\/showerglasshardware.com\/wp-content\/uploads\/2024\/04\/Modern-Brass-Glass-Shower-Door-Knob-K14H-800-12x12.png 12w, https:\/\/showerglasshardware.com\/wp-content\/uploads\/2024\/04\/Modern-Brass-Glass-Shower-Door-Knob-K14H-800-600x600.png 600w, https:\/\/showerglasshardware.com\/wp-content\/uploads\/2024\/04\/Modern-Brass-Glass-Shower-Door-Knob-K14H-800-100x100.png 100w, https:\/\/showerglasshardware.com\/wp-content\/uploads\/2024\/04\/Modern-Brass-Glass-Shower-Door-Knob-K14H-800.png 800w\" sizes=\"(max-width: 60px) 100vw, 60px\" \/><\/a><\/td><td class=\"column-3\">\u03a625 \u00d7 30<\/td><td class=\"column-4\">Redondo<\/td><td class=\"column-5\">Lat\u00f3n<\/td><td class=\"column-6\">Espalda con espalda<\/td><td class=\"column-7\">6-12 mm<\/td><td class=\"column-8\">Negro mate u otro<\/td>\n<\/tr>\n<\/tbody>\n<\/table>\n<!-- #tablepress-2 from cache -->","protected":false},"excerpt":{"rendered":"<ul>\n<li>SGH-K14M<\/li>\n<li>\u03a630 \u00d7 40mm<\/li>\n<li>Material de lat\u00f3n<\/li>\n<li>Espalda con espalda<\/li>\n<li>Espesor del vidrio: 6-12 mm;<\/li>\n<li>Acabado: Cromo Pulido; Oro pulido; Niquel cepillado<\/li>\n<\/ul>\n<p><!-- notionvc: 9788d432-087f-4fa0-88dc-86333bad9bb6 --><\/p>","protected":false},"featured_media":4746,"comment_status":"open","ping_status":"closed","template":"","meta":{"_acf_changed":false},"product_brand":[],"product_cat":[26,111],"product_tag":[],"class_list":{"0":"post-1163","1":"product","2":"type-product","3":"status-publish","4":"has-post-thumbnail","6":"product_cat-shower-door-knobs","7":"product_cat-back-to-back-knobs","8":"pa_finish-brushed-nickel","9":"pa_finish-chrome","10":"pa_finish-gold","11":"pa_finish-gun-metal","12":"pa_finish-black","13":"pa_glass-thickness-1-2-inch-12mm","14":"pa_glass-thickness-1-4-inch-6mm","15":"pa_glass-thickness-3-8-inch-10mm","16":"pa_glass-thickness-5-16-inch-8mm","17":"pa_glass-thickness-6-12mm","18":"pa_material-brass","20":"first","21":"instock","22":"taxable","23":"shipping-taxable","24":"purchasable","25":"product-type-variable"},"acf":[],"_links":{"self":[{"href":"https:\/\/showerglasshardware.com\/es-es\/wp-json\/wp\/v2\/product\/1163","targetHints":{"allow":["GET"]}}],"collection":[{"href":"https:\/\/showerglasshardware.com\/es-es\/wp-json\/wp\/v2\/product"}],"about":[{"href":"https:\/\/showerglasshardware.com\/es-es\/wp-json\/wp\/v2\/types\/product"}],"replies":[{"embeddable":true,"href":"https:\/\/showerglasshardware.com\/es-es\/wp-json\/wp\/v2\/comments?post=1163"}],"version-history":[{"count":4,"href":"https:\/\/showerglasshardware.com\/es-es\/wp-json\/wp\/v2\/product\/1163\/revisions"}],"predecessor-version":[{"id":4762,"href":"https:\/\/showerglasshardware.com\/es-es\/wp-json\/wp\/v2\/product\/1163\/revisions\/4762"}],"wp:featuredmedia":[{"embeddable":true,"href":"https:\/\/showerglasshardware.com\/es-es\/wp-json\/wp\/v2\/media\/4746"}],"wp:attachment":[{"href":"https:\/\/showerglasshardware.com\/es-es\/wp-json\/wp\/v2\/media?parent=1163"}],"wp:term":[{"taxonomy":"product_brand","embeddable":true,"href":"https:\/\/showerglasshardware.com\/es-es\/wp-json\/wp\/v2\/product_brand?post=1163"},{"taxonomy":"product_cat","embeddable":true,"href":"https:\/\/showerglasshardware.com\/es-es\/wp-json\/wp\/v2\/product_cat?post=1163"},{"taxonomy":"product_tag","embeddable":true,"href":"https:\/\/showerglasshardware.com\/es-es\/wp-json\/wp\/v2\/product_tag?post=1163"}],"curies":[{"name":"wp","href":"https:\/\/api.w.org\/{rel}","templated":true}]}}