{"id":1176,"date":"2024-04-26T03:17:38","date_gmt":"2024-04-26T03:17:38","guid":{"rendered":"https:\/\/showerglasshardware.com\/?post_type=product&#038;p=1176"},"modified":"2025-09-25T13:22:01","modified_gmt":"2025-09-25T13:22:01","slug":"modern-brass-glass-shower-door-knobs-sgh-k14h","status":"publish","type":"product","link":"https:\/\/showerglasshardware.com\/es-es\/product\/modern-brass-glass-shower-door-knobs-sgh-k14h\/","title":{"rendered":"Perilla moderna para puerta de ducha de vidrio y lat\u00f3n SGH-K14H"},"content":{"rendered":"<p data-start=\"540\" data-end=\"719\">El pomo SGH-K14H de lat\u00f3n moderno para puertas de ducha de cristal combina un dise\u00f1o minimalista con una s\u00f3lida construcci\u00f3n, ofreciendo elegancia y practicidad para mamparas de ducha sin marco.<\/p>\n<p data-start=\"721\" data-end=\"1080\">Fabricado en lat\u00f3n macizo, este pomo ofrece solidez y resistencia a la corrosi\u00f3n, garantizando un rendimiento duradero en cuartos de ba\u00f1o h\u00famedos. Su dise\u00f1o back-to-back permite un manejo c\u00f3modo desde ambos lados del cristal, mientras que su tama\u00f1o compacto de \u03a625 \u00d7 30 mm ofrece una soluci\u00f3n elegante que ahorra espacio y combina a la perfecci\u00f3n con los interiores modernos.<\/p>\n<p data-start=\"1082\" data-end=\"1361\">Disponible en cromo pulido, oro pulido y n\u00edquel cepillado, el SGH-K14H combina sin esfuerzo con otros herrajes de ducha de lat\u00f3n para un estilo de ba\u00f1o coordinado. Adecuado para cristal de 6-12 mm de grosor, este pomo es perfecto para puertas de ducha sin marco m\u00e1s peque\u00f1as o minimalistas.<\/p>\n<p data-start=\"1363\" data-end=\"1382\"><strong data-start=\"1363\" data-end=\"1380\">Caracter\u00edsticas clave:<\/strong><\/p>\n<ul data-start=\"1383\" data-end=\"1837\">\n<li data-start=\"1383\" data-end=\"1446\">\n<p data-start=\"1385\" data-end=\"1446\"><strong data-start=\"1385\" data-end=\"1394\">Tipo:<\/strong> Moderno pomo de lat\u00f3n para puerta de ducha de cristal, espalda con espalda<\/p>\n<\/li>\n<li data-start=\"1447\" data-end=\"1511\">\n<p data-start=\"1449\" data-end=\"1511\"><strong data-start=\"1449\" data-end=\"1462\">Material:<\/strong> Lat\u00f3n macizo para mayor durabilidad y resistencia a la oxidaci\u00f3n<\/p>\n<\/li>\n<li data-start=\"1512\" data-end=\"1546\">\n<p data-start=\"1514\" data-end=\"1546\"><strong data-start=\"1514\" data-end=\"1523\">Tama\u00f1o:<\/strong> \u03a625 \u00d7 30 mm (compacto)<\/p>\n<\/li>\n<li data-start=\"1547\" data-end=\"1599\">\n<p data-start=\"1549\" data-end=\"1599\"><strong data-start=\"1549\" data-end=\"1573\">Compatibilidad de vidrio:<\/strong> Se adapta a cristales de 6-12 mm de grosor<\/p>\n<\/li>\n<li data-start=\"1600\" data-end=\"1670\">\n<p data-start=\"1602\" data-end=\"1670\"><strong data-start=\"1602\" data-end=\"1613\">Dise\u00f1o:<\/strong> Aspecto moderno y minimalista con configuraci\u00f3n espalda contra espalda<\/p>\n<\/li>\n<li data-start=\"1671\" data-end=\"1741\">\n<p data-start=\"1673\" data-end=\"1741\"><strong data-start=\"1673\" data-end=\"1692\">Opciones de acabado:<\/strong> Cromo pulido, Oro pulido, N\u00edquel cepillado<\/p>\n<\/li>\n<li data-start=\"1742\" data-end=\"1837\">\n<p data-start=\"1744\" data-end=\"1837\"><strong data-start=\"1744\" data-end=\"1761\">Aplicaciones:<\/strong> Mamparas de ducha sin marco en viviendas, hoteles y cuartos de ba\u00f1o modernos<\/p>\n<\/li>\n<\/ul>\n<p data-start=\"1839\" data-end=\"1860\"><strong data-start=\"1839\" data-end=\"1858\">Especificaciones:<\/strong><\/p>\n<ul data-start=\"1861\" data-end=\"2086\">\n<li data-start=\"1861\" data-end=\"1884\">\n<p data-start=\"1863\" data-end=\"1884\"><strong data-start=\"1863\" data-end=\"1873\">Modelo:<\/strong> SGH-K14H<\/p>\n<\/li>\n<li data-start=\"1885\" data-end=\"1935\">\n<p data-start=\"1887\" data-end=\"1935\"><strong data-start=\"1887\" data-end=\"1896\">Tipo:<\/strong> Moderno pomo para puerta de ducha con respaldo<\/p>\n<\/li>\n<li data-start=\"1936\" data-end=\"1959\">\n<p data-start=\"1938\" data-end=\"1959\"><strong data-start=\"1938\" data-end=\"1951\">Material:<\/strong> Lat\u00f3n<\/p>\n<\/li>\n<li data-start=\"1960\" data-end=\"1984\">\n<p data-start=\"1962\" data-end=\"1984\"><strong data-start=\"1962\" data-end=\"1971\">Tama\u00f1o:<\/strong> \u03a625 \u00d7 30mm<\/p>\n<\/li>\n<li data-start=\"1985\" data-end=\"2021\">\n<p data-start=\"1987\" data-end=\"2021\"><strong data-start=\"1987\" data-end=\"2012\">Se adapta al grosor del cristal:<\/strong> 6-12 mm<\/p>\n<\/li>\n<li data-start=\"2022\" data-end=\"2086\">\n<p data-start=\"2024\" data-end=\"2086\"><strong data-start=\"2024\" data-end=\"2037\">Acabados:<\/strong> Cromo pulido, Oro pulido, N\u00edquel cepillado<\/p>\n<\/li>\n<\/ul>\n<h2 id=\"tablepress-2-name\" class=\"tablepress-table-name tablepress-table-name-id-2\">Pomos de lat\u00f3n para puertas de ducha de cristal Serie K14<\/h2>\n\n<table id=\"tablepress-2\" class=\"tablepress tablepress-id-2\" aria-labelledby=\"tablepress-2-name\">\n<thead>\n<tr class=\"row-1\">\n\t<th class=\"column-1\"><strong>Modelo<\/strong><\/th><th class=\"column-2\"><strong>Imagen<\/strong><\/th><th class=\"column-3\"><strong>Tama\u00f1o (mm)<\/strong><\/th><th class=\"column-4\"><strong>Forma<\/strong><\/th><th class=\"column-5\"><strong>Material<\/strong><\/th><th class=\"column-6\"><strong>Estructura<\/strong><\/th><th class=\"column-7\"><strong>Espesor del vidrio<\/strong><\/th><th class=\"column-8\"><strong>Acabados<\/strong><\/th>\n<\/tr>\n<\/thead>\n<tbody class=\"row-striping row-hover\">\n<tr class=\"row-2\">\n\t<td class=\"column-1\"><a href=\"https:\/\/showerglasshardware.com\/es-es\/product\/brass-glass-shower-door-knob-sgh-k14j\/\">K14J<\/a><\/td><td class=\"column-2\"><a href=\"https:\/\/showerglasshardware.com\/wp-content\/uploads\/2024\/04\/Brass-Glass-Shower-Door-Knobs-K14J.png\"><img decoding=\"async\" src=\"https:\/\/showerglasshardware.com\/wp-content\/uploads\/2024\/04\/Brass-Glass-Shower-Door-Knobs-K14J-300x300.png\" alt=\"Pomos compactos de lat\u00f3n para puertas de ducha de cristal SGH-K14J. Tama\u00f1o \u03a627 \u00d7 30mm, se adapta a cristal de 6-12mm. Disponible en acabados cromo, oro y n\u00edquel cepillado.\" width=\"60\" height=\"60\" class=\"alignnone size-medium wp-image-4737\" title=\"\" srcset=\"https:\/\/showerglasshardware.com\/wp-content\/uploads\/2024\/04\/Brass-Glass-Shower-Door-Knobs-K14J-300x300.png 300w, https:\/\/showerglasshardware.com\/wp-content\/uploads\/2024\/04\/Brass-Glass-Shower-Door-Knobs-K14J-150x150.png 150w, https:\/\/showerglasshardware.com\/wp-content\/uploads\/2024\/04\/Brass-Glass-Shower-Door-Knobs-K14J-768x768.png 768w, https:\/\/showerglasshardware.com\/wp-content\/uploads\/2024\/04\/Brass-Glass-Shower-Door-Knobs-K14J-12x12.png 12w, https:\/\/showerglasshardware.com\/wp-content\/uploads\/2024\/04\/Brass-Glass-Shower-Door-Knobs-K14J-600x600.png 600w, https:\/\/showerglasshardware.com\/wp-content\/uploads\/2024\/04\/Brass-Glass-Shower-Door-Knobs-K14J-100x100.png 100w, https:\/\/showerglasshardware.com\/wp-content\/uploads\/2024\/04\/Brass-Glass-Shower-Door-Knobs-K14J.png 800w\" sizes=\"(max-width: 60px) 100vw, 60px\" \/><\/a><\/td><td class=\"column-3\">\u03a627 \u00d7 30<\/td><td class=\"column-4\">Redondo<\/td><td class=\"column-5\">Lat\u00f3n<\/td><td class=\"column-6\">Espalda con espalda<\/td><td class=\"column-7\">6-12 mm<\/td><td class=\"column-8\">Negro mate u otro<\/td>\n<\/tr>\n<tr class=\"row-3\">\n\t<td class=\"column-1\"><a href=\"https:\/\/showerglasshardware.com\/es-es\/product\/modern-brass-glass-shower-door-knobs-sgh-k14k\/\">K14K<\/a><\/td><td class=\"column-2\"><a href=\"https:\/\/showerglasshardware.com\/wp-content\/uploads\/2024\/04\/Modern-Brass-Glass-Shower-Door-Knobs-SGH-K14K-800.png\"><img decoding=\"async\" src=\"https:\/\/showerglasshardware.com\/wp-content\/uploads\/2024\/04\/Modern-Brass-Glass-Shower-Door-Knobs-SGH-K14K-800-300x300.png\" alt=\"SGH-K14K Pomos modernos de lat\u00f3n para puertas de ducha de cristal. Dise\u00f1o espalda con espalda, \u03a630 \u00d7 30mm, se adapta a cristal de 6-12mm. Disponible en acabados cromo, oro y n\u00edquel cepillado.\" width=\"60\" height=\"60\" class=\"alignnone size-medium wp-image-4740\" title=\"\" srcset=\"https:\/\/showerglasshardware.com\/wp-content\/uploads\/2024\/04\/Modern-Brass-Glass-Shower-Door-Knobs-SGH-K14K-800-300x300.png 300w, https:\/\/showerglasshardware.com\/wp-content\/uploads\/2024\/04\/Modern-Brass-Glass-Shower-Door-Knobs-SGH-K14K-800-150x150.png 150w, https:\/\/showerglasshardware.com\/wp-content\/uploads\/2024\/04\/Modern-Brass-Glass-Shower-Door-Knobs-SGH-K14K-800-768x768.png 768w, https:\/\/showerglasshardware.com\/wp-content\/uploads\/2024\/04\/Modern-Brass-Glass-Shower-Door-Knobs-SGH-K14K-800-12x12.png 12w, https:\/\/showerglasshardware.com\/wp-content\/uploads\/2024\/04\/Modern-Brass-Glass-Shower-Door-Knobs-SGH-K14K-800-600x600.png 600w, https:\/\/showerglasshardware.com\/wp-content\/uploads\/2024\/04\/Modern-Brass-Glass-Shower-Door-Knobs-SGH-K14K-800-100x100.png 100w, https:\/\/showerglasshardware.com\/wp-content\/uploads\/2024\/04\/Modern-Brass-Glass-Shower-Door-Knobs-SGH-K14K-800.png 800w\" sizes=\"(max-width: 60px) 100vw, 60px\" \/><\/a><\/td><td class=\"column-3\">\u03a630 \u00d7 30<\/td><td class=\"column-4\">Redondo<\/td><td class=\"column-5\">Lat\u00f3n<\/td><td class=\"column-6\">Espalda con espalda<\/td><td class=\"column-7\">6-12 mm<\/td><td class=\"column-8\">Negro mate u otro<\/td>\n<\/tr>\n<tr class=\"row-4\">\n\t<td class=\"column-1\"><a href=\"https:\/\/showerglasshardware.com\/es-es\/product\/luxury-brass-glass-shower-door-knobs-sgh-k14m\/\">K14M<\/a><\/td><td class=\"column-2\"><a href=\"https:\/\/showerglasshardware.com\/wp-content\/uploads\/2024\/04\/Luxury-Brass-Glass-Shower-Door-Knobs-SGH-K14M-800.png\"><img decoding=\"async\" src=\"https:\/\/showerglasshardware.com\/wp-content\/uploads\/2024\/04\/Luxury-Brass-Glass-Shower-Door-Knobs-SGH-K14M-800-300x300.png\" alt=\"SGH-K14M pomos de lujo de lat\u00f3n para puertas de ducha de cristal. Dise\u00f1o espalda con espalda, \u03a630 \u00d7 40mm, se adapta a cristal de 6-12mm. Disponible en acabados cromo, oro y n\u00edquel cepillado.\" width=\"60\" height=\"60\" class=\"alignnone size-medium wp-image-4746\" title=\"\" srcset=\"https:\/\/showerglasshardware.com\/wp-content\/uploads\/2024\/04\/Luxury-Brass-Glass-Shower-Door-Knobs-SGH-K14M-800-300x300.png 300w, https:\/\/showerglasshardware.com\/wp-content\/uploads\/2024\/04\/Luxury-Brass-Glass-Shower-Door-Knobs-SGH-K14M-800-150x150.png 150w, https:\/\/showerglasshardware.com\/wp-content\/uploads\/2024\/04\/Luxury-Brass-Glass-Shower-Door-Knobs-SGH-K14M-800-768x768.png 768w, https:\/\/showerglasshardware.com\/wp-content\/uploads\/2024\/04\/Luxury-Brass-Glass-Shower-Door-Knobs-SGH-K14M-800-12x12.png 12w, https:\/\/showerglasshardware.com\/wp-content\/uploads\/2024\/04\/Luxury-Brass-Glass-Shower-Door-Knobs-SGH-K14M-800-600x600.png 600w, https:\/\/showerglasshardware.com\/wp-content\/uploads\/2024\/04\/Luxury-Brass-Glass-Shower-Door-Knobs-SGH-K14M-800-100x100.png 100w, https:\/\/showerglasshardware.com\/wp-content\/uploads\/2024\/04\/Luxury-Brass-Glass-Shower-Door-Knobs-SGH-K14M-800.png 800w\" sizes=\"(max-width: 60px) 100vw, 60px\" \/><\/a><\/td><td class=\"column-3\">\u03a630 \u00d7 40<\/td><td class=\"column-4\">Redondo<\/td><td class=\"column-5\">Lat\u00f3n<\/td><td class=\"column-6\">Espalda con espalda<\/td><td class=\"column-7\">6-12 mm<\/td><td class=\"column-8\">Negro mate u otro<\/td>\n<\/tr>\n<tr class=\"row-5\">\n\t<td class=\"column-1\"><a href=\"https:\/\/showerglasshardware.com\/es-es\/product\/modern-brass-glass-shower-door-knobs-sgh-k14h\/\">K14H<\/a><\/td><td class=\"column-2\"><a href=\"https:\/\/showerglasshardware.com\/wp-content\/uploads\/2024\/04\/Modern-Brass-Glass-Shower-Door-Knob-K14H-800.png\"><img loading=\"lazy\" decoding=\"async\" src=\"https:\/\/showerglasshardware.com\/wp-content\/uploads\/2024\/04\/Modern-Brass-Glass-Shower-Door-Knob-K14H-800-300x300.png\" alt=\"\" width=\"60\" height=\"60\" class=\"alignnone size-medium wp-image-4749\" title=\"\" srcset=\"https:\/\/showerglasshardware.com\/wp-content\/uploads\/2024\/04\/Modern-Brass-Glass-Shower-Door-Knob-K14H-800-300x300.png 300w, https:\/\/showerglasshardware.com\/wp-content\/uploads\/2024\/04\/Modern-Brass-Glass-Shower-Door-Knob-K14H-800-150x150.png 150w, https:\/\/showerglasshardware.com\/wp-content\/uploads\/2024\/04\/Modern-Brass-Glass-Shower-Door-Knob-K14H-800-768x768.png 768w, https:\/\/showerglasshardware.com\/wp-content\/uploads\/2024\/04\/Modern-Brass-Glass-Shower-Door-Knob-K14H-800-12x12.png 12w, https:\/\/showerglasshardware.com\/wp-content\/uploads\/2024\/04\/Modern-Brass-Glass-Shower-Door-Knob-K14H-800-600x600.png 600w, https:\/\/showerglasshardware.com\/wp-content\/uploads\/2024\/04\/Modern-Brass-Glass-Shower-Door-Knob-K14H-800-100x100.png 100w, https:\/\/showerglasshardware.com\/wp-content\/uploads\/2024\/04\/Modern-Brass-Glass-Shower-Door-Knob-K14H-800.png 800w\" sizes=\"(max-width: 60px) 100vw, 60px\" \/><\/a><\/td><td class=\"column-3\">\u03a625 \u00d7 30<\/td><td class=\"column-4\">Redondo<\/td><td class=\"column-5\">Lat\u00f3n<\/td><td class=\"column-6\">Espalda con espalda<\/td><td class=\"column-7\">6-12 mm<\/td><td class=\"column-8\">Negro mate u otro<\/td>\n<\/tr>\n<\/tbody>\n<\/table>\n<!-- #tablepress-2 from cache -->","protected":false},"excerpt":{"rendered":"<ul>\n<li>SGH-K14H<\/li>\n<li>\u03a625 \u00d7 30mm<\/li>\n<li>Material de lat\u00f3n<\/li>\n<li>Espalda con espalda<\/li>\n<li>Espesor del vidrio: 6-12 mm;<\/li>\n<li>Acabado: Cromo Pulido; Oro pulido; Niquel cepillado<\/li>\n<\/ul>\n<p><!-- notionvc: 9788d432-087f-4fa0-88dc-86333bad9bb6 --><\/p>","protected":false},"featured_media":4749,"comment_status":"open","ping_status":"closed","template":"","meta":{"_acf_changed":false},"product_brand":[],"product_cat":[111,26],"product_tag":[],"class_list":{"0":"post-1176","1":"product","2":"type-product","3":"status-publish","4":"has-post-thumbnail","6":"product_cat-back-to-back-knobs","7":"product_cat-shower-door-knobs","8":"pa_finish-brushed-nickel","9":"pa_finish-chrome","10":"pa_finish-gold","11":"pa_finish-gun-metal","12":"pa_finish-black","13":"pa_glass-thickness-1-2-inch-12mm","14":"pa_glass-thickness-1-4-inch-6mm","15":"pa_glass-thickness-3-8-inch-10mm","16":"pa_glass-thickness-5-16-inch-8mm","17":"pa_material-brass","19":"first","20":"instock","21":"purchasable","22":"product-type-variable"},"acf":[],"_links":{"self":[{"href":"https:\/\/showerglasshardware.com\/es-es\/wp-json\/wp\/v2\/product\/1176","targetHints":{"allow":["GET"]}}],"collection":[{"href":"https:\/\/showerglasshardware.com\/es-es\/wp-json\/wp\/v2\/product"}],"about":[{"href":"https:\/\/showerglasshardware.com\/es-es\/wp-json\/wp\/v2\/types\/product"}],"replies":[{"embeddable":true,"href":"https:\/\/showerglasshardware.com\/es-es\/wp-json\/wp\/v2\/comments?post=1176"}],"version-history":[{"count":3,"href":"https:\/\/showerglasshardware.com\/es-es\/wp-json\/wp\/v2\/product\/1176\/revisions"}],"predecessor-version":[{"id":4765,"href":"https:\/\/showerglasshardware.com\/es-es\/wp-json\/wp\/v2\/product\/1176\/revisions\/4765"}],"wp:featuredmedia":[{"embeddable":true,"href":"https:\/\/showerglasshardware.com\/es-es\/wp-json\/wp\/v2\/media\/4749"}],"wp:attachment":[{"href":"https:\/\/showerglasshardware.com\/es-es\/wp-json\/wp\/v2\/media?parent=1176"}],"wp:term":[{"taxonomy":"product_brand","embeddable":true,"href":"https:\/\/showerglasshardware.com\/es-es\/wp-json\/wp\/v2\/product_brand?post=1176"},{"taxonomy":"product_cat","embeddable":true,"href":"https:\/\/showerglasshardware.com\/es-es\/wp-json\/wp\/v2\/product_cat?post=1176"},{"taxonomy":"product_tag","embeddable":true,"href":"https:\/\/showerglasshardware.com\/es-es\/wp-json\/wp\/v2\/product_tag?post=1176"}],"curies":[{"name":"wp","href":"https:\/\/api.w.org\/{rel}","templated":true}]}}