{"id":1189,"date":"2024-04-26T03:27:47","date_gmt":"2024-04-26T03:27:47","guid":{"rendered":"https:\/\/showerglasshardware.com\/?post_type=product&#038;p=1189"},"modified":"2025-09-25T12:16:04","modified_gmt":"2025-09-25T12:16:04","slug":"square-brass-glass-shower-door-knob-sgh-k15b","status":"publish","type":"product","link":"https:\/\/showerglasshardware.com\/es-es\/product\/square-brass-glass-shower-door-knob-sgh-k15b\/","title":{"rendered":"Perilla cuadrada para puerta de ducha de vidrio y lat\u00f3n SGH-K15B"},"content":{"rendered":"<p data-start=\"523\" data-end=\"651\">El pomo de lat\u00f3n cuadrado SGH-K15B para puertas de ducha de cristal ofrece un estilo moderno y geom\u00e9trico a la vez que durabilidad y comodidad.<\/p>\n<p data-start=\"653\" data-end=\"956\">Fabricado en lat\u00f3n macizo, este pomo garantiza una fuerza duradera y resistencia a la corrosi\u00f3n en entornos de ba\u00f1o h\u00famedos. Su dise\u00f1o cuadrado a\u00f1ade un toque contempor\u00e1neo a las mamparas de ducha sin marco, mientras que la configuraci\u00f3n back-to-back permite un f\u00e1cil manejo desde ambos lados de la puerta de cristal.<\/p>\n<p data-start=\"958\" data-end=\"1288\">Con un tama\u00f1o de 22 \u00d7 35 mm, este pomo es compacto pero funcional, y proporciona un agarre seguro sin comprometer el aspecto minimalista de las puertas de ducha de cristal. Adecuado para cristal de 6-12 mm de grosor, el SGH-K15B est\u00e1 disponible en varios acabados para combinar con la decoraci\u00f3n de su ba\u00f1o, como cromo pulido, oro pulido y n\u00edquel cepillado.<\/p>\n<p data-start=\"1290\" data-end=\"1309\"><strong data-start=\"1290\" data-end=\"1307\">Caracter\u00edsticas clave:<\/strong><\/p>\n<ul data-start=\"1310\" data-end=\"1744\">\n<li data-start=\"1310\" data-end=\"1374\">\n<p data-start=\"1312\" data-end=\"1374\"><strong data-start=\"1312\" data-end=\"1321\">Tipo:<\/strong> Pomo cuadrado de lat\u00f3n para puerta de ducha, dise\u00f1o espalda con espalda<\/p>\n<\/li>\n<li data-start=\"1375\" data-end=\"1437\">\n<p data-start=\"1377\" data-end=\"1437\"><strong data-start=\"1377\" data-end=\"1390\">Material:<\/strong> Lat\u00f3n macizo para mayor solidez y resistencia a la oxidaci\u00f3n<\/p>\n<\/li>\n<li data-start=\"1438\" data-end=\"1461\">\n<p data-start=\"1440\" data-end=\"1461\"><strong data-start=\"1440\" data-end=\"1449\">Tama\u00f1o:<\/strong> 22 \u00d7 35 mm<\/p>\n<\/li>\n<li data-start=\"1462\" data-end=\"1514\">\n<p data-start=\"1464\" data-end=\"1514\"><strong data-start=\"1464\" data-end=\"1488\">Compatibilidad de vidrio:<\/strong> Se adapta a cristales de 6-12 mm de grosor<\/p>\n<\/li>\n<li data-start=\"1515\" data-end=\"1581\">\n<p data-start=\"1517\" data-end=\"1581\"><strong data-start=\"1517\" data-end=\"1528\">Dise\u00f1o:<\/strong> Forma cuadrada moderna con un estilo elegante y minimalista<\/p>\n<\/li>\n<li data-start=\"1582\" data-end=\"1652\">\n<p data-start=\"1584\" data-end=\"1652\"><strong data-start=\"1584\" data-end=\"1603\">Opciones de acabado:<\/strong> Cromo pulido, Oro pulido, N\u00edquel cepillado<\/p>\n<\/li>\n<li data-start=\"1653\" data-end=\"1744\">\n<p data-start=\"1655\" data-end=\"1744\"><strong data-start=\"1655\" data-end=\"1672\">Aplicaciones:<\/strong> Mamparas de ducha sin marco en viviendas, hoteles y proyectos comerciales<\/p>\n<\/li>\n<\/ul>\n<p data-start=\"1746\" data-end=\"1767\"><strong data-start=\"1746\" data-end=\"1765\">Especificaciones:<\/strong><\/p>\n<ul data-start=\"1768\" data-end=\"1993\">\n<li data-start=\"1768\" data-end=\"1791\">\n<p data-start=\"1770\" data-end=\"1791\"><strong data-start=\"1770\" data-end=\"1780\">Modelo:<\/strong> SGH-K15B<\/p>\n<\/li>\n<li data-start=\"1792\" data-end=\"1843\">\n<p data-start=\"1794\" data-end=\"1843\"><strong data-start=\"1794\" data-end=\"1803\">Tipo:<\/strong> Pomo cuadrado para puerta de ducha, espalda con espalda<\/p>\n<\/li>\n<li data-start=\"1844\" data-end=\"1867\">\n<p data-start=\"1846\" data-end=\"1867\"><strong data-start=\"1846\" data-end=\"1859\">Material:<\/strong> Lat\u00f3n<\/p>\n<\/li>\n<li data-start=\"1868\" data-end=\"1891\">\n<p data-start=\"1870\" data-end=\"1891\"><strong data-start=\"1870\" data-end=\"1879\">Tama\u00f1o:<\/strong> 22 \u00d7 35 mm<\/p>\n<\/li>\n<li data-start=\"1892\" data-end=\"1928\">\n<p data-start=\"1894\" data-end=\"1928\"><strong data-start=\"1894\" data-end=\"1919\">Se adapta al grosor del cristal:<\/strong> 6-12 mm<\/p>\n<\/li>\n<li data-start=\"1929\" data-end=\"1993\">\n<p data-start=\"1931\" data-end=\"1993\"><strong data-start=\"1931\" data-end=\"1944\">Acabados:<\/strong> Cromo pulido, Oro pulido, N\u00edquel cepillado<\/p>\n<\/li>\n<\/ul>","protected":false},"excerpt":{"rendered":"<ul>\n<li>SGH-K15B<\/li>\n<li>22 \u00d7 35 mm<\/li>\n<li>Material de lat\u00f3n<\/li>\n<li>Espalda con espalda<\/li>\n<li>Espesor del vidrio: 6-12 mm;<\/li>\n<li>Acabado: Cromo Pulido; Oro pulido; Niquel cepillado<\/li>\n<\/ul>\n<p><!-- notionvc: 9788d432-087f-4fa0-88dc-86333bad9bb6 --><\/p>","protected":false},"featured_media":4756,"comment_status":"open","ping_status":"closed","template":"","meta":{"_acf_changed":false},"product_brand":[],"product_cat":[26,112],"product_tag":[],"class_list":{"0":"post-1189","1":"product","2":"type-product","3":"status-publish","4":"has-post-thumbnail","6":"product_cat-shower-door-knobs","7":"product_cat-single-sided-knobs","8":"pa_finish-brushed-nickel","9":"pa_finish-chrome","10":"pa_finish-gold","11":"pa_finish-gun-metal","12":"pa_finish-black","13":"pa_glass-thickness-1-2-inch-12mm","14":"pa_glass-thickness-1-4-inch-6mm","15":"pa_glass-thickness-3-8-inch-10mm","16":"pa_glass-thickness-5-16-inch-8mm","17":"pa_material-brass","19":"first","20":"instock","21":"sale","22":"purchasable","23":"product-type-variable"},"acf":[],"_links":{"self":[{"href":"https:\/\/showerglasshardware.com\/es-es\/wp-json\/wp\/v2\/product\/1189","targetHints":{"allow":["GET"]}}],"collection":[{"href":"https:\/\/showerglasshardware.com\/es-es\/wp-json\/wp\/v2\/product"}],"about":[{"href":"https:\/\/showerglasshardware.com\/es-es\/wp-json\/wp\/v2\/types\/product"}],"replies":[{"embeddable":true,"href":"https:\/\/showerglasshardware.com\/es-es\/wp-json\/wp\/v2\/comments?post=1189"}],"version-history":[{"count":3,"href":"https:\/\/showerglasshardware.com\/es-es\/wp-json\/wp\/v2\/product\/1189\/revisions"}],"predecessor-version":[{"id":4755,"href":"https:\/\/showerglasshardware.com\/es-es\/wp-json\/wp\/v2\/product\/1189\/revisions\/4755"}],"wp:featuredmedia":[{"embeddable":true,"href":"https:\/\/showerglasshardware.com\/es-es\/wp-json\/wp\/v2\/media\/4756"}],"wp:attachment":[{"href":"https:\/\/showerglasshardware.com\/es-es\/wp-json\/wp\/v2\/media?parent=1189"}],"wp:term":[{"taxonomy":"product_brand","embeddable":true,"href":"https:\/\/showerglasshardware.com\/es-es\/wp-json\/wp\/v2\/product_brand?post=1189"},{"taxonomy":"product_cat","embeddable":true,"href":"https:\/\/showerglasshardware.com\/es-es\/wp-json\/wp\/v2\/product_cat?post=1189"},{"taxonomy":"product_tag","embeddable":true,"href":"https:\/\/showerglasshardware.com\/es-es\/wp-json\/wp\/v2\/product_tag?post=1189"}],"curies":[{"name":"wp","href":"https:\/\/api.w.org\/{rel}","templated":true}]}}