{"id":1202,"date":"2024-04-26T03:38:34","date_gmt":"2024-04-26T03:38:34","guid":{"rendered":"https:\/\/showerglasshardware.com\/?post_type=product&#038;p=1202"},"modified":"2025-09-25T12:58:14","modified_gmt":"2025-09-25T12:58:14","slug":"round-brass-glass-shower-door-knob-sgh-k11k","status":"publish","type":"product","link":"https:\/\/showerglasshardware.com\/es-es\/product\/round-brass-glass-shower-door-knob-sgh-k11k\/","title":{"rendered":"Perilla redonda de lat\u00f3n para puerta de ducha de vidrio SGH-K11K"},"content":{"rendered":"<p data-start=\"514\" data-end=\"640\">El pomo de lat\u00f3n redondo SGH-K11K para puertas de ducha de cristal es una opci\u00f3n elegante y pr\u00e1ctica para mamparas de ducha de cristal sin marco.<\/p>\n<p data-start=\"642\" data-end=\"953\">Fabricado en lat\u00f3n macizo, este pomo garantiza durabilidad, resistencia a la corrosi\u00f3n y un rendimiento duradero en cuartos de ba\u00f1o h\u00famedos. Su dise\u00f1o ergon\u00f3mico redondeado proporciona un agarre c\u00f3modo, mientras que sus dimensiones compactas de \u03a630 \u00d7 22 \u00d7 \u03a619 mm lo hacen adecuado para una amplia gama de tama\u00f1os de puertas de ducha.<\/p>\n<p data-start=\"955\" data-end=\"1222\">Dise\u00f1ado para cristal de 6-12 mm de grosor, el SGH-K11K ofrece una instalaci\u00f3n segura y un aspecto elegante sin marco. Disponible en cromo pulido, oro pulido y n\u00edquel cepillado, coordina a la perfecci\u00f3n con otros herrajes de ducha de lat\u00f3n para un estilo de ba\u00f1o coherente.<\/p>\n<p data-start=\"1224\" data-end=\"1243\"><strong data-start=\"1224\" data-end=\"1241\">Caracter\u00edsticas clave:<\/strong><\/p>\n<ul data-start=\"1244\" data-end=\"1667\">\n<li data-start=\"1244\" data-end=\"1292\">\n<p data-start=\"1246\" data-end=\"1292\"><strong data-start=\"1246\" data-end=\"1255\">Tipo:<\/strong> Pomo redondo de lat\u00f3n para puerta de ducha de cristal<\/p>\n<\/li>\n<li data-start=\"1293\" data-end=\"1357\">\n<p data-start=\"1295\" data-end=\"1357\"><strong data-start=\"1295\" data-end=\"1308\">Material:<\/strong> Lat\u00f3n macizo para mayor durabilidad y resistencia a la oxidaci\u00f3n<\/p>\n<\/li>\n<li data-start=\"1358\" data-end=\"1389\">\n<p data-start=\"1360\" data-end=\"1389\"><strong data-start=\"1360\" data-end=\"1369\">Tama\u00f1o:<\/strong> \u03a630 \u00d7 22 \u00d7 \u03a619mm<\/p>\n<\/li>\n<li data-start=\"1390\" data-end=\"1442\">\n<p data-start=\"1392\" data-end=\"1442\"><strong data-start=\"1392\" data-end=\"1416\">Compatibilidad de vidrio:<\/strong> Se adapta a cristales de 6-12 mm de grosor<\/p>\n<\/li>\n<li data-start=\"1443\" data-end=\"1507\">\n<p data-start=\"1445\" data-end=\"1507\"><strong data-start=\"1445\" data-end=\"1456\">Dise\u00f1o:<\/strong> C\u00f3moda forma redonda con un aspecto limpio y moderno<\/p>\n<\/li>\n<li data-start=\"1508\" data-end=\"1578\">\n<p data-start=\"1510\" data-end=\"1578\"><strong data-start=\"1510\" data-end=\"1529\">Opciones de acabado:<\/strong> Cromo pulido, Oro pulido, N\u00edquel cepillado<\/p>\n<\/li>\n<li data-start=\"1579\" data-end=\"1667\">\n<p data-start=\"1581\" data-end=\"1667\"><strong data-start=\"1581\" data-end=\"1598\">Aplicaciones:<\/strong> Mamparas de ducha sin marco en proyectos residenciales, hoteles o spas<\/p>\n<\/li>\n<\/ul>\n<p data-start=\"1669\" data-end=\"1690\"><strong data-start=\"1669\" data-end=\"1688\">Especificaciones:<\/strong><\/p>\n<ul data-start=\"1691\" data-end=\"1909\">\n<li data-start=\"1691\" data-end=\"1714\">\n<p data-start=\"1693\" data-end=\"1714\"><strong data-start=\"1693\" data-end=\"1703\">Modelo:<\/strong> SGH-K11K<\/p>\n<\/li>\n<li data-start=\"1715\" data-end=\"1751\">\n<p data-start=\"1717\" data-end=\"1751\"><strong data-start=\"1717\" data-end=\"1726\">Tipo:<\/strong> Pomo redondo para puerta de ducha<\/p>\n<\/li>\n<li data-start=\"1752\" data-end=\"1775\">\n<p data-start=\"1754\" data-end=\"1775\"><strong data-start=\"1754\" data-end=\"1767\">Material:<\/strong> Lat\u00f3n<\/p>\n<\/li>\n<li data-start=\"1776\" data-end=\"1807\">\n<p data-start=\"1778\" data-end=\"1807\"><strong data-start=\"1778\" data-end=\"1787\">Tama\u00f1o:<\/strong> \u03a630 \u00d7 22 \u00d7 \u03a619mm<\/p>\n<\/li>\n<li data-start=\"1808\" data-end=\"1844\">\n<p data-start=\"1810\" data-end=\"1844\"><strong data-start=\"1810\" data-end=\"1835\">Se adapta al grosor del cristal:<\/strong> 6-12 mm<\/p>\n<\/li>\n<li data-start=\"1845\" data-end=\"1909\">\n<p data-start=\"1847\" data-end=\"1909\"><strong data-start=\"1847\" data-end=\"1860\">Acabados:<\/strong> Cromo pulido, Oro pulido, N\u00edquel cepillado<\/p>\n<\/li>\n<\/ul>\n<h2 id=\"tablepress-1-name\" class=\"tablepress-table-name tablepress-table-name-id-1\">Pomos de lat\u00f3n para puertas de ducha de cristal Serie K11<\/h2>\n\n<table id=\"tablepress-1\" class=\"tablepress tablepress-id-1\" aria-labelledby=\"tablepress-1-name\">\n<thead>\n<tr class=\"row-1\">\n\t<th class=\"column-1\"><strong>Modelo<\/strong><\/th><th class=\"column-2\"><strong>Imagen<\/strong><\/th><th class=\"column-3\"><strong>Tama\u00f1o (mm)<\/strong><\/th><th class=\"column-4\"><strong>Forma<\/strong><\/th><th class=\"column-5\"><strong>Material<\/strong><\/th><th class=\"column-6\"><strong>Estructura<\/strong><\/th><th class=\"column-7\"><strong>Espesor del vidrio<\/strong><\/th><th class=\"column-8\"><strong>Acabados<\/strong><\/th>\n<\/tr>\n<\/thead>\n<tbody class=\"row-striping row-hover\">\n<tr class=\"row-2\">\n\t<td class=\"column-1\"><a href=\"https:\/\/showerglasshardware.com\/es-es\/product\/brass-glass-shower-door-knobs-sgh-k11b\/\">K11B<\/a><\/td><td class=\"column-2\"><a href=\"https:\/\/showerglasshardware.com\/wp-content\/uploads\/2024\/04\/Brass-Glass-Shower-Door-Knobs-SGH-K11B.png\"><img decoding=\"async\" src=\"https:\/\/showerglasshardware.com\/wp-content\/uploads\/2024\/04\/Brass-Glass-Shower-Door-Knobs-SGH-K11B-300x300.png\" alt=\"Pomos de lat\u00f3n espalda con espalda para puertas de ducha de cristal, tama\u00f1o \u03a630 \u00d7 25mm. Se adapta a cristales de 6-12 mm, disponibles en acabados cromo, oro pulido y n\u00edquel cepillado.\" width=\"60\" height=\"60\" class=\"alignnone size-medium wp-image-4732\" title=\"\" srcset=\"https:\/\/showerglasshardware.com\/wp-content\/uploads\/2024\/04\/Brass-Glass-Shower-Door-Knobs-SGH-K11B-300x300.png 300w, https:\/\/showerglasshardware.com\/wp-content\/uploads\/2024\/04\/Brass-Glass-Shower-Door-Knobs-SGH-K11B-150x150.png 150w, https:\/\/showerglasshardware.com\/wp-content\/uploads\/2024\/04\/Brass-Glass-Shower-Door-Knobs-SGH-K11B-768x768.png 768w, https:\/\/showerglasshardware.com\/wp-content\/uploads\/2024\/04\/Brass-Glass-Shower-Door-Knobs-SGH-K11B-12x12.png 12w, https:\/\/showerglasshardware.com\/wp-content\/uploads\/2024\/04\/Brass-Glass-Shower-Door-Knobs-SGH-K11B-600x600.png 600w, https:\/\/showerglasshardware.com\/wp-content\/uploads\/2024\/04\/Brass-Glass-Shower-Door-Knobs-SGH-K11B-100x100.png 100w, https:\/\/showerglasshardware.com\/wp-content\/uploads\/2024\/04\/Brass-Glass-Shower-Door-Knobs-SGH-K11B.png 800w\" sizes=\"(max-width: 60px) 100vw, 60px\" \/><\/a><\/td><td class=\"column-3\">\u03a630 \u00d7 25<\/td><td class=\"column-4\">Redondo<\/td><td class=\"column-5\">Lat\u00f3n<\/td><td class=\"column-6\">Espalda con espalda<\/td><td class=\"column-7\">6-12 mm<\/td><td class=\"column-8\">Negro mate u otro<\/td>\n<\/tr>\n<tr class=\"row-3\">\n\t<td class=\"column-1\"><a href=\"https:\/\/showerglasshardware.com\/es-es\/product\/brass-glass-shower-door-knob-sgh-k11f\/\">K11F<\/a><\/td><td class=\"column-2\"><a href=\"https:\/\/showerglasshardware.com\/wp-content\/uploads\/2024\/04\/Brass-Glass-Shower-Door-Knob-K11F.png\"><img decoding=\"async\" src=\"https:\/\/showerglasshardware.com\/wp-content\/uploads\/2024\/04\/Brass-Glass-Shower-Door-Knob-K11F-300x300.png\" alt=\"Gran pomo de lat\u00f3n espalda con espalda para puerta de ducha de cristal, tama\u00f1o \u03a647 \u00d7 42mm. Se adapta a cristales de 6-12 mm, disponible en acabados cromo, oro pulido y n\u00edquel cepillado.\" width=\"60\" height=\"60\" class=\"alignnone size-medium wp-image-4734\" title=\"\" srcset=\"https:\/\/showerglasshardware.com\/wp-content\/uploads\/2024\/04\/Brass-Glass-Shower-Door-Knob-K11F-300x300.png 300w, https:\/\/showerglasshardware.com\/wp-content\/uploads\/2024\/04\/Brass-Glass-Shower-Door-Knob-K11F-150x150.png 150w, https:\/\/showerglasshardware.com\/wp-content\/uploads\/2024\/04\/Brass-Glass-Shower-Door-Knob-K11F-768x768.png 768w, https:\/\/showerglasshardware.com\/wp-content\/uploads\/2024\/04\/Brass-Glass-Shower-Door-Knob-K11F-12x12.png 12w, https:\/\/showerglasshardware.com\/wp-content\/uploads\/2024\/04\/Brass-Glass-Shower-Door-Knob-K11F-600x600.png 600w, https:\/\/showerglasshardware.com\/wp-content\/uploads\/2024\/04\/Brass-Glass-Shower-Door-Knob-K11F-100x100.png 100w, https:\/\/showerglasshardware.com\/wp-content\/uploads\/2024\/04\/Brass-Glass-Shower-Door-Knob-K11F.png 800w\" sizes=\"(max-width: 60px) 100vw, 60px\" \/><\/a><\/td><td class=\"column-3\">\u03a647 \u00d7 42<\/td><td class=\"column-4\">Redondo<\/td><td class=\"column-5\">Lat\u00f3n<\/td><td class=\"column-6\">Espalda con espalda<\/td><td class=\"column-7\">6-12 mm<\/td><td class=\"column-8\">Negro mate u otro<\/td>\n<\/tr>\n<tr class=\"row-4\">\n\t<td class=\"column-1\"><a href=\"https:\/\/showerglasshardware.com\/es-es\/product\/retro-brass-glass-shower-door-knobs-sgh-k11c\/\">K11C<\/a><\/td><td class=\"column-2\"><a href=\"https:\/\/showerglasshardware.com\/wp-content\/uploads\/2024\/04\/Retro-Brass-Glass-Shower-Door-Knobs-SGH-K11C.png\"><img decoding=\"async\" src=\"https:\/\/showerglasshardware.com\/wp-content\/uploads\/2024\/04\/Retro-Brass-Glass-Shower-Door-Knobs-SGH-K11C-300x300.png\" alt=\"SGH-K11C pomos de lat\u00f3n retro para puertas de ducha de cristal. Dise\u00f1o espalda con espalda, \u03a630 \u00d7 26mm, se adapta a cristales de 6-12mm. Disponible en acabados cromo, oro y n\u00edquel cepillado.\" width=\"60\" height=\"60\" class=\"alignnone size-medium wp-image-4743\" title=\"\" srcset=\"https:\/\/showerglasshardware.com\/wp-content\/uploads\/2024\/04\/Retro-Brass-Glass-Shower-Door-Knobs-SGH-K11C-300x300.png 300w, https:\/\/showerglasshardware.com\/wp-content\/uploads\/2024\/04\/Retro-Brass-Glass-Shower-Door-Knobs-SGH-K11C-150x150.png 150w, https:\/\/showerglasshardware.com\/wp-content\/uploads\/2024\/04\/Retro-Brass-Glass-Shower-Door-Knobs-SGH-K11C-768x768.png 768w, https:\/\/showerglasshardware.com\/wp-content\/uploads\/2024\/04\/Retro-Brass-Glass-Shower-Door-Knobs-SGH-K11C-12x12.png 12w, https:\/\/showerglasshardware.com\/wp-content\/uploads\/2024\/04\/Retro-Brass-Glass-Shower-Door-Knobs-SGH-K11C-600x600.png 600w, https:\/\/showerglasshardware.com\/wp-content\/uploads\/2024\/04\/Retro-Brass-Glass-Shower-Door-Knobs-SGH-K11C-100x100.png 100w, https:\/\/showerglasshardware.com\/wp-content\/uploads\/2024\/04\/Retro-Brass-Glass-Shower-Door-Knobs-SGH-K11C.png 1024w\" sizes=\"(max-width: 60px) 100vw, 60px\" \/><\/a><\/td><td class=\"column-3\">\u03a630 \u00d7 26<\/td><td class=\"column-4\">Redondo<\/td><td class=\"column-5\">Lat\u00f3n<\/td><td class=\"column-6\">Espalda con espalda<\/td><td class=\"column-7\">6-12 mm<\/td><td class=\"column-8\">Negro mate u otro<\/td>\n<\/tr>\n<tr class=\"row-5\">\n\t<td class=\"column-1\"><a href=\"https:\/\/showerglasshardware.com\/es-es\/product\/round-brass-glass-shower-door-knob-sgh-k11k\/\">K11K<\/a><\/td><td class=\"column-2\"><a href=\"https:\/\/showerglasshardware.com\/wp-content\/uploads\/2024\/04\/Round-Brass-Glass-Shower-Door-Knob-SGH-K11K.png\"><img loading=\"lazy\" decoding=\"async\" src=\"https:\/\/showerglasshardware.com\/wp-content\/uploads\/2024\/04\/Round-Brass-Glass-Shower-Door-Knob-SGH-K11K-300x300.png\" alt=\"SGH-K11K pomo redondo de lat\u00f3n para puerta de ducha de cristal. Dise\u00f1o compacto, \u03a630 \u00d7 22 \u00d7 \u03a619 mm, se adapta a cristales de 6-12 mm. Disponible en acabados cromo, oro y n\u00edquel cepillado.\" width=\"60\" height=\"60\" class=\"alignnone size-medium wp-image-4752\" title=\"\" srcset=\"https:\/\/showerglasshardware.com\/wp-content\/uploads\/2024\/04\/Round-Brass-Glass-Shower-Door-Knob-SGH-K11K-300x300.png 300w, https:\/\/showerglasshardware.com\/wp-content\/uploads\/2024\/04\/Round-Brass-Glass-Shower-Door-Knob-SGH-K11K-150x150.png 150w, https:\/\/showerglasshardware.com\/wp-content\/uploads\/2024\/04\/Round-Brass-Glass-Shower-Door-Knob-SGH-K11K-768x768.png 768w, https:\/\/showerglasshardware.com\/wp-content\/uploads\/2024\/04\/Round-Brass-Glass-Shower-Door-Knob-SGH-K11K-12x12.png 12w, https:\/\/showerglasshardware.com\/wp-content\/uploads\/2024\/04\/Round-Brass-Glass-Shower-Door-Knob-SGH-K11K-600x600.png 600w, https:\/\/showerglasshardware.com\/wp-content\/uploads\/2024\/04\/Round-Brass-Glass-Shower-Door-Knob-SGH-K11K-100x100.png 100w, https:\/\/showerglasshardware.com\/wp-content\/uploads\/2024\/04\/Round-Brass-Glass-Shower-Door-Knob-SGH-K11K.png 1024w\" sizes=\"(max-width: 60px) 100vw, 60px\" \/><\/a><\/td><td class=\"column-3\">\u03a630 \u00d7 22<\/td><td class=\"column-4\">Redondo<\/td><td class=\"column-5\">Lat\u00f3n<\/td><td class=\"column-6\">Una cara<\/td><td class=\"column-7\">6-12 mm<\/td><td class=\"column-8\">Negro mate u otro<\/td>\n<\/tr>\n<\/tbody>\n<\/table>\n<!-- #tablepress-1 from cache -->","protected":false},"excerpt":{"rendered":"<ul>\n<li>SGH-K11K<\/li>\n<li>\u03a630 \u00d7 22 \u00d7 \u03a619mm<\/li>\n<li>Material de lat\u00f3n<\/li>\n<li>Espesor del vidrio: 6-12 mm;<\/li>\n<li>Acabado: Cromo Pulido; Oro pulido; Niquel cepillado<\/li>\n<\/ul>\n<p><!-- notionvc: 9788d432-087f-4fa0-88dc-86333bad9bb6 --><\/p>","protected":false},"featured_media":4752,"comment_status":"open","ping_status":"closed","template":"","meta":{"_acf_changed":false},"product_brand":[],"product_cat":[26,112],"product_tag":[],"class_list":{"0":"post-1202","1":"product","2":"type-product","3":"status-publish","4":"has-post-thumbnail","6":"product_cat-shower-door-knobs","7":"product_cat-single-sided-knobs","8":"pa_finish-brushed-nickel","9":"pa_finish-chrome","10":"pa_finish-gold","11":"pa_finish-gun-metal","12":"pa_finish-black","13":"pa_glass-thickness-1-2-inch-12mm","14":"pa_glass-thickness-1-4-inch-6mm","15":"pa_glass-thickness-3-8-inch-10mm","16":"pa_glass-thickness-5-16-inch-8mm","17":"pa_material-brass","19":"first","20":"instock","21":"sale","22":"purchasable","23":"product-type-variable"},"acf":[],"_links":{"self":[{"href":"https:\/\/showerglasshardware.com\/es-es\/wp-json\/wp\/v2\/product\/1202","targetHints":{"allow":["GET"]}}],"collection":[{"href":"https:\/\/showerglasshardware.com\/es-es\/wp-json\/wp\/v2\/product"}],"about":[{"href":"https:\/\/showerglasshardware.com\/es-es\/wp-json\/wp\/v2\/types\/product"}],"replies":[{"embeddable":true,"href":"https:\/\/showerglasshardware.com\/es-es\/wp-json\/wp\/v2\/comments?post=1202"}],"version-history":[{"count":4,"href":"https:\/\/showerglasshardware.com\/es-es\/wp-json\/wp\/v2\/product\/1202\/revisions"}],"predecessor-version":[{"id":4759,"href":"https:\/\/showerglasshardware.com\/es-es\/wp-json\/wp\/v2\/product\/1202\/revisions\/4759"}],"wp:featuredmedia":[{"embeddable":true,"href":"https:\/\/showerglasshardware.com\/es-es\/wp-json\/wp\/v2\/media\/4752"}],"wp:attachment":[{"href":"https:\/\/showerglasshardware.com\/es-es\/wp-json\/wp\/v2\/media?parent=1202"}],"wp:term":[{"taxonomy":"product_brand","embeddable":true,"href":"https:\/\/showerglasshardware.com\/es-es\/wp-json\/wp\/v2\/product_brand?post=1202"},{"taxonomy":"product_cat","embeddable":true,"href":"https:\/\/showerglasshardware.com\/es-es\/wp-json\/wp\/v2\/product_cat?post=1202"},{"taxonomy":"product_tag","embeddable":true,"href":"https:\/\/showerglasshardware.com\/es-es\/wp-json\/wp\/v2\/product_tag?post=1202"}],"curies":[{"name":"wp","href":"https:\/\/api.w.org\/{rel}","templated":true}]}}