{"id":1486,"date":"2024-05-09T02:56:10","date_gmt":"2024-05-09T02:56:10","guid":{"rendered":"https:\/\/showerglasshardware.com\/?post_type=product&#038;p=1486"},"modified":"2025-11-21T06:56:49","modified_gmt":"2025-11-21T06:56:49","slug":"shower-door-hinges-180-degree-glass-to-glass-sgh-a204","status":"publish","type":"product","link":"https:\/\/showerglasshardware.com\/es-es\/product\/shower-door-hinges-180-degree-glass-to-glass-sgh-a204\/","title":{"rendered":"Bisagras para puerta de ducha 180 grados cristal con cristal | Lat\u00f3n | 180\u00b0 SGH-A204"},"content":{"rendered":"<p data-start=\"475\" data-end=\"644\">Las bisagras SGH-A204 de 180\u00b0 para puertas de ducha de cristal a cristal est\u00e1n dise\u00f1adas para mamparas de ducha sin marco de gama alta y combinan durabilidad, precisi\u00f3n y un aspecto elegante.<\/p>\n<p data-start=\"646\" data-end=\"938\">Fabricadas en lat\u00f3n macizo, estas bisagras ofrecen una fuerza y una resistencia a la corrosi\u00f3n superiores. Son compatibles con cristales de 6-10 mm de grosor y pueden soportar hasta 45 kg por cada dos bisagras. El mecanismo de autocierre a aproximadamente 30\u00b0 mejora el control del agua y aumenta la comodidad del usuario.<\/p>\n<p data-start=\"940\" data-end=\"1222\">Un \u00e1ngulo de bisagra ajustable permite una instalaci\u00f3n precisa, mientras que las tapas de las bolas de resorte ocultan los tornillos para un aspecto limpio y moderno. Disponible en acabados cromo pulido, oro pulido, n\u00edquel cepillado, Gun Metal y negro mate para complementar varios dise\u00f1os de ba\u00f1o.<\/p>\n<p data-start=\"1224\" data-end=\"1243\"><strong data-start=\"1224\" data-end=\"1241\">Caracter\u00edsticas clave:<\/strong><\/p>\n<ul data-start=\"1244\" data-end=\"1721\">\n<li data-start=\"1244\" data-end=\"1313\">\n<p data-start=\"1246\" data-end=\"1313\"><strong data-start=\"1246\" data-end=\"1259\">Material:<\/strong> Lat\u00f3n macizo para mayor durabilidad y resistencia a la corrosi\u00f3n<\/p>\n<\/li>\n<li data-start=\"1314\" data-end=\"1377\">\n<p data-start=\"1316\" data-end=\"1377\"><strong data-start=\"1316\" data-end=\"1327\">Dise\u00f1o:<\/strong> Bisagra de cristal a cristal de 180\u00b0 con \u00e1ngulo ajustable<\/p>\n<\/li>\n<li data-start=\"1378\" data-end=\"1433\">\n<p data-start=\"1380\" data-end=\"1433\"><strong data-start=\"1380\" data-end=\"1397\">Autocierre:<\/strong> Se cierra autom\u00e1ticamente a unos 30\u00b0.<\/p>\n<\/li>\n<li data-start=\"1434\" data-end=\"1485\">\n<p data-start=\"1436\" data-end=\"1485\"><strong data-start=\"1436\" data-end=\"1454\">Capacidad de carga:<\/strong> Soporta 45 kg por cada dos bisagras<\/p>\n<\/li>\n<li data-start=\"1486\" data-end=\"1538\">\n<p data-start=\"1488\" data-end=\"1538\"><strong data-start=\"1488\" data-end=\"1512\">Compatibilidad de vidrio:<\/strong> Se adapta a cristales de 6-10 mm de grosor<\/p>\n<\/li>\n<li data-start=\"1539\" data-end=\"1633\">\n<p data-start=\"1541\" data-end=\"1633\"><strong data-start=\"1541\" data-end=\"1560\">Opciones de acabado:<\/strong> Cromo pulido, Oro pulido, N\u00edquel cepillado, Gun Metal, Negro mate<\/p>\n<\/li>\n<li data-start=\"1634\" data-end=\"1721\">\n<p data-start=\"1636\" data-end=\"1721\"><strong data-start=\"1636\" data-end=\"1653\">Aplicaciones:<\/strong> Puertas de ducha de cristal sin marco en espacios residenciales y comerciales<\/p>\n<\/li>\n<\/ul>\n<p data-start=\"1723\" data-end=\"1744\"><strong data-start=\"1723\" data-end=\"1742\">Especificaciones:<\/strong><\/p>\n<ul data-start=\"1745\" data-end=\"2108\">\n<li data-start=\"1745\" data-end=\"1768\">\n<p data-start=\"1747\" data-end=\"1768\"><strong data-start=\"1747\" data-end=\"1757\">Modelo:<\/strong> SGH-A204<\/p>\n<\/li>\n<li data-start=\"1769\" data-end=\"1820\">\n<p data-start=\"1771\" data-end=\"1820\"><strong data-start=\"1771\" data-end=\"1780\">Tipo:<\/strong> Bisagra de 180\u00b0 para puerta de ducha de cristal a cristal<\/p>\n<\/li>\n<li data-start=\"1821\" data-end=\"1844\">\n<p data-start=\"1823\" data-end=\"1844\"><strong data-start=\"1823\" data-end=\"1836\">Material:<\/strong> Lat\u00f3n<\/p>\n<\/li>\n<li data-start=\"1845\" data-end=\"1881\">\n<p data-start=\"1847\" data-end=\"1881\"><strong data-start=\"1847\" data-end=\"1872\">Se adapta al grosor del cristal:<\/strong> 6-10 mm<\/p>\n<\/li>\n<li data-start=\"1882\" data-end=\"1921\">\n<p data-start=\"1884\" data-end=\"1921\"><strong data-start=\"1884\" data-end=\"1907\">\u00c1ngulo de autocierre:<\/strong> Aprox. 30<\/p>\n<\/li>\n<li data-start=\"1922\" data-end=\"1964\">\n<p data-start=\"1924\" data-end=\"1964\"><strong data-start=\"1924\" data-end=\"1942\">Capacidad de carga:<\/strong> 45 kg por dos bisagras<\/p>\n<\/li>\n<li data-start=\"1965\" data-end=\"2053\">\n<p data-start=\"1967\" data-end=\"2053\"><strong data-start=\"1967\" data-end=\"1980\">Acabados:<\/strong> Cromo pulido, Oro pulido, N\u00edquel cepillado, Gun Metal, Negro mate<\/p>\n<\/li>\n<li data-start=\"2054\" data-end=\"2108\">\n<p data-start=\"2056\" data-end=\"2108\"><strong data-start=\"2056\" data-end=\"2072\">Solicitud:<\/strong> Mamparas de ducha de cristal sin marco<\/p>\n<\/li>\n<\/ul>","protected":false},"excerpt":{"rendered":"<ul>\n<li>Material: lat\u00f3n<\/li>\n<li>Espesor del vidrio: 6\u201310 mm<\/li>\n<li>Autocierre a unos 30\u00b0<\/li>\n<li>M\u00e1x. peso de la puerta de vidrio: 45 kg \/ 2 piezas<\/li>\n<li>Vidrio a Vidrio 180\u00b0<\/li>\n<li>\u00c1ngulo de bisagra ajustable<\/li>\n<li>Tapas protectoras de bolas de resorte<\/li>\n<li>Acabado: Cromo Pulido; Oro pulido; Niquel pulido; Metal de pistola; Negro mate<\/li>\n<\/ul>","protected":false},"featured_media":3040,"comment_status":"open","ping_status":"closed","template":"","meta":{"_acf_changed":false},"product_brand":[],"product_cat":[20,22],"product_tag":[171],"class_list":{"0":"post-1486","1":"product","2":"type-product","3":"status-publish","4":"has-post-thumbnail","6":"product_cat-shower-door-hinges","7":"product_cat-glass-to-glass-hinges","8":"product_tag-glass-to-glass-hinges","9":"pa_finish-brushed-nickel","10":"pa_finish-chrome","11":"pa_finish-gold","12":"pa_finish-gun-metal","13":"pa_finish-black","14":"pa_glass-thickness-6-10-mm","15":"pa_load-bearing-45kg-2pcs","16":"pa_material-brass","18":"first","19":"instock","20":"purchasable","21":"product-type-variable","22":"has-default-attributes"},"acf":[],"_links":{"self":[{"href":"https:\/\/showerglasshardware.com\/es-es\/wp-json\/wp\/v2\/product\/1486","targetHints":{"allow":["GET"]}}],"collection":[{"href":"https:\/\/showerglasshardware.com\/es-es\/wp-json\/wp\/v2\/product"}],"about":[{"href":"https:\/\/showerglasshardware.com\/es-es\/wp-json\/wp\/v2\/types\/product"}],"replies":[{"embeddable":true,"href":"https:\/\/showerglasshardware.com\/es-es\/wp-json\/wp\/v2\/comments?post=1486"}],"version-history":[{"count":3,"href":"https:\/\/showerglasshardware.com\/es-es\/wp-json\/wp\/v2\/product\/1486\/revisions"}],"predecessor-version":[{"id":4644,"href":"https:\/\/showerglasshardware.com\/es-es\/wp-json\/wp\/v2\/product\/1486\/revisions\/4644"}],"wp:featuredmedia":[{"embeddable":true,"href":"https:\/\/showerglasshardware.com\/es-es\/wp-json\/wp\/v2\/media\/3040"}],"wp:attachment":[{"href":"https:\/\/showerglasshardware.com\/es-es\/wp-json\/wp\/v2\/media?parent=1486"}],"wp:term":[{"taxonomy":"product_brand","embeddable":true,"href":"https:\/\/showerglasshardware.com\/es-es\/wp-json\/wp\/v2\/product_brand?post=1486"},{"taxonomy":"product_cat","embeddable":true,"href":"https:\/\/showerglasshardware.com\/es-es\/wp-json\/wp\/v2\/product_cat?post=1486"},{"taxonomy":"product_tag","embeddable":true,"href":"https:\/\/showerglasshardware.com\/es-es\/wp-json\/wp\/v2\/product_tag?post=1486"}],"curies":[{"name":"wp","href":"https:\/\/api.w.org\/{rel}","templated":true}]}}