{"id":1515,"date":"2024-05-10T09:25:15","date_gmt":"2024-05-10T09:25:15","guid":{"rendered":"https:\/\/showerglasshardware.com\/?post_type=product&#038;p=1515"},"modified":"2025-11-21T06:53:40","modified_gmt":"2025-11-21T06:53:40","slug":"brass-heavy-duty-glass-shower-door-hinges-offset-sgh-1501l","status":"publish","type":"product","link":"https:\/\/showerglasshardware.com\/es-es\/product\/brass-heavy-duty-glass-shower-door-hinges-offset-sgh-1501l\/","title":{"rendered":"Bisagras de lat\u00f3n para puertas de ducha de cristal de montaje en pared SGH-1501L"},"content":{"rendered":"<p data-start=\"474\" data-end=\"662\">Las bisagras de lat\u00f3n para puertas de ducha de cristal de montaje en pared SGH-1501L est\u00e1n dise\u00f1adas para ofrecer una resistencia excepcional, un rendimiento fiable y un acabado de primera calidad en mamparas de ducha sin marco.<\/p>\n<p data-start=\"664\" data-end=\"957\">Fabricadas en lat\u00f3n macizo para una mayor resistencia a la corrosi\u00f3n, estas bisagras de 90\u00b0 para montaje en pared presentan un dise\u00f1o de placa desplazada para una instalaci\u00f3n flexible en diversas condiciones estructurales. Adecuadas para cristal de 6-12 mm de grosor, pueden soportar un peso m\u00e1ximo de puerta de 45 kg por cada dos bisagras.<\/p>\n<p data-start=\"959\" data-end=\"1239\">El mecanismo de autocierre a aproximadamente 30\u00b0 garantiza un cierre suave de la puerta, ayudando a mantener un sellado herm\u00e9tico a la vez que mejora la facilidad de uso. Estas bisagras son ideales para instalaciones de duchas en residencias, hoteles y spas, donde la durabilidad y la est\u00e9tica son igual de importantes.<\/p>\n<p data-start=\"1241\" data-end=\"1260\"><strong data-start=\"1241\" data-end=\"1258\">Caracter\u00edsticas clave:<\/strong><\/p>\n<ul data-start=\"1261\" data-end=\"1745\">\n<li data-start=\"1261\" data-end=\"1332\">\n<p data-start=\"1263\" data-end=\"1332\"><strong data-start=\"1263\" data-end=\"1272\">Tipo:<\/strong> Bisagras murales de lat\u00f3n a 90\u00b0 para puerta de ducha con placa desplazada<\/p>\n<\/li>\n<li data-start=\"1333\" data-end=\"1395\">\n<p data-start=\"1335\" data-end=\"1395\"><strong data-start=\"1335\" data-end=\"1348\">Material:<\/strong> Lat\u00f3n macizo para mayor solidez y resistencia a la oxidaci\u00f3n<\/p>\n<\/li>\n<li data-start=\"1396\" data-end=\"1448\">\n<p data-start=\"1398\" data-end=\"1448\"><strong data-start=\"1398\" data-end=\"1422\">Compatibilidad de vidrio:<\/strong> Se adapta a cristales de 6-12 mm de grosor<\/p>\n<\/li>\n<li data-start=\"1449\" data-end=\"1506\">\n<p data-start=\"1451\" data-end=\"1506\"><strong data-start=\"1451\" data-end=\"1469\">Capacidad de carga:<\/strong> Soporta hasta 45 kg por cada dos bisagras<\/p>\n<\/li>\n<li data-start=\"1507\" data-end=\"1579\">\n<p data-start=\"1509\" data-end=\"1579\"><strong data-start=\"1509\" data-end=\"1526\">Autocierre:<\/strong> Cierre autom\u00e1tico a ~30\u00b0 para un mejor control del agua<\/p>\n<\/li>\n<li data-start=\"1580\" data-end=\"1649\">\n<p data-start=\"1582\" data-end=\"1649\"><strong data-start=\"1582\" data-end=\"1593\">Dise\u00f1o:<\/strong> Placa desplazada para aplicaciones vers\u00e1tiles de montaje en pared<\/p>\n<\/li>\n<li data-start=\"1650\" data-end=\"1745\">\n<p data-start=\"1652\" data-end=\"1745\"><strong data-start=\"1652\" data-end=\"1669\">Aplicaciones:<\/strong> Perfecto para puertas de ducha sin marco en entornos residenciales y comerciales<\/p>\n<\/li>\n<\/ul>\n<p data-start=\"1747\" data-end=\"1768\"><strong data-start=\"1747\" data-end=\"1766\">Especificaciones:<\/strong><\/p>\n<ul data-start=\"1769\" data-end=\"2096\">\n<li data-start=\"1769\" data-end=\"1793\">\n<p data-start=\"1771\" data-end=\"1793\"><strong data-start=\"1771\" data-end=\"1781\">Modelo:<\/strong> SGH-1501L<\/p>\n<\/li>\n<li data-start=\"1794\" data-end=\"1843\">\n<p data-start=\"1796\" data-end=\"1843\"><strong data-start=\"1796\" data-end=\"1805\">Tipo:<\/strong> Bisagra de pared, placa desplazada, 90<\/p>\n<\/li>\n<li data-start=\"1844\" data-end=\"1867\">\n<p data-start=\"1846\" data-end=\"1867\"><strong data-start=\"1846\" data-end=\"1859\">Material:<\/strong> Lat\u00f3n<\/p>\n<\/li>\n<li data-start=\"1868\" data-end=\"1904\">\n<p data-start=\"1870\" data-end=\"1904\"><strong data-start=\"1870\" data-end=\"1895\">Se adapta al grosor del cristal:<\/strong> 6-12 mm<\/p>\n<\/li>\n<li data-start=\"1905\" data-end=\"1941\">\n<p data-start=\"1907\" data-end=\"1941\"><strong data-start=\"1907\" data-end=\"1927\">Peso m\u00e1ximo de la puerta:<\/strong> 45kg \/ 2pcs<\/p>\n<\/li>\n<li data-start=\"1942\" data-end=\"1974\">\n<p data-start=\"1944\" data-end=\"1974\"><strong data-start=\"1944\" data-end=\"1967\">\u00c1ngulo de autocierre:<\/strong> ~30\u00b0<\/p>\n<\/li>\n<li data-start=\"1975\" data-end=\"2001\">\n<p data-start=\"1977\" data-end=\"2001\"><strong data-start=\"1977\" data-end=\"1995\">Rango de apertura:<\/strong> 90\u00b0<\/p>\n<\/li>\n<li data-start=\"2002\" data-end=\"2096\">\n<p data-start=\"2004\" data-end=\"2096\"><strong data-start=\"2004\" data-end=\"2023\">Opciones de acabado:<\/strong> Cromo pulido, Oro pulido, N\u00edquel cepillado, Gun Metal, Negro mate<\/p>\n<\/li>\n<\/ul>","protected":false},"excerpt":{"rendered":"<ul>\n<li>Material: lat\u00f3n<\/li>\n<li>Espesor del vidrio: 6\u201312 mm<\/li>\n<li>Autocierre a unos 30\u00b0<\/li>\n<li>M\u00e1x. peso de la puerta de vidrio: 45 kg \/ 2 piezas<\/li>\n<li>Placa de vidrio a pared con desplazamiento de 90\u00b0<\/li>\n<li>Acabado: Cromo Pulido; Oro pulido; Niquel pulido; Metal de pistola; Negro mate<\/li>\n<\/ul>","protected":false},"featured_media":3039,"comment_status":"open","ping_status":"closed","template":"","meta":{"_acf_changed":false},"product_brand":[],"product_cat":[170,20],"product_tag":[129],"class_list":{"0":"post-1515","1":"product","2":"type-product","3":"status-publish","4":"has-post-thumbnail","6":"product_cat-offset-wall-to-glass-hinges","7":"product_cat-shower-door-hinges","8":"product_tag-offset-wall-mount-hinges","9":"pa_finish-brushed-nickel","10":"pa_finish-chrome","11":"pa_finish-gold","12":"pa_finish-gun-metal","13":"pa_finish-black","14":"pa_glass-thickness-6-12mm","15":"pa_load-bearing-45kg-2pcs","16":"pa_material-brass","18":"first","19":"instock","20":"purchasable","21":"product-type-variable"},"acf":[],"_links":{"self":[{"href":"https:\/\/showerglasshardware.com\/es-es\/wp-json\/wp\/v2\/product\/1515","targetHints":{"allow":["GET"]}}],"collection":[{"href":"https:\/\/showerglasshardware.com\/es-es\/wp-json\/wp\/v2\/product"}],"about":[{"href":"https:\/\/showerglasshardware.com\/es-es\/wp-json\/wp\/v2\/types\/product"}],"replies":[{"embeddable":true,"href":"https:\/\/showerglasshardware.com\/es-es\/wp-json\/wp\/v2\/comments?post=1515"}],"version-history":[{"count":3,"href":"https:\/\/showerglasshardware.com\/es-es\/wp-json\/wp\/v2\/product\/1515\/revisions"}],"predecessor-version":[{"id":3742,"href":"https:\/\/showerglasshardware.com\/es-es\/wp-json\/wp\/v2\/product\/1515\/revisions\/3742"}],"wp:featuredmedia":[{"embeddable":true,"href":"https:\/\/showerglasshardware.com\/es-es\/wp-json\/wp\/v2\/media\/3039"}],"wp:attachment":[{"href":"https:\/\/showerglasshardware.com\/es-es\/wp-json\/wp\/v2\/media?parent=1515"}],"wp:term":[{"taxonomy":"product_brand","embeddable":true,"href":"https:\/\/showerglasshardware.com\/es-es\/wp-json\/wp\/v2\/product_brand?post=1515"},{"taxonomy":"product_cat","embeddable":true,"href":"https:\/\/showerglasshardware.com\/es-es\/wp-json\/wp\/v2\/product_cat?post=1515"},{"taxonomy":"product_tag","embeddable":true,"href":"https:\/\/showerglasshardware.com\/es-es\/wp-json\/wp\/v2\/product_tag?post=1515"}],"curies":[{"name":"wp","href":"https:\/\/api.w.org\/{rel}","templated":true}]}}