{"id":1539,"date":"2024-05-14T06:15:24","date_gmt":"2024-05-14T06:15:24","guid":{"rendered":"https:\/\/showerglasshardware.com\/?post_type=product&#038;p=1539"},"modified":"2025-11-21T06:46:35","modified_gmt":"2025-11-21T06:46:35","slug":"brass-heavy-duty-glass-shower-door-hinges-180-degree-sgh-1504","status":"publish","type":"product","link":"https:\/\/showerglasshardware.com\/es-es\/product\/brass-heavy-duty-glass-shower-door-hinges-180-degree-sgh-1504\/","title":{"rendered":"Bisagras de puerta de ducha de vidrio de alta resistencia de lat\u00f3n, 180 grados SGH-1504"},"content":{"rendered":"<p data-start=\"509\" data-end=\"677\">Las bisagras SGH-1504 de lat\u00f3n de 180\u00b0 para puertas de ducha de cristal a cristal est\u00e1n dise\u00f1adas para ofrecer resistencia, durabilidad y un funcionamiento suave en mamparas de ducha sin marco.<\/p>\n<p data-start=\"679\" data-end=\"944\">Fabricadas en lat\u00f3n macizo, estas bisagras ofrecen una excelente resistencia a la corrosi\u00f3n y un rendimiento duradero. Dise\u00f1adas para instalaciones de 180\u00b0 cristal con cristal, son compatibles con paneles de cristal de 6-12 mm de grosor y pueden soportar hasta 45 kg por cada dos bisagras.<\/p>\n<p data-start=\"946\" data-end=\"1203\">Para mayor comodidad y un mejor control del agua, las bisagras incorporan un mecanismo de autocierre a aproximadamente 30\u00b0. Disponibles en cromo pulido, oro pulido, n\u00edquel cepillado, Gun Metal y negro mate, complementan una amplia gama de estilos de ba\u00f1o.<\/p>\n<p data-start=\"1205\" data-end=\"1224\"><strong data-start=\"1205\" data-end=\"1222\">Caracter\u00edsticas clave:<\/strong><\/p>\n<ul data-start=\"1225\" data-end=\"1701\">\n<li data-start=\"1225\" data-end=\"1300\">\n<p data-start=\"1227\" data-end=\"1300\"><strong data-start=\"1227\" data-end=\"1240\">Material:<\/strong> Lat\u00f3n macizo para una m\u00e1xima solidez y resistencia a la corrosi\u00f3n<\/p>\n<\/li>\n<li data-start=\"1301\" data-end=\"1353\">\n<p data-start=\"1303\" data-end=\"1353\"><strong data-start=\"1303\" data-end=\"1314\">Dise\u00f1o:<\/strong> Bisagra de gran resistencia de 180\u00b0 de cristal a cristal<\/p>\n<\/li>\n<li data-start=\"1354\" data-end=\"1406\">\n<p data-start=\"1356\" data-end=\"1406\"><strong data-start=\"1356\" data-end=\"1380\">Compatibilidad de vidrio:<\/strong> Se adapta a cristales de 6-12 mm de grosor<\/p>\n<\/li>\n<li data-start=\"1407\" data-end=\"1462\">\n<p data-start=\"1409\" data-end=\"1462\"><strong data-start=\"1409\" data-end=\"1426\">Autocierre:<\/strong> Se cierra autom\u00e1ticamente a unos 30\u00b0.<\/p>\n<\/li>\n<li data-start=\"1463\" data-end=\"1520\">\n<p data-start=\"1465\" data-end=\"1520\"><strong data-start=\"1465\" data-end=\"1483\">Capacidad de carga:<\/strong> Soporta hasta 45 kg por cada dos bisagras<\/p>\n<\/li>\n<li data-start=\"1521\" data-end=\"1615\">\n<p data-start=\"1523\" data-end=\"1615\"><strong data-start=\"1523\" data-end=\"1542\">Opciones de acabado:<\/strong> Cromo pulido, Oro pulido, N\u00edquel cepillado, Gun Metal, Negro mate<\/p>\n<\/li>\n<li data-start=\"1616\" data-end=\"1701\">\n<p data-start=\"1618\" data-end=\"1701\"><strong data-start=\"1618\" data-end=\"1635\">Aplicaciones:<\/strong> Puertas de ducha de cristal sin marco para uso residencial y comercial<\/p>\n<\/li>\n<\/ul>\n<p data-start=\"1703\" data-end=\"1724\"><strong data-start=\"1703\" data-end=\"1722\">Especificaciones:<\/strong><\/p>\n<ul data-start=\"1725\" data-end=\"2099\">\n<li data-start=\"1725\" data-end=\"1748\">\n<p data-start=\"1727\" data-end=\"1748\"><strong data-start=\"1727\" data-end=\"1737\">Modelo:<\/strong> SGH-1504<\/p>\n<\/li>\n<li data-start=\"1749\" data-end=\"1811\">\n<p data-start=\"1751\" data-end=\"1811\"><strong data-start=\"1751\" data-end=\"1760\">Tipo:<\/strong> Bisagra de 180\u00b0 para puertas de ducha de cristal a cristal de alta resistencia<\/p>\n<\/li>\n<li data-start=\"1812\" data-end=\"1835\">\n<p data-start=\"1814\" data-end=\"1835\"><strong data-start=\"1814\" data-end=\"1827\">Material:<\/strong> Lat\u00f3n<\/p>\n<\/li>\n<li data-start=\"1836\" data-end=\"1872\">\n<p data-start=\"1838\" data-end=\"1872\"><strong data-start=\"1838\" data-end=\"1863\">Se adapta al grosor del cristal:<\/strong> 6-12 mm<\/p>\n<\/li>\n<li data-start=\"1873\" data-end=\"1912\">\n<p data-start=\"1875\" data-end=\"1912\"><strong data-start=\"1875\" data-end=\"1898\">\u00c1ngulo de autocierre:<\/strong> Aprox. 30<\/p>\n<\/li>\n<li data-start=\"1913\" data-end=\"1955\">\n<p data-start=\"1915\" data-end=\"1955\"><strong data-start=\"1915\" data-end=\"1933\">Capacidad de carga:<\/strong> 45 kg por dos bisagras<\/p>\n<\/li>\n<li data-start=\"1956\" data-end=\"2044\">\n<p data-start=\"1958\" data-end=\"2044\"><strong data-start=\"1958\" data-end=\"1971\">Acabados:<\/strong> Cromo pulido, Oro pulido, N\u00edquel cepillado, Gun Metal, Negro mate<\/p>\n<\/li>\n<li data-start=\"2045\" data-end=\"2099\">\n<p data-start=\"2047\" data-end=\"2099\"><strong data-start=\"2047\" data-end=\"2063\">Solicitud:<\/strong> Mamparas de ducha de cristal sin marco<\/p>\n<\/li>\n<\/ul>","protected":false},"excerpt":{"rendered":"<ul>\n<li>Material: lat\u00f3n<\/li>\n<li>Espesor del vidrio: 6\u201312 mm<\/li>\n<li>Autocierre a unos 30\u00b0<\/li>\n<li>M\u00e1x. peso de la puerta de vidrio: 45 kg \/ 2 piezas<\/li>\n<li>Bisagras para puertas de ducha de 180\u00b0 de vidrio a vidrio<\/li>\n<li>Acabado: Cromo Pulido; Oro pulido; Niquel pulido; Metal de pistola; Negro mate<\/li>\n<\/ul>","protected":false},"featured_media":3037,"comment_status":"open","ping_status":"closed","template":"","meta":{"_acf_changed":false},"product_brand":[],"product_cat":[20,22],"product_tag":[171],"class_list":{"0":"post-1539","1":"product","2":"type-product","3":"status-publish","4":"has-post-thumbnail","6":"product_cat-shower-door-hinges","7":"product_cat-glass-to-glass-hinges","8":"product_tag-glass-to-glass-hinges","9":"pa_finish-brushed-nickel","10":"pa_finish-chrome","11":"pa_finish-gold","12":"pa_finish-gun-metal","13":"pa_finish-black","14":"pa_glass-thickness-6-12mm","15":"pa_load-bearing-45kg-2pcs","16":"pa_material-brass","18":"first","19":"instock","20":"purchasable","21":"product-type-variable","22":"has-default-attributes"},"acf":[],"_links":{"self":[{"href":"https:\/\/showerglasshardware.com\/es-es\/wp-json\/wp\/v2\/product\/1539","targetHints":{"allow":["GET"]}}],"collection":[{"href":"https:\/\/showerglasshardware.com\/es-es\/wp-json\/wp\/v2\/product"}],"about":[{"href":"https:\/\/showerglasshardware.com\/es-es\/wp-json\/wp\/v2\/types\/product"}],"replies":[{"embeddable":true,"href":"https:\/\/showerglasshardware.com\/es-es\/wp-json\/wp\/v2\/comments?post=1539"}],"version-history":[{"count":3,"href":"https:\/\/showerglasshardware.com\/es-es\/wp-json\/wp\/v2\/product\/1539\/revisions"}],"predecessor-version":[{"id":4596,"href":"https:\/\/showerglasshardware.com\/es-es\/wp-json\/wp\/v2\/product\/1539\/revisions\/4596"}],"wp:featuredmedia":[{"embeddable":true,"href":"https:\/\/showerglasshardware.com\/es-es\/wp-json\/wp\/v2\/media\/3037"}],"wp:attachment":[{"href":"https:\/\/showerglasshardware.com\/es-es\/wp-json\/wp\/v2\/media?parent=1539"}],"wp:term":[{"taxonomy":"product_brand","embeddable":true,"href":"https:\/\/showerglasshardware.com\/es-es\/wp-json\/wp\/v2\/product_brand?post=1539"},{"taxonomy":"product_cat","embeddable":true,"href":"https:\/\/showerglasshardware.com\/es-es\/wp-json\/wp\/v2\/product_cat?post=1539"},{"taxonomy":"product_tag","embeddable":true,"href":"https:\/\/showerglasshardware.com\/es-es\/wp-json\/wp\/v2\/product_tag?post=1539"}],"curies":[{"name":"wp","href":"https:\/\/api.w.org\/{rel}","templated":true}]}}